{"id":22,"date":"2014-02-09T12:21:18","date_gmt":"2014-02-09T11:21:18","guid":{"rendered":"http:\/\/blogs.ciberespiral.org\/mlearningbcn\/?page_id=22"},"modified":"2015-03-08T13:57:24","modified_gmt":"2015-03-08T11:57:24","slug":"calendari","status":"publish","type":"page","link":"https:\/\/blogs.ciberespiral.org\/mlearningbcn\/calendari\/","title":{"rendered":"Centres participants"},"content":{"rendered":"<p><strong>Eixample<\/strong><\/p>\n<p>Institut Ernest Lluch<\/p>\n<p>Escola IPSE<\/p>\n<p><strong>Gr\u00e0cia<\/strong><\/p>\n<p>Escola Sadako<\/p>\n<p><strong>Nou Barris<\/strong><\/p>\n<p>Institut escola d&#8217;art Oriol Martorell<\/p>\n<p>FEDAC Alm\u00edcar<\/p>\n<p><strong>Sants &#8211; Montjuic<\/strong><\/p>\n<p>Institut XXV Olimpliada<\/p>\n<p><strong>Sant Andreu<\/strong><\/p>\n<p>FEDAC Sant Andreu<\/p>\n<p><strong>Horta &#8211; Guinard\u00f3<\/strong><\/p>\n<p>FEDAC Horta<\/p>\n","protected":false},"excerpt":{"rendered":"<p>Eixample Institut Ernest Lluch Escola IPSE Gr\u00e0cia Escola Sadako Nou Barris Institut escola d&#8217;art Oriol Martorell FEDAC Alm\u00edcar Sants &#8211; Montjuic Institut XXV Olimpliada Sant Andreu FEDAC Sant Andreu Horta &#8211; Guinard\u00f3 FEDAC Horta<\/p>\n","protected":false},"author":7,"featured_media":0,"parent":0,"menu_order":2,"comment_status":"closed","ping_status":"open","template":"","meta":{"footnotes":""},"class_list":["post-22","page","type-page","status-publish","hentry"],"_links":{"self":[{"href":"https:\/\/blogs.ciberespiral.org\/mlearningbcn\/wp-json\/wp\/v2\/pages\/22","targetHints":{"allow":["GET"]}}],"collection":[{"href":"https:\/\/blogs.ciberespiral.org\/mlearningbcn\/wp-json\/wp\/v2\/pages"}],"about":[{"href":"https:\/\/blogs.ciberespiral.org\/mlearningbcn\/wp-json\/wp\/v2\/types\/page"}],"author":[{"embeddable":true,"href":"https:\/\/blogs.ciberespiral.org\/mlearningbcn\/wp-json\/wp\/v2\/users\/7"}],"replies":[{"embeddable":true,"href":"https:\/\/blogs.ciberespiral.org\/mlearningbcn\/wp-json\/wp\/v2\/comments?post=22"}],"version-history":[{"count":8,"href":"https:\/\/blogs.ciberespiral.org\/mlearningbcn\/wp-json\/wp\/v2\/pages\/22\/revisions"}],"predecessor-version":[{"id":401,"href":"https:\/\/blogs.ciberespiral.org\/mlearningbcn\/wp-json\/wp\/v2\/pages\/22\/revisions\/401"}],"wp:attachment":[{"href":"https:\/\/blogs.ciberespiral.org\/mlearningbcn\/wp-json\/wp\/v2\/media?parent=22"}],"curies":[{"name":"wp","href":"https:\/\/api.w.org\/{rel}","templated":true}]}}