{"id":5,"date":"2012-11-05T18:03:21","date_gmt":"2012-11-05T18:03:21","guid":{"rendered":"http:\/\/ciberespiral.org\/inclusiondigital\/?page_id=2"},"modified":"2012-11-05T18:03:21","modified_gmt":"2012-11-05T18:03:21","slug":"pagina-ejemplo-2","status":"publish","type":"page","link":"https:\/\/blogs.ciberespiral.org\/inclusiondigital\/pagina-ejemplo-2\/","title":{"rendered":"Qui som?"},"content":{"rendered":"<p>El \u00e1rea de Inclusi\u00f3n digital de la<em> Asociaci\u00f3n Espiral, Educaci\u00f3n y Tecnologia,<\/em> est\u00e1 formada por docentes y otros miembros de la comunidad educativa sensibilizados con la inclusi\u00f3n de las personas con diversidad funcional, con la ayuda de la tecnologia.<\/p>\n<p>Puedes conocer un poco m\u00e1s sobre nostor@s en la siguiente presentaci\u00f3n:<\/p>\n<p><iframe loading=\"lazy\" src=\"https:\/\/docs.google.com\/presentation\/embed?id=19C-Lx-S8kcQYmcFSm_f_TBicyQt02gEPwM1YezDbQ3A&#038;start=true&#038;loop=false&#038;delayms=3000\" frameborder=\"0\" width=\"960\" height=\"720\" allowfullscreen=\"true\" mozallowfullscreen=\"true\" webkitallowfullscreen=\"true\"><\/iframe><\/p>\n","protected":false},"excerpt":{"rendered":"<p>El \u00e1rea de Inclusi\u00f3n digital de la Asociaci\u00f3n Espiral, Educaci\u00f3n y Tecnologia, est\u00e1 formada por docentes y otros miembros de la comunidad educativa sensibilizados con la inclusi\u00f3n de las personas con diversidad funcional, con la ayuda de la tecnologia. Puedes &hellip; <a href=\"https:\/\/blogs.ciberespiral.org\/inclusiondigital\/pagina-ejemplo-2\/\">Sigue leyendo <span class=\"meta-nav\">&rarr;<\/span><\/a><\/p>\n","protected":false},"author":1,"featured_media":0,"parent":0,"menu_order":0,"comment_status":"open","ping_status":"open","template":"","meta":{"footnotes":""},"class_list":["post-5","page","type-page","status-publish","hentry"],"_links":{"self":[{"href":"https:\/\/blogs.ciberespiral.org\/inclusiondigital\/wp-json\/wp\/v2\/pages\/5","targetHints":{"allow":["GET"]}}],"collection":[{"href":"https:\/\/blogs.ciberespiral.org\/inclusiondigital\/wp-json\/wp\/v2\/pages"}],"about":[{"href":"https:\/\/blogs.ciberespiral.org\/inclusiondigital\/wp-json\/wp\/v2\/types\/page"}],"author":[{"embeddable":true,"href":"https:\/\/blogs.ciberespiral.org\/inclusiondigital\/wp-json\/wp\/v2\/users\/1"}],"replies":[{"embeddable":true,"href":"https:\/\/blogs.ciberespiral.org\/inclusiondigital\/wp-json\/wp\/v2\/comments?post=5"}],"version-history":[{"count":0,"href":"https:\/\/blogs.ciberespiral.org\/inclusiondigital\/wp-json\/wp\/v2\/pages\/5\/revisions"}],"wp:attachment":[{"href":"https:\/\/blogs.ciberespiral.org\/inclusiondigital\/wp-json\/wp\/v2\/media?parent=5"}],"curies":[{"name":"wp","href":"https:\/\/api.w.org\/{rel}","templated":true}]}}