{"id":13,"date":"2012-12-07T16:14:19","date_gmt":"2012-12-07T15:14:19","guid":{"rendered":"http:\/\/ciberespiral.org\/inclusiondigital\/?page_id=13"},"modified":"2012-12-07T16:14:19","modified_gmt":"2012-12-07T15:14:19","slug":"que-hacemos","status":"publish","type":"page","link":"https:\/\/blogs.ciberespiral.org\/inclusiondigital\/que-hacemos\/","title":{"rendered":"Qu\u00e8 fem?"},"content":{"rendered":"<p>Los objetivos del \u00e1rea de Inclusi\u00f3n digital son los siguientes:<\/p>\n<ul>\n<li>dar a conocer materiales, herramientas e investigaciones sobre aspectos que faciliten la inclusi\u00f3n en la escuela y en la sociedad de las personas con diversidad funcional;<\/li>\n<li>fomentar la escuela inclusiva;<\/li>\n<li>facilitar la formaci\u00f3n de profesionales del \u00e1mbito educativo, terap\u00e9utico y, en general, a personas interesadas en el conocimiento y uso de herramientas que facilitan la inclusi\u00f3n;<\/li>\n<li>estudiar casos de personas con diversidad funcional para dar a conocer los recursos que utilizan y las barreras que se encuentran en el uso de la tecnolog\u00eda para poder as\u00ed, concienciar a la sociedad de la necesidad de crear entornos digitales m\u00e1s accesibles.<\/li>\n<\/ul>\n","protected":false},"excerpt":{"rendered":"<p>Los objetivos del \u00e1rea de Inclusi\u00f3n digital son los siguientes: dar a conocer materiales, herramientas e investigaciones sobre aspectos que faciliten la inclusi\u00f3n en la escuela y en la sociedad de las personas con diversidad funcional; fomentar la escuela inclusiva; &hellip; <a href=\"https:\/\/blogs.ciberespiral.org\/inclusiondigital\/que-hacemos\/\">Sigue leyendo <span class=\"meta-nav\">&rarr;<\/span><\/a><\/p>\n","protected":false},"author":1,"featured_media":0,"parent":0,"menu_order":0,"comment_status":"open","ping_status":"open","template":"","meta":{"footnotes":""},"class_list":["post-13","page","type-page","status-publish","hentry"],"_links":{"self":[{"href":"https:\/\/blogs.ciberespiral.org\/inclusiondigital\/wp-json\/wp\/v2\/pages\/13","targetHints":{"allow":["GET"]}}],"collection":[{"href":"https:\/\/blogs.ciberespiral.org\/inclusiondigital\/wp-json\/wp\/v2\/pages"}],"about":[{"href":"https:\/\/blogs.ciberespiral.org\/inclusiondigital\/wp-json\/wp\/v2\/types\/page"}],"author":[{"embeddable":true,"href":"https:\/\/blogs.ciberespiral.org\/inclusiondigital\/wp-json\/wp\/v2\/users\/1"}],"replies":[{"embeddable":true,"href":"https:\/\/blogs.ciberespiral.org\/inclusiondigital\/wp-json\/wp\/v2\/comments?post=13"}],"version-history":[{"count":0,"href":"https:\/\/blogs.ciberespiral.org\/inclusiondigital\/wp-json\/wp\/v2\/pages\/13\/revisions"}],"wp:attachment":[{"href":"https:\/\/blogs.ciberespiral.org\/inclusiondigital\/wp-json\/wp\/v2\/media?parent=13"}],"curies":[{"name":"wp","href":"https:\/\/api.w.org\/{rel}","templated":true}]}}