{"id":23,"date":"2014-12-08T19:44:04","date_gmt":"2014-12-08T18:44:04","guid":{"rendered":"http:\/\/blogs.ciberespiral.org\/espiral-base\/?page_id=23"},"modified":"2014-12-15T14:54:06","modified_gmt":"2014-12-15T13:54:06","slug":"donde","status":"publish","type":"page","link":"https:\/\/blogs.ciberespiral.org\/espiral-base\/donde\/","title":{"rendered":"\u00bfD\u00f3nde?"},"content":{"rendered":"<p>Medialab Prado<\/p>\n<p>C\u00f3mo llegar:<\/p>\n<p>Plaza de las Letras. C\/ Alameda, 15 \u00b7 28014 Madrid (Espa\u00f1a)<\/p>\n<p>Metro y Cercan\u00edas: Atocha<br \/>\nAutobuses: L\u00edneas 6, 10, 14, 19, 26, 27, 32, 34, 37 y 45<br \/>\nDesde el Aeropuerto de Barajas: Bus Expr\u00e9s 24h<\/p>\n<p><iframe loading=\"lazy\" src=\"https:\/\/www.google.com\/maps\/embed?pb=!1m18!1m12!1m3!1d3037.911874631512!2d-3.6935750000000134!3d40.410803!2m3!1f0!2f0!3f0!3m2!1i1024!2i768!4f13.1!3m3!1m2!1s0xd4226288a4fb7f7%3A0xd69ac9ed8a94df3d!2sMedialab-Prado!5e0!3m2!1ses!2ses!4v1418651718620\" width=\"600\" height=\"450\" frameborder=\"0\" style=\"border:0\"><\/iframe><\/p>\n","protected":false},"excerpt":{"rendered":"<p>Medialab Prado C\u00f3mo llegar: Plaza de las Letras. C\/ Alameda, 15 \u00b7 28014 Madrid (Espa\u00f1a) Metro y Cercan\u00edas: Atocha Autobuses: L\u00edneas 6, 10, 14, 19, 26, 27, 32, 34, 37 y 45 Desde el Aeropuerto de Barajas: Bus Expr\u00e9s 24h<\/p>\n","protected":false},"author":42,"featured_media":0,"parent":0,"menu_order":0,"comment_status":"closed","ping_status":"open","template":"","meta":{"footnotes":""},"class_list":["post-23","page","type-page","status-publish","hentry"],"_links":{"self":[{"href":"https:\/\/blogs.ciberespiral.org\/espiral-base\/wp-json\/wp\/v2\/pages\/23","targetHints":{"allow":["GET"]}}],"collection":[{"href":"https:\/\/blogs.ciberespiral.org\/espiral-base\/wp-json\/wp\/v2\/pages"}],"about":[{"href":"https:\/\/blogs.ciberespiral.org\/espiral-base\/wp-json\/wp\/v2\/types\/page"}],"author":[{"embeddable":true,"href":"https:\/\/blogs.ciberespiral.org\/espiral-base\/wp-json\/wp\/v2\/users\/42"}],"replies":[{"embeddable":true,"href":"https:\/\/blogs.ciberespiral.org\/espiral-base\/wp-json\/wp\/v2\/comments?post=23"}],"version-history":[{"count":4,"href":"https:\/\/blogs.ciberespiral.org\/espiral-base\/wp-json\/wp\/v2\/pages\/23\/revisions"}],"predecessor-version":[{"id":46,"href":"https:\/\/blogs.ciberespiral.org\/espiral-base\/wp-json\/wp\/v2\/pages\/23\/revisions\/46"}],"wp:attachment":[{"href":"https:\/\/blogs.ciberespiral.org\/espiral-base\/wp-json\/wp\/v2\/media?parent=23"}],"curies":[{"name":"wp","href":"https:\/\/api.w.org\/{rel}","templated":true}]}}