{"id":125,"date":"2015-01-10T16:29:03","date_gmt":"2015-01-10T15:29:03","guid":{"rendered":"http:\/\/blogs.ciberespiral.org\/espiral-base\/?page_id=125"},"modified":"2015-01-11T21:01:56","modified_gmt":"2015-01-11T20:01:56","slug":"talleres","status":"publish","type":"page","link":"https:\/\/blogs.ciberespiral.org\/espiral-base\/talleres\/","title":{"rendered":"Talleres"},"content":{"rendered":"<h2>Una mirada creativa de la ciencia y la tecnolog\u00eda: interacci\u00f3n y experimentaci\u00f3n en el aula de Primaria y Secundaria<\/h2>\n<p><b><i>Planteamiento y s\u00edntesis del taller<\/i><\/b><\/p>\n<p>A \u00a0lo largo de este taller pondremos las bases para la creaci\u00f3n de un \u00a0proyecto colaborativo del \u00c1rea Cient\u00edfico &#8211; T\u00e9cnica centrado en la experimentaci\u00f3n en el aula,<\/p>\n<p>Hablaremos de imaginaci\u00f3n y creatividad, de como se puede experimentar desde dos perspectivas:<\/p>\n<ul>\n<li>Una \u00a0muy poco tecnol\u00f3gica: la \u201cnada\u201d, solamente con herramientas caseras de f\u00e1cil reproducci\u00f3n en el aula de Primaria y Secundaria, abriremos los ojos a la qu\u00edmica y biolog\u00eda.<\/li>\n<li>Y \u00a0otra un poquito m\u00e1s tecno&#8230; con rob\u00f3tica educativa, interacci\u00f3n y coordinaci\u00f3n, veremos desde posibilidades en el aula de Necesidades Educativas Especiales hasta sumergirnos en la asimilaci\u00f3n de conceptos f\u00edsicos.<\/li>\n<\/ul>\n<p>Y con todo ello, estableceremos las bases para todos\/as los\/as docentes que quieran iniciarse en este camino&#8230;<\/p>\n<p><b><i>Destinatarios del taller<\/i><\/b><\/p>\n<p>Docentes del \u00faltimo ciclo de Primaria y el primero de Secundaria<\/p>\n<p><b><i>Requisitos de los\/las participantes en el \u00a0taller<\/i><\/b><\/p>\n<p>No \u00a0es necesario que el participante tenga conocimientos de rob\u00f3tica, \u00a0qu\u00edmica, f\u00edsica, biolog\u00eda, electricidad y\/o electr\u00f3nica para participar en el taller. Ni que sea docente de ninguna asignatura del \u00c1rea Cient\u00edfico-T\u00e9cnica, ya que el taller se puede extender a otras asignaturas del curr\u00edculo.<\/p>\n<p><b><i>\u00bfQui\u00e9n imparte el taller?<br \/>\n<\/i><\/b><\/p>\n<p><a href=\"http:\/\/blogs.ciberespiral.org\/espiral-base\/wp-content\/uploads\/sites\/13\/2015\/01\/foto_mertxe.png\"><img loading=\"lazy\" decoding=\"async\" class=\"alignleft size-full wp-image-126\" src=\"http:\/\/blogs.ciberespiral.org\/espiral-base\/wp-content\/uploads\/sites\/13\/2015\/01\/foto_mertxe.png\" alt=\"foto_mertxe\" width=\"100\" height=\"100\" \/><\/a><strong>Mercedes Jimeno Badiola (<a href=\"https:\/\/twitter.com\/mertxejbadiola\" target=\"_blank\">@mertxejbadiola<\/a>)<\/strong>\u00a0Coordinadora de la red \u00abE&amp;P Sarea\u00bb. Responsable en el centro educativo de Donostia \u00abCPES Nazaret BHIP\u00bb del \u00c1rea de E-learning, asesora TIC-IKT y docente del \u00c1rea Cient\u00edfico-Tecnol\u00f3gica en Bachillerato.<\/p>\n<p>&nbsp;<\/p>\n<p>&nbsp;<\/p>\n<h2>Adaptar, adoptar, crear y compartir, la reglas del proyecto colaborativo<\/h2>\n<p><b><i>Planteamiento y s\u00edntesis del taller<\/i><\/b><\/p>\n<p>A lo largo (y ancho) del taller intentaremos constru\u00edr y asentar las bases para la creaci\u00f3n de un proyecto colaborativo que pueda seguir desarrollandose a lo largo del curso.<\/p>\n<p>Hablaremos de creatividad, aprendizaje invisible, competencias, est\u00e1ndares de aprendizaje&#8230; y buscaremos, \u00abtrastearemos\u00bb y compartiremos herramientas 2.0 y vivencias 1.0 cuya finalidad sea crear en el alumnado el gusto por aprender.<\/p>\n<p><b><i>Destinatarios del taller<\/i><\/b><\/p>\n<p>Docente (cualquier etapa)<\/p>\n<p><b><i>Requisitos de los\/las participantes en el \u00a0taller<\/i><\/b><\/p>\n<p>Muchos, pocos o ning\u00fan conocimiento de herramientas y apps 2.0, del trabajo colaborativo o del trabajo en grupo. Imprescindible ganas de aprender y de compartir lo que ya se sabe.<\/p>\n<p>Recomendable disponer de tablet o port\u00e1til. As\u00ed como de l\u00e1piz y colores (rotuladores o ceras).<\/p>\n<p><b><i>\u00bfQui\u00e9n imparte el taller?<br \/>\n<\/i><\/b><\/p>\n<p><strong><a href=\"http:\/\/blogs.ciberespiral.org\/espiral-base\/wp-content\/uploads\/sites\/13\/2015\/01\/fraga-e1420904580478.jpg\"><img loading=\"lazy\" decoding=\"async\" class=\"alignleft size-full wp-image-130\" src=\"http:\/\/blogs.ciberespiral.org\/espiral-base\/wp-content\/uploads\/sites\/13\/2015\/01\/fraga-e1420904580478.jpg\" alt=\"fraga\" width=\"100\" height=\"140\" \/><\/a>Jos\u00e9 Antonio Fraga Moreiro (<\/strong><span data-sheets-value=\"[null,2,&quot;@o_fragha&quot;]\" data-sheets-userformat=\"[null,null,513,[null,0],null,null,null,null,null,null,null,null,0]\"><strong><a href=\"https:\/\/twitter.com\/o_fragha\" target=\"_blank\">@o_fragha<\/a>)<\/strong><\/span>: Profesor del Tercer Ciclo de Educaci\u00f3n Primaria del C.P.R. Pluriling\u00fce Luis Vives de Ourense.<\/p>\n<p>&nbsp;<\/p>\n<p>&nbsp;<\/p>\n<p>&nbsp;<\/p>\n<p>&nbsp;<\/p>\n<h2>Proyectos colaborativos internacionales<\/h2>\n<p><b><i>Planteamiento y s\u00edntesis del taller<\/i><\/b><\/p>\n<p>A lo largo de este taller presentaremos las bases para llevar a cabo un proyecto colaborativo entre varios centros educativos de diferentes pa\u00edses.<\/p>\n<ul>\n<li>Veremos como establecer contacto con otros docentes que al igual que nosotros est\u00e1n interesados en realizar un proyecto.<\/li>\n<li>Qu\u00e9 plataformas podemos utilizar.<\/li>\n<li>Qu\u00e9 inconvenientes nos vamos a encontrar y c\u00f3mo solventarlos.<\/li>\n<li>Qu\u00e9 herramientas de trabajo podemos utilizar para coordinar el proyecto.<\/li>\n<\/ul>\n<p>El objetivo del taller es despertar en los asistentes el inter\u00e9s por emprender un proyecto colaborativo internacional y mostrar, a trav\u00e9s de ejemplos sencillos, c\u00f3mo lograrlo.<\/p>\n<p><b><i>Destinatarios del taller<\/i><\/b><\/p>\n<p>Docentes en activo.<\/p>\n<p><b><i>Requisitos de los\/las participantes en el \u00a0taller<\/i><\/b><\/p>\n<p>No es necesario que los asistentes tengan conocimientos avanzados de inform\u00e1tica.<\/p>\n<p>Es necesario estar en activo en alg\u00fan centro educativo para poder entablar contacto con otros docentes a trav\u00e9s de las plataformas que utilizaremos.<\/p>\n<p><b><i>\u00bfQui\u00e9n imparte el taller?<br \/>\n<\/i><\/b><\/p>\n<p><a href=\"http:\/\/blogs.ciberespiral.org\/espiral-base\/wp-content\/uploads\/sites\/13\/2015\/01\/jlcastano-e1420904923654.jpg\"><img loading=\"lazy\" decoding=\"async\" class=\"alignleft wp-image-132 size-full\" src=\"http:\/\/blogs.ciberespiral.org\/espiral-base\/wp-content\/uploads\/sites\/13\/2015\/01\/jlcastano-e1420904923654.jpg\" alt=\"jlcastano\" width=\"100\" height=\"100\" \/><\/a><strong>Jos\u00e9 Luis Casta\u00f1o P\u00e9rez (<a href=\"https:\/\/twitter.com\/jlcastano\" target=\"_blank\">@<\/a><span data-sheets-value=\"[null,2,&quot;jlcastano&quot;]\" data-sheets-userformat=\"[null,null,513,[null,0],null,null,null,null,null,null,null,null,0]\"><a href=\"https:\/\/twitter.com\/jlcastano\" target=\"_blank\">jlcastano<\/a>)<\/span><\/strong>: Maestro de Educaci\u00f3n Primaria en el CP Juan Aguado de La Torre de Esteban Hambr\u00e1n. Coordinador de varios proyectos colaborativos internacionales: \u00abUnder the same Sky\u00bb, \u00abOne World, Two Countries and One Language\u00bb y \u00abSkype Education\u00bb.<\/p>\n<p>&nbsp;<\/p>\n<p>&nbsp;<\/p>\n<h2>C\u00f3mo desarrollar un proyecto y no morir en el intento<\/h2>\n<p><strong><em>Planteamiento y s\u00edntesis del taller<\/em><\/strong><\/p>\n<p>En este taller sentaremos las bases para llevar a cabo un proyecto colaborativo interdisciplinar que abarque cualquier nivel educativo.<\/p>\n<ul>\n<li>Herramientas de comunicaci\u00f3n y desarrollo utilizables en un proyecto.<\/li>\n<li>La realidad de un proyecto: ventajas e inconvenientes en el trabajo por proyectos.<\/li>\n<\/ul>\n<p>El objetivo del taller es tratar de despertar en los asistentes inter\u00e9s por crear o embarcarse en un proyecto colaborativo<\/p>\n<p>&nbsp;<\/p>\n<p><strong><em>Destinatarios del taller<\/em><\/strong><\/p>\n<p>Docentes en activo de cualquier nivel educativo, interesados en el desarrollo de proyectos. (ABP)<\/p>\n<p>&nbsp;<\/p>\n<p><strong><em>Requisitos de los\/las participantes en el taller<\/em><\/strong><\/p>\n<p>Inter\u00e9s y pasi\u00f3n por ense\u00f1ar y aprender. No son necesarios grandes conocimientos t\u00e9cnicos.<\/p>\n<p>Recomendable traer tablet, port\u00e1til o smartphone. Si es factible, traer un rotulador de grosor medio.<\/p>\n<p><b><i>\u00bfQui\u00e9n imparte el taller?<\/i><\/b><\/p>\n<p><strong><a href=\"http:\/\/blogs.ciberespiral.org\/espiral-base\/wp-content\/uploads\/sites\/13\/2015\/01\/inma-e1421006507953.jpg\"><img loading=\"lazy\" decoding=\"async\" class=\"alignleft size-full wp-image-138\" src=\"http:\/\/blogs.ciberespiral.org\/espiral-base\/wp-content\/uploads\/sites\/13\/2015\/01\/inma-e1421006507953.jpg\" alt=\"inma\" width=\"100\" height=\"101\" \/><\/a>Inmaculada Contreras Sedes (<a href=\"https:\/\/twitter.com\/inmitacs\" target=\"_blank\">@inmitacs<\/a>)<\/strong>,profesora de Dibujo en el IES Antonio Calv\u00edn de Almagro Ciudad Real. He coordinado los proyectos colaborativos Queremos MusicArte y Platero que ni pintado.<\/p>\n<p>En el \u00e1mbito de Formaci\u00f3n del Profesorado participa como docente en la plataforma de Centro Regional de Formaci\u00f3n del Profesorado de Castilla la Mancha y recientemente colaboro en Formaci\u00f3n en Red del Instituto de Tecnolog\u00edas Educativas y Formaci\u00f3n del Profesorado (INTEF).<\/p>\n","protected":false},"excerpt":{"rendered":"<p>Una mirada creativa de la ciencia y la tecnolog\u00eda: interacci\u00f3n y experimentaci\u00f3n en el aula de Primaria y Secundaria Planteamiento y s\u00edntesis del taller A \u00a0lo largo de este taller pondremos las bases para la creaci\u00f3n de un \u00a0proyecto colaborativo del \u00c1rea Cient\u00edfico &#8211; T\u00e9cnica centrado en la experimentaci\u00f3n en el aula, Hablaremos de imaginaci\u00f3n [&hellip;]<\/p>\n","protected":false},"author":42,"featured_media":0,"parent":0,"menu_order":0,"comment_status":"closed","ping_status":"open","template":"","meta":{"footnotes":""},"class_list":["post-125","page","type-page","status-publish","hentry"],"_links":{"self":[{"href":"https:\/\/blogs.ciberespiral.org\/espiral-base\/wp-json\/wp\/v2\/pages\/125","targetHints":{"allow":["GET"]}}],"collection":[{"href":"https:\/\/blogs.ciberespiral.org\/espiral-base\/wp-json\/wp\/v2\/pages"}],"about":[{"href":"https:\/\/blogs.ciberespiral.org\/espiral-base\/wp-json\/wp\/v2\/types\/page"}],"author":[{"embeddable":true,"href":"https:\/\/blogs.ciberespiral.org\/espiral-base\/wp-json\/wp\/v2\/users\/42"}],"replies":[{"embeddable":true,"href":"https:\/\/blogs.ciberespiral.org\/espiral-base\/wp-json\/wp\/v2\/comments?post=125"}],"version-history":[{"count":6,"href":"https:\/\/blogs.ciberespiral.org\/espiral-base\/wp-json\/wp\/v2\/pages\/125\/revisions"}],"predecessor-version":[{"id":139,"href":"https:\/\/blogs.ciberespiral.org\/espiral-base\/wp-json\/wp\/v2\/pages\/125\/revisions\/139"}],"wp:attachment":[{"href":"https:\/\/blogs.ciberespiral.org\/espiral-base\/wp-json\/wp\/v2\/media?parent=125"}],"curies":[{"name":"wp","href":"https:\/\/api.w.org\/{rel}","templated":true}]}}