{"id":832,"date":"2016-05-18T10:13:34","date_gmt":"2016-05-18T09:13:34","guid":{"rendered":"http:\/\/blogs.ciberespiral.org\/escuelas\/?page_id=832"},"modified":"2016-05-20T16:51:49","modified_gmt":"2016-05-20T15:51:49","slug":"objectius","status":"publish","type":"page","link":"https:\/\/blogs.ciberespiral.org\/escuelas\/objectius\/","title":{"rendered":"Objectius"},"content":{"rendered":"<ol>\n<li>Contribuir a la difusi\u00f3 de les \u00faltimes tend\u00e8ncies en el camp de l&#8217;aplicaci\u00f3 de les tecnologies a l\u2019educaci\u00f3.<\/li>\n<li>Fomentar la integraci\u00f3 de les TIC en l&#8217;educaci\u00f3 tenint en compte el seu potencial i les possibilitats de millora dels processos educatius que comporten el seu \u00fas.<\/li>\n<li>Afavorir l&#8217;experimentaci\u00f3 amb noves metodologies per a aules presencials i virtuals buscant un nou model pedag\u00f2gic basat en la creaci\u00f3 col\u00b7lectiva del coneixement.<\/li>\n<li>Desenvolupar habilitats per a l\u2019avaluaci\u00f3 cr\u00edtica i l\u2019adquisici\u00f3 de nous coneixements amb un comprom\u00eds d\u2019aprenentatge de per vida.<\/li>\n<li>Contribuir a la millora de la compet\u00e8ncia digital del professorat com a via imprescindible per a aconseguir l&#8217;\u00e8xit escolar de l&#8217;alumnat.<\/li>\n<li>Afavorir la inclusi\u00f3 digital a les aules: accessibilitat dels recursos educatius, dels entorns de treball digitals i dels suports digitals.<\/li>\n<\/ol>\n","protected":false},"excerpt":{"rendered":"<p>Contribuir a la difusi\u00f3 de les \u00faltimes tend\u00e8ncies en el camp de l&#8217;aplicaci\u00f3 de les tecnologies a l\u2019educaci\u00f3. Fomentar la integraci\u00f3 de les TIC en l&#8217;educaci\u00f3 tenint en compte el seu potencial i les possibilitats de millora dels processos educatius que comporten el seu \u00fas. Afavorir l&#8217;experimentaci\u00f3 amb noves metodologies&hellip;<\/p>\n","protected":false},"author":49,"featured_media":0,"parent":0,"menu_order":0,"comment_status":"closed","ping_status":"closed","template":"","meta":{"footnotes":""},"class_list":["post-832","page","type-page","status-publish","hentry"],"_links":{"self":[{"href":"https:\/\/blogs.ciberespiral.org\/escuelas\/wp-json\/wp\/v2\/pages\/832","targetHints":{"allow":["GET"]}}],"collection":[{"href":"https:\/\/blogs.ciberespiral.org\/escuelas\/wp-json\/wp\/v2\/pages"}],"about":[{"href":"https:\/\/blogs.ciberespiral.org\/escuelas\/wp-json\/wp\/v2\/types\/page"}],"author":[{"embeddable":true,"href":"https:\/\/blogs.ciberespiral.org\/escuelas\/wp-json\/wp\/v2\/users\/49"}],"replies":[{"embeddable":true,"href":"https:\/\/blogs.ciberespiral.org\/escuelas\/wp-json\/wp\/v2\/comments?post=832"}],"version-history":[{"count":3,"href":"https:\/\/blogs.ciberespiral.org\/escuelas\/wp-json\/wp\/v2\/pages\/832\/revisions"}],"predecessor-version":[{"id":971,"href":"https:\/\/blogs.ciberespiral.org\/escuelas\/wp-json\/wp\/v2\/pages\/832\/revisions\/971"}],"wp:attachment":[{"href":"https:\/\/blogs.ciberespiral.org\/escuelas\/wp-json\/wp\/v2\/media?parent=832"}],"curies":[{"name":"wp","href":"https:\/\/api.w.org\/{rel}","templated":true}]}}