{"id":829,"date":"2016-05-18T10:12:44","date_gmt":"2016-05-18T09:12:44","guid":{"rendered":"http:\/\/blogs.ciberespiral.org\/escuelas\/?page_id=829"},"modified":"2019-05-17T11:53:10","modified_gmt":"2019-05-17T10:53:10","slug":"objetivos-2","status":"publish","type":"page","link":"https:\/\/blogs.ciberespiral.org\/escuelas\/objetivos-2\/","title":{"rendered":"Objetivos"},"content":{"rendered":"<ol>\n<li>Contribuir a la difusi\u00f3n de las \u00faltimas tendencias en el campo de la aplicaci\u00f3n de las tecnolog\u00edas en la educaci\u00f3n.<\/li>\n<li>Fomentar la integraci\u00f3n de las tecnolog\u00edas digitales en la educaci\u00f3n teniendo en cuenta su potencial y las posibilidades de mejora de los procesos educativos que conllevan su uso.<\/li>\n<li>Favorecer la experimentaci\u00f3n con nuevas metodolog\u00edas en\u00a0centros educativos buscando un nuevo modelo pedag\u00f3gico basado en la creaci\u00f3n colectiva del conocimiento.<\/li>\n<li>Desarrollar habilidades para la evaluaci\u00f3n cr\u00edtica y la adquisici\u00f3n de nuevos conocimientos con un compromiso de aprendizaje a lo largo de la vida.<\/li>\n<li>Contribuir a la mejora de la competencia digital\u00a0docente como v\u00eda imprescindible para conseguir el \u00e9xito escolar del alumnado.<\/li>\n<li>Favorecer la inclusi\u00f3n digital en las aulas: accesibilidad de los recursos educativos, los entornos de trabajo y los soportes digitales.<\/li>\n<\/ol>\n<p>&nbsp;<\/p>\n","protected":false},"excerpt":{"rendered":"<p>Contribuir a la difusi\u00f3n de las \u00faltimas tendencias en el campo de la aplicaci\u00f3n de las tecnolog\u00edas en la educaci\u00f3n. Fomentar la integraci\u00f3n de las tecnolog\u00edas digitales en la educaci\u00f3n teniendo en cuenta su potencial y las posibilidades de mejora de los procesos educativos que conllevan su uso. Favorecer la&hellip;<\/p>\n","protected":false},"author":49,"featured_media":0,"parent":0,"menu_order":0,"comment_status":"closed","ping_status":"closed","template":"","meta":{"footnotes":""},"class_list":["post-829","page","type-page","status-publish","hentry"],"_links":{"self":[{"href":"https:\/\/blogs.ciberespiral.org\/escuelas\/wp-json\/wp\/v2\/pages\/829","targetHints":{"allow":["GET"]}}],"collection":[{"href":"https:\/\/blogs.ciberespiral.org\/escuelas\/wp-json\/wp\/v2\/pages"}],"about":[{"href":"https:\/\/blogs.ciberespiral.org\/escuelas\/wp-json\/wp\/v2\/types\/page"}],"author":[{"embeddable":true,"href":"https:\/\/blogs.ciberespiral.org\/escuelas\/wp-json\/wp\/v2\/users\/49"}],"replies":[{"embeddable":true,"href":"https:\/\/blogs.ciberespiral.org\/escuelas\/wp-json\/wp\/v2\/comments?post=829"}],"version-history":[{"count":5,"href":"https:\/\/blogs.ciberespiral.org\/escuelas\/wp-json\/wp\/v2\/pages\/829\/revisions"}],"predecessor-version":[{"id":2631,"href":"https:\/\/blogs.ciberespiral.org\/escuelas\/wp-json\/wp\/v2\/pages\/829\/revisions\/2631"}],"wp:attachment":[{"href":"https:\/\/blogs.ciberespiral.org\/escuelas\/wp-json\/wp\/v2\/media?parent=829"}],"curies":[{"name":"wp","href":"https:\/\/api.w.org\/{rel}","templated":true}]}}