{"id":794,"date":"2016-05-17T13:15:42","date_gmt":"2016-05-17T12:15:42","guid":{"rendered":"http:\/\/blogs.ciberespiral.org\/escuelas\/?page_id=794"},"modified":"2016-05-21T01:15:04","modified_gmt":"2016-05-21T00:15:04","slug":"com-treballar-amb-dispositius-mobils-a-laula-2","status":"publish","type":"page","link":"https:\/\/blogs.ciberespiral.org\/escuelas\/com-treballar-amb-dispositius-mobils-a-laula-2\/","title":{"rendered":"Com treballar amb dispositius m\u00f2bils a l&#8217;aula."},"content":{"rendered":"<h5 style=\"text-align: center;\">[youtube height=&#8221;315&#8243; width=&#8221;560&#8243;]https:\/\/www.youtube.com\/watch?v=Lrugwk3Nhyc[\/youtube]<\/h5>\n<h4>Descripci\u00f3 de la activitat<\/h4>\n<p>L\u00b4\u00fas habitual dels dispositius m\u00f2bils a la nostra vida di\u00e0ria i la seva versatilitat representa tota una oportunitat que no podem desaprofitar en educaci\u00f3.<\/p>\n<p>Les seves caracter\u00edstiques de multifuncionalitat, integraci\u00f3 d\u2019elements multim\u00e8dia, portabilitat i connectivitat fan dels m\u00f2bils i les tauletes eines excel\u00b7lents per a la implementaci\u00f3 de la tecnologia a les aules de manera senzilla.<\/p>\n<p>Amb aquest curs volem oferir l\u2019oportunitat d\u2019experimentar amb aquests dispositius, con\u00e8ixer les m\u00faltiples possibilitats educatives d\u2019una bona col\u00b7lecci\u00f3 d\u2019apps i altres serveis i \u00a0facilitar \u00a0un canvi metodol\u00f2gic en la nostra tasca di\u00e0ria com a educadors.<\/p>\n<h4>Carrega lectiva del curs<\/h4>\n<p>30 hores<\/p>\n<h4>Destinataris<\/h4>\n<p>Professorat interessat en con\u00e8ixer eines i serveis per treballar amb dispositius m\u00f2bils a l&#8217;educaci\u00f3.<\/p>\n<h4>Requisits t\u00e8cnics dels participants<\/h4>\n<p>Les persones participants han de tenir inter\u00e8s per la tem\u00e0tica del curs i disposar d&#8217;un dispositiu m\u00f2bil o tauleta aix\u00ed com les destresses habituals per a seguir un curs online ( \u00fas navegador, adjuntar fitxers i intervenci\u00f3 en f\u00f2rums)<\/p>\n<h4>Objectius<\/h4>\n<ul>\n<li>Con\u00e8ixer, experimentar i analitzar les possibilitats dels dispositius m\u00f2bils com a instruments de creaci\u00f3 de contingut, de comunicaci\u00f3 i de col\u00b7laboraci\u00f3 en entorns educatius.<\/li>\n<li>Descobrir l&#8217;efici\u00e8ncia de les eines (apps) en el proc\u00e9s d&#8217;ensenyament-aprenentatge per proposar noves din\u00e0miques d&#8217;aula.<\/li>\n<li>Descobrir i classificar aplicacions (apps) per a tauletes i m\u00f2bils en funci\u00f3 de compet\u00e8ncies i necessitats.<\/li>\n<li>Promoure el canvi metodol\u00f2gic coneixent, proposant i compartint experi\u00e8ncies i propostes innovadores.<\/li>\n<\/ul>\n<p>&nbsp;<\/p>\n<h4>Continguts<\/h4>\n<ul>\n<li>M\u00f2dul 1: Introducci\u00f3 al mobile-learning, context i oportunitats d&#8217;ensenyament i aprenentatge.<\/li>\n<li>M\u00f2dul 2: Comunicaci\u00f3 audiovisual: el potencial did\u00e0ctic del so i la imatge a l&#8217;aula.<\/li>\n<li>M\u00f2dul 3: Escriptura i lectura digital: treballem\u00a0la compet\u00e8ncia ling\u00fc\u00edstica.<\/li>\n<li>M\u00f2dul 4: Multim\u00e8dia i creativitat. Alumnes i mestres creadors de continguts.<\/li>\n<li>M\u00f2dul 5: Disseny d&#8217;activitats did\u00e0ctiques en entorns d&#8217;aprenentatge m\u00f2bil.<\/li>\n<\/ul>\n<p>&nbsp;<\/p>\n<h4>Metodologia<\/h4>\n<p>La metodologia de treball \u00e9s no presencial de manera que les tasques del curs es faran &#8220;en l\u00ednia&#8221;, \u00e9s a dir, amb connexi\u00f3 a Internet i a trav\u00e9s de l&#8217; aula virtual (Moodle) d&#8217;Espiral.<\/p>\n<p>Tot i que s&#8217;anir\u00e0 seguint una planificaci\u00f3 temporal, les persones participants poden anar explorant el funcionament de l&#8217;aula i els racons del curs al seu propi ritme dins cada m\u00f2dul de treball.<\/p>\n<p>En aquest curs les persones que hi participen s\u00f3n protagonistes, s\u00f3n qui ha de planificar l\u2019aprenentatge i construir el coneixement. Per fer-ho compten amb l\u2019ajut dels formadors, dels materials i de la resta de recursos de l&#8217;aula.<\/p>\n<h4>Pla d&#8217;avaluaci\u00f3<\/h4>\n<p>A) Avaluaci\u00f3 cont\u00ednua d&#8217;aprofitament:<\/p>\n<p>L&#8217;avaluaci\u00f3 del curs es realitzar\u00e0 a partir de:<\/p>\n<ul>\n<li>El lliurament de les activitats de cada m\u00f2dul. Les activitats s&#8217;han de lliurar dins els terminis fixats per l&#8217;equip de formaci\u00f3 del curs.<\/li>\n<li>La participaci\u00f3 en els debats a l&#8217;aula virtual.<\/li>\n<li>La participaci\u00f3 en les reflexions i valoracions finals sobre els aprenentatges\u00a0del curs.<\/li>\n<\/ul>\n<p>&nbsp;<br \/>\nEn general, els criteris que se seguiran per \u00a0a avaluar els participants s\u00f3n:<\/p>\n<ul>\n<li>Implicaci\u00f3 i const\u00e0ncia en el desenvolupament de les activitats del curs.<\/li>\n<li>Interacci\u00f3 i participaci\u00f3 en els f\u00f2rums i comunitats externes al campus habilitades per a compartir i discutir els continguts del curs.<\/li>\n<li>Realitzaci\u00f3 d&#8217;intervencions basades en l&#8217;aplicaci\u00f3 dels continguts del curs als casos particulars tractats.<\/li>\n<li>Aportaci\u00f3 d&#8217;intervencions amb reflexions pr\u00f2pies i personals que proporcionin noves mirades pedag\u00f2giques.<\/li>\n<li>Tractament i cura de la informaci\u00f3 digital.<\/li>\n<li>Respecte per les idees i aportacions d&#8217;altres companys i aportaci\u00f3 de criteris i arguments que permetin una discussi\u00f3 formal, respectuosa i significativa.<\/li>\n<\/ul>\n<p>&nbsp;<br \/>\nA continuaci\u00f3 podeu consultar el pla d&#8217;avaluaci\u00f3 espec\u00edfic per a totes les activitats del curs:<\/p>\n<p>En iniciar el curs els participants rebran instruccions concretes per a dissenyar una seq\u00fc\u00e8nciaci\u00f3 did\u00e0ctica com a projecte final del curs.<\/p>\n<table>\n<tbody>\n<tr>\n<td width=\"232\"><strong>Tasques<\/strong><\/td>\n<td width=\"205\"><strong>Criteris d&#8217;avaluaci\u00f3<\/strong><\/td>\n<\/tr>\n<tr>\n<td width=\"232\">\n<ol>\n<li><strong> Activitat m\u00f2dul 1, introducci\u00f3 al<\/strong><strong><em>mobile-learning<\/em><\/strong><strong>:<\/strong> mapa mental pel disseny de projectes educatius relacionats amb l&#8217;entorn laboral docent dels participants del curs.<\/li>\n<\/ol>\n<\/td>\n<td width=\"205\">Concreci\u00f3 de diversos \u00edtems per al disseny de projectes educatius amb dispositius m\u00f2bils i habilitat en l&#8217;\u00fas d&#8217;eines per a mapes mentals.(10% )<\/td>\n<\/tr>\n<tr>\n<td width=\"232\">\n<ol start=\"2\">\n<li><strong>Activitat m\u00f2dul 2: Comunicaci\u00f3 audiovisual, el potencial did\u00e0ctic del so i la imatge a l&#8217;aula:\u00a0<\/strong>creaci\u00f3 de material audiovisual per a l&#8217;aula.<\/li>\n<\/ol>\n<\/td>\n<td width=\"205\">Valoraci\u00f3 i discussi\u00f3 sobre la selecci\u00f3 d&#8217;apps\u00a0per a la creaci\u00f3 de material audiovisual\u00a0( \u00e0udio, v\u00eddeo, imatge)\u00a0segons el model tecnopedag\u00f2gic TPACK ( elecci\u00f3 eines segons la mat\u00e8ria i nivell). (10%)<\/td>\n<\/tr>\n<tr>\n<td width=\"232\">\n<ol start=\"3\">\n<li><strong>Activitat m\u00f2dul 3:\u00a0Escriptura i lectura digital, treballem\u00a0la compet\u00e8ncia ling\u00fc\u00edstica<\/strong>:\u00a0creaci\u00f3 de proposta did\u00e0ctica relacionada amb la lectura i escriptura digital.<\/li>\n<\/ol>\n<\/td>\n<td width=\"205\">\u00a0Concreci\u00f3 dels diferents \u00edtems b\u00e0sics d&#8217;una proposta did\u00e0ctica: t\u00edtol, nivell educatiu i mat\u00e8ria, objectius i recursos)\u00a0segons model tecnopedag\u00f2gic SAMR per a la millora del disseny d&#8217;activitats amb tecnologia que potenc\u00efin la compet\u00e8ncia ling\u00fc\u00edstica\u00a0(20%)<\/td>\n<\/tr>\n<tr>\n<td width=\"232\">\n<ol start=\"4\">\n<li><strong>Activitat \u00a0m\u00f2dul 4\u00a0Multim\u00e8dia i creativitat, alumnes i mestres creadors de continguts\u00a0:<\/strong> \u00a0creaci\u00f3 de proposta did\u00e0ctica per a la creaci\u00f3 de material did\u00e0ctic per part dels alumnes.<\/li>\n<\/ol>\n<\/td>\n<td width=\"205\">\u200bConcreci\u00f3 dels diferents \u00edtems b\u00e0sics d&#8217;una proposta did\u00e0ctica per a la creaci\u00f3 de material did\u00e0ctic per part de l&#8217;alumnat: t\u00edtol, nivell educatiu i mat\u00e8ria, objectius i recursos. (10%)<\/td>\n<\/tr>\n<tr>\n<td width=\"232\">\n<ol start=\"5\">\n<li><strong>Projecte final<br \/>\nm\u00f2dul 5, disseny d&#8217;activitats did\u00e0ctiques en entorns d&#8217;aprenentatge m\u00f2bil:<\/strong> disseny seq\u00fc\u00e8ncia did\u00e0ctica d&#8217;aprenentatge m\u00f2bil en l&#8217;entorn laboral docent dels participants del curs.<\/li>\n<\/ol>\n<\/td>\n<td width=\"205\">Concreci\u00f3 dels diferents \u00edtems de la seq\u00fcenciaci\u00f3 did\u00e0ctica( m\u00ednim 2 activitats): t\u00edtol, nivell educatiu i mat\u00e8ria, objectius i continguts, desenvolupament, metodologia, recursos, gesti\u00f3 de l&#8217;aula i avaluaci\u00f3. (40%)<\/td>\n<\/tr>\n<tr>\n<td width=\"232\">\n<ol start=\"6\">\n<li><strong>Activitat m\u00f2dul 5\u00a0disseny d&#8217;activitats did\u00e0ctiques en entorns d&#8217;aprenentatge m\u00f2bil.: <\/strong>Creaci\u00f3 d&#8217;un repositori d&#8217;apps classificades segons les necessitats docents.<\/li>\n<\/ol>\n<\/td>\n<td width=\"205\">\u00a0Valoraci\u00f3 i discussi\u00f3 de les possibilitats d&#8217;una col\u00b7lecci\u00f3 d&#8217;apps segons criteris personals i professionals (10%)<\/td>\n<\/tr>\n<\/tbody>\n<\/table>\n<p>&nbsp;<\/p>\n<p>B) Avaluaci\u00f3 de la satisfacci\u00f3 dels participants: es realitzar\u00e0 una enquesta de valoraci\u00f3 final del curs que recollir\u00e0 suggeriments i observacions valoratives.<\/p>\n<h4>Requisits de certificaci\u00f3<\/h4>\n<p>Per obtenir la certificaci\u00f3 oficial del curs cal:<\/p>\n<ul>\n<li>Superar l&#8217;avaluaci\u00f3 de les diferents activitats plantejades durant el curs.<\/li>\n<li>Lliurar les activitats proposades dins el termini preestablert pels formadors.<\/li>\n<\/ul>\n<p>&nbsp;<\/p>\n<h4>Dates de realitzaci\u00f3<\/h4>\n<p>de l&#8217;1 al 15 de juliol del 2016<\/p>\n<h5><\/h5>\n<h4>Durada<\/h4>\n<p>30 hores<\/p>\n<h5><\/h5>\n<h4>Formadors<\/h4>\n<p>&nbsp;<\/p>\n<p><img decoding=\"async\" class=\"alignleft wp-image-410 size-thumbnail\" src=\"http:\/\/blogs.ciberespiral.org\/escuelas\/wp-content\/uploads\/sites\/16\/2015\/04\/Delia-G\u00e1mez-150x150.jpg\" alt=\"Delia G\u00e1mez\" width=\"150\" height=\"150\" \/><\/p>\n<p><strong>Delia G\u00e1mez <a href=\"https:\/\/twitter.com\/#!\/delia_gamez\" target=\"_blank\">@delia_gamez<\/a><\/strong><\/p>\n<p>Llicenciada en Biologia i postgraduada en Educaci\u00f3 i TIC per la UOC. Professora de ci\u00e8ncies i formadora de docents en TAC.<br \/>\nMembre de la Junta Ampliada de l&#8217;<a href=\"http:\/\/www.ciberespiral.org\/\" target=\"_blank\">Associaci\u00f3 Espiral, Educaci\u00f3 i Tecnologia<\/a> a l&#8217;\u00e0rea de Formaci\u00f3.<\/p>\n<p><a href=\"http:\/\/about.me\/delia.gamezmontoya\" target=\"_blank\">http:\/\/about.me\/delia.gamezmontoya<\/a><\/p>\n<h3><\/h3>\n<p>&nbsp;<\/p>\n<p>&nbsp;<\/p>\n<p><img decoding=\"async\" class=\"alignleft wp-image-401 size-thumbnail\" src=\"http:\/\/blogs.ciberespiral.org\/escuelas\/wp-content\/uploads\/sites\/16\/2015\/04\/Xavier-Su\u00f1\u00e9-150x150.png\" alt=\"Xavier Su\u00f1\u00e9\" width=\"150\" height=\"150\" \/><\/p>\n<p><strong>Xavier Su\u00f1\u00e9 <a href=\"https:\/\/twitter.com\/#!\/xsune\" target=\"_blank\">@xsune<\/a><\/strong><\/p>\n<p>Professor t\u00e8cnic de F.P. Assessor en tecnologies aplicades a l&#8217;educaci\u00f3 al <a href=\"https:\/\/sites.google.com\/a\/xtec.cat\/crp-tarragones\/\" target=\"_blank\">Servei Educatiu del Tarragon\u00e8s<\/a> i t\u00e8cnic docent a l&#8217;\u00c0rea TAC del <a href=\"http:\/\/ensenyament.gencat.cat\/ca\" target=\"_blank\">Departament d&#8217;Ensenyament<\/a> de la Generalitat de Catalunya. Formador i Consultor a l&#8217;ICE de la URV, en Postgraus de la UOC i la URV.<br \/>\n<a href=\"about.me\/xsune\" target=\"_blank\">about.me\/xsune<\/a><\/p>\n<p>&nbsp;<\/p>\n<p>&nbsp;<\/p>\n<p>&nbsp;<\/p>\n<h3><strong><a title=\"Matr\u00edcula\" href=\"http:\/\/blogs.ciberespiral.org\/escuelas\/ca\/matricula-2\/\"><span style=\"text-decoration: underline; color: #0000ff;\">Inscripci\u00f3<\/span><\/a><\/strong><\/h3>\n","protected":false},"excerpt":{"rendered":"<p>[youtube height=&#8221;315&#8243; width=&#8221;560&#8243;]https:\/\/www.youtube.com\/watch?v=Lrugwk3Nhyc[\/youtube] Descripci\u00f3 de la activitat L\u00b4\u00fas habitual dels dispositius m\u00f2bils a la nostra vida di\u00e0ria i la seva versatilitat representa tota una oportunitat que no podem desaprofitar en educaci\u00f3. Les seves caracter\u00edstiques de multifuncionalitat, integraci\u00f3 d\u2019elements multim\u00e8dia, portabilitat i connectivitat fan dels m\u00f2bils i les tauletes eines excel\u00b7lents&hellip;<\/p>\n","protected":false},"author":49,"featured_media":0,"parent":0,"menu_order":0,"comment_status":"closed","ping_status":"closed","template":"","meta":{"footnotes":""},"class_list":["post-794","page","type-page","status-publish","hentry"],"_links":{"self":[{"href":"https:\/\/blogs.ciberespiral.org\/escuelas\/wp-json\/wp\/v2\/pages\/794","targetHints":{"allow":["GET"]}}],"collection":[{"href":"https:\/\/blogs.ciberespiral.org\/escuelas\/wp-json\/wp\/v2\/pages"}],"about":[{"href":"https:\/\/blogs.ciberespiral.org\/escuelas\/wp-json\/wp\/v2\/types\/page"}],"author":[{"embeddable":true,"href":"https:\/\/blogs.ciberespiral.org\/escuelas\/wp-json\/wp\/v2\/users\/49"}],"replies":[{"embeddable":true,"href":"https:\/\/blogs.ciberespiral.org\/escuelas\/wp-json\/wp\/v2\/comments?post=794"}],"version-history":[{"count":22,"href":"https:\/\/blogs.ciberespiral.org\/escuelas\/wp-json\/wp\/v2\/pages\/794\/revisions"}],"predecessor-version":[{"id":799,"href":"https:\/\/blogs.ciberespiral.org\/escuelas\/wp-json\/wp\/v2\/pages\/794\/revisions\/799"}],"wp:attachment":[{"href":"https:\/\/blogs.ciberespiral.org\/escuelas\/wp-json\/wp\/v2\/media?parent=794"}],"curies":[{"name":"wp","href":"https:\/\/api.w.org\/{rel}","templated":true}]}}