{"id":79,"date":"2015-04-25T19:17:18","date_gmt":"2015-04-25T18:17:18","guid":{"rendered":"http:\/\/blogs.ciberespiral.org\/escuelas\/?page_id=79"},"modified":"2020-05-25T23:58:15","modified_gmt":"2020-05-25T22:58:15","slug":"benvinguda-de-la-presidenta-despiral","status":"publish","type":"page","link":"https:\/\/blogs.ciberespiral.org\/escuelas\/benvinguda-de-la-presidenta-despiral\/","title":{"rendered":"Benvinguda"},"content":{"rendered":"\t\t<div data-elementor-type=\"wp-post\" data-elementor-id=\"79\" class=\"elementor elementor-79\">\n\t\t\t\t\t\t<section class=\"elementor-section elementor-top-section elementor-element elementor-element-5d7940fa elementor-section-boxed elementor-section-height-default elementor-section-height-default\" data-id=\"5d7940fa\" data-element_type=\"section\">\n\t\t\t\t\t\t<div class=\"elementor-container elementor-column-gap-default\">\n\t\t\t\t\t<div class=\"elementor-column elementor-col-100 elementor-top-column elementor-element elementor-element-44ea4a25\" data-id=\"44ea4a25\" data-element_type=\"column\">\n\t\t\t<div class=\"elementor-widget-wrap elementor-element-populated\">\n\t\t\t\t\t\t<div class=\"elementor-element elementor-element-5f8adc1e elementor-widget elementor-widget-text-editor\" data-id=\"5f8adc1e\" data-element_type=\"widget\" data-widget_type=\"text-editor.default\">\n\t\t\t\t<div class=\"elementor-widget-container\">\n\t\t\t\t\t\t\t<h3>Missatge del President d&#8217;Espiral<\/h3>\n<p>Ser\u00e0 aquest l&#8217;estiu m\u00e9s excepcional de les nostres vides com a col\u00b7lectiu. Despr\u00e9s d&#8217;un tercer trimestre ple de reptes per a sostenir l&#8217;aprenentatge des de la virtualitat, afrontem uns mesos d&#8217;incertesa. Per\u00f2 si d&#8217;alguna cosa estem segurs, \u00e9s que haurem d&#8217;aprofundir en les metodologies que ens ajudin a impulsar aprenentatges m\u00e9s motivadors, significatius i en clau digital. Nom\u00e9s aix\u00ed, estarem preparats per a continuar oferint experi\u00e8ncies d&#8217;aprenentatge vibrants sense deixar a ning\u00fa enrere. Des d&#8217;Espiral, et proposem aprendre al costat de referents i companys\/es que en primera persona t&#8217;ajudaran a cr\u00e9ixer i equipar-te per al proper curs.<\/p>\n\n<img decoding=\"async\" src=\"http:\/\/blogs.ciberespiral.org\/escuelas\/wp-content\/uploads\/sites\/16\/2020\/04\/hectWeb-300x300.jpg\" width=\"200\" height=\"200\" \/>\n\n<p>Hector Gard\u00f3<\/br>\nPresident d&#8217;Espiral<\/p>\t\t\t\t\t\t<\/div>\n\t\t\t\t<\/div>\n\t\t\t\t\t<\/div>\n\t\t<\/div>\n\t\t\t\t\t<\/div>\n\t\t<\/section>\n\t\t\t\t<\/div>\n\t\t","protected":false},"excerpt":{"rendered":"<p>Missatge del President d&#8217;Espiral Ser\u00e0 aquest l&#8217;estiu m\u00e9s excepcional de les nostres vides com a col\u00b7lectiu. Despr\u00e9s d&#8217;un tercer trimestre ple de reptes per a sostenir l&#8217;aprenentatge des de la virtualitat, afrontem uns mesos d&#8217;incertesa. Per\u00f2 si d&#8217;alguna cosa estem segurs, \u00e9s que haurem d&#8217;aprofundir en les metodologies que ens&hellip;<\/p>\n","protected":false},"author":44,"featured_media":0,"parent":0,"menu_order":0,"comment_status":"closed","ping_status":"open","template":"","meta":{"footnotes":""},"class_list":["post-79","page","type-page","status-publish","hentry"],"_links":{"self":[{"href":"https:\/\/blogs.ciberespiral.org\/escuelas\/wp-json\/wp\/v2\/pages\/79","targetHints":{"allow":["GET"]}}],"collection":[{"href":"https:\/\/blogs.ciberespiral.org\/escuelas\/wp-json\/wp\/v2\/pages"}],"about":[{"href":"https:\/\/blogs.ciberespiral.org\/escuelas\/wp-json\/wp\/v2\/types\/page"}],"author":[{"embeddable":true,"href":"https:\/\/blogs.ciberespiral.org\/escuelas\/wp-json\/wp\/v2\/users\/44"}],"replies":[{"embeddable":true,"href":"https:\/\/blogs.ciberespiral.org\/escuelas\/wp-json\/wp\/v2\/comments?post=79"}],"version-history":[{"count":50,"href":"https:\/\/blogs.ciberespiral.org\/escuelas\/wp-json\/wp\/v2\/pages\/79\/revisions"}],"predecessor-version":[{"id":3251,"href":"https:\/\/blogs.ciberespiral.org\/escuelas\/wp-json\/wp\/v2\/pages\/79\/revisions\/3251"}],"wp:attachment":[{"href":"https:\/\/blogs.ciberespiral.org\/escuelas\/wp-json\/wp\/v2\/media?parent=79"}],"curies":[{"name":"wp","href":"https:\/\/api.w.org\/{rel}","templated":true}]}}