{"id":76,"date":"2015-04-25T19:16:28","date_gmt":"2015-04-25T18:16:28","guid":{"rendered":"http:\/\/blogs.ciberespiral.org\/escuelas\/?page_id=76"},"modified":"2020-05-25T23:59:01","modified_gmt":"2020-05-25T22:59:01","slug":"bienvenida-de-la-presidenta-de-espiral-2","status":"publish","type":"page","link":"https:\/\/blogs.ciberespiral.org\/escuelas\/bienvenida-de-la-presidenta-de-espiral-2\/","title":{"rendered":"Bienvenida"},"content":{"rendered":"\t\t<div data-elementor-type=\"wp-post\" data-elementor-id=\"76\" class=\"elementor elementor-76\">\n\t\t\t\t\t\t<section class=\"elementor-section elementor-top-section elementor-element elementor-element-5292cbe3 elementor-section-boxed elementor-section-height-default elementor-section-height-default\" data-id=\"5292cbe3\" data-element_type=\"section\">\n\t\t\t\t\t\t<div class=\"elementor-container elementor-column-gap-default\">\n\t\t\t\t\t<div class=\"elementor-column elementor-col-100 elementor-top-column elementor-element elementor-element-3d194454\" data-id=\"3d194454\" data-element_type=\"column\">\n\t\t\t<div class=\"elementor-widget-wrap elementor-element-populated\">\n\t\t\t\t\t\t<div class=\"elementor-element elementor-element-29084466 elementor-widget elementor-widget-text-editor\" data-id=\"29084466\" data-element_type=\"widget\" data-widget_type=\"text-editor.default\">\n\t\t\t\t<div class=\"elementor-widget-container\">\n\t\t\t\t\t\t\t<h3>Mensaje del Presidente de Espiral<\/h3>\n<p>Va a ser este el verano m\u00e1s excepcional de nuestras vidas como colectivo. Despu\u00e9s de un tercer trimestre lleno de retos para sostener el aprendizaje desde la virtualidad, afrontamos unos meses de incertidumbre. Pero si de algo estamos seguros, es que tendremos que profundizar en las metodolog\u00edas que nos ayuden a impulsar aprendizajes m\u00e1s motivadores, significativos y en clave digital. Solo as\u00ed, estaremos preparados para continuar ofreciendo experiencias de aprendizaje vibrantes sin dejar a nadie atr\u00e1s. Desde Espiral, te proponemos aprender al lado de referentes y compa\u00f1er@s que en primera persona te ayudar\u00e1n a crecer y equiparte para el pr\u00f3ximo curso.<\/p>\n\n<img decoding=\"async\" src=\"http:\/\/blogs.ciberespiral.org\/escuelas\/wp-content\/uploads\/sites\/16\/2020\/04\/hectWeb-1-300x300.jpg\" alt=\"\" width=\"200\" height=\"200\" \/>\n\n<p>Hector Gard\u00f3<br\/>\nPresidente de Espiral<\/p>\t\t\t\t\t\t<\/div>\n\t\t\t\t<\/div>\n\t\t\t\t\t<\/div>\n\t\t<\/div>\n\t\t\t\t\t<\/div>\n\t\t<\/section>\n\t\t\t\t<\/div>\n\t\t","protected":false},"excerpt":{"rendered":"<p>Mensaje del Presidente de Espiral Va a ser este el verano m\u00e1s excepcional de nuestras vidas como colectivo. Despu\u00e9s de un tercer trimestre lleno de retos para sostener el aprendizaje desde la virtualidad, afrontamos unos meses de incertidumbre. Pero si de algo estamos seguros, es que tendremos que profundizar en&hellip;<\/p>\n","protected":false},"author":44,"featured_media":0,"parent":0,"menu_order":0,"comment_status":"closed","ping_status":"open","template":"","meta":{"footnotes":""},"class_list":["post-76","page","type-page","status-publish","hentry"],"_links":{"self":[{"href":"https:\/\/blogs.ciberespiral.org\/escuelas\/wp-json\/wp\/v2\/pages\/76","targetHints":{"allow":["GET"]}}],"collection":[{"href":"https:\/\/blogs.ciberespiral.org\/escuelas\/wp-json\/wp\/v2\/pages"}],"about":[{"href":"https:\/\/blogs.ciberespiral.org\/escuelas\/wp-json\/wp\/v2\/types\/page"}],"author":[{"embeddable":true,"href":"https:\/\/blogs.ciberespiral.org\/escuelas\/wp-json\/wp\/v2\/users\/44"}],"replies":[{"embeddable":true,"href":"https:\/\/blogs.ciberespiral.org\/escuelas\/wp-json\/wp\/v2\/comments?post=76"}],"version-history":[{"count":36,"href":"https:\/\/blogs.ciberespiral.org\/escuelas\/wp-json\/wp\/v2\/pages\/76\/revisions"}],"predecessor-version":[{"id":3253,"href":"https:\/\/blogs.ciberespiral.org\/escuelas\/wp-json\/wp\/v2\/pages\/76\/revisions\/3253"}],"wp:attachment":[{"href":"https:\/\/blogs.ciberespiral.org\/escuelas\/wp-json\/wp\/v2\/media?parent=76"}],"curies":[{"name":"wp","href":"https:\/\/api.w.org\/{rel}","templated":true}]}}