{"id":66,"date":"2019-05-17T08:05:12","date_gmt":"2019-05-17T07:05:12","guid":{"rendered":"http:\/\/blogs.ciberespiral.org\/escuelas\/?page_id=66"},"modified":"2020-07-03T11:15:54","modified_gmt":"2020-07-03T10:15:54","slug":"matricula-2","status":"publish","type":"page","link":"https:\/\/blogs.ciberespiral.org\/escuelas\/matricula-2\/","title":{"rendered":"Matr\u00edcula"},"content":{"rendered":"\n<h3 class=\"wp-block-heading\">Calendari<strong>:<\/strong><\/h3>\n\n\n\n<ul class=\"wp-block-list\"><li>Inscripcions: &nbsp;Ampliem per\u00edode d&#8217;inscripci\u00f3.<\/li><li>Realitzaci\u00f3 dels cursos: de l&#8217;1 al 15 de juliol de 2020<\/li><\/ul>\n\n\n\n<h3 class=\"wp-block-heading\">Preu i modalitat <\/h3>\n\n\n\n<p>Cursos de 30 hores en l\u00ednia al <a href=\"http:\/\/campusespiral.org\">campus espiral<\/a><\/p>\n\n\n\n<ul class=\"wp-block-list\"><li>45\u20ac Soci<\/li><li>95\u20ac No soci<\/li><li>55\u20ac Nou soci<\/li><li>50\u20ac Nou soci menor de 30 anys <\/li><\/ul>\n\n\n\n<div class=\"wp-block-button\"><a class=\"wp-block-button__link\" href=\"https:\/\/www.ciberespiral.org\/socios\"> Gaudeix dels avantatges de ser soci\/a <\/a><\/div>\n\n\n\n<h3 class=\"wp-block-heading\">Matr\u00edcula<\/h3>\n\n\n\n<p>El per\u00edode de matr\u00edcula ha finalitzat:<\/p>\n\n\n\n<div class=\"wp-block-button\"><a class=\"wp-block-button__link\" href=\"https:\/\/www.ciberespiral.org\/ca\/\">Inscripci\u00f3<\/a><\/div>\n\n\n\n<div class=\"wp-block-button\"><a class=\"wp-block-button__link\" href=\"https:\/\/www.ciberespiral.org\/ca\/\">Pagament<\/a><\/div>\n\n\n\n<p class=\"has-small-font-size\">La matr\u00edcula es considerar\u00e0 formalitzada un cop abonat l&#8217;import de la inscripci\u00f3.<\/p>\n\n\n\n<h3 class=\"wp-block-heading\">Certificaci\u00f3<\/h3>\n\n\n\n<ul class=\"wp-block-list\"><li>Usuaris XTEC (Catalunya): Els cursos organizats per l&#8217;Associaci\u00f3 Espiral tenen els mateixos efectes per al professorat que els cursos inclosos en el Pla de Formaci\u00f3 Permanent del Departament d&#8217;Educaci\u00f3. Els certificats s&#8217;incorporen directament a l&#8217;expedient de formaci\u00f3 del professor\/a de la XTEC (&nbsp;<span style=\"color: #0000ff;\"><a style=\"color: #0000ff;\" href=\"http:\/\/xtec.gencat.cat\/ca\/formacio\/la-meva-formacio\/els-meus-certificats\/\" target=\"_blank\" rel=\"noopener noreferrer\">http:\/\/xtec.gencat.cat\/ca\/formacio\/la-meva-formacio\/els-meus-certificats\/<\/a><\/span>) en el termini de dos mesos un cop finalitzat el curs.<\/li><li>Resta de participants: Els certificats s&#8217;enviaran en format PDF per correu electr\u00f2nic el mes aviat posible.<\/li><\/ul>\n\n\n\n<h3 class=\"wp-block-heading\">Observacions<\/h3>\n\n\n\n<ul class=\"wp-block-list\"><li>Places limitades: L&#8217;assignaci\u00f3 de places es realitzar\u00e0 per rigur\u00f3s ordre de pagament.<\/li><li>L&#8217;associaci\u00f3 Espiral es reserva el dret a anul\u00b7lar els cursos que no arribin a un m\u00ednim de 5 participants.<\/li><li>Un cop iniciat el curs, no es retornar\u00e0 l&#8217;import de la matr\u00edcula, excepte en casos greus i excepcionals degudament acreditats.<\/li><\/ul>\n\n\n\n<h3 class=\"wp-block-heading\">Per a m\u00e9s informaci\u00f3<\/h3>\n\n\n\n<p>Correu electr\u00f2nic:<\/p>\n\n\n\n<ul class=\"wp-block-list\"><li>Consultes sobre inscripcions i pagaments:<span class=\"Apple-converted-space\">&nbsp;<\/span><a href=\"mailto:secretaria.tecnica@ciberespiral.org\">secretaria.tecnica@ciberespiral.org<\/a><\/li><li>Consultes sobre el campus virtual:<span class=\"Apple-converted-space\">&nbsp;<\/span><a href=\"mailto:formacion@ciberespiral.org\">formacion@ciberespiral.org<\/a><\/li><\/ul>\n\n\n\n<p><span style=\"color: #0000ff;\"><a style=\"color: #0000ff;\" href=\"http:\/\/www.ciberespiral.org\/\" target=\"_blank\" rel=\"noopener noreferrer\">Asociaci\u00f3 Espiral, Educaci\u00f3 i Tecnologia<\/a><\/span><\/p>\n","protected":false},"excerpt":{"rendered":"<p>Calendari: Inscripcions: &nbsp;Ampliem per\u00edode d&#8217;inscripci\u00f3. Realitzaci\u00f3 dels cursos: de l&#8217;1 al 15 de juliol de 2020 Preu i modalitat Cursos de 30 hores en l\u00ednia al campus espiral 45\u20ac Soci 95\u20ac No soci 55\u20ac Nou soci 50\u20ac Nou soci menor de 30 anys Matr\u00edcula El per\u00edode de matr\u00edcula ha finalitzat:&hellip;<\/p>\n","protected":false},"author":44,"featured_media":0,"parent":0,"menu_order":0,"comment_status":"closed","ping_status":"open","template":"","meta":{"footnotes":""},"class_list":["post-66","page","type-page","status-publish","hentry"],"_links":{"self":[{"href":"https:\/\/blogs.ciberespiral.org\/escuelas\/wp-json\/wp\/v2\/pages\/66","targetHints":{"allow":["GET"]}}],"collection":[{"href":"https:\/\/blogs.ciberespiral.org\/escuelas\/wp-json\/wp\/v2\/pages"}],"about":[{"href":"https:\/\/blogs.ciberespiral.org\/escuelas\/wp-json\/wp\/v2\/types\/page"}],"author":[{"embeddable":true,"href":"https:\/\/blogs.ciberespiral.org\/escuelas\/wp-json\/wp\/v2\/users\/44"}],"replies":[{"embeddable":true,"href":"https:\/\/blogs.ciberespiral.org\/escuelas\/wp-json\/wp\/v2\/comments?post=66"}],"version-history":[{"count":70,"href":"https:\/\/blogs.ciberespiral.org\/escuelas\/wp-json\/wp\/v2\/pages\/66\/revisions"}],"predecessor-version":[{"id":3282,"href":"https:\/\/blogs.ciberespiral.org\/escuelas\/wp-json\/wp\/v2\/pages\/66\/revisions\/3282"}],"wp:attachment":[{"href":"https:\/\/blogs.ciberespiral.org\/escuelas\/wp-json\/wp\/v2\/media?parent=66"}],"curies":[{"name":"wp","href":"https:\/\/api.w.org\/{rel}","templated":true}]}}