{"id":56,"date":"2015-04-25T18:37:52","date_gmt":"2015-04-25T17:37:52","guid":{"rendered":"http:\/\/blogs.ciberespiral.org\/escuelas\/?page_id=56"},"modified":"2019-05-26T18:03:45","modified_gmt":"2019-05-26T17:03:45","slug":"cursos-2","status":"publish","type":"page","link":"https:\/\/blogs.ciberespiral.org\/escuelas\/cursos-2\/","title":{"rendered":"Cursos"},"content":{"rendered":"<p><!--Amb el suport de:\n<img decoding=\"async\" src=\"http:\/\/ciberespiral.org\/ehe11\/images\/gencat.gif\" alt=\"Generalitat\" width=\"200\" \/>--><\/p>\n<p><a href=\"http:\/\/blogs.ciberespiral.org\/escuelas\/wp-content\/uploads\/sites\/16\/2015\/04\/21.gif\"><img decoding=\"async\" class=\"aligncenter wp-image-561 size-medium\" src=\"http:\/\/blogs.ciberespiral.org\/escuelas\/wp-content\/uploads\/sites\/16\/2015\/04\/21-300x40.gif\" alt=\"Logo departament Ensenyament\" width=\"300\" height=\"40\" \/><\/a><\/p>\n<p>Tots els cursos de l&#8217;Escola virtual d&#8217;Estiu Espiral tenen el reconeixement del Departament\u00a0d&#8217;Ensenyament\u00a0de la Generalitat de Catalunya , i per tant la seva certificaci\u00f3 t\u00e9 validesa a tots els efectes administratius.<\/p>\n<p><iframe title=\"V\u00eddeo presentaci\u00f3n de la Escuela Virtual de Verano de Espiral\" width=\"640\" height=\"360\" src=\"https:\/\/www.youtube.com\/embed\/xec_ITfFzeg?feature=oembed\" frameborder=\"0\" allow=\"accelerometer; autoplay; clipboard-write; encrypted-media; gyroscope; picture-in-picture; web-share\" referrerpolicy=\"strict-origin-when-cross-origin\" allowfullscreen><\/iframe><\/p>\n<p>Els cursos virtuals de formaci\u00f3 que l&#8217;Associaci\u00f3 Espiral, Educaci\u00f3 i Tecnologia oferta en aquesta edici\u00f3\u00a0(<strong>de l&#8217;1 de juliol al 17 de juliol de 2015<\/strong>) s\u00f3n els seg\u00fcents:<\/p>\n<table style=\"border: 10px solid white;\">\n<tbody>\n<tr>\n<th style=\"background-color: #bdbdbd;\" width=\"300\">Cursos en Catal\u00e0<\/th>\n<th style=\"background-color: #bdbdbd;\" width=\"150\">Docents<\/th>\n<th style=\"background-color: #bdbdbd;\" width=\"35\">Hores<\/th>\n<\/tr>\n<tr style=\"background-color: #efefef;\">\n<td><a href=\"http:\/\/blogs.ciberespiral.org\/escuelas\/ca\/eines-tac-per-a-la-inclusio-del-tot-lalumnat\/\">Eines TAC per a la inclusi\u00f3 del tot l&#8217;alumnat<\/a><\/td>\n<td>Maria Maci\u00e0<\/td>\n<td>30h.<\/td>\n<\/tr>\n<tr style=\"background-color: #f8f8f8;\">\n<td><a href=\"http:\/\/blogs.ciberespiral.org\/escuelas\/ca\/moodle-avancat\/\">Moodle avan\u00e7at<\/a><\/td>\n<td>Josep Ramon Planas<\/td>\n<td>30h.<\/td>\n<\/tr>\n<tr style=\"background-color: #efefef;\">\n<td><a href=\"http:\/\/blogs.ciberespiral.org\/escuelas\/ca\/multimedia-basica\/\">Multim\u00e8dia b\u00e0sica<\/a><\/td>\n<td>Joan Padr\u00f3s<\/td>\n<td>30h.<\/td>\n<\/tr>\n<tr style=\"background-color: #f8f8f8;\">\n<td><a href=\"http:\/\/blogs.ciberespiral.org\/escuelas\/scratch-2-0-pensament-creatiu-a-laula\/\">Scratch 2.0! Pensament creatiu a l&#8217;aula<\/a><\/td>\n<td>Frank Sabat\u00e9<\/td>\n<td>30h.<\/td>\n<\/tr>\n<tr style=\"background-color: #efefef;\">\n<td><a href=\"http:\/\/blogs.ciberespiral.org\/escuelas\/ca\/com-treballar-amb-dispositius-mobils-a-laula\/\">Com treballar amb dispositius m\u00f2bils a l&#8217;aula.<\/a><\/td>\n<td>Xavier Su\u00f1\u00e9<br \/>\nDelia G\u00e1mez<\/td>\n<td>30h.<\/td>\n<\/tr>\n<tr style=\"background-color: #f8f8f8;\">\n<td><a href=\"http:\/\/blogs.ciberespiral.org\/escuelas\/ca\/flipped-classroom-capgira-la-classe\/\">Flipped Classroom, capgira la classe!<\/a><\/td>\n<td>Xavier Su\u00f1\u00e9<br \/>\nJoan Padr\u00f3s<\/td>\n<td>30h.<\/td>\n<\/tr>\n<\/tbody>\n<\/table>\n<table style=\"border: 10px solid white;\">\n<tbody>\n<tr>\n<th style=\"background-color: #bdbdbd;\" width=\"300\">Cursos en Castell\u00e0<\/th>\n<th style=\"background-color: #bdbdbd;\" width=\"150\">Docents<\/th>\n<th style=\"background-color: #bdbdbd;\" width=\"35\">Hores<\/th>\n<\/tr>\n<tr style=\"background-color: #efefef;\">\n<td><a href=\"http:\/\/blogs.ciberespiral.org\/escuelas\/aprendizaje-basado-en-problemas-y-en-proyectos\/\">Aprendizaje Basado en Problemas y en Proyectos<\/a><\/td>\n<td>Jordi Guim<\/td>\n<td>30h.<\/td>\n<\/tr>\n<tr style=\"background-color: #f8f8f8;\">\n<td><a href=\"http:\/\/blogs.ciberespiral.org\/escuelas\/metodologias-para-el-aprendizaje-activo-en-el-aula-del-siglo-xxi\/\">Metodolog\u00edas para el aprendizaje activo en el aula del siglo XXI<\/a><\/td>\n<td>Juan Carlos Palomino<\/td>\n<td>30h.<\/td>\n<\/tr>\n<tr style=\"background-color: #efefef;\">\n<td><a href=\"http:\/\/blogs.ciberespiral.org\/escuelas\/moodle-avanzado\/\">Moodle avanzado<\/a><\/td>\n<td>Josep Ramon Planas<\/td>\n<td>30h.<\/td>\n<\/tr>\n<tr style=\"background-color: #f8f8f8;\">\n<td><a href=\"http:\/\/blogs.ciberespiral.org\/escuelas\/realidad-aumentada-un-aprendizaje-conectado-a-la-vida\/\">Realidad Aumentada, un aprendizaje conectado a la vida<\/a><\/td>\n<td>Ra\u00fal Reinoso<\/td>\n<td>30h.<\/td>\n<\/tr>\n<tr style=\"background-color: #efefef;\">\n<td><a href=\"http:\/\/blogs.ciberespiral.org\/escuelas\/rodamos-en-el-aula-el-stop-motion-2\/\">Rodamos en el aula: el stop-motion<\/a><\/td>\n<td>Jose Daniel Garc\u00eda<\/td>\n<td>30h.<\/td>\n<\/tr>\n<\/tbody>\n<\/table>\n<table style=\"border: 10px solid white;\">\n<tbody>\n<tr>\n<th style=\"background-color: #bdbdbd;\" width=\"300\">Cursos en Angles<\/th>\n<th style=\"background-color: #bdbdbd;\" width=\"150\">Docents<\/th>\n<th style=\"background-color: #bdbdbd;\" width=\"35\">Hores<\/th>\n<\/tr>\n<tr style=\"background-color: #efefef;\">\n<td><a href=\"http:\/\/blogs.ciberespiral.org\/escuelas\/lets-clil-aicle\/\">Let&#8217;s CLIL (AICLE)<\/a>\u00a0<span style=\"color: #ff0000;\">Places esgotades<\/span><\/td>\n<td>Almodis Orellana<br \/>\nMarta Cabeza<\/td>\n<td>30h.<\/td>\n<\/tr>\n<tr style=\"background-color: #f8f8f8;\">\n<td><a href=\"http:\/\/blogs.ciberespiral.org\/escuelas\/summer-crash-course-in-tech-for-language-teachers\/\">Summer crash course in tech for language teachers.<\/a><\/td>\n<td>S\u00f2nia Guilana<\/td>\n<td>30h.<\/td>\n<\/tr>\n<\/tbody>\n<\/table>\n","protected":false},"excerpt":{"rendered":"<p>Tots els cursos de l&#8217;Escola virtual d&#8217;Estiu Espiral tenen el reconeixement del Departament\u00a0d&#8217;Ensenyament\u00a0de la Generalitat de Catalunya , i per tant la seva certificaci\u00f3 t\u00e9 validesa a tots els efectes administratius. Els cursos virtuals de formaci\u00f3 que l&#8217;Associaci\u00f3 Espiral, Educaci\u00f3 i Tecnologia oferta en aquesta edici\u00f3\u00a0(de l&#8217;1 de juliol al&hellip;<\/p>\n","protected":false},"author":44,"featured_media":0,"parent":0,"menu_order":0,"comment_status":"closed","ping_status":"open","template":"","meta":{"footnotes":""},"class_list":["post-56","page","type-page","status-publish","hentry"],"_links":{"self":[{"href":"https:\/\/blogs.ciberespiral.org\/escuelas\/wp-json\/wp\/v2\/pages\/56","targetHints":{"allow":["GET"]}}],"collection":[{"href":"https:\/\/blogs.ciberespiral.org\/escuelas\/wp-json\/wp\/v2\/pages"}],"about":[{"href":"https:\/\/blogs.ciberespiral.org\/escuelas\/wp-json\/wp\/v2\/types\/page"}],"author":[{"embeddable":true,"href":"https:\/\/blogs.ciberespiral.org\/escuelas\/wp-json\/wp\/v2\/users\/44"}],"replies":[{"embeddable":true,"href":"https:\/\/blogs.ciberespiral.org\/escuelas\/wp-json\/wp\/v2\/comments?post=56"}],"version-history":[{"count":30,"href":"https:\/\/blogs.ciberespiral.org\/escuelas\/wp-json\/wp\/v2\/pages\/56\/revisions"}],"predecessor-version":[{"id":2787,"href":"https:\/\/blogs.ciberespiral.org\/escuelas\/wp-json\/wp\/v2\/pages\/56\/revisions\/2787"}],"wp:attachment":[{"href":"https:\/\/blogs.ciberespiral.org\/escuelas\/wp-json\/wp\/v2\/media?parent=56"}],"curies":[{"name":"wp","href":"https:\/\/api.w.org\/{rel}","templated":true}]}}