{"id":2957,"date":"2020-04-27T17:06:42","date_gmt":"2020-04-27T16:06:42","guid":{"rendered":"http:\/\/blogs.ciberespiral.org\/escuelas\/?page_id=2957"},"modified":"2020-05-19T11:57:51","modified_gmt":"2020-05-19T10:57:51","slug":"google-suite-for-education-aplicacion-y-uso-en-el-aula","status":"publish","type":"page","link":"https:\/\/blogs.ciberespiral.org\/escuelas\/google-suite-for-education-aplicacion-y-uso-en-el-aula\/","title":{"rendered":"Google Suite for Education: Aplicaci\u00f3n y uso en el aula."},"content":{"rendered":"\n<div class=\"wp-block-button\"><a class=\"wp-block-button__link\" href=\"https:\/\/docs.google.com\/forms\/d\/e\/1FAIpQLSdj0dnqM2xVFodi1xECaHkNsB2YU1wiKuf8rNQwgZH72YqniQ\/viewform?usp=sf_link\"> Inscr\u00edbete <\/a><\/div>\n\n\n\n<figure class=\"wp-block-embed-youtube wp-block-embed is-type-video is-provider-youtube wp-embed-aspect-16-9 wp-has-aspect-ratio\"><div class=\"wp-block-embed__wrapper\">\n<iframe title=\"Google Suite for Education  Aplicaci\u00f3n y uso en el aula\" width=\"640\" height=\"360\" src=\"https:\/\/www.youtube.com\/embed\/7F4A-DtOW1c?feature=oembed\" frameborder=\"0\" allow=\"accelerometer; autoplay; clipboard-write; encrypted-media; gyroscope; picture-in-picture; web-share\" referrerpolicy=\"strict-origin-when-cross-origin\" allowfullscreen><\/iframe>\n<\/div><\/figure>\n\n\n\n<h4 class=\"wp-block-heading\">Descripci\u00f3n del curso<\/h4>\n\n\n\n<p>Google Apps for Education es un paquete de aplicaciones gratuitas, algunas de las cuales probablemente ya use el colegio o los profesores a nivel individual. Sirven para mejorar el trabajo y la comunicaci\u00f3n entre profesores, alumnos y padres.<\/p>\n\n\n\n<h4 class=\"wp-block-heading\">Destinatarios<\/h4>\n\n\n\n<p>Este curso est\u00e1 dirigido a profesores  que se inician en el uso de las herramientas de Google Apps For Education.<\/p>\n\n\n\n<h4 class=\"wp-block-heading\">Requisitos tecnol\u00f3gicos<\/h4>\n\n\n\n<ul class=\"wp-block-list\"><li>Disponer de un dispositivo digital (ordenador, port\u00e1til, tablet\u2026).<\/li><li>Disponer de buena conexi\u00f3n a Internet.<\/li><li>Competencia Digital b\u00e1sica. (Todas las herramientas\/ aplicaciones que se utilicen en el curso  tendr\u00e1n su correspondiente tutorial).<\/li><\/ul>\n\n\n\n<h4 class=\"wp-block-heading\">Objetivos<\/h4>\n\n\n\n<ul class=\"wp-block-list\"><li>Conocer el entorno de Google Apps for Education<\/li><li>Conseguir el m\u00e1ximo aprovechamiento de las aplicaciones y potenciar sus posibilidades en el entorno educativo.<\/li><li>Aumentar la productividad tanto de profesores como de alumnos.<\/li><li>Facilitar nuevas formas de evaluaci\u00f3n en base a evidencias de aprendizaje.<\/li><li>Buscar y promover una organizaci\u00f3n m\u00e1s eficiente, colaborativa e innovadora.<\/li><\/ul>\n\n\n\n<h4 class=\"wp-block-heading\">Contenidos<\/h4>\n\n\n\n<p>M\u00f3dulo 0: La digitalizaci\u00f3n en la escuela que quiero<\/p>\n\n\n\n<ul class=\"wp-block-list\"><li>Presentaci\u00f3n<\/li><li>Entornos VUCA<\/li><li>Presentaci\u00f3n en foro<\/li><\/ul>\n\n\n\n<p> M\u00f3dulo 01:<\/p>\n\n\n\n<ul class=\"wp-block-list\"><li>Ciudadanos digitales. M\u00e1s all\u00e1 del libro de texto.<\/li><li>PLE y PLN.<\/li><li>Trabajo en la nube.<\/li><\/ul>\n\n\n\n<p> M\u00f3dulo 02:<\/p>\n\n\n\n<ul class=\"wp-block-list\"><li>Ahorro de tiempo y mejora de la comunicaci\u00f3n.<\/li><li>Organizaci\u00f3n eficiente.<\/li><li>Organizaci\u00f3n de la clase y el flujo de trabajo.<\/li><\/ul>\n\n\n\n<p> M\u00f3dulo 03:<\/p>\n\n\n\n<ul class=\"wp-block-list\"><li>Medir, comprender y compartir el progreso de los alumnos.<\/li><li>Competencias de b\u00fasqueda e investigaci\u00f3n.<\/li><li>Clases interactivas y v\u00eddeos.<\/li><li>Trabajo colaborativo.<\/li><li>Tutor\u00eda: Validaci\u00f3n y feedback de actividades.<\/li><\/ul>\n\n\n\n<h4 class=\"wp-block-heading\">Metodolog\u00eda<\/h4>\n\n\n\n<p>La metodolog\u00eda de trabajo ser\u00e1 online, no presencial. El curso se impartir\u00e1 a trav\u00e9s del aula virtual (Moodle) de Espiral.<\/p>\n\n\n\n<p> El curso ser\u00e1 de 30 horas y contar\u00e1 con una planificaci\u00f3n y calendarizaci\u00f3n para facilitar el aprendizaje. No obstante, el curso estar\u00e1 abierto para que gestiones tu aprendizaje. T\u00fa eres el protagonista, podr\u00e1s planificar y construir el conocimiento a tu medida.<\/p>\n\n\n\n<p>Para ello, contar\u00e1s con la ayuda de las personas formadoras, los materiales y dem\u00e1s recursos.<\/p>\n\n\n\n<h4 class=\"wp-block-heading\">Certificaci\u00f3n<\/h4>\n\n\n\n<p>Para certificar la actividad a las personas asistentes, se deber\u00e1n superar todas las actividades y presentar las evidencias solicitadas en cada uno de los m\u00f3dulos.<\/p>\n\n\n\n<div class=\"wp-block-button\"><a class=\"wp-block-button__link\" href=\"https:\/\/docs.google.com\/forms\/d\/e\/1FAIpQLSdj0dnqM2xVFodi1xECaHkNsB2YU1wiKuf8rNQwgZH72YqniQ\/viewform?usp=sf_link\"> Inscr\u00edbete <\/a><\/div>\n","protected":false},"excerpt":{"rendered":"<p>Descripci\u00f3n del curso Google Apps for Education es un paquete de aplicaciones gratuitas, algunas de las cuales probablemente ya use el colegio o los profesores a nivel individual. Sirven para mejorar el trabajo y la comunicaci\u00f3n entre profesores, alumnos y padres. Destinatarios Este curso est\u00e1 dirigido a profesores que se&hellip;<\/p>\n","protected":false},"author":49,"featured_media":0,"parent":0,"menu_order":0,"comment_status":"closed","ping_status":"closed","template":"","meta":{"footnotes":""},"class_list":["post-2957","page","type-page","status-publish","hentry"],"_links":{"self":[{"href":"https:\/\/blogs.ciberespiral.org\/escuelas\/wp-json\/wp\/v2\/pages\/2957","targetHints":{"allow":["GET"]}}],"collection":[{"href":"https:\/\/blogs.ciberespiral.org\/escuelas\/wp-json\/wp\/v2\/pages"}],"about":[{"href":"https:\/\/blogs.ciberespiral.org\/escuelas\/wp-json\/wp\/v2\/types\/page"}],"author":[{"embeddable":true,"href":"https:\/\/blogs.ciberespiral.org\/escuelas\/wp-json\/wp\/v2\/users\/49"}],"replies":[{"embeddable":true,"href":"https:\/\/blogs.ciberespiral.org\/escuelas\/wp-json\/wp\/v2\/comments?post=2957"}],"version-history":[{"count":6,"href":"https:\/\/blogs.ciberespiral.org\/escuelas\/wp-json\/wp\/v2\/pages\/2957\/revisions"}],"predecessor-version":[{"id":3192,"href":"https:\/\/blogs.ciberespiral.org\/escuelas\/wp-json\/wp\/v2\/pages\/2957\/revisions\/3192"}],"wp:attachment":[{"href":"https:\/\/blogs.ciberespiral.org\/escuelas\/wp-json\/wp\/v2\/media?parent=2957"}],"curies":[{"name":"wp","href":"https:\/\/api.w.org\/{rel}","templated":true}]}}