{"id":2953,"date":"2020-04-27T17:04:30","date_gmt":"2020-04-27T16:04:30","guid":{"rendered":"http:\/\/blogs.ciberespiral.org\/escuelas\/?page_id=2953"},"modified":"2020-05-19T12:10:38","modified_gmt":"2020-05-19T11:10:38","slug":"pedagogia-en-tiempos-digitales","status":"publish","type":"page","link":"https:\/\/blogs.ciberespiral.org\/escuelas\/pedagogia-en-tiempos-digitales\/","title":{"rendered":"Pedagog\u00eda en tiempos digitales"},"content":{"rendered":"\n<div class=\"wp-block-button\"><a class=\"wp-block-button__link\" href=\"https:\/\/docs.google.com\/forms\/d\/e\/1FAIpQLSdj0dnqM2xVFodi1xECaHkNsB2YU1wiKuf8rNQwgZH72YqniQ\/viewform?usp=sf_link\"> Inscr\u00edbete  <\/a><\/div>\n\n\n\n<figure class=\"wp-block-embed-youtube wp-block-embed is-type-video is-provider-youtube wp-embed-aspect-16-9 wp-has-aspect-ratio\"><div class=\"wp-block-embed__wrapper\">\n<iframe title=\"Pedagog\u00eda en tiempos digitales\" width=\"640\" height=\"360\" src=\"https:\/\/www.youtube.com\/embed\/EEiJzuZzrs0?feature=oembed\" frameborder=\"0\" allow=\"accelerometer; autoplay; clipboard-write; encrypted-media; gyroscope; picture-in-picture; web-share\" referrerpolicy=\"strict-origin-when-cross-origin\" allowfullscreen><\/iframe>\n<\/div><\/figure>\n\n\n\n<h4 class=\"wp-block-heading\">Descripci\u00f3n del curso<\/h4>\n\n\n\n<p>\nCon la llegada del COVID 19 nuestra realidad educativa se ha visto en entredicho. Las prisas por digitalizar los contenidos de nuestras asignaturas, han tomado una importancia vital para continuar con la educaci\u00f3n de nuestros alumnos.<br><\/p>\n\n\n\n<p>El curso Pedagog\u00eda en tiempo digitales, est\u00e1 dise\u00f1ado para trabajar la competencia digital de los principios del e-learning o aprendizaje digital en nuestro d\u00eda a d\u00eda. Partiendo de la organizaci\u00f3n de estructuraci\u00f3n del modelo de aprendizaje, podremos crear asignaturas h\u00edbridas (parte anal\u00f3gica &#8211; parte digital).<br><\/p>\n\n\n\n<p>\u00bfTe atreves a poner a prueba tus habilidades m\u00e1s creativas y resolutivas?<\/p>\n\n\n\n<h4 class=\"wp-block-heading\">Destinatarios<\/h4>\n\n\n\n<p>Cualquier persona que est\u00e9 interesada en iniciarse en la digitalizaci\u00f3n de la ense\u00f1anza y aprendizaje.<\/p>\n\n\n\n<h4 class=\"wp-block-heading\">Requisitos tecnol\u00f3gicos<\/h4>\n\n\n\n<ul class=\"wp-block-list\"><li>Disponer de un dispositivo digital (ordenador, port\u00e1til, tablet\u2026).<\/li><li>Disponer de buena conexi\u00f3n a Internet.<\/li><li>Competencia Digital b\u00e1sica. (Todas las herramientas\/ aplicaciones que se utilicen en el curso tendr\u00e1n su correspondiente tutorial).<\/li><\/ul>\n\n\n\n<h4 class=\"wp-block-heading\">Objetivos<\/h4>\n\n\n\n<ul class=\"wp-block-list\"><li>Incorporar la tecnolog\u00eda en tus asignaturas a trav\u00e9s de procesos pedag\u00f3gicos.<\/li><li>Organizar y dise\u00f1ar asignaturas desde un modelo de aprendizaje digital<\/li><li>Potenciar el aprendizaje personalizado y significativo de los alumnos<\/li><li>Crear y documentar buenas pr\u00e1cticas<\/li><\/ul>\n\n\n\n<h4 class=\"wp-block-heading\">Contenidos<\/h4>\n\n\n\n<p>M\u00f3dulo 0: La digitalizaci\u00f3n en la escuela que quiero<\/p>\n\n\n\n<ul class=\"wp-block-list\"><li>Presentaci\u00f3n<\/li><li>Entornos VUCA<\/li><li>Presentaci\u00f3n en foro<\/li><\/ul>\n\n\n\n<p> M\u00f3dulo 01: Pedagog\u00eda Digital o H\u00edbrida<\/p>\n\n\n\n<ul class=\"wp-block-list\"><li>\u00bfQu\u00e9 es?<\/li><li>\u00bfC\u00f3mo la implemento o trabajo en mi aula?<\/li><li>El papel del docente en la digitalizaci\u00f3n<\/li><\/ul>\n\n\n\n<p> M\u00f3dulo 02: Digitalizando tu modelo de aprendizaje<\/p>\n\n\n\n<ul class=\"wp-block-list\"><li>Proceso de e-a digital, estructurando el modelo<\/li><li>Metodolog\u00edas activas en la digitalizaci\u00f3n<\/li><li>Mi proyecto: Activa, Aprende, Practica, Evol\u00faa*<br>(*Evol\u00faa es una contracci\u00f3n de los t\u00e9rminos eval\u00faa y evoluciona, y fue acu\u00f1ado por primera vez por Design For Change Espa\u00f1a)<\/li><\/ul>\n\n\n\n<p> M\u00f3dulo 03: Digitaliza tu asignatura<\/p>\n\n\n\n<ul class=\"wp-block-list\"><li>Dise\u00f1o instruccional. Organizaci\u00f3n de mi asignatura.<\/li><li>Herramientas<\/li><li>Consejos y tips<\/li><\/ul>\n\n\n\n<h4 class=\"wp-block-heading\">Metodolog\u00eda<\/h4>\n\n\n\n<p>La metodolog\u00eda de trabajo ser\u00e1 online, no presencial. El curso se impartir\u00e1 a trav\u00e9s del aula virtual (Moodle) de Espiral.<br>El curso ser\u00e1 de 30 horas y contar\u00e1 con una planificaci\u00f3n y calendarizaci\u00f3n para facilitar el aprendizaje. No obstante, el curso estar\u00e1 abierto para que gestiones tu aprendizaje. T\u00fa eres el protagonista, podr\u00e1s planificar y construir el conocimiento a tu medida.<br>Para ello, contar\u00e1s con la ayuda de las personas formadoras, los materiales y dem\u00e1s recursos.<\/p>\n\n\n\n<h4 class=\"wp-block-heading\">Certificaci\u00f3n<\/h4>\n\n\n\n<p>Para certificar la actividad a las personas asistentes, se deber\u00e1n superar todas las actividades y presentar las evidencias solicitadas en cada uno de los m\u00f3dulos.<\/p>\n\n\n\n<div class=\"wp-block-button\"><a class=\"wp-block-button__link\" href=\"https:\/\/docs.google.com\/forms\/d\/e\/1FAIpQLSdj0dnqM2xVFodi1xECaHkNsB2YU1wiKuf8rNQwgZH72YqniQ\/viewform?usp=sf_link\"> Inscr\u00edbete  <\/a><\/div>\n","protected":false},"excerpt":{"rendered":"<p>Descripci\u00f3n del curso Con la llegada del COVID 19 nuestra realidad educativa se ha visto en entredicho. Las prisas por digitalizar los contenidos de nuestras asignaturas, han tomado una importancia vital para continuar con la educaci\u00f3n de nuestros alumnos. El curso Pedagog\u00eda en tiempo digitales, est\u00e1 dise\u00f1ado para trabajar la&hellip;<\/p>\n","protected":false},"author":49,"featured_media":0,"parent":0,"menu_order":0,"comment_status":"closed","ping_status":"closed","template":"","meta":{"footnotes":""},"class_list":["post-2953","page","type-page","status-publish","hentry"],"_links":{"self":[{"href":"https:\/\/blogs.ciberespiral.org\/escuelas\/wp-json\/wp\/v2\/pages\/2953","targetHints":{"allow":["GET"]}}],"collection":[{"href":"https:\/\/blogs.ciberespiral.org\/escuelas\/wp-json\/wp\/v2\/pages"}],"about":[{"href":"https:\/\/blogs.ciberespiral.org\/escuelas\/wp-json\/wp\/v2\/types\/page"}],"author":[{"embeddable":true,"href":"https:\/\/blogs.ciberespiral.org\/escuelas\/wp-json\/wp\/v2\/users\/49"}],"replies":[{"embeddable":true,"href":"https:\/\/blogs.ciberespiral.org\/escuelas\/wp-json\/wp\/v2\/comments?post=2953"}],"version-history":[{"count":5,"href":"https:\/\/blogs.ciberespiral.org\/escuelas\/wp-json\/wp\/v2\/pages\/2953\/revisions"}],"predecessor-version":[{"id":3201,"href":"https:\/\/blogs.ciberespiral.org\/escuelas\/wp-json\/wp\/v2\/pages\/2953\/revisions\/3201"}],"wp:attachment":[{"href":"https:\/\/blogs.ciberespiral.org\/escuelas\/wp-json\/wp\/v2\/media?parent=2953"}],"curies":[{"name":"wp","href":"https:\/\/api.w.org\/{rel}","templated":true}]}}