{"id":2951,"date":"2020-04-27T17:02:03","date_gmt":"2020-04-27T16:02:03","guid":{"rendered":"http:\/\/blogs.ciberespiral.org\/escuelas\/?page_id=2951"},"modified":"2020-05-19T12:09:42","modified_gmt":"2020-05-19T11:09:42","slug":"capgira-la-teva-aula","status":"publish","type":"page","link":"https:\/\/blogs.ciberespiral.org\/escuelas\/capgira-la-teva-aula\/","title":{"rendered":"Capgira la teva aula"},"content":{"rendered":"\n<div class=\"wp-block-button\"><a class=\"wp-block-button__link\" href=\"https:\/\/docs.google.com\/forms\/d\/e\/1FAIpQLSdj0dnqM2xVFodi1xECaHkNsB2YU1wiKuf8rNQwgZH72YqniQ\/viewform?usp=sf_link\"> Inscriu-te <\/a><\/div>\n\n\n\n<figure class=\"wp-block-embed-youtube wp-block-embed is-type-video is-provider-youtube wp-embed-aspect-16-9 wp-has-aspect-ratio\"><div class=\"wp-block-embed__wrapper\">\n<iframe title=\"Capgira la teva aula\" width=\"640\" height=\"360\" src=\"https:\/\/www.youtube.com\/embed\/f2RwcUytfRY?feature=oembed\" frameborder=\"0\" allow=\"accelerometer; autoplay; clipboard-write; encrypted-media; gyroscope; picture-in-picture; web-share\" referrerpolicy=\"strict-origin-when-cross-origin\" allowfullscreen><\/iframe>\n<\/div><\/figure>\n\n\n\n<h4 class=\"wp-block-heading\">Descripci\u00f3 del curs<\/h4>\n\n\n\n<p>\nLa Flipped Classroom (Classe Inversa o Classe Capgirada) \u00e9s una modalitat d&#8217;ensenyament-aprenentatge que si b\u00e9 \u00e9s molt nova en el nostre pa\u00eds, en d&#8217;altres indrets s&#8217;ha mostrat prou eficient, tant pels resultats obtinguts, com pel grau de satisfacci\u00f3 del professorat i de l&#8217;alumat. Les persones participants en aquest curs hauran de construir propostes d&#8217;activitats did\u00e0ctiques integrant els recursos i serveis que ja utilitzen amb altres de nous, despr\u00e9s de la seva identificaci\u00f3 i an\u00e0lisi en funci\u00f3 de les mat\u00e8ries i nivells educatius en els que treballen, amb la finalitat \u00faltima d&#8217;experimentar amb aquesta modalitat a l&#8217;aula.\n\n<\/p>\n\n\n\n<h4 class=\"wp-block-heading\">Destinataris<\/h4>\n\n\n\n<p>\nProfessorat internivells\n\n<\/p>\n\n\n\n<h4 class=\"wp-block-heading\">Requisits tecnol\u00f2gics<\/h4>\n\n\n\n<p>Caldr\u00e0 disposar de: Ordinador connectat a Internet. Un navegador (Mozilla Firefox, Google Chrome, Internet Explorer,&#8230;). Micr\u00f2fon i altaveu (o auriculars). Lector de PDF (Acrobat reader, etc.). Els participants hauran d\u2019estar familiaritzats amb l\u2019\u00fas de les tecnologies digitals a nivell d\u2019usuari. <\/p>\n\n\n\n<h4 class=\"wp-block-heading\">Objectius<\/h4>\n\n\n\n<ul class=\"wp-block-list\"><li>Con\u00e8ixer el model&nbsp; Flipped Classroom i les diferents adaptacions, els seus avantatges i inconvenients.<\/li><li>Analitzar el paper i les compet\u00e8ncies del professorat i de l&#8217;alumnat en aquesta metodologia.<\/li><li>Analitzar experi\u00e8ncies d&#8217;\u00e8xit realitzades amb aquesta metodologia.<\/li><li>Experimentar amb les aplicacions que permeten dur a terme l&#8217;anomenada flipped classroom i la generaci\u00f3 de continguts educatius digitals.<\/li><li>Analitzar les transformacions necess\u00e0ries per estructurar una unitat did\u00e0ctica mitjan\u00e7ant la metodologia de la classe capgirada.<\/li><li>Elaborar un projecte de classe capgirada orientat a un tema curricular.<\/li><\/ul>\n\n\n\n<h4 class=\"wp-block-heading\">Continguts<\/h4>\n\n\n\n<p><strong>M\u00f2dul 1 &#8211; El model Flipped Classroom<\/strong><\/p>\n\n\n\n<ul class=\"wp-block-list\"><li>El model Flipped Classroom: concepte, \u00e0mbits d&#8217;aplicaci\u00f3, avantatges i inconvenients.<\/li><li>Planificaci\u00f3 d&#8217;una activitat formativa basada en el model de la classe capgirada.<\/li><\/ul>\n\n\n\n<p><strong>M\u00f2dul 2 &#8211; An\u00e0lisi d&#8217;experi\u00e8ncies i propostes innovadores<\/strong><\/p>\n\n\n\n<ul class=\"wp-block-list\"><li>An\u00e0lisi d&#8217;experi\u00e8ncies i propostes innovadores realitzades amb la metodologia de la classe capgirada.&nbsp;<\/li><li>Selecci\u00f3 de materials did\u00e0ctics.<\/li><\/ul>\n\n\n\n<p><strong>M\u00f2dul 3 &#8211; Experimentaci\u00f3 amb les eines de generaci\u00f3 de continguts&nbsp;<\/strong><\/p>\n\n\n\n<ul class=\"wp-block-list\"><li>Experimentaci\u00f3 amb les eines de generaci\u00f3 de continguts per a la realitzaci\u00f3 de materials multim\u00e8dia propis.<\/li><\/ul>\n\n\n\n<p><strong>M\u00f2dul 4 &#8211; Eines i estrat\u00e8gies per a l&#8217;elaboraci\u00f3 d&#8217;un projecte de classe capgirada&nbsp;<\/strong><\/p>\n\n\n\n<ul class=\"wp-block-list\"><li>Eines i estrat\u00e8gies per a l&#8217;elaboraci\u00f3 d&#8217;un projecte de classe capgirada.&nbsp;<\/li><li>Disseny de l&#8217;activitat.<\/li><\/ul>\n\n\n\n<p><strong>M\u00f2dul 5 &#8211; Elaboraci\u00f3 de conclusions i disseny de l&#8217;avaluaci\u00f3 de l&#8217;activitat&nbsp;<\/strong><\/p>\n\n\n\n<ul class=\"wp-block-list\"><li>Elaboraci\u00f3 de conclusions i disseny de l&#8217;avaluaci\u00f3 de l&#8217;activitat.<\/li><\/ul>\n\n\n\n<h4 class=\"wp-block-heading\">Metodologia<\/h4>\n\n\n\n<p>\nLa metodologia de treball \u00e9s no presencial a trav\u00e9s d&#8217;una aula virtual (Moodle) en el campus de l&#8217;Escola Virtual d&#8217;Espiral.<\/p>\n\n\n\n<p>El curs est\u00e0 estructurat en diferents m\u00f2duls amb una temporalitzaci\u00f3 determinada, tot i que les persones participants poden anar desenvolupant les activitats al seu propi ritme de treball dins cada m\u00f2dul de treball.<\/p>\n\n\n\n<p>Els formadors realitzaran un guiatge dels participants qui seran els protagonistes del seu proc\u00e9s d&#8217;aprenentatge amb l&#8217;ajuda dels materials i recursos que es posaran a la seva disposici\u00f3.<\/p>\n\n\n\n<p>I tot aix\u00f2 es realitzar\u00e0 a trav\u00e9s del disseny d&#8217;una activitat formativa basada en la Flipped Classroom adaptada al nivell educatiu i als continguts triats pels propis participants.<\/p>\n\n\n\n<p>El curs \u00e9s totalment pr\u00e0ctic i es basar\u00e0 en l&#8217;\u00fas de recursos i materials disponibles a Internet, aix\u00ed com de programes gratu\u00efts i d&#8217;aplicacions en l\u00ednia per a generar nous materials did\u00e0ctics.<\/p>\n\n\n\n<h4 class=\"wp-block-heading\">Certificaci\u00f3<\/h4>\n\n\n\n<p>Superar l&#8217;avaluaci\u00f3 de les diferents activitats plantejades durant el curs: hauran de ser valorades positivament almenys el 80% de les tasques.&nbsp;<\/p>\n\n\n\n<p>Lliurar les activitats proposades dins el termini preestablert pels formadors<\/p>\n\n\n\n<div class=\"wp-block-button\"><a class=\"wp-block-button__link\" href=\"https:\/\/docs.google.com\/forms\/d\/e\/1FAIpQLSdj0dnqM2xVFodi1xECaHkNsB2YU1wiKuf8rNQwgZH72YqniQ\/viewform?usp=sf_link\"> Inscriu-te <\/a><\/div>\n","protected":false},"excerpt":{"rendered":"<p>Descripci\u00f3 del curs La Flipped Classroom (Classe Inversa o Classe Capgirada) \u00e9s una modalitat d&#8217;ensenyament-aprenentatge que si b\u00e9 \u00e9s molt nova en el nostre pa\u00eds, en d&#8217;altres indrets s&#8217;ha mostrat prou eficient, tant pels resultats obtinguts, com pel grau de satisfacci\u00f3 del professorat i de l&#8217;alumat. Les persones participants en&hellip;<\/p>\n","protected":false},"author":49,"featured_media":0,"parent":0,"menu_order":0,"comment_status":"closed","ping_status":"closed","template":"","meta":{"footnotes":""},"class_list":["post-2951","page","type-page","status-publish","hentry"],"_links":{"self":[{"href":"https:\/\/blogs.ciberespiral.org\/escuelas\/wp-json\/wp\/v2\/pages\/2951","targetHints":{"allow":["GET"]}}],"collection":[{"href":"https:\/\/blogs.ciberespiral.org\/escuelas\/wp-json\/wp\/v2\/pages"}],"about":[{"href":"https:\/\/blogs.ciberespiral.org\/escuelas\/wp-json\/wp\/v2\/types\/page"}],"author":[{"embeddable":true,"href":"https:\/\/blogs.ciberespiral.org\/escuelas\/wp-json\/wp\/v2\/users\/49"}],"replies":[{"embeddable":true,"href":"https:\/\/blogs.ciberespiral.org\/escuelas\/wp-json\/wp\/v2\/comments?post=2951"}],"version-history":[{"count":7,"href":"https:\/\/blogs.ciberespiral.org\/escuelas\/wp-json\/wp\/v2\/pages\/2951\/revisions"}],"predecessor-version":[{"id":3200,"href":"https:\/\/blogs.ciberespiral.org\/escuelas\/wp-json\/wp\/v2\/pages\/2951\/revisions\/3200"}],"wp:attachment":[{"href":"https:\/\/blogs.ciberespiral.org\/escuelas\/wp-json\/wp\/v2\/media?parent=2951"}],"curies":[{"name":"wp","href":"https:\/\/api.w.org\/{rel}","templated":true}]}}