{"id":2945,"date":"2020-04-27T16:56:12","date_gmt":"2020-04-27T15:56:12","guid":{"rendered":"http:\/\/blogs.ciberespiral.org\/escuelas\/?page_id=2945"},"modified":"2020-05-19T12:07:47","modified_gmt":"2020-05-19T11:07:47","slug":"fomenta-una-cultura-de-pensament-la-teva-aula-rutines-y-destreses","status":"publish","type":"page","link":"https:\/\/blogs.ciberespiral.org\/escuelas\/fomenta-una-cultura-de-pensament-la-teva-aula-rutines-y-destreses\/","title":{"rendered":"Fomenta una cultura de pensament la teva aula: rutines y destreses"},"content":{"rendered":"\n<div class=\"wp-block-button\"><a class=\"wp-block-button__link\" href=\"https:\/\/docs.google.com\/forms\/d\/e\/1FAIpQLSdj0dnqM2xVFodi1xECaHkNsB2YU1wiKuf8rNQwgZH72YqniQ\/viewform?usp=sf_link\"> Inscriu-te <\/a><\/div>\n\n\n\n<figure class=\"wp-block-embed-youtube wp-block-embed is-type-video is-provider-youtube wp-embed-aspect-16-9 wp-has-aspect-ratio\"><div class=\"wp-block-embed__wrapper\">\n<iframe title=\"Fomenta una cultura de pensament a l\u2019aula\" width=\"640\" height=\"360\" src=\"https:\/\/www.youtube.com\/embed\/Kx3ojuMaEBU?feature=oembed\" frameborder=\"0\" allow=\"accelerometer; autoplay; clipboard-write; encrypted-media; gyroscope; picture-in-picture; web-share\" referrerpolicy=\"strict-origin-when-cross-origin\" allowfullscreen><\/iframe>\n<\/div><\/figure>\n\n\n\n<h4 class=\"wp-block-heading\">Descripci\u00f3 del curs<\/h4>\n\n\n\n<p>\nCurs adre\u00e7at a professorat interessat en con\u00e8ixer una nova metodologia per a fomentar la inclusi\u00f3 de&nbsp; l\u2019alumnat a les aules i motivar-lo.<\/p>\n\n\n\n<p>Es tracta d\u2019un curs pr\u00e0ctic on es plantejaran diverses activitats que conviden a la reflexi\u00f3 i d\u2019altres que conviden a con\u00e8ixer una nova metodologia i la seva aplicaci\u00f3.<\/p>\n\n\n\n<p>Es tracta d\u2019eines que facilitaran l\u2019acc\u00e9s, l\u2019organitzaci\u00f3, la creaci\u00f3 i la difusi\u00f3 de continguts per motivar l\u2019alumnat.<\/p>\n\n\n\n<h4 class=\"wp-block-heading\">Destinataris<\/h4>\n\n\n\n<p> Mestres d\u2019 Infantil, Prim\u00e0ria, Secund\u00e0ria i Formaci\u00f3 Professional amb inter\u00e8s per implementar les noves metodologies a l\u2019aula. <\/p>\n\n\n\n<h4 class=\"wp-block-heading\">Requisits tecnol\u00f2gics<\/h4>\n\n\n\n<p>\nUn ordinador amb connexi\u00f3 a Internet.&nbsp;<\/p>\n\n\n\n<p>Navegador actualitzat (es recomana Chrome o altres navegadors moderns). Tot i que es recomana l\u2019ordinador, tamb\u00e9 pots fer el curs amb Tablet.&nbsp;<\/p>\n\n\n\n<p>No es requereix cap coneixement previ.<\/p>\n\n\n\n<p>No \u00e9s necessari saber angl\u00e8s.<\/p>\n\n\n\n<h4 class=\"wp-block-heading\">Objectius<\/h4>\n\n\n\n<ul class=\"wp-block-list\"><li>Con\u00e8ixer i aplicar les visible thinking routines a les nostres assignatures.<\/li><li>Con\u00e8ixer i aplicar el TBL a les nostres assignatures.<\/li><li>Planificar diverses activitats amb visual thinking routines amb TBL.<\/li><li>Compartir experi\u00e8ncies i reflexions entre iguals.<\/li><li>Compartir les activitats dissenyades.<\/li><\/ul>\n\n\n\n<h4 class=\"wp-block-heading\">Continguts<\/h4>\n\n\n\n<p> M\u00f2dul 0 \u2013 Presentaci\u00f3 i debat inicial<\/p>\n\n\n\n<ul class=\"wp-block-list\"><li>Breu introducci\u00f3 al curs.<\/li><li>Ens presentem amb un avatar<\/li><li>F\u00f2rum. Presentaci\u00f3 amb l\u2019avatar i l\u2019autobiografia.<\/li><\/ul>\n\n\n\n<p>M\u00f2dul 1 \u2014 Introducci\u00f3 al TBL<\/p>\n\n\n\n<ul class=\"wp-block-list\"><li>Qu\u00e8 \u00e9s el TBL des de la perspectiva dels alumnes.<\/li><li>Qu\u00e8 \u00e9s el TBL des de la perspectiva del seu creador.<\/li><li>F\u00f2rum: hora de compartir opinions.<\/li><\/ul>\n\n\n\n<p>M\u00f2dul 2 \u2013 Qu\u00e8 \u00e9s el TBL?<\/p>\n\n\n\n<ul class=\"wp-block-list\"><li>Teoria TBL.<\/li><li>F\u00f2rum: Debat.<\/li><\/ul>\n\n\n\n<p>M\u00f2dul 3 \u2014 Qu\u00e8 s\u00f3n les visible thinking routines?<\/p>\n\n\n\n<ul class=\"wp-block-list\"><li>Teoria visible thinking routines.<\/li><li>Disseny de diverses activitats amb aquesta metodologia.<\/li><\/ul>\n\n\n\n<p>M\u00f2dul 4 \u2014 Com crear visible thinking routines.<\/p>\n\n\n\n<ul class=\"wp-block-list\"><li>S\u00f3n un model a seguir a les nostres classes?<\/li><li>Disseny d\u2019una activitat.<\/li><\/ul>\n\n\n\n<p>M\u00f2dul 5\u2013 TBL + visible thinking routines.<\/p>\n\n\n\n<ul class=\"wp-block-list\"><li>\u00c9s hora de pensar.<\/li><li>F\u00f2rum: Debat.<\/li><\/ul>\n\n\n\n<h4 class=\"wp-block-heading\">Metodologia<\/h4>\n\n\n\n<p>\nLa metodologia de treball \u00e9s no presencial de manera que les tasques del curs es faran \u201cen l\u00ednia\u201d, \u00e9s a dir, amb connexi\u00f3 a Internet i a trav\u00e9s de la wix.<br><\/p>\n\n\n\n<p>Tot i que s\u2019anir\u00e0 seguint una planificaci\u00f3 temporal, les persones participants poden anar explorant el funcionament de l\u2019aula i els racons del curs al seu propi ritme dins cada m\u00f2dul de treball.<br><\/p>\n\n\n\n<p>En aquest curs les persones que hi participen s\u00f3n protagonistes; \u00e9s a dir poden planificar el seu aprenentatge i construir el coneixement. Per a fer-ho compten amb l\u2019ajut de la formadora, dels materials i de la resta de recursos de l\u2019aula.<br><\/p>\n\n\n\n<p>Les activitats es realitzaran seguint dues din\u00e0miques: individual i grup sencer.<br><\/p>\n\n\n\n<p>Les din\u00e0miques individuals s\u00f3n activitats a compartir en f\u00f2rums de grup i tasques a entregar de forma individual a trav\u00e9s del f\u00f2rum.<br><\/p>\n\n\n\n<p>En el cas del treball en grup sencer, cal destacar els debats que es poden ocasionar al f\u00f2rum, que requereixen la participaci\u00f3 de tothom per tal que la discussi\u00f3 sigui rica i profitosa i es pugui aprendre de manera cooperativa.<\/p>\n\n\n\n<h4 class=\"wp-block-heading\">Certificaci\u00f3<\/h4>\n\n\n\n<ul class=\"wp-block-list\"><li>Per a obtenir la certificaci\u00f3 oficial del curs \u00e9s necessari:<\/li><li>&nbsp;Superar l\u2019avaluaci\u00f3 de les diferents activitats plantejades durant el curs: han de ser valorades positivament almenys el 100% de les tasques.<\/li><li>Entregar les activitats proposades dins del pla\u00e7 establert pel formador\/a.<\/li><li>Participar als espais de debat i treball en grup que es determinin.<\/li><li>Presentar i aprovar el projecte de final del curs.<\/li><\/ul>\n\n\n\n<div class=\"wp-block-button\"><a class=\"wp-block-button__link\" href=\"https:\/\/docs.google.com\/forms\/d\/e\/1FAIpQLSdj0dnqM2xVFodi1xECaHkNsB2YU1wiKuf8rNQwgZH72YqniQ\/viewform?usp=sf_link\"> Inscriu-te <\/a><\/div>\n","protected":false},"excerpt":{"rendered":"<p>Descripci\u00f3 del curs Curs adre\u00e7at a professorat interessat en con\u00e8ixer una nova metodologia per a fomentar la inclusi\u00f3 de&nbsp; l\u2019alumnat a les aules i motivar-lo. Es tracta d\u2019un curs pr\u00e0ctic on es plantejaran diverses activitats que conviden a la reflexi\u00f3 i d\u2019altres que conviden a con\u00e8ixer una nova metodologia i&hellip;<\/p>\n","protected":false},"author":49,"featured_media":0,"parent":0,"menu_order":0,"comment_status":"closed","ping_status":"closed","template":"","meta":{"footnotes":""},"class_list":["post-2945","page","type-page","status-publish","hentry"],"_links":{"self":[{"href":"https:\/\/blogs.ciberespiral.org\/escuelas\/wp-json\/wp\/v2\/pages\/2945","targetHints":{"allow":["GET"]}}],"collection":[{"href":"https:\/\/blogs.ciberespiral.org\/escuelas\/wp-json\/wp\/v2\/pages"}],"about":[{"href":"https:\/\/blogs.ciberespiral.org\/escuelas\/wp-json\/wp\/v2\/types\/page"}],"author":[{"embeddable":true,"href":"https:\/\/blogs.ciberespiral.org\/escuelas\/wp-json\/wp\/v2\/users\/49"}],"replies":[{"embeddable":true,"href":"https:\/\/blogs.ciberespiral.org\/escuelas\/wp-json\/wp\/v2\/comments?post=2945"}],"version-history":[{"count":5,"href":"https:\/\/blogs.ciberespiral.org\/escuelas\/wp-json\/wp\/v2\/pages\/2945\/revisions"}],"predecessor-version":[{"id":3197,"href":"https:\/\/blogs.ciberespiral.org\/escuelas\/wp-json\/wp\/v2\/pages\/2945\/revisions\/3197"}],"wp:attachment":[{"href":"https:\/\/blogs.ciberespiral.org\/escuelas\/wp-json\/wp\/v2\/media?parent=2945"}],"curies":[{"name":"wp","href":"https:\/\/api.w.org\/{rel}","templated":true}]}}