{"id":2943,"date":"2020-04-27T16:54:47","date_gmt":"2020-04-27T15:54:47","guid":{"rendered":"http:\/\/blogs.ciberespiral.org\/escuelas\/?page_id=2943"},"modified":"2020-05-23T10:08:11","modified_gmt":"2020-05-23T09:08:11","slug":"metodologies-actives","status":"publish","type":"page","link":"https:\/\/blogs.ciberespiral.org\/escuelas\/metodologies-actives\/","title":{"rendered":"Metodologies actives i TIC"},"content":{"rendered":"\n<div class=\"wp-block-button\"><a class=\"wp-block-button__link\" href=\"https:\/\/docs.google.com\/forms\/d\/e\/1FAIpQLSdj0dnqM2xVFodi1xECaHkNsB2YU1wiKuf8rNQwgZH72YqniQ\/viewform?usp=sf_link\"> Inscriu-te <\/a><\/div>\n\n\n\n<figure class=\"wp-block-embed-youtube wp-block-embed is-type-video is-provider-youtube wp-embed-aspect-16-9 wp-has-aspect-ratio\"><div class=\"wp-block-embed__wrapper\">\n<iframe title=\"Metodologies actives i TIC\" width=\"640\" height=\"360\" src=\"https:\/\/www.youtube.com\/embed\/2rkP1bN7Uqk?feature=oembed\" frameborder=\"0\" allow=\"accelerometer; autoplay; clipboard-write; encrypted-media; gyroscope; picture-in-picture; web-share\" referrerpolicy=\"strict-origin-when-cross-origin\" allowfullscreen><\/iframe>\n<\/div><\/figure>\n\n\n\n<h4 class=\"wp-block-heading\">Descripci\u00f3 del curs<\/h4>\n\n\n\n<p> En el context de la Societat Digital, les necessitats educatives han canviat i han aparegut nous escenaris en els quals la doc\u00e8ncia ha d\u2019adaptar-se a la manera en que aprenen els alumnes. A trav\u00e9s de les metodologies actives facilitarem la construcci\u00f3 de noves realitats en les quals l\u2019alumnat guanya protagonisme en la creaci\u00f3 del seu aprenentatge&nbsp; i el docent actua com a guia, acompanyant-lo al llarg d\u2019aquest proc\u00e9s. Aquesta actitviat formativa proposa explorar diferents opcions metodol\u00f2giques d\u2019introducci\u00f3 de les TIC a les aules basades en la construcci\u00f3 d\u2019aprenentatge per part de l\u2019alumnat, amb l\u2019objectiu principal de ser capa\u00e7 de poder implementar canvis significatius a l\u2019aula. <\/p>\n\n\n\n<h4 class=\"wp-block-heading\">Destinataris<\/h4>\n\n\n\n<p> Docents que vulguin aprofundir en la vessant m\u00e9s metodol\u00f2gica a l\u2019hora d\u2019introduir les TIC a les aules <\/p>\n\n\n\n<h4 class=\"wp-block-heading\">Requisits tecnol\u00f2gics<\/h4>\n\n\n\n<p>\nPer a seguir aquest curs en l&#8217;entorn&nbsp;Moodle necessitar\u00e0s:<br><\/p>\n\n\n\n<ul class=\"wp-block-list\"><li>Un navegador (Mozilla Firefox, Internet Explorer, Google Chrome, etc)<\/li><li>Un compte de Gmail<\/li><li>Acrobat Reader<\/li><\/ul>\n\n\n\n<h4 class=\"wp-block-heading\">Objectius<\/h4>\n\n\n\n<ul class=\"wp-block-list\"><li>Reflexionar sobre les necessitats i caracter\u00edstiques dels actors educatius (docents i alumnes) en la societat actual.&nbsp;<\/li><li>Explorar diferents propostes d\u2019introducci\u00f3 de les metodologies actives a l\u2019aula.<\/li><li>Integrar la tecnologia a l\u2019aula des d\u2019un punt de vista metodol\u00f2gic, basat en el protagonisme actiu de l\u2019alumnat.<\/li><li>Implementar canvis significatius a l\u2019aula mitjan\u00e7ant el disseny de propostes educatives basades en les metodologies actives.<\/li><\/ul>\n\n\n\n<h4 class=\"wp-block-heading\">Continguts<\/h4>\n\n\n\n<p> Els continguts del curs estan estructurats en 4 unitats, tal com es detalla a continuaci\u00f3:<\/p>\n\n\n\n<p>Unitat 1 \u2013 Els actors educatius del segle XXI<\/p>\n\n\n\n<ul class=\"wp-block-list\"><li>Rols del docent i l\u2019alumne en la Societat Digital<\/li><li>La Compet\u00e8ncia Digital i la Compet\u00e8ncia Digital Docent<\/li><\/ul>\n\n\n\n<p>Unitat 2 \u2013 Treball col.laboratiu<\/p>\n\n\n\n<ul class=\"wp-block-list\"><li>Entre docents<\/li><li>Entre alumnes<\/li><\/ul>\n\n\n\n<p>Unitat 3 \u2013 Metodologies actives<\/p>\n\n\n\n<ul class=\"wp-block-list\"><li>Aprenentatge basat en problemes<\/li><li>Treball per projectes<\/li><li>Flipped Classroom<\/li><li>Gamificaci\u00f3<\/li><\/ul>\n\n\n\n<p>Unitat 4 -Desenvolupament del projecte<\/p>\n\n\n\n<ul class=\"wp-block-list\"><li>Disseny d\u2019una proposta educativa basada en una de les metodologies presentades a la unitat 3, triada per l\u2019alumne.<\/li><li>Autoavaluaci\u00f3 del propi projecte i coavaluaci\u00f3 del d\u2019un company\/a<\/li><\/ul>\n\n\n\n<h4 class=\"wp-block-heading\">Metodologia<\/h4>\n\n\n\n<p>La metodologia ser\u00e0 eminenment pr\u00e0ctica. Es pret\u00e8n que els educadors participants d\u2019aquest curs reflexionin sobre conceptes clau de l\u2019educaci\u00f3, especialment en refer\u00e8ncia al rol del docent i de l\u2019alumne actual. A la vegada, es vol proposar propostes que siguin directament aplicables a la seva aula. Seguint aquesta l\u00ednia, totes les activitats que es proposaran es contextualitzaran en la realitat pr\u00f2pia, per tal que es puguin aplicar i reutilitzar en les aules reals on el participant del curs imparteixi doc\u00e8ncia. <\/p>\n\n\n\n<h4 class=\"wp-block-heading\">Certificaci\u00f3<\/h4>\n\n\n\n<p>Per a obtenir la certificaci\u00f3 \u00e9s necessari que el\/la participant realitzi totes les activitats plantejades a cada una de les quatre unitats. <\/p>\n\n\n\n<div class=\"wp-block-button\"><a class=\"wp-block-button__link\" href=\"https:\/\/docs.google.com\/forms\/d\/e\/1FAIpQLSdj0dnqM2xVFodi1xECaHkNsB2YU1wiKuf8rNQwgZH72YqniQ\/viewform?usp=sf_link\"> Inscriu-te <\/a><\/div>\n","protected":false},"excerpt":{"rendered":"<p>Descripci\u00f3 del curs En el context de la Societat Digital, les necessitats educatives han canviat i han aparegut nous escenaris en els quals la doc\u00e8ncia ha d\u2019adaptar-se a la manera en que aprenen els alumnes. A trav\u00e9s de les metodologies actives facilitarem la construcci\u00f3 de noves realitats en les quals&hellip;<\/p>\n","protected":false},"author":49,"featured_media":0,"parent":0,"menu_order":0,"comment_status":"closed","ping_status":"closed","template":"","meta":{"footnotes":""},"class_list":["post-2943","page","type-page","status-publish","hentry"],"_links":{"self":[{"href":"https:\/\/blogs.ciberespiral.org\/escuelas\/wp-json\/wp\/v2\/pages\/2943","targetHints":{"allow":["GET"]}}],"collection":[{"href":"https:\/\/blogs.ciberespiral.org\/escuelas\/wp-json\/wp\/v2\/pages"}],"about":[{"href":"https:\/\/blogs.ciberespiral.org\/escuelas\/wp-json\/wp\/v2\/types\/page"}],"author":[{"embeddable":true,"href":"https:\/\/blogs.ciberespiral.org\/escuelas\/wp-json\/wp\/v2\/users\/49"}],"replies":[{"embeddable":true,"href":"https:\/\/blogs.ciberespiral.org\/escuelas\/wp-json\/wp\/v2\/comments?post=2943"}],"version-history":[{"count":6,"href":"https:\/\/blogs.ciberespiral.org\/escuelas\/wp-json\/wp\/v2\/pages\/2943\/revisions"}],"predecessor-version":[{"id":3220,"href":"https:\/\/blogs.ciberespiral.org\/escuelas\/wp-json\/wp\/v2\/pages\/2943\/revisions\/3220"}],"wp:attachment":[{"href":"https:\/\/blogs.ciberespiral.org\/escuelas\/wp-json\/wp\/v2\/media?parent=2943"}],"curies":[{"name":"wp","href":"https:\/\/api.w.org\/{rel}","templated":true}]}}