{"id":2938,"date":"2020-04-27T11:11:43","date_gmt":"2020-04-27T10:11:43","guid":{"rendered":"http:\/\/blogs.ciberespiral.org\/escuelas\/?page_id=2938"},"modified":"2020-05-19T11:58:46","modified_gmt":"2020-05-19T10:58:46","slug":"una-mirada-digital-al-dua","status":"publish","type":"page","link":"https:\/\/blogs.ciberespiral.org\/escuelas\/una-mirada-digital-al-dua\/","title":{"rendered":"Una mirada digital al DUA"},"content":{"rendered":"\n<div class=\"wp-block-button\"><a class=\"wp-block-button__link\" href=\"https:\/\/docs.google.com\/forms\/d\/e\/1FAIpQLSdj0dnqM2xVFodi1xECaHkNsB2YU1wiKuf8rNQwgZH72YqniQ\/viewform?usp=sf_link\">Inscriu-te<\/a><\/div>\n\n\n\n<figure class=\"wp-block-embed-youtube wp-block-embed is-type-video is-provider-youtube wp-embed-aspect-16-9 wp-has-aspect-ratio\"><div class=\"wp-block-embed__wrapper\">\n<iframe title=\"Una mirada digital al DUA\" width=\"640\" height=\"360\" src=\"https:\/\/www.youtube.com\/embed\/NoyK8dwQcC0?feature=oembed\" frameborder=\"0\" allow=\"accelerometer; autoplay; clipboard-write; encrypted-media; gyroscope; picture-in-picture; web-share\" referrerpolicy=\"strict-origin-when-cross-origin\" allowfullscreen><\/iframe>\n<\/div><\/figure>\n\n\n\n<h4 class=\"wp-block-heading\">Descripci\u00f3 del curs<\/h4>\n\n\n\n<p>Aquest curs pret\u00e9n donar a con\u00e8ixer la metodologia DUA, Disseny Universal per l\u2019Aprenentatge com a mitj\u00e0 per a poder donar resposta a la diversitat d\u2019alumnat a les aules.\u00a0<\/p>\n\n\n\n<p>Ens centrarem en les eines de suport digital que ens facilitaran l\u2019acc\u00e9s a la informaci\u00f3 per tal de poder-la tractar, organitzar, compartir i avaluar. Totes elles ens ajudaran a dissenyar activitats multinivell que es podran implementar a l\u2019aula.&nbsp;<\/p>\n\n\n\n<p>Sabem que l\u2019alumne \u00e9s el protagonista de l\u2019aprenentatge i per aquest motiu, el professorat ha de con\u00e8ixer varietat de recursos per a poder acompanyar-lo durant aquest proc\u00e9s. <\/p>\n\n\n\n<h4 class=\"wp-block-heading\">Destinataris<\/h4>\n\n\n\n<p> Mestres d\u2019infantil, prim\u00e0ria i secund\u00e0ria. <\/p>\n\n\n\n<h4 class=\"wp-block-heading\">Requisits tecnol\u00f2gics<\/h4>\n\n\n\n<ul class=\"wp-block-list\"><li> Un navegador modern (per exemple Mozilla Firefox, Google Chrome, o d\u2019altres)<\/li><li>Un processador de textos (OpenOffice Writer, MS Word, serveis en l\u00ednia, &#8230;)<\/li><li>Un lector de pdf (com ara Acrobat Reader)<\/li><\/ul>\n\n\n\n<h4 class=\"wp-block-heading\">Objectius<\/h4>\n\n\n\n<ul class=\"wp-block-list\"><li>Reflexionar entorn al concepte d\u2019inclusi\u00f3 i DUA.<\/li><li>Con\u00e8ixer i utilitzar diferents recursos&nbsp; de suport digital.&nbsp; <\/li><li>Dissenyar i compartir activitats tenint en compte els principis DUA<em>.<\/em><\/li><\/ul>\n\n\n\n<h4 class=\"wp-block-heading\">Continguts<\/h4>\n\n\n\n<p> Recursos digitals:<\/p>\n\n\n\n<ul class=\"wp-block-list\"><li>avatars<\/li><li>extensions d\u2019accessibilitat<\/li><li>mapes conceptuals<\/li><li>n\u00favols de paraules<\/li><li>murs digitals<\/li><li>presentacions<\/li><li>activitats d\u2019avaluaci\u00f3<\/li><\/ul>\n\n\n\n<h4 class=\"wp-block-heading\">Metodologia<\/h4>\n\n\n\n<p> La metodologia de treball ser\u00e0 no presencial: aix\u00f2 vol dir que les tasques del curs les farem &#8220;en l\u00ednia &#8220;, connectats a Internet i a trav\u00e9s d&#8217;aquest aula virtual.<\/p>\n\n\n\n<p>Encara que anirem seguint una planificaci\u00f3 temporal, podeu anar explorant el funcionament de l&#8217;aula i els seus racons al vostre propi ritme: com m\u00e9s exploreu m\u00e9s aprendreu sobre l&#8217;aula. En aquest curs vosaltres sou els protagonistes, sou els qui heu de planificar l&#8217;aprenentatge i construir el coneixement. Per a fer-ho podeu comptar amb l&#8217;ajuda del formador\/a , els materials i la resta de recursos. <\/p>\n\n\n\n<h4 class=\"wp-block-heading\">Certificaci\u00f3<\/h4>\n\n\n\n<p> Per poder certificar el curs, els participants han de superar el 100% de  les activitats obligat\u00f2ries del mateix, en els terminis establerts,  havent rebut una valoraci\u00f3 positiva de les activitats realitzades per  part de la persona formadora. El curs es certifica amb 30 hores <\/p>\n\n\n\n<div class=\"wp-block-button\"><a class=\"wp-block-button__link\" href=\"https:\/\/docs.google.com\/forms\/d\/e\/1FAIpQLSdj0dnqM2xVFodi1xECaHkNsB2YU1wiKuf8rNQwgZH72YqniQ\/viewform?usp=sf_link\">Inscriu-te<\/a><\/div>\n","protected":false},"excerpt":{"rendered":"<p>Descripci\u00f3 del curs Aquest curs pret\u00e9n donar a con\u00e8ixer la metodologia DUA, Disseny Universal per l\u2019Aprenentatge com a mitj\u00e0 per a poder donar resposta a la diversitat d\u2019alumnat a les aules.\u00a0 Ens centrarem en les eines de suport digital que ens facilitaran l\u2019acc\u00e9s a la informaci\u00f3 per tal de poder-la&hellip;<\/p>\n","protected":false},"author":49,"featured_media":0,"parent":0,"menu_order":0,"comment_status":"closed","ping_status":"closed","template":"","meta":{"footnotes":""},"class_list":["post-2938","page","type-page","status-publish","hentry"],"_links":{"self":[{"href":"https:\/\/blogs.ciberespiral.org\/escuelas\/wp-json\/wp\/v2\/pages\/2938","targetHints":{"allow":["GET"]}}],"collection":[{"href":"https:\/\/blogs.ciberespiral.org\/escuelas\/wp-json\/wp\/v2\/pages"}],"about":[{"href":"https:\/\/blogs.ciberespiral.org\/escuelas\/wp-json\/wp\/v2\/types\/page"}],"author":[{"embeddable":true,"href":"https:\/\/blogs.ciberespiral.org\/escuelas\/wp-json\/wp\/v2\/users\/49"}],"replies":[{"embeddable":true,"href":"https:\/\/blogs.ciberespiral.org\/escuelas\/wp-json\/wp\/v2\/comments?post=2938"}],"version-history":[{"count":9,"href":"https:\/\/blogs.ciberespiral.org\/escuelas\/wp-json\/wp\/v2\/pages\/2938\/revisions"}],"predecessor-version":[{"id":3194,"href":"https:\/\/blogs.ciberespiral.org\/escuelas\/wp-json\/wp\/v2\/pages\/2938\/revisions\/3194"}],"wp:attachment":[{"href":"https:\/\/blogs.ciberespiral.org\/escuelas\/wp-json\/wp\/v2\/media?parent=2938"}],"curies":[{"name":"wp","href":"https:\/\/api.w.org\/{rel}","templated":true}]}}