{"id":288,"date":"2015-05-12T07:47:04","date_gmt":"2015-05-12T06:47:04","guid":{"rendered":"http:\/\/blogs.ciberespiral.org\/escuelas\/?page_id=288"},"modified":"2015-06-01T23:28:21","modified_gmt":"2015-06-01T22:28:21","slug":"com-treballar-amb-dispositius-mobils-a-laula","status":"publish","type":"page","link":"https:\/\/blogs.ciberespiral.org\/escuelas\/com-treballar-amb-dispositius-mobils-a-laula\/","title":{"rendered":"Com treballar amb dispositius m\u00f2bils a l&#8217;aula"},"content":{"rendered":"<h5 style=\"text-align: center;\"><\/h5>\n<h5><span style=\"color: #3366ff;\">Descripci\u00f3 de l&#8217;activitat<\/span><\/h5>\n<div dir=\"ltr\">\n<p>L&#8217;\u00fas habitual dels dispositius m\u00f2bils a la nostra vida di\u00e0ria i la seva versatilitat representa tota una oportunitat que no podem desaprofitar en educaci\u00f3.Les seves caracter\u00edstiques de multifuncionalitat, integraci\u00f3 d\u2019elements multim\u00e8dia, portabilitat i connectivitat fan dels m\u00f2bils i les tauletes eines excel\u00b7lents per a la implementaci\u00f3 de la tecnologia a les aules de manera senzilla.Amb aquest curs volem oferir l\u2019oportunitat d\u2019experimentar amb aquests dispositius, con\u00e8ixer les m\u00faltiples possibilitats educatives d\u2019una bona col\u00b7lecci\u00f3 d\u2019apps i altres serveis i \u00a0facilitar un canvi metodol\u00f2gic en la nostra tasca di\u00e0ria com a educadors.<\/p>\n<\/div>\n<h5 dir=\"ltr\"><\/h5>\n<h5 dir=\"ltr\"><span style=\"color: #3366ff;\">Destinataris<\/span><\/h5>\n<div dir=\"ltr\">\n<p>Professorat interessat en con\u00e8ixer eines i serveis per treballar amb dispositius m\u00f2bils a l&#8217;educaci\u00f3.<\/p>\n<h5><\/h5>\n<h5><span style=\"color: #3366ff;\">Requisits t\u00e8cnics dels assistents<\/span><\/h5>\n<p>Les persones participants han de tenir inter\u00e8s per la tem\u00e0tica del curs i disposar d&#8217;un dispositiu m\u00f2bil o tauleta.<\/p>\n<h5><\/h5>\n<h5><span style=\"color: #3366ff;\">Objectius<\/span><\/h5>\n<ul>\n<li>Con\u00e8ixer, experimentar i analitzar les possibilitats dels dispositius m\u00f2bils com a instruments de creaci\u00f3 de contingut, de comunicaci\u00f3 i de col\u00b7laboraci\u00f3 en entorns educatius.<\/li>\n<li>Descobrir l&#8217;efici\u00e8ncia de les eines (apps) en el proc\u00e9s d&#8217;ensenyament-aprenentatge per proposar noves din\u00e0miques d&#8217;aula.<\/li>\n<li>Descobrir i classificar aplicacions (apps) per a tauletes i m\u00f2bils en funci\u00f3 de compet\u00e8ncies i necessitats.<\/li>\n<li>Promoure el canvi metodol\u00f2gic coneixent, proposant i compartint experi\u00e8ncies i propostes innovadores.<\/li>\n<\/ul>\n<h5><\/h5>\n<h5><span style=\"color: #3366ff;\">Continguts<\/span><\/h5>\n<div>\n<ul>\n<li>M\u00f2dul 1: Introducci\u00f3 al mobile-learning, context i oportunitats d&#8217;ensenyament i aprenentatge.<\/li>\n<li>M\u00f2dul 2: Comunicaci\u00f3 audiovisual: el potencial did\u00e0ctic del so i la imatge a l&#8217;aula.<\/li>\n<li>M\u00f2dul 3: Escriptura i lectura digital: treballem la compet\u00e8ncia ling\u00fc\u00edstica.<\/li>\n<li>M\u00f2dul 4: Multim\u00e8dia i creativitat. Alumnes i mestres creadors de continguts.<\/li>\n<li>M\u00f2dul 5: Disseny d&#8217;activitats did\u00e0ctiques en entorns d&#8217;aprenentatge m\u00f2bil.<\/li>\n<\/ul>\n<\/div>\n<div>\n<h5><\/h5>\n<h5><span style=\"color: #3366ff;\">Metodologia<\/span><\/h5>\n<div>La metodologia de treball \u00e9s no presencial de manera que les tasques del curs es faran &#8220;en l\u00ednia&#8221;, \u00e9s a dir, amb connexi\u00f3 a Internet i a trav\u00e9s de l&#8217; aula virtual (Moodle) d&#8217;Espiral.<br \/>\nTot i que s&#8217;anir\u00e0 seguint una planificaci\u00f3 temporal, les persones participants poden anar explorant el funcionament de l&#8217;aula i els racons del curs al seu propi ritme dins cada m\u00f2dul de treball.<\/div>\n<div><\/div>\n<div>En aquest curs les persones que hi participen s\u00f3n protagonistes, s\u00f3n qui ha de planificar l\u2019aprenentatge i construir el coneixement. Per fer-ho compten amb l\u2019ajut dels formadors, dels materials i de la resta de recursos de l&#8217;aula.<\/div>\n<h5><\/h5>\n<div>\n<h5><span style=\"color: #3366ff;\">Requisits de certificaci\u00f3<\/span><\/h5>\n<p>Per obtenir la certificaci\u00f3 oficial del curs cal:<\/p>\n<ul>\n<li>Superar l&#8217;avaluaci\u00f3 de les diferents activitats plantejades durant el curs: hauran de ser valorades positivament almenys el 80% de les tasques.<\/li>\n<li>Lliurar les activitats proposades dins el termini preestablert pels formadors.<\/li>\n<\/ul>\n<h5><\/h5>\n<h5><span style=\"color: #3366ff;\">Dates\u00a0de realitzaci\u00f3<\/span><\/h5>\n<p>de l&#8217;1 al 17 de juliol del 2015<\/p>\n<h5><\/h5>\n<h5><span style=\"color: #3366ff;\">Durada<\/span><\/h5>\n<p>30 hores<\/p>\n<h5><\/h5>\n<h5><span style=\"color: #3366ff;\">Formadors<\/span><\/h5>\n<p><img decoding=\"async\" class=\"alignleft wp-image-410 size-thumbnail\" src=\"http:\/\/blogs.ciberespiral.org\/escuelas\/wp-content\/uploads\/sites\/16\/2015\/04\/Delia-G\u00e1mez-150x150.jpg\" alt=\"Delia G\u00e1mez\" width=\"150\" height=\"150\" \/><\/p>\n<p><strong>Delia G\u00e1mez\u00a0<a href=\"https:\/\/twitter.com\/#!\/delia_gamez\" target=\"_blank\">@delia_gamez<\/a><\/strong><\/p>\n<p>Llicenciada en Biologia i postgraduada en Educaci\u00f3 i TIC per la UOC. Professora de ci\u00e8ncies i formadora de docents.<br \/>\nMembre de la Junta Ampliada de l&#8217;<a href=\"http:\/\/www.ciberespiral.org\/\" target=\"_blank\">Associaci\u00f3 Espiral, Educaci\u00f3 i Tecnologia<\/a> a l&#8217;\u00e0rea de Formaci\u00f3.<\/p>\n<p><a href=\"http:\/\/about.me\/delia.gamezmontoya\" target=\"_blank\">http:\/\/about.me\/delia.gamezmontoya<\/a><\/p>\n<h3><\/h3>\n<p>&nbsp;<\/p>\n<p>&nbsp;<\/p>\n<p><img decoding=\"async\" class=\"alignleft wp-image-401 size-thumbnail\" src=\"http:\/\/blogs.ciberespiral.org\/escuelas\/wp-content\/uploads\/sites\/16\/2015\/04\/Xavier-Su\u00f1\u00e9-150x150.png\" alt=\"Xavier Su\u00f1\u00e9\" width=\"150\" height=\"150\" \/><\/p>\n<p><strong>Xavier Su\u00f1\u00e9\u00a0<a href=\"https:\/\/twitter.com\/#!\/xsune\" target=\"_blank\">@xsune<\/a><\/strong><\/p>\n<p>Professor t\u00e8cnic de F.P. Assessor en tecnologies aplicades a l&#8217;educaci\u00f3 al <a href=\"https:\/\/sites.google.com\/a\/xtec.cat\/crp-tarragones\/\" target=\"_blank\">Servei Educatiu del Tarragon\u00e8s<\/a> i t\u00e8cnic docent a l&#8217;\u00c0rea TAC del <a href=\"http:\/\/ensenyament.gencat.cat\/ca\" target=\"_blank\">Departament d&#8217;Ensenyament<\/a> de la Generalitat de Catalunya. Formador i Consultor a l&#8217;ICE de la URV, en Postgraus de la UOC i la URV.<br \/>\n<a href=\"about.me\/xsune\" target=\"_blank\">about.me\/xsune<\/a><\/p>\n<p>&nbsp;<\/p>\n<p>&nbsp;<\/p>\n<p>&nbsp;<\/p>\n<h3><strong><a title=\"Matr\u00edcula\" href=\"http:\/\/blogs.ciberespiral.org\/escuelas\/ca\/matricula-2\/\"><span style=\"text-decoration: underline; color: #0000ff;\">Inscripci\u00f3<\/span><\/a><\/strong><\/h3>\n<\/div>\n<\/div>\n<\/div>\n","protected":false},"excerpt":{"rendered":"<p>Descripci\u00f3 de l&#8217;activitat L&#8217;\u00fas habitual dels dispositius m\u00f2bils a la nostra vida di\u00e0ria i la seva versatilitat representa tota una oportunitat que no podem desaprofitar en educaci\u00f3.Les seves caracter\u00edstiques de multifuncionalitat, integraci\u00f3 d\u2019elements multim\u00e8dia, portabilitat i connectivitat fan dels m\u00f2bils i les tauletes eines excel\u00b7lents per a la implementaci\u00f3 de&hellip;<\/p>\n","protected":false},"author":48,"featured_media":0,"parent":0,"menu_order":0,"comment_status":"closed","ping_status":"open","template":"","meta":{"footnotes":""},"class_list":["post-288","page","type-page","status-publish","hentry"],"_links":{"self":[{"href":"https:\/\/blogs.ciberespiral.org\/escuelas\/wp-json\/wp\/v2\/pages\/288","targetHints":{"allow":["GET"]}}],"collection":[{"href":"https:\/\/blogs.ciberespiral.org\/escuelas\/wp-json\/wp\/v2\/pages"}],"about":[{"href":"https:\/\/blogs.ciberespiral.org\/escuelas\/wp-json\/wp\/v2\/types\/page"}],"author":[{"embeddable":true,"href":"https:\/\/blogs.ciberespiral.org\/escuelas\/wp-json\/wp\/v2\/users\/48"}],"replies":[{"embeddable":true,"href":"https:\/\/blogs.ciberespiral.org\/escuelas\/wp-json\/wp\/v2\/comments?post=288"}],"version-history":[{"count":10,"href":"https:\/\/blogs.ciberespiral.org\/escuelas\/wp-json\/wp\/v2\/pages\/288\/revisions"}],"predecessor-version":[{"id":801,"href":"https:\/\/blogs.ciberespiral.org\/escuelas\/wp-json\/wp\/v2\/pages\/288\/revisions\/801"}],"wp:attachment":[{"href":"https:\/\/blogs.ciberespiral.org\/escuelas\/wp-json\/wp\/v2\/media?parent=288"}],"curies":[{"name":"wp","href":"https:\/\/api.w.org\/{rel}","templated":true}]}}