{"id":282,"date":"2015-05-12T07:40:08","date_gmt":"2015-05-12T06:40:08","guid":{"rendered":"http:\/\/blogs.ciberespiral.org\/escuelas\/?page_id=282"},"modified":"2015-05-13T09:16:34","modified_gmt":"2015-05-13T08:16:34","slug":"multimedia-basica","status":"publish","type":"page","link":"https:\/\/blogs.ciberespiral.org\/escuelas\/multimedia-basica\/","title":{"rendered":"Multim\u00e8dia b\u00e0sica"},"content":{"rendered":"<h5 style=\"text-align: center;\">[youtube height=&#8221;315&#8243; width=&#8221;560&#8243;]https:\/\/www.youtube.com\/watch?v=_yxrdlBpDuk[\/youtube]<\/h5>\n<h5><span style=\"color: #3366ff;\">Descripci\u00f3 de l&#8217;activitat<\/span><\/h5>\n<div dir=\"ltr\">La generalitzaci\u00f3 de pissarres digitals interactives a les nostres aules; l&#8217;\u00fas did\u00e0ctic de blocs, wikis, entorns virtuals d&#8217;aprenentatge, etc; i la implantaci\u00f3 de modalitats d&#8217;aprenentatge com la Flipped Classroom o classe capgirada, requereix un maneig b\u00e0sic d&#8217;elements multim\u00e8dia digitals (imatges, \u00e0udio i v\u00eddeo) per part del professorat.<\/div>\n<div dir=\"ltr\">D&#8217;altra banda cada cop apareixen m\u00e9s recursos amb els quals els nostres alumnes poden publicar continguts utilitzant un llenguatge audiovisual que fa pocs anys nom\u00e9s era a l&#8217;abast dels professionals: l\u00ednies de temps, infografies, v\u00eddeos, videotutorials, etc. Aquest curs pret\u00e9n donar unes nocions b\u00e0siques per treballar did\u00e0cticament amb aquests tipus de continguts.<\/div>\n<h5 dir=\"ltr\"><\/h5>\n<h5 dir=\"ltr\"><span style=\"color: #3366ff;\">Destinataris<\/span><\/h5>\n<div dir=\"ltr\">\n<p>Professorat de tots els nivells educatius que desitgin iniciar-se en l&#8217;\u00fas did\u00e0ctic d&#8217;elements i aplicacions multim\u00e8dia.<\/p>\n<h5><\/h5>\n<h5><span style=\"color: #3366ff;\">Requisits t\u00e8cnics dels assistents<\/span><\/h5>\n<p>Coneixements b\u00e0sics del sistema operatiu (desc\u00e0rrega i instal\u00b7laci\u00f3 de programes) i del navegador. Disponibilitat d&#8217;un ordinador (o de qualsevol altre dispositiu digital) amb micr\u00f2fon i altaveus (o auriculars), webcam i connexi\u00f3 a Internet.<\/p>\n<h5><\/h5>\n<h5><span style=\"color: #3366ff;\">Objectius<\/span><\/h5>\n<ul>\n<li>Capacitar el professorat en l&#8217;\u00fas educatiu d&#8217;elements did\u00e0ctics multim\u00e8dia.<\/li>\n<li>Con\u00e8ixer els diferents formats d&#8217;imatge, \u00e0udio i v\u00eddeo i les possibilitats de conversi\u00f3.<\/li>\n<li>Con\u00e8ixer les opcions d&#8217;obtenci\u00f3 i edici\u00f3 d&#8217;imatges amb finalitat educativa.<\/li>\n<li>Obtenir, editar, crear i compartir mitjan\u00e7ant Internet fitxers d&#8217;\u00e0udio.<\/li>\n<li>Obtenir, editar, crear i compartir mitjan\u00e7ant Internet fitxers de v\u00eddeo.<\/li>\n<li>Presentar la informaci\u00f3 utilitzant diferents aplicacions que emprin un llenguatge multim\u00e8dia.<\/li>\n<\/ul>\n<h5><\/h5>\n<h5><span style=\"color: #3366ff;\">Continguts<\/span><\/h5>\n<div>\n<ul>\n<li>M\u00f2dul 1: Requeriments t\u00e8cnics.<\/li>\n<li>M\u00f2dul 2: Tractament digital d&#8217;imatges.<\/li>\n<li>M\u00f2dul 3: Tractament digital d&#8217;\u00e0udio.<\/li>\n<li>M\u00f2dul 4: Tractament digital del v\u00eddeo.<\/li>\n<\/ul>\n<\/div>\n<div>\n<h5><\/h5>\n<h5><span style=\"color: #3366ff;\">Metodologia<\/span><\/h5>\n<div>El curs \u00e9s totalment pr\u00e0ctic i es basar\u00e0 en l&#8217;\u00fas de programes gratu\u00efts i d&#8217;aplicacions en l\u00ednia disponibles a Internet. Al llarg del curs es plantejaran activitats alternatives a les activitats obligat\u00f2ries de manera que el participant pugui decidir el seu itinerari formatiu.<\/div>\n<h5><\/h5>\n<div>\n<h5><span style=\"color: #3366ff;\">Requisits de certificaci\u00f3<\/span><\/h5>\n<p>Per obtenir la certificaci\u00f3 oficial del curs cal:<\/p>\n<ul>\n<li>Superar l&#8217;avaluaci\u00f3 de les diferents activitats plantejades durant el curs: hauran de ser valorades positivament almenys el 80% de les tasques.<\/li>\n<li>Lliurar les activitats proposades dins el termini preestablert pel formador.<\/li>\n<\/ul>\n<h5><\/h5>\n<h5><span style=\"color: #3366ff;\">Dates\u00a0de realitzaci\u00f3<\/span><\/h5>\n<p>de l&#8217;1 al 17 de juliol del 2015<\/p>\n<h5><\/h5>\n<h5><span style=\"color: #3366ff;\">Durada<\/span><\/h5>\n<p>30 hores<\/p>\n<h5><span style=\"color: #3366ff;\">Formador<\/span><\/h5>\n<p><img decoding=\"async\" class=\"alignleft wp-image-409 size-thumbnail\" src=\"http:\/\/blogs.ciberespiral.org\/escuelas\/wp-content\/uploads\/sites\/16\/2015\/04\/Joan-Padros-150x150.jpg\" alt=\"Joan Padr\u00f3s\" width=\"150\" height=\"150\" \/><strong>Joan Padr\u00f3s<\/strong><\/p>\n<p>Llicenciat en Biologia. Professor del CFA Palau de Mar de Barcelona. Consultor de Compet\u00e8ncies TIC a la UOC. Formador de formadors (Generalitat de Catalunya). Formador de formadors en diferents institucions (Departament d&#8217;Ensenyament, UOC, etc).<\/p>\n<p>&nbsp;<\/p>\n<p>&nbsp;<\/p>\n<p>&nbsp;<\/p>\n<h3><strong><a title=\"Matr\u00edcula\" href=\"http:\/\/blogs.ciberespiral.org\/escuelas\/ca\/matricula-2\/\"><span style=\"text-decoration: underline; color: #0000ff;\">Inscripci\u00f3<\/span><\/a><\/strong><\/h3>\n<\/div>\n<\/div>\n<\/div>\n","protected":false},"excerpt":{"rendered":"<p>[youtube height=&#8221;315&#8243; width=&#8221;560&#8243;]https:\/\/www.youtube.com\/watch?v=_yxrdlBpDuk[\/youtube] Descripci\u00f3 de l&#8217;activitat La generalitzaci\u00f3 de pissarres digitals interactives a les nostres aules; l&#8217;\u00fas did\u00e0ctic de blocs, wikis, entorns virtuals d&#8217;aprenentatge, etc; i la implantaci\u00f3 de modalitats d&#8217;aprenentatge com la Flipped Classroom o classe capgirada, requereix un maneig b\u00e0sic d&#8217;elements multim\u00e8dia digitals (imatges, \u00e0udio i v\u00eddeo) per&hellip;<\/p>\n","protected":false},"author":48,"featured_media":0,"parent":0,"menu_order":0,"comment_status":"closed","ping_status":"open","template":"","meta":{"footnotes":""},"class_list":["post-282","page","type-page","status-publish","hentry"],"_links":{"self":[{"href":"https:\/\/blogs.ciberespiral.org\/escuelas\/wp-json\/wp\/v2\/pages\/282","targetHints":{"allow":["GET"]}}],"collection":[{"href":"https:\/\/blogs.ciberespiral.org\/escuelas\/wp-json\/wp\/v2\/pages"}],"about":[{"href":"https:\/\/blogs.ciberespiral.org\/escuelas\/wp-json\/wp\/v2\/types\/page"}],"author":[{"embeddable":true,"href":"https:\/\/blogs.ciberespiral.org\/escuelas\/wp-json\/wp\/v2\/users\/48"}],"replies":[{"embeddable":true,"href":"https:\/\/blogs.ciberespiral.org\/escuelas\/wp-json\/wp\/v2\/comments?post=282"}],"version-history":[{"count":3,"href":"https:\/\/blogs.ciberespiral.org\/escuelas\/wp-json\/wp\/v2\/pages\/282\/revisions"}],"predecessor-version":[{"id":443,"href":"https:\/\/blogs.ciberespiral.org\/escuelas\/wp-json\/wp\/v2\/pages\/282\/revisions\/443"}],"wp:attachment":[{"href":"https:\/\/blogs.ciberespiral.org\/escuelas\/wp-json\/wp\/v2\/media?parent=282"}],"curies":[{"name":"wp","href":"https:\/\/api.w.org\/{rel}","templated":true}]}}