{"id":276,"date":"2015-05-12T07:37:37","date_gmt":"2015-05-12T06:37:37","guid":{"rendered":"http:\/\/blogs.ciberespiral.org\/escuelas\/?page_id=276"},"modified":"2015-06-02T21:44:39","modified_gmt":"2015-06-02T20:44:39","slug":"moodle-avancat","status":"publish","type":"page","link":"https:\/\/blogs.ciberespiral.org\/escuelas\/moodle-avancat\/","title":{"rendered":"Moodle avan\u00e7at"},"content":{"rendered":"<h5 style=\"text-align: center;\">[youtube height=&#8221;315&#8243; width=&#8221;560&#8243;]https:\/\/www.youtube.com\/watch?v=hcejXBZSP04[\/youtube]<\/h5>\n<h5><span style=\"color: #3366ff;\">Descripci\u00f3 de l&#8217;activitat<\/span><\/h5>\n<div dir=\"ltr\">Aquest \u00e9s un curs pensat per aquells professors que tenen uns coneixements b\u00e0sics de Moodle i volen aprofundir en el coneixement del programa. L&#8217;enfocament \u00e9s eminentment pr\u00e0ctic amb la intenci\u00f3 de treure el m\u00e0xim partit d&#8217;aquest entorn virtual formatiu.\u00a0Es treballaran aspectes relacionats amb \u00a0l&#8217;administraci\u00f3 i el manteniment d&#8217;un entorn Moodle de centre que contingui un o m\u00e9s cursos.<\/div>\n<h5 dir=\"ltr\"><\/h5>\n<h5 dir=\"ltr\"><span style=\"color: #3366ff;\">Destinataris<\/span><\/h5>\n<div dir=\"ltr\">\n<p>Mestres i professors de qualsevol nivell educatiu o administradors de Moodle.<\/p>\n<h5><\/h5>\n<h5><span style=\"color: #3366ff;\">Requisits t\u00e8cnics dels assistents<\/span><\/h5>\n<p>Per participar al curs cal tenir coneixements b\u00e0sics de Moodle.<\/p>\n<h5><\/h5>\n<h5><span style=\"color: #3366ff;\">Objectius<\/span><\/h5>\n<ul>\n<li>Aprendre a instal\u00b7lar i personalitzar el Moodle: adaptar el programa a les necessitats, crear un logotip amb el GIMP i dissenyar blocs HTML.<\/li>\n<li>Utilitzar i distingir tipus de recursos i inserir activitats de diferents tipus (JClic, q\u00fcestionaris, lli\u00e7ons, tasques, etc.).<\/li>\n<li>Adquirir coneixements adequats per a l\u2019administraci\u00f3 de Moodle: donar d\u2019alta usuaris de forma massiva, crear grups, controlar les qualificacions, escales, categories de tasques, etc.<\/li>\n<li>Aprendre a fer tasques de manteniment: fer c\u00f2pies de seguretat, instal\u00b7lar actualitzacions i resoldre problemes.<\/li>\n<\/ul>\n<h5><\/h5>\n<h5><span style=\"color: #3366ff;\">Continguts<\/span><\/h5>\n<div>\n<ul>\n<li>M\u00f2dul 1: Conceptes previs: Arquitectura de Moodle. Disseny d\u2019un logotip. Tractament de la imatge amb GIMP.<\/li>\n<li>M\u00f2dul 2: Personalitzar Moodle: Motivaci\u00f3, configuraci\u00f3 del tema xtec2, temes per m\u00f2bils. Blocs addicionals, drets de p\u00e0gina, inclusi\u00f3 d\u2019elements externs.<\/li>\n<li>M\u00f2dul 3: Els recursos: Definici\u00f3. Tipus. JClic com a recurs.<\/li>\n<li>M\u00f2dul 4: Activitats: Definici\u00f3. Tipus. Diferents formats. Configuraci\u00f3 de cada tipus d\u2019activitat. Integraci\u00f3 de Hot Potatoes.<\/li>\n<li>M\u00f2dul 5: Administraci\u00f3 de Moodle: Alta massiva d\u2019usuaris. Alta als cursos. Creaci\u00f3 de grups. C\u00f2pies de seguretat. Importaci\u00f3 i exportaci\u00f3 de cursos.<\/li>\n<\/ul>\n<\/div>\n<div>\n<h5><\/h5>\n<h5><span style=\"color: #3366ff;\">Metodologia<\/span><\/h5>\n<div>\n<p>La metodologia de treball \u00e9s no presencial de manera que les tasques del curs es faran &#8220;en l\u00ednia&#8221;, \u00e9s a dir, amb connexi\u00f3 a Internet i a trav\u00e9s de l&#8217; aula virtual (Moodle) d&#8217;Espiral.<\/p>\n<p>Tot i que s&#8217;anir\u00e0 seguint una planificaci\u00f3 temporal, les persones participants poden anar explorant el funcionament de l&#8217;aula i els racons del curs al seu propi ritme dins cada m\u00f2dul de treball.<\/p>\n<p>En aquest curs les persones que hi participen s\u00f3n protagonistes, s\u00f3n qui ha de planificar l\u2019aprenentatge i construir el coneixement. Per fer-ho compten amb l\u2019ajut del formador, dels materials i de la resta de recursos de l&#8217;aula.<br \/>\n\u00c9s fonamental entendre que el nombre d\u2019hores a dedicar pot ser molt variable, ja que dep\u00e8n dels coneixements previs de l\u2019alumne, el seu sistema de treball o b\u00e9 el seu entorn operatiu.<\/p>\n<\/div>\n<h5><\/h5>\n<div>\n<h5><span style=\"color: #3366ff;\">Requisits de certificaci\u00f3<\/span><\/h5>\n<p>Per obtenir la certificaci\u00f3 oficial del curs cal:<\/p>\n<ul>\n<li>Superar l&#8217;avaluaci\u00f3 de les diferents activitats plantejades durant el curs: hauran de ser valorades positivament almenys el 80% de les tasques.<\/li>\n<li>Entregar les activitats proposades dins el termini preestablert pels formadors.<\/li>\n<\/ul>\n<h5><\/h5>\n<h5><span style=\"color: #3366ff;\">Dates\u00a0de realitzaci\u00f3<\/span><\/h5>\n<p>de l&#8217;1 al 17 de juliol del 2015<\/p>\n<h5><\/h5>\n<h5><span style=\"color: #3366ff;\">Durada<\/span><\/h5>\n<p>30 hores<\/p>\n<h5><span style=\"color: #3366ff;\">Formador<\/span><\/h5>\n<p><img decoding=\"async\" class=\"alignleft wp-image-436 size-thumbnail\" src=\"http:\/\/blogs.ciberespiral.org\/escuelas\/wp-content\/uploads\/sites\/16\/2015\/05\/Josep-Ramon-Planas-150x150.png\" alt=\"Josep Ramon Planas\" width=\"150\" height=\"150\" \/><strong>Josep Ramon Planas\u00a0<a href=\"https:\/\/twitter.com\/#!\/jplanasga\" target=\"_blank\">@jplanasga<\/a><\/strong><\/p>\n<p>Professor de secund\u00e0ria i coordinador TIC al Col\u00b7legi Sant Josep Obrer de L&#8217;Hospitalet de Llobregat (Barcelona). Membre de la Junta Executiva de l&#8217;<a href=\"http:\/\/www.ciberespiral.org\/\" target=\"_blank\">Associaci\u00f3 Espiral, Educaci\u00f3 i Tecnologia<\/a>.<\/p>\n<p>&nbsp;<\/p>\n<p>&nbsp;<\/p>\n<h3><strong><a title=\"Matr\u00edcula\" href=\"http:\/\/blogs.ciberespiral.org\/escuelas\/ca\/matricula-2\/\"><span style=\"text-decoration: underline; color: #0000ff;\">Inscripci\u00f3<\/span><\/a><\/strong><\/h3>\n<\/div>\n<\/div>\n<\/div>\n","protected":false},"excerpt":{"rendered":"<p>[youtube height=&#8221;315&#8243; width=&#8221;560&#8243;]https:\/\/www.youtube.com\/watch?v=hcejXBZSP04[\/youtube] Descripci\u00f3 de l&#8217;activitat Aquest \u00e9s un curs pensat per aquells professors que tenen uns coneixements b\u00e0sics de Moodle i volen aprofundir en el coneixement del programa. L&#8217;enfocament \u00e9s eminentment pr\u00e0ctic amb la intenci\u00f3 de treure el m\u00e0xim partit d&#8217;aquest entorn virtual formatiu.\u00a0Es treballaran aspectes relacionats amb \u00a0l&#8217;administraci\u00f3&hellip;<\/p>\n","protected":false},"author":48,"featured_media":0,"parent":0,"menu_order":0,"comment_status":"closed","ping_status":"open","template":"","meta":{"footnotes":""},"class_list":["post-276","page","type-page","status-publish","hentry"],"_links":{"self":[{"href":"https:\/\/blogs.ciberespiral.org\/escuelas\/wp-json\/wp\/v2\/pages\/276","targetHints":{"allow":["GET"]}}],"collection":[{"href":"https:\/\/blogs.ciberespiral.org\/escuelas\/wp-json\/wp\/v2\/pages"}],"about":[{"href":"https:\/\/blogs.ciberespiral.org\/escuelas\/wp-json\/wp\/v2\/types\/page"}],"author":[{"embeddable":true,"href":"https:\/\/blogs.ciberespiral.org\/escuelas\/wp-json\/wp\/v2\/users\/48"}],"replies":[{"embeddable":true,"href":"https:\/\/blogs.ciberespiral.org\/escuelas\/wp-json\/wp\/v2\/comments?post=276"}],"version-history":[{"count":15,"href":"https:\/\/blogs.ciberespiral.org\/escuelas\/wp-json\/wp\/v2\/pages\/276\/revisions"}],"predecessor-version":[{"id":582,"href":"https:\/\/blogs.ciberespiral.org\/escuelas\/wp-json\/wp\/v2\/pages\/276\/revisions\/582"}],"wp:attachment":[{"href":"https:\/\/blogs.ciberespiral.org\/escuelas\/wp-json\/wp\/v2\/media?parent=276"}],"curies":[{"name":"wp","href":"https:\/\/api.w.org\/{rel}","templated":true}]}}