{"id":2287,"date":"2019-05-15T13:45:47","date_gmt":"2019-05-15T12:45:47","guid":{"rendered":"http:\/\/blogs.ciberespiral.org\/escuelas\/?page_id=2287"},"modified":"2019-05-20T12:00:15","modified_gmt":"2019-05-20T11:00:15","slug":"aprenentatge-basat-en-projectes-3","status":"publish","type":"page","link":"https:\/\/blogs.ciberespiral.org\/escuelas\/aprenentatge-basat-en-projectes-3\/","title":{"rendered":"Aprenentatge Basat en Projectes"},"content":{"rendered":"<h4>Descripci\u00f3 del curs<\/h4>\n<p>El curs tracta sobre la metodologia ABP \/ PBL. Es tracta de situar el Formador en el doble paper d\u2019alumne i de Professor, quant ha d\u2019entendre aquestes metodologies des dels dos punts de vista.En el curs es realitzara\u0300 una introduccio\u0301 conceptual i teo\u0300rica de manera que es pugui entendre l\u2019entorn de treball.<\/p>\n<p>L\u2019objectiu central del curs e\u0301s el d\u2019aconseguir la capacitacio\u0301 del professor com a tutor en l\u2019aprenentatge basat en problemes, per a aixo\u0300 es treballara\u0300 tant individualment com en grup, l\u2019entorn de treball sera\u0300 virtual i s\u2019utilitzaran metodologies de treball tant si\u0301ncrones per a les reunions, com asi\u0301ncrones per al treball i l\u2019estudi individual. Cal destacar que les reunions si\u0301ncrones seran volunta\u0300ries segons disponibilitat i necessitats dels participants.<\/p>\n<h4>Destinataris<\/h4>\n<p>Professors de tots els nivells, i de totes les etapes.<\/p>\n<h4>Requisits tecnol\u00f2gics<\/h4>\n<p>No calen coneixements previs. \u00c9s important una disposici\u00f3 a la col\u00b7laboraci\u00f3 i a l\u2019aprenentatge.<\/p>\n<h4>Objectius<\/h4>\n<ul>\n<li>Con\u00e8ixer la filosofia de l\u2019Aprenentatge Basat en Projectes.<\/li>\n<li>Saber utilitzar els recursos m\u00e9s importants d\u2019aquesta metodologia.<\/li>\n<li>Tindre la capacitat d\u2019avaluar els projectes i les seves necessitats.<\/li>\n<li>Saber crear, conduir, implementar i utilitzar projectes.<\/li>\n<\/ul>\n<div>\n<h4>Continguts<\/h4>\n<p>1. Presentaci\u00f3 personal<\/p>\n<p>2. Metodologia<\/p>\n<p>3. Projectes<\/p>\n<p>4. Treballar per projectes<\/p>\n<p>5. Desenvolupament de Projectes<\/p>\n<p>6. Exemples, recursos i dificultats<\/p>\n<p>7. Implementaci\u00f3<\/p>\n<h4>Metodologia<\/h4>\n<div>\n<p>Treballem en f\u00f2rums de discussi\u00f3, alhora que es realitzen reunions tem\u00e0tiques volunt\u00e0ries.<\/p>\n<\/div>\n<div>\n<h4>Certificaci\u00f3<\/h4>\n<p>Per poder certificar el curs, els participants han de superar el 100% de les activitats obligat\u00f2ries del mateix, en els terminis establerts, havent rebut una valoraci\u00f3 positiva de les activitats realitzades per part de la persona formadora. El curs es certifica amb 30 hores.<\/p>\n<\/div>\n<\/div>\n<h3><strong><a href=\"http:\/\/escuelas.ciberespiral.org\/ca\/matricula-2\/\">Inscripci\u00f3<\/a><\/strong><\/h3>\n","protected":false},"excerpt":{"rendered":"<p>Descripci\u00f3 del curs El curs tracta sobre la metodologia ABP \/ PBL. Es tracta de situar el Formador en el doble paper d\u2019alumne i de Professor, quant ha d\u2019entendre aquestes metodologies des dels dos punts de vista.En el curs es realitzara\u0300 una introduccio\u0301 conceptual i teo\u0300rica de manera que es&hellip;<\/p>\n","protected":false},"author":49,"featured_media":0,"parent":0,"menu_order":0,"comment_status":"closed","ping_status":"closed","template":"","meta":{"footnotes":""},"class_list":["post-2287","page","type-page","status-publish","hentry"],"_links":{"self":[{"href":"https:\/\/blogs.ciberespiral.org\/escuelas\/wp-json\/wp\/v2\/pages\/2287","targetHints":{"allow":["GET"]}}],"collection":[{"href":"https:\/\/blogs.ciberespiral.org\/escuelas\/wp-json\/wp\/v2\/pages"}],"about":[{"href":"https:\/\/blogs.ciberespiral.org\/escuelas\/wp-json\/wp\/v2\/types\/page"}],"author":[{"embeddable":true,"href":"https:\/\/blogs.ciberespiral.org\/escuelas\/wp-json\/wp\/v2\/users\/49"}],"replies":[{"embeddable":true,"href":"https:\/\/blogs.ciberespiral.org\/escuelas\/wp-json\/wp\/v2\/comments?post=2287"}],"version-history":[{"count":5,"href":"https:\/\/blogs.ciberespiral.org\/escuelas\/wp-json\/wp\/v2\/pages\/2287\/revisions"}],"predecessor-version":[{"id":2709,"href":"https:\/\/blogs.ciberespiral.org\/escuelas\/wp-json\/wp\/v2\/pages\/2287\/revisions\/2709"}],"wp:attachment":[{"href":"https:\/\/blogs.ciberespiral.org\/escuelas\/wp-json\/wp\/v2\/media?parent=2287"}],"curies":[{"name":"wp","href":"https:\/\/api.w.org\/{rel}","templated":true}]}}