{"id":2281,"date":"2019-05-15T13:44:36","date_gmt":"2019-05-15T12:44:36","guid":{"rendered":"http:\/\/blogs.ciberespiral.org\/escuelas\/?page_id=2281"},"modified":"2019-05-20T12:00:10","modified_gmt":"2019-05-20T11:00:10","slug":"flipped-classroom-capgira-la-classe-5","status":"publish","type":"page","link":"https:\/\/blogs.ciberespiral.org\/escuelas\/flipped-classroom-capgira-la-classe-5\/","title":{"rendered":"Flipped Classroom, capgira la classe!"},"content":{"rendered":"<h4>Descripci\u00f3 del curs<\/h4>\n<p><span style=\"color: #000000;\">Les persones participants en aquest curs construiran propostes d&#8217;activitats did\u00e0ctiques integrant els recursos i serveis que ja utilitzen amb altres de nous, despr\u00e9s de la seva identificaci\u00f3 i an\u00e0lisi en funci\u00f3 de les mat\u00e8ries i nivells educatius en els que treballen, orientant-se cap el model anomenat Flipped Classroom (Classe Inversa o Classe Capgirada).<\/span><\/p>\n<h4>Destinataris<\/h4>\n<p>Professorat de qualsevol nivell educatiu que desitgin iniciar-se en la pr\u00e0ctica de la modalitat de la classe capgirada o Flipped Classroom i\/o en l&#8217;\u00fas que permeti l&#8217;elaboraci\u00f3 de materials did\u00e0ctics multim\u00e8dia.<\/p>\n<h4>Requisits tecnol\u00f2gics<\/h4>\n<p>Coneixements b\u00e0sics del sistema operatiu (desc\u00e0rrega i instal laci\u00f3 de programes) i del navegador. Disponibilitat de dispositius electr\u00f2nics (ordinadors, tauletes, m\u00f2bils&#8230;) amb\u00a0 micr\u00f2fon i altaveus (o auriculars) i c\u00e0mara de video o webcam, amb connexi\u00f3 a Internet.<\/p>\n<h4>Objectius<\/h4>\n<ul>\n<li>Con\u00e8ixer el model Flipped Classroom i les diferents adaptacions, els seus avantatges i inconvenients.<\/li>\n<li>Analitzar el paper i les compet\u00e8ncies del professorat i de l&#8217;alumnat en aquesta metodologia.<\/li>\n<li>Analitzar experi\u00e8ncies d&#8217;\u00e8xit realitzades amb aquesta metodologia.<\/li>\n<li>Experimentar amb les aplicacions que permeten dur a terme l&#8217;anomenada flipped classroom i la generaci\u00f3 de continguts educatius digitals.<\/li>\n<li>Analitzar les transformacions necess\u00e0ries per estructurar una unitat did\u00e0ctica mitjan\u00e7ant la metodologia de la classe capgirada.<\/li>\n<li>Elaborar un projecte de classe capgirada orientat a un tema curricular.<\/li>\n<\/ul>\n<div>\n<h4>Continguts<\/h4>\n<p>1. El model Flipped Classroom: concepte, \u00e0mbits d&#8217;aplicaci\u00f3, avantatges i inconvenients. Planificaci\u00f3 d&#8217;una activitat formativa basada en el model de la classe capgirada.<br \/>\n2. An\u00e0lisi d&#8217;experi\u00e8ncies i propostes innovadores realitzades amb la metodologia de la classe capgirada. Selecci\u00f3 de materials did\u00e0ctics<br \/>\n3. Experimentaci\u00f3 amb les eines de generaci\u00f3 de continguts per a la realitzaci\u00f3 de materials multim\u00e8dia propis<br \/>\n4. Eines i estrat\u00e8gies per a l&#8217;elaboraci\u00f3 d&#8217;un projecte de classe capgirada. Disseny de l&#8217;activitat<br \/>\n5. Elaboraci\u00f3 de conclusions i disseny de l&#8217;avaluaci\u00f3 de l&#8217;activitat<\/p>\n<h4>Metodologia<\/h4>\n<div>\n<p><span style=\"font-size: medium;\"><span style=\"color: #000000;\">\u00c9s un curs en l\u00ednia que es realitza al <a href=\"https:\/\/campusespiral.org\/\" target=\"_blank\" rel=\"noopener noreferrer\">Campus d&#8217;Espiral<\/a>. El curs est\u00e0 estructurat en diferents temes, cada un dels quals disposar\u00e0 d&#8217;una temporalitzaci\u00f3 determinada, tot i que les persones participants poden anar desenvolupant les activitats al seu propi ritme de treball dins cada m\u00f2dul de treball.<br \/>\nEls formadors realitzaran un guiatge dels participants qui seran els protagonistes del seu proc\u00e9s d&#8217; aprenentatge amb l&#8217;ajuda dels materials i recursos que es posaran a la seva disposici\u00f3.<br \/>\nI tot aix\u00f2 es realitzar\u00e0 a trav\u00e9s del disseny d&#8217;una activitat formativa basada en la Flipped Classroom adaptada al nivell educatiu i als continguts triats pels propis participants.<\/span><\/span><\/p>\n<\/div>\n<div>\n<h4>Certificaci\u00f3<\/h4>\n<p>Per poder certificar el curs, els participants han de superar el 100% de les activitats obligat\u00f2ries del mateix, en els terminis establerts, havent rebut una valoraci\u00f3 positiva de les activitats realitzades per part de la persona formadora. El curs es certifica amb 30 hores.<\/p>\n<\/div>\n<h3><strong><a href=\"http:\/\/escuelas.ciberespiral.org\/ca\/matricula-2\/\">Inscripci\u00f3<\/a><\/strong><\/h3>\n<\/div>\n","protected":false},"excerpt":{"rendered":"<p>Descripci\u00f3 del curs Les persones participants en aquest curs construiran propostes d&#8217;activitats did\u00e0ctiques integrant els recursos i serveis que ja utilitzen amb altres de nous, despr\u00e9s de la seva identificaci\u00f3 i an\u00e0lisi en funci\u00f3 de les mat\u00e8ries i nivells educatius en els que treballen, orientant-se cap el model anomenat Flipped&hellip;<\/p>\n","protected":false},"author":49,"featured_media":0,"parent":0,"menu_order":0,"comment_status":"closed","ping_status":"closed","template":"","meta":{"footnotes":""},"class_list":["post-2281","page","type-page","status-publish","hentry"],"_links":{"self":[{"href":"https:\/\/blogs.ciberespiral.org\/escuelas\/wp-json\/wp\/v2\/pages\/2281","targetHints":{"allow":["GET"]}}],"collection":[{"href":"https:\/\/blogs.ciberespiral.org\/escuelas\/wp-json\/wp\/v2\/pages"}],"about":[{"href":"https:\/\/blogs.ciberespiral.org\/escuelas\/wp-json\/wp\/v2\/types\/page"}],"author":[{"embeddable":true,"href":"https:\/\/blogs.ciberespiral.org\/escuelas\/wp-json\/wp\/v2\/users\/49"}],"replies":[{"embeddable":true,"href":"https:\/\/blogs.ciberespiral.org\/escuelas\/wp-json\/wp\/v2\/comments?post=2281"}],"version-history":[{"count":5,"href":"https:\/\/blogs.ciberespiral.org\/escuelas\/wp-json\/wp\/v2\/pages\/2281\/revisions"}],"predecessor-version":[{"id":2706,"href":"https:\/\/blogs.ciberespiral.org\/escuelas\/wp-json\/wp\/v2\/pages\/2281\/revisions\/2706"}],"wp:attachment":[{"href":"https:\/\/blogs.ciberespiral.org\/escuelas\/wp-json\/wp\/v2\/media?parent=2281"}],"curies":[{"name":"wp","href":"https:\/\/api.w.org\/{rel}","templated":true}]}}