{"id":2277,"date":"2019-05-15T13:43:32","date_gmt":"2019-05-15T12:43:32","guid":{"rendered":"http:\/\/blogs.ciberespiral.org\/escuelas\/?page_id=2277"},"modified":"2019-05-20T12:00:07","modified_gmt":"2019-05-20T11:00:07","slug":"eines-digitals-per-la-inclusio-a-les-aules-2","status":"publish","type":"page","link":"https:\/\/blogs.ciberespiral.org\/escuelas\/eines-digitals-per-la-inclusio-a-les-aules-2\/","title":{"rendered":"Eines digitals per la inclusi\u00f3 a les aules"},"content":{"rendered":"<p><iframe title=\"einesdigitals19\" width=\"640\" height=\"360\" src=\"https:\/\/www.youtube.com\/embed\/M7HDkugh9vg?feature=oembed\" frameborder=\"0\" allow=\"accelerometer; autoplay; clipboard-write; encrypted-media; gyroscope; picture-in-picture; web-share\" referrerpolicy=\"strict-origin-when-cross-origin\" allowfullscreen><\/iframe><\/p>\n<h4>Descripci\u00f3 del curs<\/h4>\n<p>Aquest curs de formaci\u00f3 telem\u00e0tica pret\u00e9n oferir eines digitals per a facilitar l\u2019acc\u00e9s a la informaci\u00f3 per part de tot l\u2019alumnat, oferint igualtat d\u2019oportunitat.<\/p>\n<p>S\u00f3n molts els recursos i la varietat de metodologies que els docents podem aplicar a les aules amb la finalitat d\u2019arribar a tots alumnes i de personalitzar el seu proc\u00e9s d\u2019aprenentatge. Alguns d\u2019aquests recursos s\u00f3n els que ens ofereixen les eines digitals.<\/p>\n<p>En aquest curs plantejarem diverses eines: algunes per a accedir a la informaci\u00f3, d\u2019altres per a tractar la informaci\u00f3 i crear contingut i d\u2019altres per a fer-ne difusi\u00f3. Totes elles ens ajudaran a dissenyar activitats que es podran implementar a l\u2019aula properament.<\/p>\n<p>Sabem que l\u2019alumne \u00e9s el protagonista de l\u2019aprenentatge i per aquest motiu, el professorat ha de con\u00e8ixer varietat de recursos per a poder acompanyar a l\u2019alumne durant aquest proc\u00e9s.<\/p>\n<p>Es tracta d\u2019un curs pr\u00e0ctic on oferirem espais de reflexi\u00f3, de debat, activitats individuals, espais on compartirem les activitats planificades.<\/p>\n<h4>Destinataris<\/h4>\n<p>Docents d&#8217;infantil, prim\u00e0ria i\/o secund\u00e0ria.<\/p>\n<h4>Requisits tecnol\u00f2gics<\/h4>\n<p>Per seguir aquest curs necessitareu:<\/p>\n<p>Un navegador modern (per exemple Mozilla Firefox, Google Chrome, o d\u2019altres)<\/p>\n<p>Un processador de textos (OpenOffice Writer, MS Word, serveis en l\u00ednia)<\/p>\n<p>Un lector de pdf (com ara el Acrobat Reader).<\/p>\n<h4>Objectius<\/h4>\n<ul>\n<li>Con\u00e8ixer la funcionalitat de diferents eines digitals.<\/li>\n<li>Planificar activitats on les eines digitals siguin un recurs.<\/li>\n<li>Compartir experi\u00e8ncies i reflexions entre iguals.<\/li>\n<\/ul>\n<h4>Continguts<\/h4>\n<p>0. Presentaci\u00f3 i debat inicial<\/p>\n<p>1. Eines d\u2019acc\u00e9s a la informaci\u00f3<\/p>\n<ul>\n<li>Netejadors d\u2019informaci\u00f3<\/li>\n<li>Lectors de pantalla<\/li>\n<\/ul>\n<p>2. Eines d\u2019organitzaci\u00f3 de la informaci\u00f3<\/p>\n<ul>\n<li>Mapes conceptuals<\/li>\n<li>N\u00favols de paraules<\/li>\n<li>Murs digitals<\/li>\n<\/ul>\n<p>3. Creaci\u00f3 de contingut i difusi\u00f3<\/p>\n<ul>\n<li>Presentacions creatives<\/li>\n<li>Repositori de recursos Symbaloo<\/li>\n<\/ul>\n<p>4. Projecte final<\/p>\n<ul>\n<li>Eines col.laboratives<\/li>\n<li>Disseny d\u2019una activitat inclusiva DUA<\/li>\n<\/ul>\n<h4>Metodologia<\/h4>\n<p>\u00c9s un curs en l\u00ednia que es realitza al <a href=\"https:\/\/campusespiral.org\/\" target=\"_blank\" rel=\"noopener noreferrer\">Campus d&#8217;Espiral<\/a>.<\/p>\n<p>Tot i que s&#8217;anir\u00e0 seguint una planificaci\u00f3 temporal, les persones participants poden anar explorant el funcionament de l&#8217;aula i els racons del curs al seu propi ritme dins cada m\u00f2dul de treball.<\/p>\n<p>En aquest curs les persones que hi participen s\u00f3n protagonistes, s\u00f3n qui ha de planificar l\u2019aprenentatge i construir el coneixement. Per a fer-ho compten amb l\u2019ajut de la formadora, dels materials i de la resta de recursos de l&#8217;aula.<\/p>\n<p>Les activitats es realitzaran seguint dues din\u00e0miques: individual o grup sencer.<\/p>\n<p>Les din\u00e0miques individuals s\u00f3n activitats a compartir en f\u00f2rums de grup o b\u00e9 tasques a entregar de forma individual.<\/p>\n<p>En el cas del treball en grup sencer, cal destacar els debats, que requereixen la participaci\u00f3 de tothom per tal que la discussi\u00f3 sigui rica i profitosa i es pugui aprendre de manera cooperativa.<\/p>\n<h4>Certificaci\u00f3<\/h4>\n<p>Per poder certificar el curs, els participants han de superar el 100% de les activitats obligat\u00f2ries del mateix, en els terminis establerts, havent rebut una valoraci\u00f3 positiva de les activitats realitzades per part de la persona formadora. El curs es certifica amb 30 hores.<\/p>\n<p>&nbsp;<\/p>\n<h3><strong><a href=\"http:\/\/escuelas.ciberespiral.org\/ca\/matricula-2\/\">Inscripci\u00f3<\/a><\/strong><\/h3>\n","protected":false},"excerpt":{"rendered":"<p>Descripci\u00f3 del curs Aquest curs de formaci\u00f3 telem\u00e0tica pret\u00e9n oferir eines digitals per a facilitar l\u2019acc\u00e9s a la informaci\u00f3 per part de tot l\u2019alumnat, oferint igualtat d\u2019oportunitat. S\u00f3n molts els recursos i la varietat de metodologies que els docents podem aplicar a les aules amb la finalitat d\u2019arribar a tots&hellip;<\/p>\n","protected":false},"author":49,"featured_media":0,"parent":0,"menu_order":0,"comment_status":"closed","ping_status":"closed","template":"","meta":{"footnotes":""},"class_list":["post-2277","page","type-page","status-publish","hentry"],"_links":{"self":[{"href":"https:\/\/blogs.ciberespiral.org\/escuelas\/wp-json\/wp\/v2\/pages\/2277","targetHints":{"allow":["GET"]}}],"collection":[{"href":"https:\/\/blogs.ciberespiral.org\/escuelas\/wp-json\/wp\/v2\/pages"}],"about":[{"href":"https:\/\/blogs.ciberespiral.org\/escuelas\/wp-json\/wp\/v2\/types\/page"}],"author":[{"embeddable":true,"href":"https:\/\/blogs.ciberespiral.org\/escuelas\/wp-json\/wp\/v2\/users\/49"}],"replies":[{"embeddable":true,"href":"https:\/\/blogs.ciberespiral.org\/escuelas\/wp-json\/wp\/v2\/comments?post=2277"}],"version-history":[{"count":5,"href":"https:\/\/blogs.ciberespiral.org\/escuelas\/wp-json\/wp\/v2\/pages\/2277\/revisions"}],"predecessor-version":[{"id":2704,"href":"https:\/\/blogs.ciberespiral.org\/escuelas\/wp-json\/wp\/v2\/pages\/2277\/revisions\/2704"}],"wp:attachment":[{"href":"https:\/\/blogs.ciberespiral.org\/escuelas\/wp-json\/wp\/v2\/media?parent=2277"}],"curies":[{"name":"wp","href":"https:\/\/api.w.org\/{rel}","templated":true}]}}