{"id":2267,"date":"2019-05-15T13:39:37","date_gmt":"2019-05-15T12:39:37","guid":{"rendered":"http:\/\/blogs.ciberespiral.org\/escuelas\/?page_id=2267"},"modified":"2019-05-21T18:24:22","modified_gmt":"2019-05-21T17:24:22","slug":"los-objetivos-de-desarrollo-sostenible-en-educacion-el-reto-del-aula-del-2030","status":"publish","type":"page","link":"https:\/\/blogs.ciberespiral.org\/escuelas\/los-objetivos-de-desarrollo-sostenible-en-educacion-el-reto-del-aula-del-2030\/","title":{"rendered":"Los Objetivos de Desarrollo Sostenible en Educaci\u00f3n: el reto del aula del 2030"},"content":{"rendered":"<p><iframe title=\"v\u00eddeo Los ODS en Educaci\u00f3n Castellano\" width=\"640\" height=\"360\" src=\"https:\/\/www.youtube.com\/embed\/Pi-iqZMylIM?feature=oembed\" frameborder=\"0\" allow=\"accelerometer; autoplay; clipboard-write; encrypted-media; gyroscope; picture-in-picture; web-share\" referrerpolicy=\"strict-origin-when-cross-origin\" allowfullscreen><\/iframe><\/p>\n<h4>Descripci\u00f3n del curso<\/h4>\n<p>Los ODS son 17 objetivos identificados por la ONU el 25 de septiembre de 2015 pactado por los l\u00edderes mundiales establecieron objetivos globales para erradicar la pobreza, proteger el planeta y asegurar la prosperidad para todos como parte de una nueva agenda de desarrollo sostenible. Cada objetivo tiene metas espec\u00edficas que deben alcanzarse en los pr\u00f3ximos 15 a\u00f1os.<\/p>\n<p>En este contexto, la escuela, el \u00e1mbito educativo no puede quedar al margen de los ODS y debe de tenerlos presentes en los diferentes curr\u00edculos acad\u00e9micos que determinan las diferentes administraciones. La forma m\u00e1s sencilla, es la de establecer vinculaciones de los contenidos con los diferentes ODS, as\u00ed como el desarrollas proyectos, (bien a nivel de aula, o centro) donde, a partir, de las metodolog\u00edas activas, podamos desarrollar acciones directas que modifiquen tambi\u00e9n el entorno, empoderando a los alumnos como agentes transformadores.<\/p>\n<h4>Destinatarios<\/h4>\n<p>Docentes de cualquier materia y nivel educativo.<\/p>\n<h4>Requisitos tecnol\u00f3gicos<\/h4>\n<p>Es necesario tener un m\u00ednimo dominio del entorno Moodle, procesador de textos,edici\u00f3n de imagen, as\u00ed como editores de v\u00eddeo. Tambi\u00e9n nociones b\u00e1sicas de redes sociales como Twitter o Facebook.<\/p>\n<h4>Objetivos<\/h4>\n<ul>\n<li>Conocer los Objetivos de Desarrollo Sostenible<\/li>\n<li>Identificar los Objetivos de Desarrollo sostenible dentro de los contenidos curriculares de sus clases<\/li>\n<li>Identificar las herramientas TIC como instrumentos para la agenda de crecimiento sostenible<\/li>\n<li>Identificar y planificar acciones a realizar en el entorno m\u00e1s pr\u00f3ximo o cercano del alumnado (aula\/centro)<\/li>\n<li>Identificar y seleccionar los medios sociales m\u00e1s adecuados para compartir la experiencia.<\/li>\n<\/ul>\n<h4>Contenidos<\/h4>\n<p>1. Piensa: \u00bfQu\u00e9 \u00e9s la agenda 2030? \u00bfQu\u00e9 son los ODS o #ODS?<\/p>\n<ul>\n<li>\u00bfQu\u00e9 es la Agenda 2030? \u00bfQu\u00e9 son los ODS?<\/li>\n<li>\u00bfPor qu\u00e9 trabajar los ODS en Educaci\u00f3n?<\/li>\n<li>Principales webs oficiales donde encontrar informaci\u00f3n, as\u00ed como movimientos Internacionales.<\/li>\n<\/ul>\n<p>2. Impl\u00edcate: Los ODS en Educaci\u00f3n<\/p>\n<ul>\n<li>\u00bfQu\u00e9 valores trabajo en mi aula?<\/li>\n<li>\u00bfPuedo implementar los ODS en mis actividades docentes?<\/li>\n<li>\u00bfC\u00f3mo puedo hacerlo?<\/li>\n<li>Metodolog\u00edas activas que favorecen la participaci\u00f3n del alumnado (ABP\/Proyectos Globales Colaborativos\/Aprendizaje Servicio)<\/li>\n<\/ul>\n<p>3. Act\u00faa: Los ODS en tu aula<\/p>\n<ul>\n<li>\u00bfC\u00f3mo seleccionar los ODS para tus actividades de aprendizaje?<\/li>\n<li>Como potenciar la voz del estudiante<\/li>\n<li>Competencias trabajadas por el alumnado<\/li>\n<li>Herramientas Tic para la participaci\u00f3n\/colaboraci\u00f3n\/voz del estudiante<\/li>\n<\/ul>\n<p>4. Act\u00faa II: Planifica tu proyecto<\/p>\n<ul>\n<li>\u00bfC\u00f3mo secuenciar tu proyecto en el aula?<\/li>\n<li>\u00bfQu\u00e9 metodolog\u00eda quiero desarrollar?<\/li>\n<li>Productos del alumnado: clave para la implicaci\u00f3n<\/li>\n<li>Herramientas de creaci\u00f3n de contenidos audiovisuales (v\u00eddeo, Sway)<\/li>\n<\/ul>\n<p>5. Comparte: Acciones locales, logros globales<\/p>\n<ul>\n<li>Estrategias en la difusi\u00f3n de la acci\u00f3n: planificaci\u00f3n de Medios<\/li>\n<li>Herramientas de difusi\u00f3n (Redes Sociales)<\/li>\n<li>Herramientas de recopilaci\u00f3n: Sway\/wakelet<\/li>\n<\/ul>\n<h4>Metodolog\u00eda<\/h4>\n<p>Es un curso en l\u00ednea que se realiza en el <a href=\"https:\/\/campusespiral.org\/\" target=\"_blank\" rel=\"noopener noreferrer\">Campus de Espiral<\/a>, en el que de manera secuenciada se plantean din\u00e1micas grupales y actividades tanto en equipo\u00a0 como individuales. Se recomienda trabajar de manera regular y continuada, cada d\u00eda, teniendo tambi\u00e9n en cuenta que, dependiendo de las habilidades digitales previas, quiz\u00e1 tendr\u00e9is que hacer aprendizajes paralelos que os requerir\u00e1n un tiempo adicional. Muchas de las actividades se hacen en equipo y requieren participaci\u00f3n y la interacci\u00f3n de todos sus miembros.<\/p>\n<h4>Certificaci\u00f3n<\/h4>\n<p>Para poder certificar el curso, los participantes deben superar el 100% de las actividades obligatorias del mismo, en los plazos establecidos, habiendo recibido una valoraci\u00f3n positiva de las actividades realizadas por parte de la persona formadora. El curso se certifica con 30 horas.<\/p>\n<p>&nbsp;<\/p>\n<h3><strong><a title=\"Matr\u00edcula\" href=\"http:\/\/blogs.ciberespiral.org\/escuelas\/ca\/matricula\/\">Inscripci\u00f3n<\/a><\/strong><\/h3>\n","protected":false},"excerpt":{"rendered":"<p>Descripci\u00f3n del curso Los ODS son 17 objetivos identificados por la ONU el 25 de septiembre de 2015 pactado por los l\u00edderes mundiales establecieron objetivos globales para erradicar la pobreza, proteger el planeta y asegurar la prosperidad para todos como parte de una nueva agenda de desarrollo sostenible. Cada objetivo&hellip;<\/p>\n","protected":false},"author":49,"featured_media":0,"parent":0,"menu_order":0,"comment_status":"closed","ping_status":"closed","template":"","meta":{"footnotes":""},"class_list":["post-2267","page","type-page","status-publish","hentry"],"_links":{"self":[{"href":"https:\/\/blogs.ciberespiral.org\/escuelas\/wp-json\/wp\/v2\/pages\/2267","targetHints":{"allow":["GET"]}}],"collection":[{"href":"https:\/\/blogs.ciberespiral.org\/escuelas\/wp-json\/wp\/v2\/pages"}],"about":[{"href":"https:\/\/blogs.ciberespiral.org\/escuelas\/wp-json\/wp\/v2\/types\/page"}],"author":[{"embeddable":true,"href":"https:\/\/blogs.ciberespiral.org\/escuelas\/wp-json\/wp\/v2\/users\/49"}],"replies":[{"embeddable":true,"href":"https:\/\/blogs.ciberespiral.org\/escuelas\/wp-json\/wp\/v2\/comments?post=2267"}],"version-history":[{"count":6,"href":"https:\/\/blogs.ciberespiral.org\/escuelas\/wp-json\/wp\/v2\/pages\/2267\/revisions"}],"predecessor-version":[{"id":2721,"href":"https:\/\/blogs.ciberespiral.org\/escuelas\/wp-json\/wp\/v2\/pages\/2267\/revisions\/2721"}],"wp:attachment":[{"href":"https:\/\/blogs.ciberespiral.org\/escuelas\/wp-json\/wp\/v2\/media?parent=2267"}],"curies":[{"name":"wp","href":"https:\/\/api.w.org\/{rel}","templated":true}]}}