{"id":2253,"date":"2019-05-15T13:36:54","date_gmt":"2019-05-15T12:36:54","guid":{"rendered":"http:\/\/blogs.ciberespiral.org\/escuelas\/?page_id=2253"},"modified":"2019-05-21T18:22:15","modified_gmt":"2019-05-21T17:22:15","slug":"diseno-3d","status":"publish","type":"page","link":"https:\/\/blogs.ciberespiral.org\/escuelas\/diseno-3d\/","title":{"rendered":"Dise\u00f1o e Impresi\u00f3n 3D"},"content":{"rendered":"<p><iframe title=\"Dise\u00f1o e Imagen 3D. Formaci\u00f3n Espiral.\" width=\"640\" height=\"360\" src=\"https:\/\/www.youtube.com\/embed\/AOMYSkkFd8E?feature=oembed\" frameborder=\"0\" allow=\"accelerometer; autoplay; clipboard-write; encrypted-media; gyroscope; picture-in-picture; web-share\" referrerpolicy=\"strict-origin-when-cross-origin\" allowfullscreen><\/iframe><\/p>\n<h4>Descripci\u00f3n del curso<\/h4>\n<p>El mundo del dise\u00f1o 3D y de la impresi\u00f3n est\u00e1 cobrando una enorme relevancia en nuestro mundo.\u00a0 Actualmente la impresi\u00f3n 3D est\u00e1 presente en campos como la medicina, la arquitectura y por supuesto, ahora est\u00e1 tomando importancia en la educaci\u00f3n.<br \/>\nCon este curso aprender\u00e1s de una manera secuenciada a dise\u00f1ar e imprimir en 3D y podr\u00e1s dar rienda suelta a tu creatividad e imaginaci\u00f3n.<br \/>\nEl mundo 3D ha llegado para quedarse entre nosotros. Es el momento de aprender sus fundamentos y poder as\u00ed trasmit\u00edrselos a los ciudadanos del ma\u00f1ana.<br \/>\nTodo lo que pienses lo podr\u00e1s crear.<\/p>\n<h4>Destinatarios<\/h4>\n<p>Docentes de cualquier materia y cualquier nivel educativo.<\/p>\n<h4>Requisitos tecnol\u00f3gicos<\/h4>\n<p>Uso y manejo de correo, abrir cuentas de usuarios, instalar programas y b\u00fasquedas avanzadas.<\/p>\n<h4>Objetivos<\/h4>\n<ul>\n<li>Conocer los materiales y componentes de la impresi\u00f3n 3D.<\/li>\n<li>Investigar diferentes software de dise\u00f1o y de impresi\u00f3n.<\/li>\n<li>Crear dise\u00f1os 3D<\/li>\n<li>Iniciarse en la herramienta Autodesk Tinkercad y en su pesta\u00f1a &#8220;Ense\u00f1anza&#8221;<\/li>\n<li>Instalar y configurar software de impresi\u00f3n 3D<\/li>\n<\/ul>\n<h4>Contenidos<\/h4>\n<p>1. Las impresoras 3D, \u00bfqu\u00e9 es eso?<\/p>\n<ul>\n<li>Breve historia de la impresi\u00f3n 3D.<\/li>\n<li>Tipos y modelos de impresoras 3D.<\/li>\n<li>Componentes de una impresora.<\/li>\n<li>Materiales de impresi\u00f3n: Pl\u00e1sticos, metales, cer\u00e1mica, resinas, etc.<\/li>\n<li>Aplicaciones industriales y educativas.<\/li>\n<\/ul>\n<p>2. De consumidor de dise\u00f1os &#8230;<\/p>\n<ul>\n<li>Los dise\u00f1os 3D.<\/li>\n<li>Los dise\u00f1os 3D en la red.<\/li>\n<li>Thingiverse.<\/li>\n<li>Autodesk TinkerCad.<\/li>\n<\/ul>\n<p>3. &#8230; A creador<\/p>\n<ul>\n<li>Dise\u00f1o con Autodesk TinkerCad<\/li>\n<li>Exportar dise\u00f1os para imprimir.<\/li>\n<li>Ultimaker Cura. Instalaci\u00f3n y configuraci\u00f3n.<\/li>\n<\/ul>\n<h4>Metodolog\u00eda<\/h4>\n<p>Es un curso en l\u00ednea que se realiza en el <a href=\"https:\/\/campusespiral.org\/\" target=\"_blank\" rel=\"noopener noreferrer\">Campus de Espiral<\/a>.\u00a0Su estructura se basa en el aprendizaje por bloques, que van de un aprendizaje global sobre las impresoras 3D, a lo concreto como es, la creaci\u00f3n de dise\u00f1os. Pero antes se investigar\u00e1 diferente software y por supuesto, rastreando lo que han hecho otros, seremos: &#8220;makers consumidores de recursos&#8221;.<br \/>\nLa tipolog\u00eda de actividades es variada e incluye cuestionarios se seguimiento, participaci\u00f3n en grupos de debate y entrega de tareas.<\/p>\n<h4>Certificaci\u00f3n<\/h4>\n<p>Para poder certificar el curso, los participantes deben superar el 100% de las actividades obligatorias del mismo, en los plazos establecidos, habiendo recibido una valoraci\u00f3n positiva de las actividades realizadas por parte de la persona formadora. El curso se certifica con 30 horas.<\/p>\n<p>&nbsp;<\/p>\n<h3><strong><a title=\"Matr\u00edcula\" href=\"http:\/\/blogs.ciberespiral.org\/escuelas\/ca\/matricula\/\">Inscripci\u00f3n<\/a><\/strong><\/h3>\n","protected":false},"excerpt":{"rendered":"<p>Descripci\u00f3n del curso El mundo del dise\u00f1o 3D y de la impresi\u00f3n est\u00e1 cobrando una enorme relevancia en nuestro mundo.\u00a0 Actualmente la impresi\u00f3n 3D est\u00e1 presente en campos como la medicina, la arquitectura y por supuesto, ahora est\u00e1 tomando importancia en la educaci\u00f3n. Con este curso aprender\u00e1s de una manera&hellip;<\/p>\n","protected":false},"author":49,"featured_media":0,"parent":0,"menu_order":0,"comment_status":"closed","ping_status":"closed","template":"","meta":{"footnotes":""},"class_list":["post-2253","page","type-page","status-publish","hentry"],"_links":{"self":[{"href":"https:\/\/blogs.ciberespiral.org\/escuelas\/wp-json\/wp\/v2\/pages\/2253","targetHints":{"allow":["GET"]}}],"collection":[{"href":"https:\/\/blogs.ciberespiral.org\/escuelas\/wp-json\/wp\/v2\/pages"}],"about":[{"href":"https:\/\/blogs.ciberespiral.org\/escuelas\/wp-json\/wp\/v2\/types\/page"}],"author":[{"embeddable":true,"href":"https:\/\/blogs.ciberespiral.org\/escuelas\/wp-json\/wp\/v2\/users\/49"}],"replies":[{"embeddable":true,"href":"https:\/\/blogs.ciberespiral.org\/escuelas\/wp-json\/wp\/v2\/comments?post=2253"}],"version-history":[{"count":7,"href":"https:\/\/blogs.ciberespiral.org\/escuelas\/wp-json\/wp\/v2\/pages\/2253\/revisions"}],"predecessor-version":[{"id":2716,"href":"https:\/\/blogs.ciberespiral.org\/escuelas\/wp-json\/wp\/v2\/pages\/2253\/revisions\/2716"}],"wp:attachment":[{"href":"https:\/\/blogs.ciberespiral.org\/escuelas\/wp-json\/wp\/v2\/media?parent=2253"}],"curies":[{"name":"wp","href":"https:\/\/api.w.org\/{rel}","templated":true}]}}