{"id":22,"date":"2019-04-15T13:07:24","date_gmt":"2019-04-15T12:07:24","guid":{"rendered":"http:\/\/blogs.ciberespiral.org\/escuelas\/?page_id=22"},"modified":"2020-07-03T11:17:39","modified_gmt":"2020-07-03T10:17:39","slug":"matricula","status":"publish","type":"page","link":"https:\/\/blogs.ciberespiral.org\/escuelas\/matricula\/","title":{"rendered":"Matr\u00edcula"},"content":{"rendered":"\n<h3 class=\"wp-block-heading\">Calendario:<\/h3>\n\n\n\n<ul class=\"wp-block-list\"><li>Inscripciones: Ampliado el plazo de inscripci\u00f3n<\/li><li>Realizaci\u00f3n de los cursos: del 1 al 15 de julio de 2020<\/li><\/ul>\n\n\n\n<h3 class=\"wp-block-heading\">Precio y modalidad<\/h3>\n\n\n\n<p> Cursos de 30 horas en l\u00ednea en <a href=\"http:\/\/campusespiral.org\">campus espiral<\/a><\/p>\n\n\n\n<ul class=\"wp-block-list\"><li>45\u20ac Socio<\/li><li>95\u20ac No socio<\/li><li>55\u20ac Nuevo socio<\/li><li>50\u20ac Nuevo socio menor de 30 a\u00f1os <\/li><\/ul>\n\n\n\n<div class=\"wp-block-button\"><a class=\"wp-block-button__link\" href=\"https:\/\/www.ciberespiral.org\/socios\">Disfruta las ventajas de ser socio\/a<\/a><\/div>\n\n\n\n<h3 class=\"wp-block-heading\">Matr\u00edcula <span style=\"color: #ff0000; font-size: 18px;\"><\/span><\/h3>\n\n\n\n<p>El periodo de matr\u00edcula ha finalizado:<\/p>\n\n\n\n<div class=\"wp-block-button\"><a class=\"wp-block-button__link\" href=\"https:\/\/www.ciberespiral.org\/ca\/\">Inscripci\u00f3n<\/a><\/div>\n\n\n\n<div class=\"wp-block-button\"><a class=\"wp-block-button__link\" href=\"https:\/\/www.ciberespiral.org\/ca\/\">Pago<\/a><\/div>\n\n\n\n<p class=\"has-small-font-size\">La matr\u00edcula se considerar\u00e1 formalizada una vez abonado el importe de la inscripci\u00f3n.<\/p>\n\n\n\n<h3 class=\"wp-block-heading\">Certificaci\u00f3n<\/h3>\n\n\n\n<ul class=\"wp-block-list\"><li>Usuarios XTEC (Catalu\u00f1a): Los cursos organizados por la Asociaci\u00f3n Espiral tienen los mismos efectos para el profesorado que los cursos inclu\u00eddos en el Plan de Formaci\u00f3n Permanente del Departament d&#8217;Educaci\u00f3. Los certificados se incorporan directamente al expediente de formaci\u00f3n del profesor\/a de la XTEC (<span style=\"color: #0000ff;\"><a style=\"color: #0000ff;\" href=\"http:\/\/xtec.gencat.cat\/ca\/formacio\/la-meva-formacio\/els-meus-certificats\/\" target=\"_blank\" rel=\"noopener noreferrer\">http:\/\/xtec.gencat.cat\/ca\/formacio\/la-meva-formacio\/els-meus-certificats\/<\/a><\/span>) en el plazo de dos meses una vez finalizado el curso.<\/li><li>Resto de participantes: Los certificados se enviar\u00e1n en formato PDF por correo electr\u00f3nico lo antes posible.<\/li><\/ul>\n\n\n\n<h3 class=\"wp-block-heading\">Observaciones<\/h3>\n\n\n\n<ul class=\"wp-block-list\"><li>Plazas limitadas: La asignaci\u00f3n de plazas se realizar\u00e1 por riguroso orden de pago.<\/li><li>La Asociaci\u00f3n Espiral se reserva el derecho a anular los cursos que no lleguen a un m\u00ednimo de 5 participantes.<\/li><li>Una vez iniciado el curso, no se devolver\u00e1 el importe de la matr\u00edcula, excepto en casos graves y &nbsp;excepcionales debidamente acreditados.<\/li><\/ul>\n\n\n\n<h3 class=\"wp-block-heading\">Para m\u00e1s informaci\u00f3n<\/h3>\n\n\n\n<p>Correo electr\u00f3nico:<\/p>\n\n\n\n<ul class=\"wp-block-list\"><li>Consultas sobre inscripciones y pagos:<span class=\"Apple-converted-space\">&nbsp;<\/span><a href=\"mailto:secretaria.tecnica@ciberespiral.org\">secretaria.tecnica@ciberespiral.org<\/a><\/li><li>Consultas sobre el campus en l\u00ednea:<span class=\"Apple-converted-space\">&nbsp;<\/span><a href=\"mailto:formacion@ciberespiral.org\">formacion@ciberespiral.org<\/a><\/li><\/ul>\n\n\n\n<p><span style=\"color: #0000ff;\"><a style=\"color: #0000ff;\" href=\"http:\/\/www.ciberespiral.org\/\" target=\"_blank\" rel=\"noopener noreferrer\">Asociaci\u00f3n Espiral, Educaci\u00f3n y Tecnolog\u00eda<\/a><\/span><\/p>\n","protected":false},"excerpt":{"rendered":"<p>Calendario: Inscripciones: Ampliado el plazo de inscripci\u00f3n Realizaci\u00f3n de los cursos: del 1 al 15 de julio de 2020 Precio y modalidad Cursos de 30 horas en l\u00ednea en campus espiral 45\u20ac Socio 95\u20ac No socio 55\u20ac Nuevo socio 50\u20ac Nuevo socio menor de 30 a\u00f1os Matr\u00edcula El periodo de&hellip;<\/p>\n","protected":false},"author":44,"featured_media":0,"parent":0,"menu_order":0,"comment_status":"closed","ping_status":"open","template":"","meta":{"footnotes":""},"class_list":["post-22","page","type-page","status-publish","hentry"],"_links":{"self":[{"href":"https:\/\/blogs.ciberespiral.org\/escuelas\/wp-json\/wp\/v2\/pages\/22","targetHints":{"allow":["GET"]}}],"collection":[{"href":"https:\/\/blogs.ciberespiral.org\/escuelas\/wp-json\/wp\/v2\/pages"}],"about":[{"href":"https:\/\/blogs.ciberespiral.org\/escuelas\/wp-json\/wp\/v2\/types\/page"}],"author":[{"embeddable":true,"href":"https:\/\/blogs.ciberespiral.org\/escuelas\/wp-json\/wp\/v2\/users\/44"}],"replies":[{"embeddable":true,"href":"https:\/\/blogs.ciberespiral.org\/escuelas\/wp-json\/wp\/v2\/comments?post=22"}],"version-history":[{"count":69,"href":"https:\/\/blogs.ciberespiral.org\/escuelas\/wp-json\/wp\/v2\/pages\/22\/revisions"}],"predecessor-version":[{"id":3284,"href":"https:\/\/blogs.ciberespiral.org\/escuelas\/wp-json\/wp\/v2\/pages\/22\/revisions\/3284"}],"wp:attachment":[{"href":"https:\/\/blogs.ciberespiral.org\/escuelas\/wp-json\/wp\/v2\/media?parent=22"}],"curies":[{"name":"wp","href":"https:\/\/api.w.org\/{rel}","templated":true}]}}