{"id":205,"date":"2015-05-11T23:52:20","date_gmt":"2015-05-11T22:52:20","guid":{"rendered":"http:\/\/blogs.ciberespiral.org\/escuelas\/?page_id=205"},"modified":"2016-05-20T20:59:35","modified_gmt":"2016-05-20T19:59:35","slug":"realidad-aumentada-un-aprendizaje-conectado-a-la-vida","status":"publish","type":"page","link":"https:\/\/blogs.ciberespiral.org\/escuelas\/realidad-aumentada-un-aprendizaje-conectado-a-la-vida\/","title":{"rendered":"Realidad Aumentada, un aprendizaje conectado a la vida"},"content":{"rendered":"<h5>[youtube height=&#8221;315&#8243; width=&#8221;560&#8243;]https:\/\/www.youtube.com\/watch?v=C5KBeKFxIks[\/youtube]<\/h5>\n<h5>Descripci\u00f3n de la actividad<\/h5>\n<div dir=\"ltr\">La Realidad Aumentada es una tecnolog\u00eda que permite borrar la l\u00ednea de separaci\u00f3n entre lo real y lo virtual, creando una realidad enriquecida en el que se a\u00f1ade contenido digital (texto, imagen, audio, v\u00eddeo, modelos 3D\u2026) a nuestro entorno en tiempo real. Estos \u201caumentos\u201d de la realidad pueden mejorar el conocimiento del individuo y permitirle un mayor grado de comprensi\u00f3n de la realidad.<\/div>\n<div dir=\"ltr\">Este curso\u00a0pretende que el alumno descubra las posibilidades de la Realidad Aumentada, su potencial en educaci\u00f3n y diferentes herramientas que le permitir\u00e1n introducir esta tecnolog\u00eda en el aula.<\/div>\n<div dir=\"ltr\">La posibilidad de crear materiales y recursos educativos innovadores con Realidad Aumentada est\u00e1 en tus manos \u00bfte atreves?<\/div>\n<div dir=\"ltr\">\n<h5><\/h5>\n<h5><span style=\"color: #000000;\">Destinatarios<\/span><\/h5>\n<p>Profesores de todos los niveles educativos que deseen iniciarse en la creaci\u00f3n de materiales did\u00e1cticos con Realidad Aumentada.<\/p>\n<h5><\/h5>\n<h5><span style=\"color: #000000;\">Requisitos t\u00e9cnicos de los participantes<\/span><\/h5>\n<p>Conocimientos previos:<\/p>\n<ul>\n<li>Se requiere estar familiarizado con el uso de las TIC.<\/li>\n<\/ul>\n<p>Hardware necesario:<\/p>\n<ul>\n<li>Ordenador personal.<\/li>\n<li>Sistema operativo Windows 7 o Windows 8.<\/li>\n<li>Webcam, preferiblemente c\u00e1mara USB, en principio, cualquier c\u00e1mara actual puede ser v\u00e1lida para Realidad Aumentada.<\/li>\n<li>Smartphone o Tablet.<\/li>\n<li>Sistema operativo Android o iOS.<\/li>\n<\/ul>\n<h5><\/h5>\n<h5><span style=\"color: #000000;\">Objetivos<\/span><\/h5>\n<ul>\n<li>Descubrir el concepto de Realidad Aumentada y su potencial aplicado a la educaci\u00f3n.<\/li>\n<li>Conocer diferentes herramientas de software de Realidad Aumentada y sus posibilidades en el dise\u00f1o de proyectos educativos.<\/li>\n<li>Dise\u00f1ar recursos educativos con Realidad Aumentada<\/li>\n<\/ul>\n<h5><\/h5>\n<h5><span style=\"color: #000000;\">Contenidos<\/span><\/h5>\n<div>\n<ul>\n<li>M\u00f3dulo 0: Introducci\u00f3n a la Realidad Aumentada.<\/li>\n<li>M\u00f3dulo 1-\u00a0Realidad Aumentada basada en marcas.<\/li>\n<li>M\u00f3dulo 2 \u2013 Realidad Aumentada markerless<\/li>\n<li>M\u00f3dulo 3 &#8211; Visual Search y Realidad Aumentada Geolocalizada<\/li>\n<li>Proyecto final<\/li>\n<\/ul>\n<div>\n<div>\n<h5><span style=\"color: #3366ff;\"><br \/>\n<span style=\"color: #000000;\">Metodolog\u00eda<\/span><\/span><\/h5>\n<div>La informaci\u00f3n del curso se organiza por m\u00f3dulos de trabajo.<\/div>\n<div>En cada uno de ellos el alumno tiene a su disposici\u00f3n una completa informaci\u00f3n para un adecuado seguimiento del curso.<br \/>\nSe disponen espacios de comunicaci\u00f3n en forma de foros de debate en los que el alumno deber\u00e1 participar para compartir sus experiencias, dudas e ideas referentes al m\u00f3dulo en curso.<br \/>\nSe plantean actividades pr\u00e1cticas al final de cada bloque tem\u00e1tico, as\u00ed como un proyecto final, que deber\u00e1n ser entregados en el tiempo y forma designados por el profesor.<\/div>\n<div>\n<h5><\/h5>\n<h5><span style=\"color: #000000;\">Requisitos de certificaci\u00f3n<\/span><\/h5>\n<p>Para obtener la certificaci\u00f3n oficial del curso es necesario:<\/p>\n<div>\n<ul>\n<li>Superar la evaluaci\u00f3n de las diferentes actividades planteadas durante el curso: las tareas deber\u00e1n ser valoradas positivamente.<\/li>\n<li>Entregar las actividades propuestas dentro del plazo establecido por el formador.<\/li>\n<li>Participar en los espacios de debate y trabajo en grupo que se determinen.<\/li>\n<li>Presentar y aprobar el proyecto final del curso.<\/li>\n<\/ul>\n<div>\n<div>\n<h5><\/h5>\n<h5><span style=\"color: #3366ff;\">Fechas de realizaci\u00f3n<\/span><\/h5>\n<p>del 1 al 1 de julio de 2015<\/p>\n<h5><span style=\"color: #3366ff;\">Duraci\u00f3n<\/span><\/h5>\n<p>30 horas<\/p>\n<\/div>\n<div>\n<h5><span style=\"color: #3366ff;\">Formador<\/span><\/h5>\n<p><img decoding=\"async\" class=\"alignleft wp-image-444 size-thumbnail\" src=\"http:\/\/blogs.ciberespiral.org\/escuelas\/wp-content\/uploads\/sites\/16\/2015\/05\/Raul-Reinoso-150x150.gif\" alt=\"Raul Reinoso\" width=\"150\" height=\"150\" \/><strong>Ra\u00fal Reinoso\u00a0<a href=\"https:\/\/twitter.com\/#!\/tecnotic\" target=\"_blank\">@tecnotic<\/a><\/strong><\/p>\n<p>Profesor, investigador y divulgador tecnol\u00f3gico. Miembro de la Junta Ampliada de la <a href=\"http:\/\/www.google.com\/url?q=http%3A%2F%2Fwww.ciberespiral.org%2F&amp;sa=D&amp;sntz=1&amp;usg=AFrqEzfAmYly_QJ7UEg9lA3MLhWLq_NBVQ\" target=\"_blank\">Asociaci\u00f3n Espiral, Educaci\u00f3n y Tecnolog\u00eda<\/a>. Promotor del\u00a0<a href=\"http:\/\/www.google.es\/url?sa=t&amp;rct=j&amp;q=&amp;esrc=s&amp;source=web&amp;cd=1&amp;cad=rja&amp;ved=0CC8QFjAA&amp;url=http%3A%2F%2Fwww.aumenta.me%2F&amp;ei=a8iyUPjJPIeK4gTbjoDwBA&amp;usg=AFQjCNETsm1m767iPxVerLGnmPuVnHkUrg\" target=\"_blank\">Proyecto Aumentame<\/a>\u00a0de Espiral. Miembro del Consejo Asesor de <a href=\"http:\/\/www.google.com\/url?q=http%3A%2F%2Fwww.aumentaty.com%2F&amp;sa=D&amp;sntz=1&amp;usg=AFrqEzeVkpNbk-5A7C0kEekql9RSW3Eu8Q\" target=\"_blank\">Aumentaty<\/a>. Editor del portal <a href=\"http:\/\/www.google.com\/url?q=http%3A%2F%2Fwww.tecnotic.com&amp;sa=D&amp;sntz=1&amp;usg=AFrqEzdzfM-haWVo4hkno4-wCIhAsuxCww\">www.tecnotic.com<\/a>.<\/p>\n<\/div>\n<p>&nbsp;<\/p>\n<p>&nbsp;<\/p>\n<p>&nbsp;<\/p>\n<h3><span style=\"color: #0000ff;\"><strong><span style=\"text-decoration: underline;\"><a style=\"color: #0000ff; text-decoration: underline;\" title=\"Matr\u00edcula\" href=\"http:\/\/blogs.ciberespiral.org\/escuelas\/ca\/matricula-2\/\">Inscripci\u00f3<\/a>n<\/span><\/strong><\/span><\/h3>\n<\/div>\n<\/div>\n<\/div>\n<\/div>\n<p>&nbsp;<\/p>\n<\/div>\n<\/div>\n<\/div>\n","protected":false},"excerpt":{"rendered":"<p>[youtube height=&#8221;315&#8243; width=&#8221;560&#8243;]https:\/\/www.youtube.com\/watch?v=C5KBeKFxIks[\/youtube] Descripci\u00f3n de la actividad La Realidad Aumentada es una tecnolog\u00eda que permite borrar la l\u00ednea de separaci\u00f3n entre lo real y lo virtual, creando una realidad enriquecida en el que se a\u00f1ade contenido digital (texto, imagen, audio, v\u00eddeo, modelos 3D\u2026) a nuestro entorno en tiempo real. Estos&hellip;<\/p>\n","protected":false},"author":48,"featured_media":0,"parent":0,"menu_order":0,"comment_status":"closed","ping_status":"open","template":"","meta":{"footnotes":""},"class_list":["post-205","page","type-page","status-publish","hentry"],"_links":{"self":[{"href":"https:\/\/blogs.ciberespiral.org\/escuelas\/wp-json\/wp\/v2\/pages\/205","targetHints":{"allow":["GET"]}}],"collection":[{"href":"https:\/\/blogs.ciberespiral.org\/escuelas\/wp-json\/wp\/v2\/pages"}],"about":[{"href":"https:\/\/blogs.ciberespiral.org\/escuelas\/wp-json\/wp\/v2\/types\/page"}],"author":[{"embeddable":true,"href":"https:\/\/blogs.ciberespiral.org\/escuelas\/wp-json\/wp\/v2\/users\/48"}],"replies":[{"embeddable":true,"href":"https:\/\/blogs.ciberespiral.org\/escuelas\/wp-json\/wp\/v2\/comments?post=205"}],"version-history":[{"count":19,"href":"https:\/\/blogs.ciberespiral.org\/escuelas\/wp-json\/wp\/v2\/pages\/205\/revisions"}],"predecessor-version":[{"id":980,"href":"https:\/\/blogs.ciberespiral.org\/escuelas\/wp-json\/wp\/v2\/pages\/205\/revisions\/980"}],"wp:attachment":[{"href":"https:\/\/blogs.ciberespiral.org\/escuelas\/wp-json\/wp\/v2\/media?parent=205"}],"curies":[{"name":"wp","href":"https:\/\/api.w.org\/{rel}","templated":true}]}}