{"id":20,"date":"2015-04-15T13:06:37","date_gmt":"2015-04-15T12:06:37","guid":{"rendered":"http:\/\/blogs.ciberespiral.org\/escuelas\/?page_id=20"},"modified":"2019-05-26T17:56:53","modified_gmt":"2019-05-26T16:56:53","slug":"cursos","status":"publish","type":"page","link":"https:\/\/blogs.ciberespiral.org\/escuelas\/cursos\/","title":{"rendered":"Cursos"},"content":{"rendered":"<p>Con el soporte de:<br \/>\n<img decoding=\"async\" src=\"http:\/\/ciberespiral.org\/ehe11\/images\/gencat.gif\" alt=\"Generalitat\" width=\"200\" \/><\/p>\n<p style=\"text-align: justify;\">\n<p style=\"text-align: justify;\">Todos los cursos de la Escuela virtual de Verano Espiral tienen el reconocimiento del Departament d&#8217;Ensenyament de la Generalitat de Catalunya , por lo que su certificaci\u00f3n tiene validez a todos los efectos administrativos.<\/p>\n<p><iframe title=\"V\u00eddeo presentaci\u00f3n de la Escuela Virtual de Verano de Espiral\" width=\"640\" height=\"360\" src=\"https:\/\/www.youtube.com\/embed\/xec_ITfFzeg?feature=oembed\" frameborder=\"0\" allow=\"accelerometer; autoplay; clipboard-write; encrypted-media; gyroscope; picture-in-picture; web-share\" referrerpolicy=\"strict-origin-when-cross-origin\" allowfullscreen><\/iframe><\/p>\n<p style=\"text-align: justify;\">Los cursos virtuales de formaci\u00f3n que l Asociaci\u00f3n Espiral, Educaci\u00f3n y Tecnologia oferta en esta edici\u00f3n (<strong>del 1 de julio al 17 de julio de 2015<\/strong>) son los siguientes:<\/p>\n<table style=\"border: 10px solid white;\">\n<tbody>\n<tr>\n<th style=\"background-color: #bdbdbd;\" width=\"300\">Cursos en Castellano<\/th>\n<th style=\"background-color: #bdbdbd;\" width=\"150\">Docentes<\/th>\n<th style=\"background-color: #bdbdbd;\" width=\"35\">Horas<\/th>\n<\/tr>\n<tr style=\"background-color: #efefef;\">\n<td><a href=\"http:\/\/blogs.ciberespiral.org\/escuelas\/aprendizaje-basado-en-problemas-y-en-proyectos\/\">Aprendizaje Basado en Problemas y en Proyectos<\/a><\/td>\n<td>Jordi Guim<\/td>\n<td>30h.<\/td>\n<\/tr>\n<tr style=\"background-color: #f8f8f8;\">\n<td><a href=\"http:\/\/blogs.ciberespiral.org\/escuelas\/metodologias-para-el-aprendizaje-activo-en-el-aula-del-siglo-xxi\/\">Metodolog\u00edas para el aprendizaje activo en el aula del siglo XXI<\/a><\/td>\n<td>Juan Carlos Palomino<\/td>\n<td>30h.<\/td>\n<\/tr>\n<tr style=\"background-color: #efefef;\">\n<td><a href=\"http:\/\/blogs.ciberespiral.org\/escuelas\/moodle-avanzado\/\">Moodle avanzado<\/a><\/td>\n<td>Josep Ramon Planas<\/td>\n<td>30h.<\/td>\n<\/tr>\n<tr style=\"background-color: #f8f8f8;\">\n<td><a href=\"http:\/\/blogs.ciberespiral.org\/escuelas\/realidad-aumentada-un-aprendizaje-conectado-a-la-vida\/\">Realidad Aumentada, un aprendizaje conectado a la vida<\/a><\/td>\n<td>Ra\u00fal Reinoso<\/td>\n<td>30h.<\/td>\n<\/tr>\n<tr style=\"background-color: #efefef;\">\n<td><a href=\"http:\/\/blogs.ciberespiral.org\/escuelas\/rodamos-en-el-aula-el-stop-motion-2\/\">Rodamos en el aula: el stop-motion<\/a><\/td>\n<td>Jose Daniel Garc\u00eda<\/td>\n<td>30h.<\/td>\n<\/tr>\n<\/tbody>\n<\/table>\n<table style=\"border: 10px solid white;\">\n<tbody>\n<tr>\n<th style=\"background-color: #bdbdbd;\" width=\"300\">Cursos en Catal\u00e1n<\/th>\n<th style=\"background-color: #bdbdbd;\" width=\"150\">Docentes<\/th>\n<th style=\"background-color: #bdbdbd;\" width=\"35\">Horas<\/th>\n<\/tr>\n<tr style=\"background-color: #efefef;\">\n<td><a href=\"http:\/\/blogs.ciberespiral.org\/escuelas\/ca\/eines-tac-per-a-la-inclusio-del-tot-lalumnat\/\">Eines TAC per a la inclusi\u00f3 del tot l&#8217;alumnat<\/a><\/td>\n<td>Maria Maci\u00e0<\/td>\n<td>30h.<\/td>\n<\/tr>\n<tr style=\"background-color: #f8f8f8;\">\n<td><a href=\"http:\/\/blogs.ciberespiral.org\/escuelas\/ca\/moodle-avancat\/\">Moodle avan\u00e7at<\/a><\/td>\n<td>Josep Ramon Planas<\/td>\n<td>30h.<\/td>\n<\/tr>\n<tr style=\"background-color: #efefef;\">\n<td><a href=\"http:\/\/blogs.ciberespiral.org\/escuelas\/ca\/multimedia-basica\/\">Multim\u00e8dia b\u00e0sica<\/a><\/td>\n<td>Joan Padr\u00f3s<\/td>\n<td>30h.<\/td>\n<\/tr>\n<tr style=\"background-color: #f8f8f8;\">\n<td><a href=\"http:\/\/blogs.ciberespiral.org\/escuelas\/scratch-2-0-pensament-creatiu-a-laula\/\">Scratch 2.0! Pensament creatiu a l&#8217;aula<\/a><\/td>\n<td>Frank Sabat\u00e9<\/td>\n<td>30h.<\/td>\n<\/tr>\n<tr style=\"background-color: #efefef;\">\n<td><a href=\"http:\/\/blogs.ciberespiral.org\/escuelas\/ca\/com-treballar-amb-dispositius-mobils-a-laula\/\">Com treballar amb dispositius m\u00f2bils a l&#8217;aula.<\/a><\/td>\n<td>Xavier Su\u00f1\u00e9<br \/>\nDelia G\u00e1mez<\/td>\n<td>30h.<\/td>\n<\/tr>\n<tr style=\"background-color: #f8f8f8;\">\n<td><a href=\"http:\/\/blogs.ciberespiral.org\/escuelas\/ca\/flipped-classroom-capgira-la-classe\/\">Flipped Classroom, capgira la classe!<\/a><\/td>\n<td>Xavier Su\u00f1\u00e9<br \/>\nJoan Padr\u00f3s<\/td>\n<td>30h.<\/td>\n<\/tr>\n<\/tbody>\n<\/table>\n<table style=\"border: 10px solid white;\">\n<tbody>\n<tr>\n<th style=\"background-color: #bdbdbd;\" width=\"300\">Cursos en Ingl\u00e9s<\/th>\n<th style=\"background-color: #bdbdbd;\" width=\"150\">Docentes<\/th>\n<th style=\"background-color: #bdbdbd;\" width=\"35\">Horas<\/th>\n<\/tr>\n<tr style=\"background-color: #efefef;\">\n<td><a href=\"http:\/\/blogs.ciberespiral.org\/escuelas\/lets-clil-aicle\/\">Let&#8217;s CLIL (AICLE)<\/a>\u00a0<span style=\"color: #ff0000;\">Plazas agotadas<\/span><\/td>\n<td>Almodis Orellana<br \/>\nMarta Cabeza<\/td>\n<td>30h.<\/td>\n<\/tr>\n<tr style=\"background-color: #f8f8f8;\">\n<td><a href=\"http:\/\/blogs.ciberespiral.org\/escuelas\/summer-crash-course-in-tech-for-language-teachers\/\">Summer crash course in tech for language teachers.<\/a><\/td>\n<td>S\u00f2nia Guilana<\/td>\n<td>30h.<\/td>\n<\/tr>\n<\/tbody>\n<\/table>\n","protected":false},"excerpt":{"rendered":"<p>Con el soporte de: Todos los cursos de la Escuela virtual de Verano Espiral tienen el reconocimiento del Departament d&#8217;Ensenyament de la Generalitat de Catalunya , por lo que su certificaci\u00f3n tiene validez a todos los efectos administrativos. Los cursos virtuales de formaci\u00f3n que l Asociaci\u00f3n Espiral, Educaci\u00f3n y Tecnologia&hellip;<\/p>\n","protected":false},"author":44,"featured_media":0,"parent":0,"menu_order":0,"comment_status":"closed","ping_status":"closed","template":"","meta":{"footnotes":""},"class_list":["post-20","page","type-page","status-publish","hentry"],"_links":{"self":[{"href":"https:\/\/blogs.ciberespiral.org\/escuelas\/wp-json\/wp\/v2\/pages\/20","targetHints":{"allow":["GET"]}}],"collection":[{"href":"https:\/\/blogs.ciberespiral.org\/escuelas\/wp-json\/wp\/v2\/pages"}],"about":[{"href":"https:\/\/blogs.ciberespiral.org\/escuelas\/wp-json\/wp\/v2\/types\/page"}],"author":[{"embeddable":true,"href":"https:\/\/blogs.ciberespiral.org\/escuelas\/wp-json\/wp\/v2\/users\/44"}],"replies":[{"embeddable":true,"href":"https:\/\/blogs.ciberespiral.org\/escuelas\/wp-json\/wp\/v2\/comments?post=20"}],"version-history":[{"count":40,"href":"https:\/\/blogs.ciberespiral.org\/escuelas\/wp-json\/wp\/v2\/pages\/20\/revisions"}],"predecessor-version":[{"id":2918,"href":"https:\/\/blogs.ciberespiral.org\/escuelas\/wp-json\/wp\/v2\/pages\/20\/revisions\/2918"}],"wp:attachment":[{"href":"https:\/\/blogs.ciberespiral.org\/escuelas\/wp-json\/wp\/v2\/media?parent=20"}],"curies":[{"name":"wp","href":"https:\/\/api.w.org\/{rel}","templated":true}]}}