{"id":1857,"date":"2019-05-07T19:14:52","date_gmt":"2019-05-07T18:14:52","guid":{"rendered":"http:\/\/blogs.ciberespiral.org\/escuelas\/?page_id=1857"},"modified":"2019-06-27T11:53:13","modified_gmt":"2019-06-27T10:53:13","slug":"cursos-2019","status":"publish","type":"page","link":"https:\/\/blogs.ciberespiral.org\/escuelas\/cursos-2019\/","title":{"rendered":"Cursos 2019"},"content":{"rendered":"\t\t<div data-elementor-type=\"wp-post\" data-elementor-id=\"1857\" class=\"elementor elementor-1857\">\n\t\t\t\t\t\t<section class=\"elementor-section elementor-top-section elementor-element elementor-element-773fc365 elementor-section-boxed elementor-section-height-default elementor-section-height-default\" data-id=\"773fc365\" data-element_type=\"section\">\n\t\t\t\t\t\t<div class=\"elementor-container elementor-column-gap-default\">\n\t\t\t\t\t<div class=\"elementor-column elementor-col-100 elementor-top-column elementor-element elementor-element-6427e721\" data-id=\"6427e721\" data-element_type=\"column\">\n\t\t\t<div class=\"elementor-widget-wrap elementor-element-populated\">\n\t\t\t\t\t\t<div class=\"elementor-element elementor-element-12fc6ef2 elementor-widget elementor-widget-text-editor\" data-id=\"12fc6ef2\" data-element_type=\"widget\" data-widget_type=\"text-editor.default\">\n\t\t\t\t<div class=\"elementor-widget-container\">\n\t\t\t\t\t\t\t<p><!-- wp:html --><\/p>\n<p>Con el apoyo del <strong>Departament d&#8217;Educaci\u00f3 de la Generalitat de Catalunya<\/strong><\/p>\n<p style=\"text-align: justify;\">Los cursos de la Escuela virtual de Verano Espiral est\u00e1n en proceso de reconocimiento por el Departament d&#8217;Educaci\u00f3 de la Generalitat de Catalunya, para que su certificaci\u00f3n tenga validez a todos los efectos administrativos.<\/p>\n<ul>\n<li style=\"text-align: justify;\">Realizaci\u00f3n de los cursos de 30 horas: del 1 al 15 de julio de 2019<\/li>\n<li style=\"text-align: justify;\">Realizaci\u00f3n de los cursos de 45 horas: del 1 al 28 de julio de 2019<\/li>\n<\/ul>\n<p style=\"text-align: justify;\">Los cursos de formaci\u00f3n en l\u00ednea que la Asociaci\u00f3n Espiral, Educaci\u00f3n y Tecnolog\u00eda oferta en esta edici\u00f3n son los siguientes:<\/p>\n<table style=\"border: 10px solid white;\">\n<tbody>\n<tr>\n<th style=\"background-color: #bdbdbd;\" width=\"300\">Cursos en Castellano<\/th>\n<th style=\"background-color: #bdbdbd;\" width=\"150\">Docentes<\/th>\n<th style=\"background-color: #bdbdbd;\" width=\"35\">Horas<\/th>\n<\/tr>\n<tr style=\"background-color: #efefef;\">\n<td><a href=\"http:\/\/blogs.ciberespiral.org\/escuelas\/diseno-3d\/\" target=\"_blank\" rel=\"noopener noreferrer\">Dise\u00f1o e impresi\u00f3n 3D<\/a><\/td>\n<td><a href=\"http:\/\/escuelas.ciberespiral.org\/docentes-2019-2\/mario-santamaria\/\">Mario Santamar\u00eda<\/a><\/td>\n<td>30h.<\/td>\n<\/tr>\n<tr style=\"background-color: #f8f8f8;\">\n<td><a href=\"http:\/\/blogs.ciberespiral.org\/escuelas\/fact-checking-en-el-aula-recursos-para-estimular-una-actitud-critica-en-tiempos-de-sobreinformacion\/\" target=\"_blank\" rel=\"noopener noreferrer\">Fact-checking en el aula: Recursos para estimular una actitud cr\u00edtica en tiempos de sobreinformaci\u00f3n<\/a><\/td>\n<td><a href=\"http:\/\/escuelas.ciberespiral.org\/docentes-2019-2\/amalia-hafner\/\">Amalia Hafner<\/a><\/td>\n<td>30h.<\/td>\n<\/tr>\n<tr style=\"background-color: #f8f8f8;\">\n<td><a href=\"http:\/\/blogs.ciberespiral.org\/escuelas\/instrumentos-y-aplicaciones-para-simplificar-el-proceso-evaluador%e2%80%8e\/\" target=\"_blank\" rel=\"noopener noreferrer\">Instrumentos y aplicaciones para simplificar el proceso evaluador\u200e<\/a><\/td>\n<td><a href=\"http:\/\/escuelas.ciberespiral.org\/metodologias-para-el-aprendizaje-activo-en-el-aula-del-siglo-xxi\/juan-carlops-palomino-2\/\">Juan Carlos Palomino<\/a><\/td>\n<td>30h.<\/td>\n<\/tr>\n<tr style=\"background-color: #efefef;\">\n<td><a href=\"http:\/\/blogs.ciberespiral.org\/escuelas\/los-objetivos-de-desarrollo-sostenible-en-educacion-el-reto-del-aula-del-2030\/\" target=\"_blank\" rel=\"noopener noreferrer\">Los Objetivos de Desarrollo Sostenible en Educaci\u00f3n: el reto del aula del 2030<\/a><\/td>\n<td><a href=\"http:\/\/escuelas.ciberespiral.org\/docentes-2019-2\/angels-soriano\/\">\u00c0ngels Soriano<\/a><\/td>\n<td>30h.<\/td>\n<\/tr>\n<\/tbody>\n<\/table>\n<table style=\"border: 10px solid white; height: 375px;\" width=\"890\">\n<tbody>\n<tr>\n<th style=\"background-color: #bdbdbd;\" width=\"300\">Cursos en Catal\u00e1n<\/th>\n<th style=\"background-color: #bdbdbd;\" width=\"150\">Docentes<\/th>\n<th style=\"background-color: #bdbdbd;\" width=\"35\">Horas<\/th>\n<\/tr>\n<tr style=\"background-color: #efefef;\">\n<td><a href=\"http:\/\/blogs.ciberespiral.org\/escuelas\/ca\/escapa-de-la-rutina-a-laula-crea-un-breakout-edu-2\/\">Escapa de la rutina a l&#8217;aula: crea un BreakOut Edu<\/a><\/td>\n<td><a href=\"http:\/\/escuelas.ciberespiral.org\/docentes-2018\/pepe-soriano-2\/\">Pepe Soriano<\/a><\/td>\n<td>30h.<\/td>\n<\/tr>\n<tr style=\"background-color: #f8f8f8;\">\n<td><a href=\"http:\/\/blogs.ciberespiral.org\/escuelas\/ca\/creativitat-a-laula-recursos-tecniques-i-eines-per-innovar-creant\/\" target=\"_blank\" rel=\"noopener noreferrer\">Creativitat a l\u2019aula: recursos, t\u00e8cniques i eines per innovar creant<\/a><\/td>\n<td><a href=\"http:\/\/blogs.ciberespiral.org\/escuelas\/creatividad-en-el-aula-recursos-tecnicas-y-herramientas-para-innovar-creando\/javier-barba-calatrava\/\">Javier Barba<\/a><br \/><a href=\"http:\/\/escuelas.ciberespiral.org\/creatividad-en-el-aula-recursos-tecnicas-y-herramientas-para-innovar-creando\/jaione-pozuelo-2\/\"> Jaione Pozuelo<\/a><\/td>\n<td>30h.<\/td>\n<\/tr>\n<tr style=\"background-color: #efefef;\">\n<td><a href=\"http:\/\/blogs.ciberespiral.org\/escuelas\/ca\/eines-digitals-per-la-inclusio-a-les-aules-2\/\" target=\"_blank\" rel=\"noopener noreferrer\">Eines digitals per la inclusi\u00f3 a les aules<\/a><\/td>\n<td><a href=\"http:\/\/escuelas.ciberespiral.org\/docentes-2018\/sandra-ga-bo-2\/\">Sandra Gay<\/a><\/td>\n<td>30h.<\/td>\n<\/tr>\n<tr style=\"background-color: #f8f8f8;\">\n<td><a href=\"http:\/\/blogs.ciberespiral.org\/escuelas\/ca\/flipped-classroom-capgira-la-classe-5\/\" target=\"_blank\" rel=\"noopener noreferrer\">Flipped Classroom, capgira la classe!<\/a><\/td>\n<td><a href=\"http:\/\/escuelas.ciberespiral.org\/docentes\/joan-padros-2\/\">Joan Padr\u00f3s<\/a><br \/><a href=\"http:\/\/escuelas.ciberespiral.org\/docentes\/xavier-sune-2\/\"> Xavier Su\u00f1\u00e9<\/a><\/td>\n<td>30h.<\/td>\n<\/tr>\n<tr style=\"background-color: #efefef;\">\n<td><a href=\"http:\/\/blogs.ciberespiral.org\/escuelas\/ca\/aprenentatge-basat-en-projectes-3\/\" target=\"_blank\" rel=\"noopener noreferrer\">Aprenentatge Basat en Projectes<\/a><\/td>\n<td>\n<p>\u00a0<a href=\"http:\/\/blogs.ciberespiral.org\/escuelas\/docentes-2018\/juanfra_400x400-2\/\">Juan Francisco \u00c1lvarez<\/a><\/p>\n<\/td>\n<td>30h.<\/td>\n<\/tr>\n<tr style=\"background-color: #f8f8f8;\">\n<td>\u00a0<\/td>\n<td>\u00a0<\/td>\n<td>\u00a0<\/td>\n<\/tr>\n<\/tbody>\n<\/table>\n<p><!-- \/wp:html --><\/p>\t\t\t\t\t\t<\/div>\n\t\t\t\t<\/div>\n\t\t\t\t\t<\/div>\n\t\t<\/div>\n\t\t\t\t\t<\/div>\n\t\t<\/section>\n\t\t\t\t<\/div>\n\t\t","protected":false},"excerpt":{"rendered":"<p>Con el apoyo del Departament d&#8217;Educaci\u00f3 de la Generalitat de Catalunya Los cursos de la Escuela virtual de Verano Espiral est\u00e1n en proceso de reconocimiento por el Departament d&#8217;Educaci\u00f3 de la Generalitat de Catalunya, para que su certificaci\u00f3n tenga validez a todos los efectos administrativos. Realizaci\u00f3n de los cursos de&hellip;<\/p>\n","protected":false},"author":1,"featured_media":0,"parent":0,"menu_order":0,"comment_status":"closed","ping_status":"closed","template":"","meta":{"footnotes":""},"class_list":["post-1857","page","type-page","status-publish","hentry"],"_links":{"self":[{"href":"https:\/\/blogs.ciberespiral.org\/escuelas\/wp-json\/wp\/v2\/pages\/1857","targetHints":{"allow":["GET"]}}],"collection":[{"href":"https:\/\/blogs.ciberespiral.org\/escuelas\/wp-json\/wp\/v2\/pages"}],"about":[{"href":"https:\/\/blogs.ciberespiral.org\/escuelas\/wp-json\/wp\/v2\/types\/page"}],"author":[{"embeddable":true,"href":"https:\/\/blogs.ciberespiral.org\/escuelas\/wp-json\/wp\/v2\/users\/1"}],"replies":[{"embeddable":true,"href":"https:\/\/blogs.ciberespiral.org\/escuelas\/wp-json\/wp\/v2\/comments?post=1857"}],"version-history":[{"count":21,"href":"https:\/\/blogs.ciberespiral.org\/escuelas\/wp-json\/wp\/v2\/pages\/1857\/revisions"}],"predecessor-version":[{"id":2864,"href":"https:\/\/blogs.ciberespiral.org\/escuelas\/wp-json\/wp\/v2\/pages\/1857\/revisions\/2864"}],"wp:attachment":[{"href":"https:\/\/blogs.ciberespiral.org\/escuelas\/wp-json\/wp\/v2\/media?parent=1857"}],"curies":[{"name":"wp","href":"https:\/\/api.w.org\/{rel}","templated":true}]}}