{"id":182,"date":"2015-05-11T23:16:02","date_gmt":"2015-05-11T22:16:02","guid":{"rendered":"http:\/\/blogs.ciberespiral.org\/escuelas\/?page_id=182"},"modified":"2015-05-14T18:06:44","modified_gmt":"2015-05-14T17:06:44","slug":"metodologias-para-el-aprendizaje-activo-en-el-aula-del-siglo-xxi","status":"publish","type":"page","link":"https:\/\/blogs.ciberespiral.org\/escuelas\/metodologias-para-el-aprendizaje-activo-en-el-aula-del-siglo-xxi\/","title":{"rendered":"Metodolog\u00edas para el aprendizaje activo en el aula del siglo XXI"},"content":{"rendered":"<h5><span style=\"color: #3366ff;\">Descripci\u00f3n de la actividad<\/span><\/h5>\n<p>Las necesidades educativas que existen hoy en d\u00eda son muy diferentes a las de hace unos a\u00f1os. La did\u00e1ctica docente actual debe adaptarse a la nueva manera de aprender de los alumnos, utilizando metodolog\u00edas de aprendizaje activo donde el alumnado es el protagonista y la actividad docente se basa en promover multitud de experiencias enriquecedoras.<\/p>\n<p>Esta actividad formativa proporciona\u00a0conocimientos pedag\u00f3gicos \u00a0que ayudar\u00e1n a los participantes a obtener una base te\u00f3rica y \u00a0metodolog\u00edas para\u00a0poder implementar cambios significativos en sus clases. El objetivo principal es conocer c\u00f3mo integrar la tecnolog\u00eda en el aula desde el punto de vista metodol\u00f3gico.<\/p>\n<h5><\/h5>\n<h5><span style=\"color: #3366ff;\">Destinatarios<\/span><\/h5>\n<p>Docentes a partir de 5\u00ba curso de primaria.<\/p>\n<h5><\/h5>\n<h5><span style=\"color: #3366ff;\">Requisitos t\u00e9cnicos de los participantes<\/span><\/h5>\n<p>El \u00fanico requisito t\u00e9cnico es el de disponer de smartphone o tablet.<\/p>\n<h5><\/h5>\n<h5><span style=\"color: #3366ff;\">Objetivos<\/span><\/h5>\n<ul>\n<li>Conocer nuevas propuestas para el fomento del aprendizaje activo en el aula.<\/li>\n<li>Contrastar diferentes metodolog\u00edas utilizadas en el proceso de ense\u00f1anza-aprendizaje.<\/li>\n<li>Utilizar herramientas TIC como recursos que faciliten el trabajo colaborativo.<\/li>\n<li>Ampliar el conocimiento te\u00f3rico y pedag\u00f3gico del uso de las TIC en educaci\u00f3n.<\/li>\n<li>Conocer nuevas propuestas metodol\u00f3gicas que usan las TIC y que actualmente son tendencia<\/li>\n<\/ul>\n<h5><\/h5>\n<h5><span style=\"color: #3366ff;\">Contenidos<\/span><\/h5>\n<ul>\n<li>M\u00f3dulo 1: Nuevas teor\u00edas del aprendizaje: conectivismo.<\/li>\n<li>M\u00f3dulo 2: Modelos metodol\u00f3gicos SAMR para introducir la tecnolog\u00eda en el aula.<\/li>\n<li>M\u00f3dulo 3: Herramientas 2.0 para el trabajo por proyectos en el aula.<\/li>\n<\/ul>\n<h5><\/h5>\n<h5><span style=\"color: #3366ff;\">Metodolog\u00eda<\/span><\/h5>\n<div>La metodolog\u00eda estar\u00e1 basada en el principio de formaci\u00f3n-acci\u00f3n. Los participantes tendr\u00e1n que consultar una serie de contenidos que estar\u00e1n en diferentes formatos (texto, v\u00eddeo y\/o audio ) y realizar actividades pr\u00e1cticas. \u00a0Algunas de las tareas se realizar\u00e1n de manera grupal.<\/div>\n<div>Tambi\u00e9n se utilizar\u00e1 la videoconferencia \u00a0en alguna de las sesiones.<\/div>\n<div>En todo momento el tutor del curso \u00a0orientar\u00e1 el aprendizaje y atender\u00e1 las dudas y cuestiones que vayan surgiendo.<\/div>\n<h5><\/h5>\n<h5><span style=\"color: #3366ff;\">Requisitos de certificaci\u00f3n<\/span><\/h5>\n<p dir=\"ltr\"><span style=\"color: #000000;\">Para certificar el curso a las personas participantes, se deben cumplir las condiciones siguientes:<\/span><\/p>\n<ul>\n<li dir=\"ltr\">Superar la evaluaci\u00f3n de las diferentes actividades planteadas durante el curso: deber\u00e1n ser valoradas positivamente al menos el 80% de las tareas.<\/li>\n<li dir=\"ltr\">Entregar las actividades propuestas dentro del plazo establecido por el formador.<\/li>\n<li dir=\"ltr\">Participar en los espacios de debate y trabajo en grupo que se determinen.<\/li>\n<li dir=\"ltr\"><span style=\"color: #000000;\">Presentar las evidencias de aprendizaje a trav\u00e9s del portfolio personal.<\/span><\/li>\n<\/ul>\n<div>\n<h5><\/h5>\n<h5><span style=\"color: #3366ff;\">Fechas de realizaci\u00f3n<\/span><\/h5>\n<p>del 1 al 17 de julio de 2015<\/p>\n<h5><span style=\"color: #3366ff;\">Duraci\u00f3n<\/span><\/h5>\n<p>30 horas<\/p>\n<\/div>\n<div>\n<h5><span style=\"color: #3366ff;\">Formador<\/span><\/h5>\n<p><img decoding=\"async\" class=\"alignleft wp-image-434 size-thumbnail\" src=\"http:\/\/blogs.ciberespiral.org\/escuelas\/wp-content\/uploads\/sites\/16\/2015\/05\/Juan-Carlops-Palomino-150x150.jpeg\" alt=\"Juan Carlos Palomino\" width=\"150\" height=\"150\" srcset=\"https:\/\/blogs.ciberespiral.org\/escuelas\/wp-content\/uploads\/sites\/16\/2015\/05\/Juan-Carlops-Palomino-150x150.jpeg 150w, https:\/\/blogs.ciberespiral.org\/escuelas\/wp-content\/uploads\/sites\/16\/2015\/05\/Juan-Carlops-Palomino-300x300.jpeg 300w, https:\/\/blogs.ciberespiral.org\/escuelas\/wp-content\/uploads\/sites\/16\/2015\/05\/Juan-Carlops-Palomino.jpeg 512w\" sizes=\"(max-width: 150px) 100vw, 150px\" \/><strong>Juan Carlos Palomino <a class=\"ProfileHeaderCard-screennameLink u-linkComplex js-nav\" href=\"https:\/\/twitter.com\/jcpalominotic\">@<span class=\"u-linkComplex-target\">jcpalominotic<\/span><\/a> <\/strong><\/p>\n<\/div>\n<div>Maestro de coraz\u00f3n dedicado a otros menesteres pero enamorado de la educaci\u00f3n y de las TIC. Diplomado en Magisterio y Licenciado en Pedagog\u00eda. Durante 6 a\u00f1os he estado trabajando como maestro en educaci\u00f3n primaria, pero actualmente desarrollo mi trabajo en una consultor\u00eda de innovaci\u00f3n educativa acompa\u00f1ando a centros y al profesorado en la utilizaci\u00f3n de metodolog\u00edas adaptadas al alumnado del siglo XXI.<\/div>\n<p>&nbsp;<\/p>\n<p>&nbsp;<\/p>\n<h3><span style=\"color: #0000ff;\"><strong><span style=\"text-decoration: underline;\"><a style=\"color: #0000ff; text-decoration: underline;\" title=\"Matr\u00edcula\" href=\"http:\/\/blogs.ciberespiral.org\/escuelas\/ca\/matricula-2\/\">Inscripci\u00f3<\/a>n<\/span><\/strong><\/span><\/h3>\n","protected":false},"excerpt":{"rendered":"<p>Descripci\u00f3n de la actividad Las necesidades educativas que existen hoy en d\u00eda son muy diferentes a las de hace unos a\u00f1os. La did\u00e1ctica docente actual debe adaptarse a la nueva manera de aprender de los alumnos, utilizando metodolog\u00edas de aprendizaje activo donde el alumnado es el protagonista y la actividad&hellip;<\/p>\n","protected":false},"author":48,"featured_media":0,"parent":0,"menu_order":0,"comment_status":"closed","ping_status":"open","template":"","meta":{"footnotes":""},"class_list":["post-182","page","type-page","status-publish","hentry"],"_links":{"self":[{"href":"https:\/\/blogs.ciberespiral.org\/escuelas\/wp-json\/wp\/v2\/pages\/182","targetHints":{"allow":["GET"]}}],"collection":[{"href":"https:\/\/blogs.ciberespiral.org\/escuelas\/wp-json\/wp\/v2\/pages"}],"about":[{"href":"https:\/\/blogs.ciberespiral.org\/escuelas\/wp-json\/wp\/v2\/types\/page"}],"author":[{"embeddable":true,"href":"https:\/\/blogs.ciberespiral.org\/escuelas\/wp-json\/wp\/v2\/users\/48"}],"replies":[{"embeddable":true,"href":"https:\/\/blogs.ciberespiral.org\/escuelas\/wp-json\/wp\/v2\/comments?post=182"}],"version-history":[{"count":19,"href":"https:\/\/blogs.ciberespiral.org\/escuelas\/wp-json\/wp\/v2\/pages\/182\/revisions"}],"predecessor-version":[{"id":498,"href":"https:\/\/blogs.ciberespiral.org\/escuelas\/wp-json\/wp\/v2\/pages\/182\/revisions\/498"}],"wp:attachment":[{"href":"https:\/\/blogs.ciberespiral.org\/escuelas\/wp-json\/wp\/v2\/media?parent=182"}],"curies":[{"name":"wp","href":"https:\/\/api.w.org\/{rel}","templated":true}]}}