{"id":1746,"date":"2018-05-30T11:50:31","date_gmt":"2018-05-30T10:50:31","guid":{"rendered":"http:\/\/blogs.ciberespiral.org\/escuelas\/?page_id=1746"},"modified":"2018-06-29T11:22:34","modified_gmt":"2018-06-29T10:22:34","slug":"cursos-2018-2","status":"publish","type":"page","link":"https:\/\/blogs.ciberespiral.org\/escuelas\/cursos-2018-2\/","title":{"rendered":"Cursos 2018"},"content":{"rendered":"<p>Amb el suport del\u00a0<strong>Departament d&#8217;Ensenyament de la Generalitat de Catalunya<\/strong>:<\/p>\n<p>Tots els cursos de l&#8217;Escola virtual d&#8217;Estiu Espiral tenen el reconeixement del Departament\u00a0d&#8217;Ensenyament\u00a0de la Generalitat de Catalunya , i per tant la seva certificaci\u00f3 t\u00e9 validesa a tots els efectes administratius.<\/p>\n<ul>\n<li>Realitzaci\u00f3 dels cursos de 30 hores: de l\u20191 al 15 de juliol de 2018<\/li>\n<li>Realitzaci\u00f3 dels cursos de\u00a045 hores: de l\u20191 al 28 de juliol de 2018<\/li>\n<\/ul>\n<p>&nbsp;<\/p>\n<p>Els cursos virtuals de formaci\u00f3 que l&#8217;Associaci\u00f3 Espiral, Educaci\u00f3 i Tecnologia oferta en aquesta edici\u00f3\u00a0s\u00f3n els seg\u00fcents:<\/p>\n<table style=\"border: 10px solid white;\">\n<tbody>\n<tr>\n<th style=\"background-color: #bdbdbd;\" width=\"300\">Cursos en Catal\u00e0<\/th>\n<th style=\"background-color: #bdbdbd;\" width=\"150\">Docents<\/th>\n<th style=\"background-color: #bdbdbd;\" width=\"35\">Hores<\/th>\n<\/tr>\n<tr style=\"background-color: #efefef;\">\n<td><del><a href=\"http:\/\/blogs.ciberespiral.org\/escuelas\/ca\/rutines-de-pensament-i-think-based-learning\/\">Rutines de pensament i think based learning<\/a> <\/del>No admet matr\u00edcula<\/td>\n<td>Nerea\u00a0Monta\u00f1o<\/td>\n<td>30h.<\/td>\n<\/tr>\n<tr style=\"background-color: #f8f8f8;\">\n<td><a href=\"http:\/\/blogs.ciberespiral.org\/escuelas\/ca\/eines-digitals-per-la-inclusio-a-les-aules\/\">Eines digitals per la inclusi\u00f3 a les aules<\/a><\/td>\n<td>Sandra Gay<\/td>\n<td>30h.<\/td>\n<\/tr>\n<tr style=\"background-color: #efefef;\">\n<td><a href=\"http:\/\/blogs.ciberespiral.org\/escuelas\/ca\/flipped-classroom-capgira-la-classe-4\/\">Flipped Classroom, capgira la classe<\/a><\/td>\n<td>Xavier Su\u00f1\u00e9<br \/>\nJoan Padr\u00f3s<\/td>\n<td>30h.<\/td>\n<\/tr>\n<tr style=\"background-color: #f8f8f8;\">\n<td><del><a href=\"http:\/\/blogs.ciberespiral.org\/escuelas\/ca\/scratch-2-0-pensament-creatiu-a-laula-4\/\">Scratch 2.0! Pensament creatiu a l&#8217;aula<\/a> <\/del> No admet matr\u00edcula<\/td>\n<td>\u00a0Pau Nin<\/td>\n<td>30h.<\/td>\n<\/tr>\n<tr style=\"background-color: #efefef;\">\n<td><a href=\"http:\/\/blogs.ciberespiral.org\/escuelas\/ca\/aprenentatge-basat-en-projectes-2\/\">Aprenentatge basat en Projectes<\/a><\/td>\n<td>Juanfra Alvarez<\/td>\n<td>30h.<\/td>\n<\/tr>\n<tr style=\"background-color: #f8f8f8;\">\n<td><a href=\"http:\/\/blogs.ciberespiral.org\/escuelas\/ca\/steam-a-laula-disseny-i-creacio-3d-amb-beetle-blocks-2\/\">STEAM a l&#8217;aula: Disseny i creaci\u00f3 3D amb Beetle Blocks<\/a><\/td>\n<td>\u00a0Xavier Rosell<br \/>\nArtur Tallada<\/td>\n<td>30h.<\/td>\n<\/tr>\n<tr style=\"background-color: #efefef;\">\n<td><del><a href=\"http:\/\/blogs.ciberespiral.org\/escuelas\/ca\/serveis-google-a-laula-aplicacio-practica-2\/\">Serveis Google a l\u2019aula. Aplicaci\u00f3 pr\u00e0ctica<\/a><\/del> No admet matr\u00edcula<\/td>\n<td>\u00a0Sara Su\u00f1\u00e9<\/td>\n<td>30h.<\/td>\n<\/tr>\n<tr style=\"background-color: #f8f8f8;\">\n<td><del><a href=\"http:\/\/blogs.ciberespiral.org\/escuelas\/ca\/aprenem-a-programar-android-amb-appinventor-3\/\">Aprenem a programar android amb appinventor<\/a> <\/del> No admet matr\u00edcula<\/td>\n<td>\u00a0Josep Ramon Planas<\/td>\n<td>30h.<\/td>\n<\/tr>\n<tr style=\"background-color: #efefef;\">\n<td><a href=\"http:\/\/blogs.ciberespiral.org\/escuelas\/ca\/escapa-de-la-rutina-a-laula-crea-un-breakout-edu\/\">Escapa de la rutina a l&#8217;aula: crea un BreakOut Edu<\/a><\/td>\n<td>\u00a0Pepe Soriano<\/td>\n<td>30h.<\/td>\n<\/tr>\n<\/tbody>\n<\/table>\n<p>&nbsp;<\/p>\n<table style=\"border: 10px solid white;\">\n<tbody>\n<tr>\n<th style=\"background-color: #bdbdbd;\" width=\"300\">Cursos en Castell\u00e0<\/th>\n<th style=\"background-color: #bdbdbd;\" width=\"150\">Docents<\/th>\n<th style=\"background-color: #bdbdbd;\" width=\"35\">Hores<\/th>\n<\/tr>\n<tr style=\"background-color: #efefef;\">\n<td><del><a href=\"http:\/\/blogs.ciberespiral.org\/escuelas\/herramientas-de-coaching-para-mejorar-la-educacion\/\">Herramientas de Coaching para mejorar la educaci\u00f3n<\/a><\/del> No admet matr\u00edcula<\/td>\n<td>Gorka\u00a0Fern\u00e1ndez<\/td>\n<td>30h.<\/td>\n<\/tr>\n<tr style=\"background-color: #f8f8f8;\">\n<td><a href=\"http:\/\/blogs.ciberespiral.org\/escuelas\/creatividad-en-el-aula-recursos-tecnicas-y-herramientas-para-innovar-creando\/\">Creatividad en el aula: recursos, t\u00e9cnicas y herramientas para innovar creando<\/a><\/td>\n<td>Javier Barba<br \/>\nJaione Pozuelo<\/td>\n<td>30h.<\/td>\n<\/tr>\n<tr style=\"background-color: #efefef;\">\n<td><a href=\"http:\/\/blogs.ciberespiral.org\/escuelas\/instrumentos-y-aplicaciones-para-simplificar-el-proceso-evaluador\/\">Instrumentos y aplicaciones para simplificar el proceso evaluador<\/a><\/td>\n<td>Juan Carlos Palomino<\/td>\n<td>30h.<\/td>\n<\/tr>\n<tr style=\"background-color: #f8f8f8;\">\n<td><del><a href=\"http:\/\/blogs.ciberespiral.org\/escuelas\/introduccion-a-la-realidad-aumentada-y-virtual-2\/\">Introducci\u00f3n a la Realidad Aumentada y Virtual<\/a><\/del> No admet matr\u00edcula<\/td>\n<td>Ra\u00fal Reinoso<\/td>\n<td>30h.<\/td>\n<\/tr>\n<tr style=\"background-color: #efefef;\">\n<td><del><a href=\"http:\/\/blogs.ciberespiral.org\/escuelas\/las-aulas-del-futuro-smart-classroom-y-diseno-de-espacios-educativos\/\">Las aulas del futuro: Smart Classroom y Dise\u00f1o de espacios educativos <\/a><\/del>No admet matr\u00edcula<\/td>\n<td>Camino L\u00f3pez<br \/>\nMarta Oll\u00e9<\/td>\n<td>30h.<\/td>\n<\/tr>\n<tr style=\"background-color: #f8f8f8;\">\n<td><a href=\"http:\/\/blogs.ciberespiral.org\/escuelas\/visual-thinking-como-estrategia-de-aprendizaje-2\/\">Visual Thinking como estrategia de aprendizaje<\/a><\/td>\n<td>Clara Cordero<\/td>\n<td>30h.<\/td>\n<\/tr>\n<tr style=\"background-color: #efefef;\">\n<td><a href=\"http:\/\/blogs.ciberespiral.org\/escuelas\/gamificando-voy-y-vengo-por-el-camino-aprendo\/\">Gamificando voy y vengo&#8230;por el camino aprendo<\/a><\/td>\n<td>Clara Cordero<br \/>\nSalvador Carrion<\/td>\n<td>30h.<\/td>\n<\/tr>\n<tr style=\"background-color: #f8f8f8;\">\n<td><del><a href=\"http:\/\/blogs.ciberespiral.org\/escuelas\/rodamos-en-el-aula-el-stop-motion-4\/\">Rodamos en el aula: el stop motion<\/a><\/del> No admet matr\u00edcula<\/td>\n<td>Daniel Garcia<\/td>\n<td>30h.<\/td>\n<\/tr>\n<\/tbody>\n<\/table>\n<p>&nbsp;<\/p>\n<table style=\"border: 10px solid white;\">\n<tbody>\n<tr>\n<th style=\"background-color: #bdbdbd;\" width=\"300\">Cursos en Angl\u00e9s<\/th>\n<th style=\"background-color: #bdbdbd;\" width=\"150\">Docents<\/th>\n<th style=\"background-color: #bdbdbd;\" width=\"35\">Hores<\/th>\n<\/tr>\n<tr style=\"background-color: #efefef;\">\n<td><a href=\"http:\/\/blogs.ciberespiral.org\/escuelas\/lets-clil-aicle-4\/\">Let&#8217;s CLIL (AICLE)<\/a><\/td>\n<td>Almodis Orellana<br \/>\nMarta Cabeza<\/td>\n<td>45h.<\/td>\n<\/tr>\n<tr style=\"background-color: #f8f8f8;\">\n<td><a href=\"http:\/\/blogs.ciberespiral.org\/escuelas\/ca\/why-not-clil\/\">Why not CLIL?<\/a><\/td>\n<td>Julian Sanz<br \/>\nJavier Ramos<\/td>\n<td>45h.<\/td>\n<\/tr>\n<\/tbody>\n<\/table>\n","protected":false},"excerpt":{"rendered":"<p>Amb el suport del\u00a0Departament d&#8217;Ensenyament de la Generalitat de Catalunya: Tots els cursos de l&#8217;Escola virtual d&#8217;Estiu Espiral tenen el reconeixement del Departament\u00a0d&#8217;Ensenyament\u00a0de la Generalitat de Catalunya , i per tant la seva certificaci\u00f3 t\u00e9 validesa a tots els efectes administratius. Realitzaci\u00f3 dels cursos de 30 hores: de l\u20191 al&hellip;<\/p>\n","protected":false},"author":49,"featured_media":0,"parent":0,"menu_order":0,"comment_status":"closed","ping_status":"closed","template":"","meta":{"footnotes":""},"class_list":["post-1746","page","type-page","status-publish","hentry"],"_links":{"self":[{"href":"https:\/\/blogs.ciberespiral.org\/escuelas\/wp-json\/wp\/v2\/pages\/1746","targetHints":{"allow":["GET"]}}],"collection":[{"href":"https:\/\/blogs.ciberespiral.org\/escuelas\/wp-json\/wp\/v2\/pages"}],"about":[{"href":"https:\/\/blogs.ciberespiral.org\/escuelas\/wp-json\/wp\/v2\/types\/page"}],"author":[{"embeddable":true,"href":"https:\/\/blogs.ciberespiral.org\/escuelas\/wp-json\/wp\/v2\/users\/49"}],"replies":[{"embeddable":true,"href":"https:\/\/blogs.ciberespiral.org\/escuelas\/wp-json\/wp\/v2\/comments?post=1746"}],"version-history":[{"count":11,"href":"https:\/\/blogs.ciberespiral.org\/escuelas\/wp-json\/wp\/v2\/pages\/1746\/revisions"}],"predecessor-version":[{"id":1846,"href":"https:\/\/blogs.ciberespiral.org\/escuelas\/wp-json\/wp\/v2\/pages\/1746\/revisions\/1846"}],"wp:attachment":[{"href":"https:\/\/blogs.ciberespiral.org\/escuelas\/wp-json\/wp\/v2\/media?parent=1746"}],"curies":[{"name":"wp","href":"https:\/\/api.w.org\/{rel}","templated":true}]}}