{"id":1672,"date":"2018-05-30T01:09:47","date_gmt":"2018-05-30T00:09:47","guid":{"rendered":"http:\/\/blogs.ciberespiral.org\/escuelas\/?page_id=1672"},"modified":"2018-05-30T01:09:47","modified_gmt":"2018-05-30T00:09:47","slug":"why-not-clil","status":"publish","type":"page","link":"https:\/\/blogs.ciberespiral.org\/escuelas\/why-not-clil\/","title":{"rendered":"Why not CLIL?"},"content":{"rendered":"<h4>\u00a0Description of the activity<\/h4>\n<p><span lang=\"EN-GB\">In the recent years, the social need to be competent in foreign languages and the labour market demanding have impelled Educational administration to look for new models in order to respond to this new reality.<\/span><\/p>\n<p><span lang=\"EN-GB\">Many teachers are now immersed into this bilingual school model and they have noticed it is not the same teaching English that teaching in English. That\u2019s why we set up this CLIL (Content Language Integrated Learning) course in which the participants are going to have not only the theoretical method support but also the chance to bring it in a practical way according to their own needs.<\/span><\/p>\n<div>\n<h4><b>Course duration<\/b><\/h4>\n<\/div>\n<p>45 hours<\/p>\n<div dir=\"ltr\">\n<h4>Target audience<\/h4>\n<p><span lang=\"EN-GB\">This course is addressed to English teachers and to teachers who teach a subject in English to not native English speakers. From primary to secondary school.\u00a0<\/span><\/p>\n<h4>Technical requirements<\/h4>\n<ul>\n<li>Updated Internet navigator (such as Mozilla Firefox, Google Chrome, others)<\/li>\n<li>Text processor (open office writer, MS Word, others)<\/li>\n<li>PDF reader (for example, Acrobat Reader or Foxit Reader)<\/li>\n<li>Basic knowledge of ICT<\/li>\n<\/ul>\n<\/div>\n<div dir=\"ltr\">\n<h4>Objectives<\/h4>\n<ul>\n<li><span lang=\"EN-US\">As participant in this training course you are going to:<\/span><span lang=\"EN-US\">\u00a0<\/span><span lang=\"EN-US\">\u00b7\u00a0\u00a0\u00a0\u00a0\u00a0\u00a0\u00a0\u00a0\u00a0<\/span><span lang=\"EN-US\">Acquire the theoretical knowledge of CLIL.<\/span>\n<p><span lang=\"EN-US\">\u00b7\u00a0\u00a0\u00a0\u00a0\u00a0\u00a0\u00a0\u00a0\u00a0<\/span><span lang=\"EN-US\">Know the principles of Bloom\u2019s Theory.<\/span><\/p>\n<p><span lang=\"EN-US\">\u00b7\u00a0 \u00a0<\/span><span lang=\"EN-US\">Put into practice the CLIL method according the legal framework.<\/span><\/p>\n<p><span lang=\"EN-US\">\u00b7\u00a0\u00a0\u00a0\u00a0\u00a0\u00a0\u00a0\u00a0\u00a0<\/span><span lang=\"EN-US\">Create materials and resources to be used in class.<\/span><\/p>\n<p><span lang=\"EN-US\">\u00b7\u00a0\u00a0\u00a0\u00a0\u00a0\u00a0\u00a0\u00a0\u00a0<\/span><span lang=\"EN-US\">Use ITC tools in the classroom.<\/span><\/p>\n<p><span lang=\"EN-US\">\u00b7\u00a0\u00a0\u00a0<\/span><span lang=\"EN-US\">Reflect on teaching practice to integrate CLIL in your programming.<\/span><\/p>\n<p><span lang=\"EN-GB\">\u00b7\u00a0\u00a0\u00a0\u00a0\u00a0\u00a0\u00a0\u00a0\u00a0<\/span><span lang=\"EN-GB\">Qualify\u00a0<\/span><span lang=\"EN-GB\">and train educators in handling<\/span><span lang=\"EN-GB\">\u00a0CLIL.<\/span><\/p>\n<p><span lang=\"EN-GB\">\u00a0<\/span><\/li>\n<\/ul>\n<\/div>\n<div>\n<h4><a name=\"TOC-Contents\"><\/a>Contents<\/h4>\n<p dir=\"ltr\">Module 0: Introduction and updating.<\/p>\n<ul>\n<li dir=\"ltr\">\n<p dir=\"ltr\">First contact with the computing platform and the course.<\/p>\n<\/li>\n<li dir=\"ltr\">\n<p dir=\"ltr\">Participants\u2019 profile.<\/p>\n<\/li>\n<li dir=\"ltr\">\n<p dir=\"ltr\">Introductory meeting.<\/p>\n<\/li>\n<\/ul>\n<p dir=\"ltr\">Module I: starting in CLIL and PBL<\/p>\n<ul>\n<li dir=\"ltr\">\n<p dir=\"ltr\">What is CLIL?<\/p>\n<\/li>\n<li dir=\"ltr\">\n<p dir=\"ltr\">Why CLIL?<\/p>\n<\/li>\n<li dir=\"ltr\">\n<p dir=\"ltr\">Main points of PBL teaching.<\/p>\n<\/li>\n<\/ul>\n<ul>\n<li dir=\"ltr\">\n<p dir=\"ltr\">Creating a canvas plan for your unit.<\/p>\n<\/li>\n<\/ul>\n<p dir=\"ltr\">Module II: Let\u2019s start with the 4 C\u2019s in CLIL: Content and communication<\/p>\n<ul>\n<li dir=\"ltr\">\n<p dir=\"ltr\">The 4 C\u00b4s in CLIL<\/p>\n<\/li>\n<li dir=\"ltr\">\n<p dir=\"ltr\">Assessing prior knowledge.<\/p>\n<\/li>\n<li dir=\"ltr\">\n<p dir=\"ltr\">The KWL chart.<\/p>\n<\/li>\n<li dir=\"ltr\">\n<p dir=\"ltr\">Content and assessment for learning.<\/p>\n<\/li>\n<li dir=\"ltr\">\n<p dir=\"ltr\">Difference between formative and summative assessment.<\/p>\n<\/li>\n<\/ul>\n<ul>\n<li dir=\"ltr\">\n<p dir=\"ltr\">Communication in 3 parts.<\/p>\n<\/li>\n<li dir=\"ltr\">\n<p dir=\"ltr\">Techniques in CLIL communication.<\/p>\n<\/li>\n<li dir=\"ltr\">\n<p dir=\"ltr\">What scaffolding is and how to use scaffolding in the classroom.<\/p>\n<\/li>\n<\/ul>\n<ul>\n<li dir=\"ltr\">\n<p dir=\"ltr\">Teaching and Learning processes concept.<\/p>\n<\/li>\n<li dir=\"ltr\">\n<p dir=\"ltr\">Physical characteristics in a CLIL class: (displays, class distribution, grouping, timing).<\/p>\n<\/li>\n<li dir=\"ltr\">\n<p dir=\"ltr\">Cooperative learning techniques for improving the communication.<\/p>\n<\/li>\n<\/ul>\n<p>&nbsp;<\/p>\n<p>&nbsp;<\/p>\n<p dir=\"ltr\">Module III: Evaluation and assessment<\/p>\n<ul>\n<li dir=\"ltr\">\n<p dir=\"ltr\">Assessment importance in CLIL.<\/p>\n<\/li>\n<li dir=\"ltr\">\n<p dir=\"ltr\">Feedback in the classroom.<\/p>\n<\/li>\n<li dir=\"ltr\">\n<p dir=\"ltr\">Peer-to-peer feedback.<\/p>\n<\/li>\n<li dir=\"ltr\">\n<p dir=\"ltr\">Group feedback.<\/p>\n<\/li>\n<li dir=\"ltr\">\n<p dir=\"ltr\">Success criteria in CLIL.<\/p>\n<\/li>\n<li dir=\"ltr\">\n<p dir=\"ltr\">Assessment criteria and standards learning in rubrics.<\/p>\n<\/li>\n<li dir=\"ltr\">\n<p dir=\"ltr\">Self assessment in project.<\/p>\n<\/li>\n<\/ul>\n<p dir=\"ltr\">Module IV: Click in CLIL: ICT resources.<\/p>\n<ul>\n<li dir=\"ltr\">\n<p dir=\"ltr\">Digital resources in the web.<\/p>\n<\/li>\n<li dir=\"ltr\">\n<p dir=\"ltr\">How and when to use the digital resources.<\/p>\n<\/li>\n<li dir=\"ltr\">\n<p dir=\"ltr\">Let\u2019s create digital resources.<\/p>\n<\/li>\n<li dir=\"ltr\">\n<p dir=\"ltr\">Final project.<\/p>\n<\/li>\n<\/ul>\n<h4><\/h4>\n<h4>Methodology<\/h4>\n<p><span lang=\"EN-GB\">E learning methodology has its own characteristics, so it is very important you keep it in mind. E-learning is based on the idea of learning by practicing.\u00a0<\/span><span lang=\"EN-GB\">It is very important to be active in all the forums and, of course, you should study and explore all the materials suggested. These materials will be given as text, videos, audios, slides and so on.\u00a0<\/span><span lang=\"EN-US\">At the beginning of each module, the trainers will send a message to the News Forum. This message will propose the module learning planning presentation with the specific objectives and the corresponding activities. It is strongly recommended to participate actively in the forums.<\/span><\/p>\n<p><span lang=\"EN-GB\">Our main goal is you learn and enjoy during the course. Your persistence and determination will be essential for success. Do not forget to work every day in an active way. We encourage you to be creative and explore the ICT. The tasks are prepared to be done in teams or individually. And if there would be any doubt please, let us know. We are here to help you, solve your hesitation and answer your questions.<\/span><\/p>\n<\/div>\n<div>\n<h4>Certification requirements<\/h4>\n<\/div>\n<p>To pass this course it is required to:<\/p>\n<ul>\n<li>Participate in debates and forums.<\/li>\n<li>Complete the activities proposed in each module. The assessment activities must be submitted before the deadline, these activities will be returned with a comment or feedback.<\/li>\n<li>Do the final project<\/li>\n<\/ul>\n<h4><\/h4>\n<h4>Trainer\/s<\/h4>\n<p><a href=\"http:\/\/blogs.ciberespiral.org\/escuelas\/wp-content\/uploads\/sites\/16\/2018\/05\/Juli\u00e1n_opt.jpg\"><img decoding=\"async\" class=\"wp-image-1732 size-full alignleft\" src=\"http:\/\/blogs.ciberespiral.org\/escuelas\/wp-content\/uploads\/sites\/16\/2018\/05\/Juli\u00e1n_opt.jpg\" alt=\"\" width=\"200\" height=\"200\" srcset=\"https:\/\/blogs.ciberespiral.org\/escuelas\/wp-content\/uploads\/sites\/16\/2018\/05\/Juli\u00e1n_opt.jpg 200w, https:\/\/blogs.ciberespiral.org\/escuelas\/wp-content\/uploads\/sites\/16\/2018\/05\/Juli\u00e1n_opt-150x150.jpg 150w\" sizes=\"(max-width: 200px) 100vw, 200px\" \/><\/a><\/p>\n<p><strong>Juli\u00e1n Sanz \u00a0<a href=\"https:\/\/twitter.com\/#!\/julisanzmamolar\">@julisanzmamolar<\/a><\/strong><\/p>\n<p>Maestro de educaci\u00f3n f\u00edsica e ingl\u00e9s en el Colegio San Gregorio de Aguilar de Campoo. Tutor on-line en los cursos de formaci\u00f3n del INTEF y el CPFI de la Junta de Castilla y Le\u00f3n, participa anualmente en proyectos eTwinning. Autor del blog de aula <a href=\"http:\/\/sangregorio5aguilardecampoo.blogspot.com.es\/\">\u201cMi primer a\u00f1o en Red XXI\u201d<\/a> donde se puede ver tareas relacionadas con las TIC-TAC y las metodolog\u00edas activas y AICLE. En twitter <a href=\"https:\/\/www.google.com\/url?q=https%3A%2F%2Ftwitter.com%2Fjulisanzmamolar&amp;sa=D&amp;sntz=1&amp;usg=AFQjCNHJmMRIyE1D82oeBXmSKk60zNu0Rw\">@julisanzmamolar<\/a>. Recientemente galardonado con el XXXI Premio \u201cGiner de los R\u00edos\u201d a la mejora de la calidad educativa. Microsoft Innovative Educator Expert, Skype Master Teacher y embajador en Espa\u00f1a de la aplicaci\u00f3n Classdojo y del portal Scientix.<\/p>\n<p>&nbsp;<\/p>\n<p>&nbsp;<\/p>\n<h3><\/h3>\n<p><a href=\"http:\/\/blogs.ciberespiral.org\/escuelas\/wp-content\/uploads\/sites\/16\/2018\/05\/foto-Javier-Ramos-Sancha.jpg\"><img decoding=\"async\" class=\"wp-image-1733 size-full alignleft\" src=\"http:\/\/blogs.ciberespiral.org\/escuelas\/wp-content\/uploads\/sites\/16\/2018\/05\/foto-Javier-Ramos-Sancha.jpg\" alt=\"\" width=\"200\" height=\"200\" srcset=\"https:\/\/blogs.ciberespiral.org\/escuelas\/wp-content\/uploads\/sites\/16\/2018\/05\/foto-Javier-Ramos-Sancha.jpg 200w, https:\/\/blogs.ciberespiral.org\/escuelas\/wp-content\/uploads\/sites\/16\/2018\/05\/foto-Javier-Ramos-Sancha-150x150.jpg 150w\" sizes=\"(max-width: 200px) 100vw, 200px\" \/><\/a><\/p>\n<p><strong>Javier Ramos \u00a0<a href=\"https:\/\/twitter.com\/#!\/twitterformador\">@<\/a><a href=\"https:\/\/www.google.com\/url?q=https%3A%2F%2Ftwitter.com%2Fjaviramossancha&amp;sa=D&amp;sntz=1&amp;usg=AFQjCNGVqwRQgbbZDlSFGMkcMteF5j5k0w\" target=\"_blank\" rel=\"noopener noreferrer\">javiramossancha<\/a><\/strong><\/p>\n<p>Maestro de Ingl\u00e9s y Educaci\u00f3n Infantil. Desarrolla su labor profesional en diferentes cursos de Educaci\u00f3n Primaria en el \u00a0<a href=\"http:\/\/www.google.com\/url?q=http%3A%2F%2Fwww.menesianosaguilar.net%2F&amp;sa=D&amp;sntz=1&amp;usg=AFQjCNH_oNLvyL3UIen2votxD6bJ1WsZXQ\">Colegio San Gregorio<\/a> \u00a0en Aguilar de Campoo. Trabaja dentro de la Secci\u00f3n Biling\u00fce (Natural Science, Arts &amp; Crafts e Ingl\u00e9s). Experto en el uso de metodolog\u00edas activas: PBL, AICLE y Trabajo Cooperativo. Formador de educadores : Centros de Profesores, INTEF y curso de dise\u00f1o propio \u00a0<a href=\"http:\/\/www.google.com\/url?q=http%3A%2F%2Fsglabformacion.weebly.com%2F&amp;sa=D&amp;sntz=1&amp;usg=AFQjCNG2sGK6Inicjgk90RIGPbxKQFMGsw\">SGLab<\/a> . En abril de 2016 premiado con el XXXI Premio Giner de los R\u00edos a la mejora de calidad educativa por el Ministerio de Educaci\u00f3n. Embajador eTwinning. Destacado como Microsoft Innovative Educator Expert and Microsoft Innovative Educator Fellow por el uso de la Tecnolog\u00eda Microsoft en su aula.<\/p>\n<p>&nbsp;<\/p>\n<h3><strong><a href=\"http:\/\/blogs.ciberespiral.org\/escuelas\/ca\/matricula-2\/\"><span style=\"text-decoration: underline; color: #0000ff;\">Inscripci\u00f3<\/span><\/a><\/strong><\/h3>\n","protected":false},"excerpt":{"rendered":"<p>\u00a0Description of the activity In the recent years, the social need to be competent in foreign languages and the labour market demanding have impelled Educational administration to look for new models in order to respond to this new reality. Many teachers are now immersed into this bilingual school model and&hellip;<\/p>\n","protected":false},"author":49,"featured_media":0,"parent":0,"menu_order":0,"comment_status":"closed","ping_status":"closed","template":"","meta":{"footnotes":""},"class_list":["post-1672","page","type-page","status-publish","hentry"],"_links":{"self":[{"href":"https:\/\/blogs.ciberespiral.org\/escuelas\/wp-json\/wp\/v2\/pages\/1672","targetHints":{"allow":["GET"]}}],"collection":[{"href":"https:\/\/blogs.ciberespiral.org\/escuelas\/wp-json\/wp\/v2\/pages"}],"about":[{"href":"https:\/\/blogs.ciberespiral.org\/escuelas\/wp-json\/wp\/v2\/types\/page"}],"author":[{"embeddable":true,"href":"https:\/\/blogs.ciberespiral.org\/escuelas\/wp-json\/wp\/v2\/users\/49"}],"replies":[{"embeddable":true,"href":"https:\/\/blogs.ciberespiral.org\/escuelas\/wp-json\/wp\/v2\/comments?post=1672"}],"version-history":[{"count":5,"href":"https:\/\/blogs.ciberespiral.org\/escuelas\/wp-json\/wp\/v2\/pages\/1672\/revisions"}],"predecessor-version":[{"id":1739,"href":"https:\/\/blogs.ciberespiral.org\/escuelas\/wp-json\/wp\/v2\/pages\/1672\/revisions\/1739"}],"wp:attachment":[{"href":"https:\/\/blogs.ciberespiral.org\/escuelas\/wp-json\/wp\/v2\/media?parent=1672"}],"curies":[{"name":"wp","href":"https:\/\/api.w.org\/{rel}","templated":true}]}}