{"id":1668,"date":"2018-05-30T01:09:43","date_gmt":"2018-05-30T00:09:43","guid":{"rendered":"http:\/\/blogs.ciberespiral.org\/escuelas\/?page_id=1668"},"modified":"2018-05-30T01:09:43","modified_gmt":"2018-05-30T00:09:43","slug":"escapa-de-la-rutina-a-laula-crea-un-breakout-edu","status":"publish","type":"page","link":"https:\/\/blogs.ciberespiral.org\/escuelas\/escapa-de-la-rutina-a-laula-crea-un-breakout-edu\/","title":{"rendered":"Escapa de la rutina a l&#8217;aula: crea un BreakOut Edu"},"content":{"rendered":"<div dir=\"ltr\">\n<h4><span style=\"font-size: medium;\">Descripci\u00f3n de la actividad<\/span><\/h4>\n<p>Els\u00a0scape rooms educatius\u00a0o els\u00a0BreakOutEdu\u00a0s\u00f3n una experi\u00e8ncia gamificada inmersiva en la qual els nostre alumnat ha de resoldre resoldre enigmes i problemes en un temps determinat. A difer\u00e8ncia dels scape rooms en els que l&#8217;objectiu final \u00e9s sortir d&#8217;una habitaci\u00f3, els\u00a0BreakOutEdu\u00a0tenen com a objectiu obrir caixes per obtenir objectes sense sortir de l&#8217;aula. Els\u00a0BreakOutEdu\u00a0permeten que l&#8217;alumnat sigui el centre de l&#8217;activitat i afavoreix compet\u00e8ncies comunicatives, de treball en equip, pensament lateral o treballar sota la pressi\u00f3 del cron\u00f2metre. En aquest curs podr\u00e0s con\u00e8ixer el proc\u00e9s per crear BreakOutEdu que facin al teu alumnat ser el centre d&#8217;una aventura inoblidable.\u00a0<span style=\"font-size: medium;\"><br \/>\n<\/span><\/p>\n<h4><b><span style=\"font-size: medium;\">Carga lectiva del curso<br \/>\n<\/span><\/b><\/h4>\n<\/div>\n<div><span style=\"font-size: medium;\">30 hores<br \/>\n<\/span><\/div>\n<div dir=\"ltr\"><span style=\"font-size: medium;\"><br \/>\n<\/span><\/p>\n<h4><span style=\"font-size: medium;\">Destinatarios<\/span><\/h4>\n<p><span style=\"font-size: medium;\">Profesorat, mestres i educadors de distints \u00e0mbits docents.<\/span><\/p>\n<p>&nbsp;<\/p>\n<h4><span style=\"font-size: medium;\">Requisitos t\u00e9cnicos de los participantes<\/span><\/h4>\n<p><span style=\"font-size: medium;\">Per seguir aquest curs necessitareu:<br \/>\n<\/span><\/p>\n<ul>\n<li>Un navegador\u00a0<span style=\"color: #000000;\">actualitzat<\/span>\u00a0(per exemple Mozilla Firefox, Google Chrome, o d\u2019altres)<\/li>\n<li>Un processador de textos (OpenOffice Writer, MS Word, serveis en l\u00ednia, &#8230;)<\/li>\n<li>Un lector de pdf (com ara el Acrobat Reader)<\/li>\n<li>Compet\u00e8ncies digitals per crear un portfoli o bloc<\/li>\n<li>\u00das de diferents eines digitals que facilitar\u00e1n la creaci\u00f3 de les proves del breakoutEdu<\/li>\n<\/ul>\n<h4><span style=\"font-size: medium;\">Objetivos<\/span><\/h4>\n<\/div>\n<ul>\n<li><span style=\"font-size: medium;\">Con\u00e8ixer qu\u00e8 \u00e9s un scape room i un breakoutedu\u00a0<\/span><\/li>\n<li><span style=\"font-size: medium;\">Comprendre els elements dels jocs que hi ha a un breakoutedu\u00a0<\/span><\/li>\n<li><span style=\"font-size: medium;\">Crear un breakoutedu<\/span><\/li>\n<\/ul>\n<div>\n<h4><span style=\"font-size: medium;\">Contenidos<\/span><\/h4>\n<p><span style=\"font-size: medium;\">Els continguts del curs estan estructurats en quatre m\u00f2duls.\u00a0<\/span><\/p>\n<\/div>\n<div><span style=\"font-size: medium;\">El m\u00f2dul zero t\u00e9 com a objectiu con\u00e8ixer la narrativa del curs, presentar-se a la resta de companys i crear un portfoli digital o bloc.\u00a0<\/span><\/div>\n<div><span style=\"font-size: medium;\">El m\u00f3dul u est\u00e0 pensat per facilitar-vos el coneixement inicial sobre breakoutedu.\u00a0<\/span><\/div>\n<div><span style=\"font-size: medium;\">El segon t\u00e9 com a objectiu con\u00e8ixer els elements de la gamificaci\u00f3 que fem utilitzar als breakoutedu.\u00a0<\/span><\/div>\n<div>\n<p><span style=\"font-size: medium;\">Per \u00faltim, el tercer m\u00f2dul t\u00e9 com a objectiu la creaci\u00f3 i desenvolupament d&#8217;una activitat breakoutedu.\u00a0<\/span><\/p>\n<p><b>M\u00f2dul 0. Benvinguts\/es a l\u2019escola d\u2019enigmes\u00a0<\/b><\/p>\n<ul>\n<li>Presentaci\u00f3 de l&#8217;escola d&#8217;enigmes<\/li>\n<li>Creaci\u00f3 d\u2019un bloc o portfoli digitals<\/li>\n<li>Presentaci\u00f3 al f\u00f2rum del curs<\/li>\n<\/ul>\n<p><b>M\u00f2dul 1 \u2013 BreakOutEdu o Scape room en educaci\u00f3\u00a0<\/b><\/p>\n<ul>\n<li>Qu\u00e8 \u00e9s un breakOutEdu<\/li>\n<li>\u00das educatiu<\/li>\n<li>Avantatges de l&#8217;\u00fas dels BreakOutEdu a l&#8217;aula<\/li>\n<\/ul>\n<p><b>M\u00f2dul 2 \u2013 BreakOutEdu i gamificaci\u00f3\u00a0<\/b><\/p>\n<ul>\n<li>Tipus de jugadors<\/li>\n<li>Din\u00e0miques<\/li>\n<li>Mec\u00e0niques<\/li>\n<li>Cicles<\/li>\n<li>Narrativa \/est\u00e8tica<\/li>\n<\/ul>\n<p><b>M\u00f2dul 3 \u2013 Crea el teu BreakOutEdu\u00a0<\/b><\/p>\n<ul>\n<li>Estructura d\u2019un BreakOutEdu<\/li>\n<li>Canva per crear un BreakOutEdu<\/li>\n<li>Recomanacions<\/li>\n<li>Desenvolupament de les proves i materials<\/li>\n<li>Taula de relacions<\/li>\n<li>Ambientaci\u00f3 i posada en pr\u00e0ctica<\/li>\n<\/ul>\n<\/div>\n<div>\n<h4><span style=\"font-size: medium;\">Metodolog\u00eda<\/span><\/h4>\n<p><span style=\"font-size: medium;\">La metodologia de treball ser\u00e0 no presencial: aix\u00f2 vol dir que el curs el farem &#8220;en l\u00ednia&#8221;, \u00e9s a dir, connectats a Internet\u00a0<span style=\"color: #000000;\">i a trav\u00e9s de l&#8217;aula virtual (Moodle) d&#8217;Espiral.<\/span><\/span><\/p>\n<p>Tot i que anirem seguint una planificaci\u00f3 temporal, podeu anar explorant els diferents f\u00f2rums i recursos de l&#8217;aula. En aquest curs vosaltres sou els protagonistes, sou qui ha de planificar l&#8217;aprenentatge i construir el coneixement. Per fer-ho podeu comptar amb l&#8217;ajut de les persones formadores, els materials i la resta de recursos.<\/p>\n<\/div>\n<div><span style=\"font-size: medium;\"><span style=\"font-size: medium;\"><br \/>\nLes activitats es realitzaran seguint dues din\u00e0miques:<\/span><\/span><\/p>\n<ul>\n<li>Individual: reflexions als bloc o portfoli digital<\/li>\n<li>Grup sencer. Aquest \u00e9s el cas dels f\u00f2rums, que requereixen la participaci\u00f3 de tots vosaltres perqu\u00e8 la discussi\u00f3 sigui rica i profitosa i puguem aprendre de manera cooperativa<\/li>\n<\/ul>\n<h4><span style=\"font-size: medium;\">Plan de evaluaci\u00f3n<\/span><\/h4>\n<\/div>\n<div><\/div>\n<div>\n<table border=\"1\" cellspacing=\"0\">\n<tbody>\n<tr style=\"background-color: #ffefef;\">\n<td><span style=\"font-size: medium;\">\u00a0<b>Tasques obligat\u00f2ries<\/b><\/span><\/td>\n<td><span style=\"font-size: medium;\"><b>\u00a0Criteris d&#8217;avaluaci\u00f3<\/b><\/span><\/td>\n<\/tr>\n<tr style=\"background-color: #efefef;\">\n<td><span style=\"font-size: medium;\">\u00a0<span style=\"font-family: arial, sans-serif;\">M\u00f2dul\u00a00.\u00a0Presentaci\u00f3\u00a0al f\u00f2rum\u00a0i creaci\u00f3 del portfoli o bloc del curs<\/span><\/span><\/td>\n<td>\n<ul>\n<li><span style=\"font-family: arial, sans-serif; font-size: medium;\">\u00a0Presentar-se al f\u00f2rum corresponent amb el nom, ocupaci\u00f3 i motiu per realitzar el curs<\/span><\/li>\n<li>\n<p align=\"justify\"><span style=\"font-family: arial, sans-serif; font-size: medium;\">Creaci\u00f3 d\u2019un portfoli digital o bloc<\/span><\/p>\n<\/li>\n<\/ul>\n<\/td>\n<\/tr>\n<tr>\n<td><span style=\"font-family: arial, sans-serif; font-size: medium;\">\u00a0M\u00f2dul 1.\u00a0<span style=\"color: #000000;\">Reflexi\u00f3<\/span><span style=\"color: #000000;\">\u00a0al bloc o portfoli sobre l\u2019utilitzaci\u00f3 del breakoutedu a l\u2019escola<\/span><\/span><\/td>\n<td>\n<ul>\n<li><span style=\"font-family: arial, sans-serif; font-size: medium;\">\u00a0Capacitat per relacionar conceptes i informaci\u00f3\u00a0vista al curs<\/span><\/li>\n<\/ul>\n<\/td>\n<\/tr>\n<tr style=\"background-color: #efefef;\">\n<td><span style=\"font-family: arial, sans-serif; font-size: medium;\">\u00a0M\u00f2dul 2. Reflexi\u00f3 sobre les mec\u00e0niques, din\u00e0miques i narrativa dels jocs. Primer esb\u00f3s del teu breakoutEdu<\/span><\/td>\n<td>\n<ul>\n<li><span style=\"font-family: arial, sans-serif; font-size: medium;\">\u00a0Capacitat per relacionar conceptes i informaci\u00f3 vista al curs<\/span><\/li>\n<li>\n<p align=\"justify\"><span style=\"font-family: arial, sans-serif; font-size: medium;\">Habilitat per realitzar noves aportacions<\/span><\/p>\n<\/li>\n<li>\n<p align=\"justify\"><span style=\"font-family: arial, sans-serif; font-size: medium;\">Capacitat d\u2019argumentaci\u00f3<\/span><\/p>\n<\/li>\n<\/ul>\n<\/td>\n<\/tr>\n<tr>\n<td><span style=\"font-family: arial, sans-serif; font-size: medium;\">\u00a0M\u00f2dul 3. Projecte final<\/span><\/p>\n<ul>\n<li><span style=\"font-family: arial, sans-serif; font-size: medium;\">Redacci\u00f3 del canva<\/span><\/li>\n<li><span style=\"font-family: arial, sans-serif; font-size: medium;\">Article al bloc o portfoli sobre la creaci\u00f3 i materials de les proves<\/span><\/li>\n<li><span style=\"font-family: arial, sans-serif; font-size: medium;\">Taula de relacions<\/span><\/li>\n<\/ul>\n<\/td>\n<td><span style=\"font-family: arial, sans-serif; font-size: medium;\">\u00a0<\/span><\/p>\n<ul>\n<li>\n<p align=\"justify\"><span style=\"font-family: arial, sans-serif; font-size: medium;\">Desenvolupament del projecte final a trav\u00e9s de la redacci\u00f3 dels diferents documents i articles<\/span><\/p>\n<\/li>\n<li>\n<p align=\"justify\"><span style=\"font-family: arial, sans-serif; font-size: medium;\">Capacitat d\u2019argumentaci\u00f3<\/span><\/p>\n<\/li>\n<li>\n<p align=\"justify\"><span style=\"font-family: arial, sans-serif; font-size: medium;\">Capacitat per relacionar conceptes i informaci\u00f3 vista al curs<\/span><\/p>\n<\/li>\n<\/ul>\n<\/td>\n<\/tr>\n<\/tbody>\n<\/table>\n<p>&nbsp;<\/p>\n<p>&nbsp;<\/p>\n<\/div>\n<h4><span style=\"font-size: medium;\">Requisitos de certificaci\u00f3n<\/span><\/h4>\n<div>\n<div><i><span style=\"font-size: medium;\">\u00a0<\/span><\/i><\/div>\n<div>\n<p>Els i les participants hauran de realitzar de manera satisfact\u00f2ria el 100% de les tasques planificades i hauran\u00a0d&#8217;entregar-les dins del termini establert pel formador,\u00a0per superar el curs.<\/p>\n<\/div>\n<\/div>\n<h4><\/h4>\n<h4><\/h4>\n<h4>Formador<\/h4>\n<p><a href=\"http:\/\/blogs.ciberespiral.org\/escuelas\/wp-content\/uploads\/sites\/16\/2018\/05\/pepe-soriano.png\"><img decoding=\"async\" class=\"wp-image-1725 size-full alignleft\" src=\"http:\/\/blogs.ciberespiral.org\/escuelas\/wp-content\/uploads\/sites\/16\/2018\/05\/pepe-soriano.png\" alt=\"\" width=\"200\" height=\"200\" srcset=\"https:\/\/blogs.ciberespiral.org\/escuelas\/wp-content\/uploads\/sites\/16\/2018\/05\/pepe-soriano.png 200w, https:\/\/blogs.ciberespiral.org\/escuelas\/wp-content\/uploads\/sites\/16\/2018\/05\/pepe-soriano-150x150.png 150w\" sizes=\"(max-width: 200px) 100vw, 200px\" \/><\/a><\/p>\n<p>&nbsp;<\/p>\n<p>&nbsp;<\/p>\n<p><strong>Pepe Soriano\u00a0\u00a0<a href=\"https:\/\/twitter.com\/#!\/eprendizaje\">@eprendizaje<\/a><\/strong><\/p>\n<p>&nbsp;<\/p>\n<p>Formador i consultor de formaci\u00f3 en l\u00ednia en www.eprendizaje.com. Pedagog i expert en la Gesti\u00f3 de la Formaci\u00f3 a Dist\u00e0ncia per la Universitat Complutense de Madrid.<\/p>\n<p>&nbsp;<\/p>\n<p>&nbsp;<\/p>\n<h3><strong><a href=\"http:\/\/blogs.ciberespiral.org\/escuelas\/ca\/matricula-2\/\"><span style=\"text-decoration: underline; color: #0000ff;\">Inscripci\u00f3<\/span><\/a><\/strong><\/h3>\n","protected":false},"excerpt":{"rendered":"<p>Descripci\u00f3n de la actividad Els\u00a0scape rooms educatius\u00a0o els\u00a0BreakOutEdu\u00a0s\u00f3n una experi\u00e8ncia gamificada inmersiva en la qual els nostre alumnat ha de resoldre resoldre enigmes i problemes en un temps determinat. A difer\u00e8ncia dels scape rooms en els que l&#8217;objectiu final \u00e9s sortir d&#8217;una habitaci\u00f3, els\u00a0BreakOutEdu\u00a0tenen com a objectiu obrir caixes per&hellip;<\/p>\n","protected":false},"author":49,"featured_media":0,"parent":0,"menu_order":0,"comment_status":"closed","ping_status":"closed","template":"","meta":{"footnotes":""},"class_list":["post-1668","page","type-page","status-publish","hentry"],"_links":{"self":[{"href":"https:\/\/blogs.ciberespiral.org\/escuelas\/wp-json\/wp\/v2\/pages\/1668","targetHints":{"allow":["GET"]}}],"collection":[{"href":"https:\/\/blogs.ciberespiral.org\/escuelas\/wp-json\/wp\/v2\/pages"}],"about":[{"href":"https:\/\/blogs.ciberespiral.org\/escuelas\/wp-json\/wp\/v2\/types\/page"}],"author":[{"embeddable":true,"href":"https:\/\/blogs.ciberespiral.org\/escuelas\/wp-json\/wp\/v2\/users\/49"}],"replies":[{"embeddable":true,"href":"https:\/\/blogs.ciberespiral.org\/escuelas\/wp-json\/wp\/v2\/comments?post=1668"}],"version-history":[{"count":7,"href":"https:\/\/blogs.ciberespiral.org\/escuelas\/wp-json\/wp\/v2\/pages\/1668\/revisions"}],"predecessor-version":[{"id":1728,"href":"https:\/\/blogs.ciberespiral.org\/escuelas\/wp-json\/wp\/v2\/pages\/1668\/revisions\/1728"}],"wp:attachment":[{"href":"https:\/\/blogs.ciberespiral.org\/escuelas\/wp-json\/wp\/v2\/media?parent=1668"}],"curies":[{"name":"wp","href":"https:\/\/api.w.org\/{rel}","templated":true}]}}