{"id":1664,"date":"2018-05-30T01:09:36","date_gmt":"2018-05-30T00:09:36","guid":{"rendered":"http:\/\/blogs.ciberespiral.org\/escuelas\/?page_id=1664"},"modified":"2018-05-30T01:09:36","modified_gmt":"2018-05-30T00:09:36","slug":"serveis-google-a-laula-aplicacio-practica-2","status":"publish","type":"page","link":"https:\/\/blogs.ciberespiral.org\/escuelas\/serveis-google-a-laula-aplicacio-practica-2\/","title":{"rendered":"Serveis Google a l\u2019aula. Aplicaci\u00f3 pr\u00e0ctica"},"content":{"rendered":"<h4>Descripci\u00f3 de l&#8217;activitat<\/h4>\n<p>Per a moltes persones el mot Google continua essent sin\u00f2nim de cercar informaci\u00f3 a la xarxa. Per\u00f2 Google \u00e9s molt m\u00e9s. Disposa d&#8217;un petit univers d&#8217;eines i funcionalitats integrades entre elles la major part de les quals s\u00f3n d&#8217;\u00fas gratu\u00eft. Amb Google podreu comunicar-vos, disposar a qualsevol lloc dels vostres documents i elaborar-los de manera col\u00b7laborativa, gestionar el vostre temps, rebre not\u00edcies, organitzar fotografies i v\u00eddeos, tenir la vostra p\u00e0gina web (o la del grup classe, o la del centre), expressar les vostres opinions o publicar les vostres experi\u00e8ncies a un blog&#8230;<\/p>\n<p>La XTEC (Xarxa Telem\u00e0tica Educativa de Catalunya) ofereix els serveis de Google per a l&#8217;educaci\u00f3, que inclouen correu, documents, llocs web i altres funcionalitats, que estan ara a disposici\u00f3 del professorat i dels centres.<\/p>\n<p>Aprendre a utilitzar els espais de Google \u00e9s molt f\u00e0cil, ja ho veureu!<\/p>\n<h4>Carrega lectiva del curs<\/h4>\n<p>30 horas<\/p>\n<h4>Persones destin\u00e0taries<\/h4>\n<p>Professorat interessat en con\u00e8ixer eines i serveis per treballar a la xarxa.<br \/>\nProfessorat de la XTEC que vulgui aprofundir en l&#8217;\u00fas dels serveis personalitzats de la XTEC.<\/p>\n<h4>Requisits t\u00e8cnics<\/h4>\n<p>Per participar al curs en l&#8217;entorn Moodle cal tenir un nivell b\u00e0sic de treball amb ordinador per a:<\/p>\n<ul>\n<li>utilitzar el correu electr\u00f2nic.<\/li>\n<li>utilitzar navegadors d&#8217;Internet i navegar per la xarxa amb una certa seguretat.<\/li>\n<li>utilitzar algun processador de textos, full de c\u00e0lcul (\u00fas b\u00e0sic) i programes d&#8217;elaboraci\u00f3 de presentacions.<\/li>\n<\/ul>\n<p>A m\u00e9s cal disposar un compte de gmail o compte xtec.<\/p>\n<h4>Objectius<\/h4>\n<ul>\n<li>Comunicar mitjan\u00e7ant el gmail (correu) i el hangout (xat).<\/li>\n<li>Crear documents, presentacions i p\u00e0gines web mitjan\u00e7ant algunes apps de Drive de manera col\u00b7laborativa.<\/li>\n<li>Gestionar formularis en linea, calendaris i aportacions a grups.<\/li>\n<li>Difondre mitjan\u00e7ant google+ fotos i altres.<\/li>\n<li>Publicar un blog i una p\u00e0gina google sites.<\/li>\n<\/ul>\n<h4>Continguts<\/h4>\n<ul>\n<li>M\u00f2dul 1: Comunicaci\u00f3: correu gmail, xat i hangout<\/li>\n<li>M\u00f2dul 2: Creaci\u00f3: documents i presentacions amb Drive i mapes.<\/li>\n<li>M\u00f2dul 3: Gesti\u00f3: formularis de Drive, calendari i grups de Google.<\/li>\n<li>M\u00f2dul 4: Difusi\u00f3: google+, \u00a0fotos, blog i llocs web (sites).<\/li>\n<\/ul>\n<h4>Metodologia<\/h4>\n<p>La metodologia de treball \u00e9s no presencial de manera que les tasques del curs es faran &#8220;en l\u00ednia&#8221;, \u00e9s a dir, amb connexi\u00f3 a Internet i a trav\u00e9s de l&#8217; aula virtual (Moodle) d&#8217;Espiral.<\/p>\n<p>Tot i que s&#8217;anir\u00e0 seguint una planificaci\u00f3 temporal, les persones participants poden anar explorant el funcionament de l&#8217;aula i els racons del curs al seu propi ritme dins cada m\u00f2dul de treball.<\/p>\n<p>En aquest curs les persones que hi participen s\u00f3n protagonistes, s\u00f3n qui ha de planificar l\u2019aprenentatge i construir el coneixement. Per a fer-ho compten amb l\u2019ajut de la formadora, dels materials i de la resta de recursos de l&#8217;aula.<\/p>\n<p>Les activitats es realitzaran seguint dues din\u00e0miques: individual i grup sencer. En el cas del treball en grup sencer, cal destacar els debats, que requereixen la participaci\u00f3 de tothom per tal que la discussi\u00f3 sigui rica i profitosa i es pugui aprendre de manera cooperativa.<\/p>\n<p>Plan d&#8217;avaluaci\u00f3:<br \/>\nI) Avaluaci\u00f3 cont\u00ednua d&#8217;aprofitament:<\/p>\n<p>L&#8217;avaluaci\u00f3 de l&#8217;alumne ser\u00e0 continuada al llarg de tot del curs i tindr\u00e0 en compte:<\/p>\n<ul>\n<li>L\u2019actitud participativa en els debats i f\u00f2rums plantejats. La participaci\u00f3 en els debats i en els espais de treball de grup. En aquest curs el coneixement no s\u2019adquireix nom\u00e9s a partir d\u2019un material, de la persona formadora o de l\u2019entorn, sin\u00f3 que es construeix dia a dia i de manera conjunta als espais compartits. \u00c9s per aix\u00f2 que el seguiment i la participaci\u00f3 continuada a aquestes activitats compartides esdevenen especialment importants.<\/li>\n<\/ul>\n<ul>\n<li>La superaci\u00f3 de les tasques. Aquestes activitats seran retornades amb una valoraci\u00f3 i un comentari, que permetran reflexionar sobre el treball realitzat.<\/li>\n<\/ul>\n<ul>\n<li>La realitzaci\u00f3 del projecte final (Google Sites)<\/li>\n<\/ul>\n<p>-En general, els criteris d&#8217;avaluaci\u00f3 que es seguiran per avaluar el participant s\u00f3n:<\/p>\n<ul>\n<li>Implicaci\u00f3 i const\u00e0ncia en el desenvolupament del curs.<\/li>\n<li>Aplicaci\u00f3 dels continguts que s&#8217;han treballat durant el curs.<\/li>\n<li>Qualitat de les intervencions realitzades en les activitats.<\/li>\n<li>Capacitat de realitzar noves aportacions en les activitats de f\u00f2rum.<\/li>\n<li>Capacitat de relacionar conceptes i informaci\u00f3.<\/li>\n<li>Capacitat d&#8217;argumentar les idees exposades.<\/li>\n<li>Grau d&#8217;estructuraci\u00f3 de les aportacions i capacitat de s\u00edntesi.<\/li>\n<li>Habilitat per al tractament de la informaci\u00f3 digital.<\/li>\n<\/ul>\n<p>L&#8217;avaluaci\u00f3 dels diferents m\u00f2duls consistir\u00e0 en:<\/p>\n<table border=\"2\">\n<tbody>\n<tr style=\"background-color: #bdbdbd;\">\n<td>TASQUES<\/td>\n<td>CRITERIS AVALUACI\u00d3<\/td>\n<\/tr>\n<tr style=\"background-color: #efefef;\">\n<td>\n<ul>\n<li>Converses<\/li>\n<li>Altres comptes (opcional)<\/li>\n<li>Filtres i etiquetes<\/li>\n<li>Un di\u00e0leg per xat i videotrucada amb hangout<\/li>\n<li>Les utilitats del xat (opcional)<\/li>\n<\/ul>\n<\/td>\n<td>\n<ul>\n<li>Mantenir una conversa amb un m\u00ednim de dues persones mitjan\u00e7ant gmail i reenviar la cadena de correus. (5%)<\/li>\n<li>Afegir filtres i etiquetes per mantenir la safata d\u2019entrada de correu ben endre\u00e7ada. (5%)<\/li>\n<li>Mantenir un di\u00e0leg escrit o mitjan\u00e7ant videotrucada amb els companys. (5%)<\/li>\n<\/ul>\n<\/td>\n<\/tr>\n<tr style=\"background-color: #cfcfcf;\">\n<td>\n<ul>\n<li>Un document personal<\/li>\n<li>Un document compartit<\/li>\n<li>Tres dubtes<\/li>\n<li>Restaurants per gaudir<\/li>\n<\/ul>\n<\/td>\n<td>\n<ul>\n<li>Crear un document de text individual amb Drive. (10%)<\/li>\n<li>Crear un document de text grupal amb Drive. (10%)<\/li>\n<li>Crear una presentaci\u00f3 col\u00b7laborativa amb Drive. (5%)<\/li>\n<li>Afegir un punt a un mapa compartit. (5%)<\/li>\n<\/ul>\n<\/td>\n<\/tr>\n<tr style=\"background-color: #efefef;\">\n<td>\n<ul>\n<li>Formulari capturat<\/li>\n<li>Llibreta de notes (opcional)<\/li>\n<li>Calendaris i recordatoris<\/li>\n<li>Participar a un grup<\/li>\n<\/ul>\n<\/td>\n<td>\n<ul>\n<li>Crear un formulari i compartir els resultats. (10%)<\/li>\n<li>Crear un calendari personal i introduir un parell d\u2019esdeveniments importants. (10)%<\/li>\n<li>Deixar un comentari a un grup ja existent. (5%)<\/li>\n<\/ul>\n<\/td>\n<\/tr>\n<tr style=\"background-color: #cfcfcf;\">\n<td>\n<ul>\n<li>Un cercle a Google +<\/li>\n<li>Fem un \u00e0lbum de fotos<\/li>\n<li>Iniciar el blog (opcional)<\/li>\n<li>Lloc web comunitari &#8211; Projecte del curs<\/li>\n<\/ul>\n<\/td>\n<td>\n<ul>\n<li>Crear un cercle a google i compartir un contingut. (5%)<\/li>\n<li>Muntar un \u00e0lbum de fotos i compartir-ho. (5%)<\/li>\n<li>Crear un sites de forma col\u00b7laborativa com a projecte final del curs. (20%)<\/li>\n<\/ul>\n<\/td>\n<\/tr>\n<\/tbody>\n<\/table>\n<p>II)Avaluaci\u00f3 de la satisfacci\u00f3 dels participants: es realitzar\u00e0 una enquesta de valoraci\u00f3 final del curs que recollir\u00e0 suggeriments i observacions valoratives.<\/p>\n<h4>Requisits de certificaci\u00f3<\/h4>\n<p>Per obtenir la certificaci\u00f3 oficial del curs cal:<\/p>\n<ul>\n<li>Superar l&#8217;avaluaci\u00f3 de les diferents activitats plantejades durant el curs, que hauran de ser valorades positivament.<\/li>\n<li>Entregar les activitats proposades dins el termini preestablert pel formador.<\/li>\n<li>Participar als f\u00f2rums i espais de treball en grup de l\u2019aula virtual.<\/li>\n<li>Presentar i aprovar el projecte final de curs.( Google sites)<\/li>\n<\/ul>\n<h5>Dates de realitzaci\u00f3<\/h5>\n<p>de l&#8217;1 al 15 de juliol del 2018<\/p>\n<h5>Durada<\/h5>\n<p>30 hores<\/p>\n<h4>Formadora<\/h4>\n<p><img decoding=\"async\" class=\"alignleft wp-image-173 size-thumbnail\" src=\"http:\/\/blogs.ciberespiral.org\/escuelas\/wp-content\/uploads\/sites\/16\/2016\/05\/Sara_sune.jpg\" alt=\"Sara Su\u00f1\u00e9\" width=\"150\" height=\"150\" \/><\/p>\n<p><strong>Sara Su\u00f1\u00e9\u00a0<a href=\"https:\/\/twitter.com\/#!\/sara_sune\" target=\"_blank\" rel=\"noopener noreferrer\">@sara_sune<\/a><\/strong><\/p>\n<p><span lang=\"ca\">Llicenciada\u00a0en Comunicaci\u00f3\u00a0Audiovisual\u00a0i\u00a0M\u00e0ster en Formaci\u00f3 del Professorat por la UB. Professora d&#8217;audiovisuals a l&#8217;IOC i Social Media Manager. \u00a0<\/span><\/p>\n<h4><span style=\"color: #0000ff;\"><a style=\"color: #0000ff;\" href=\"http:\/\/blogs.ciberespiral.org\/escuelas\/ca\/matricula-2\/\">Inscripci\u00f3<\/a><\/span><\/h4>\n","protected":false},"excerpt":{"rendered":"<p>Descripci\u00f3 de l&#8217;activitat Per a moltes persones el mot Google continua essent sin\u00f2nim de cercar informaci\u00f3 a la xarxa. Per\u00f2 Google \u00e9s molt m\u00e9s. Disposa d&#8217;un petit univers d&#8217;eines i funcionalitats integrades entre elles la major part de les quals s\u00f3n d&#8217;\u00fas gratu\u00eft. Amb Google podreu comunicar-vos, disposar a qualsevol&hellip;<\/p>\n","protected":false},"author":49,"featured_media":0,"parent":0,"menu_order":0,"comment_status":"closed","ping_status":"closed","template":"","meta":{"footnotes":""},"class_list":["post-1664","page","type-page","status-publish","hentry"],"_links":{"self":[{"href":"https:\/\/blogs.ciberespiral.org\/escuelas\/wp-json\/wp\/v2\/pages\/1664","targetHints":{"allow":["GET"]}}],"collection":[{"href":"https:\/\/blogs.ciberespiral.org\/escuelas\/wp-json\/wp\/v2\/pages"}],"about":[{"href":"https:\/\/blogs.ciberespiral.org\/escuelas\/wp-json\/wp\/v2\/types\/page"}],"author":[{"embeddable":true,"href":"https:\/\/blogs.ciberespiral.org\/escuelas\/wp-json\/wp\/v2\/users\/49"}],"replies":[{"embeddable":true,"href":"https:\/\/blogs.ciberespiral.org\/escuelas\/wp-json\/wp\/v2\/comments?post=1664"}],"version-history":[{"count":2,"href":"https:\/\/blogs.ciberespiral.org\/escuelas\/wp-json\/wp\/v2\/pages\/1664\/revisions"}],"predecessor-version":[{"id":1715,"href":"https:\/\/blogs.ciberespiral.org\/escuelas\/wp-json\/wp\/v2\/pages\/1664\/revisions\/1715"}],"wp:attachment":[{"href":"https:\/\/blogs.ciberespiral.org\/escuelas\/wp-json\/wp\/v2\/media?parent=1664"}],"curies":[{"name":"wp","href":"https:\/\/api.w.org\/{rel}","templated":true}]}}