{"id":1652,"date":"2018-05-30T01:09:33","date_gmt":"2018-05-30T00:09:33","guid":{"rendered":"http:\/\/blogs.ciberespiral.org\/escuelas\/?page_id=1652"},"modified":"2018-06-06T10:27:49","modified_gmt":"2018-06-06T09:27:49","slug":"aprenentatge-basat-en-projectes-2","status":"publish","type":"page","link":"https:\/\/blogs.ciberespiral.org\/escuelas\/aprenentatge-basat-en-projectes-2\/","title":{"rendered":"Aprenentatge Basat en Projectes"},"content":{"rendered":"<h4>Descripci\u00f3 de l&#8217;activitat<\/h4>\n<div title=\"Page 3\">\n<div>\n<div>\n<p>El curs tracte sobre la metodologia ABP \/ PBL<br \/>\nAprenentatge Basat en Projectes.<\/p>\n<\/div>\n<\/div>\n<div>\n<div>\n<p>Es tracta de situar el Formador en el doble paper d&#8217;alumne i de Professor, quant ha d&#8217;entendre aquestes metodologies des dels dos punts de vista.<br \/>\nEn el curs es realitzara\u0300 una introduccio\u0301 conceptual i teo\u0300rica de manera que es pugui entendre l&#8217;entorn de treball.<\/p>\n<p>L&#8217;objectiu central del curs e\u0301s el d&#8217;aconseguir la capacitacio\u0301 del professor com a tutor en l&#8217;aprenentatge basat en problemes, per a aixo\u0300 es treballara\u0300 tant individualment com en grup, l&#8217;entorn de treball sera\u0300 virtual i s&#8217;utilitzaran metodologies de treball tant si\u0301ncrones per a les reunions, com asi\u0301ncrones per al treball i l&#8217;estudi individual. Cal destacar que les reunions si\u0301ncrones seran volunta\u0300ries segons disponibilitat i necessitats dels participants.<\/p>\n<\/div>\n<\/div>\n<\/div>\n<h4><\/h4>\n<h4>Carga lectiva del curs<\/h4>\n<p>30 hores<\/p>\n<h4><\/h4>\n<h4>Destinataris<\/h4>\n<p>Professors de tots els nivells, especialment de prim\u00e0ria.<br \/>\nEs poden utilitzar a secund\u00e0ria, batxillerat i Cicles formatius de totes les especialitats<\/p>\n<h4><\/h4>\n<h4>Requisits t\u00e8cnics<\/h4>\n<p>El curs \u00e9s virtual, cal disposar d&#8217;una connexi\u00f3 que permeti utilitzar tenir-ho en compte. No calen coneixements previs. \u00c9s important una disposici\u00f3 a la col\u00b7laboraci\u00f3 i a l&#8217;aprenentatge<\/p>\n<h4><\/h4>\n<h4>Objectius<\/h4>\n<p>Con\u00e8ixer la filosofia de l&#8217;Aprenentatge Basat en Projectes.<br \/>\nSaber utilitzar els recursos m\u00e9s importants d&#8217;aquesta metodologia.<br \/>\nTindre la capacitat d&#8217;avaluar els projectes i les seves necessitats.<br \/>\nSaber crear, conduir, implementar i utilitzar projectes.<\/p>\n<h4><\/h4>\n<h4>Programa<\/h4>\n<p>M\u00f3dulo 1 \u2013 Presentaci\u00f3 personal<\/p>\n<p>M\u00f2dul 2 \u2013 La Metodologia<\/p>\n<p>M\u00f2dul 3 \u2013 Projectes .<\/p>\n<p>M\u00f2dul 4 \u2013 Treballar amb projectes<\/p>\n<p>M\u00f2dul 5 \u2013 Desenvolupament de Projectes<\/p>\n<p>M\u00f2dul 6 \u2013 Ejemplos, recursos y dificultades<\/p>\n<p>M\u00f2dul 7 \u2013 Implementaci\u00f3<\/p>\n<h4><\/h4>\n<h4>Metodologia<\/h4>\n<p>Ens centrem en el treball virtual, treballem en f\u00f2rums de discussi\u00f3, alhora que es realitzen reunions tem\u00e0tiques volunt\u00e0ries.<\/p>\n<h4><\/h4>\n<h4>Pla d&#8217;avaluaci\u00f3<\/h4>\n<table>\n<tbody>\n<tr style=\"background-color: #bdbdbd;\">\n<td>\n<div>\n<div>\n<p>Tasques<\/p>\n<\/div>\n<\/div>\n<\/td>\n<td>\n<div>\n<div>\n<p>Criteris d\u2019avaluacio\u0301<\/p>\n<\/div>\n<\/div>\n<\/td>\n<\/tr>\n<tr style=\"background-color: #efefef;\">\n<td>\n<div>\n<div>\n<p>Activitats obligato\u0300ries<\/p>\n<\/div>\n<\/div>\n<\/td>\n<td><\/td>\n<\/tr>\n<tr style=\"background-color: #cfcfcf;\">\n<td>\n<div>\n<div>\n<p>Activitat 1 \u2013Mo\u0300dul 1<\/p>\n<\/div>\n<\/div>\n<\/td>\n<td>\n<div>\n<div>\n<p>Presentacio\u0301 personal<\/p>\n<\/div>\n<\/div>\n<\/td>\n<\/tr>\n<tr style=\"background-color: #efefef;\">\n<td>\n<div>\n<div>\n<p>Activitat 2 \u2013 Mo\u0300dul 2<\/p>\n<\/div>\n<\/div>\n<\/td>\n<td>\n<div>\n<div>\n<p>Participar en el Fo\u0300rum<\/p>\n<\/div>\n<\/div>\n<\/td>\n<\/tr>\n<tr style=\"background-color: #cfcfcf;\">\n<td>\n<div>\n<div>\n<p>Activitat 3 \u2013 Mo\u0300dul 3<\/p>\n<\/div>\n<\/div>\n<\/td>\n<td>\n<div>\n<div>\n<p>Participar en el Fo\u0300rum sobre Projectes<\/p>\n<\/div>\n<\/div>\n<\/td>\n<\/tr>\n<tr style=\"background-color: #efefef;\">\n<td>\n<div>\n<div>\n<p>Activitat 4 \u2013 Mo\u0300dul 4<\/p>\n<\/div>\n<\/div>\n<\/td>\n<td>\n<div>\n<div>\n<p>Ana\u0300lisis de Projectes a PBL<\/p>\n<\/div>\n<\/div>\n<\/td>\n<\/tr>\n<tr style=\"background-color: #cfcfcf;\">\n<td>\n<div>\n<div>\n<p>Activitat 5 \u2013 Mo\u0300dul 5<\/p>\n<\/div>\n<\/div>\n<\/td>\n<td>\n<div>\n<div>\n<p>Creacio\u0301 d\u2019un Projecte<\/p>\n<\/div>\n<\/div>\n<\/td>\n<\/tr>\n<tr style=\"background-color: #efefef;\">\n<td>\n<div>\n<div>\n<p>Activitat 6 \u2013 Mo\u0300dul 6<\/p>\n<\/div>\n<\/div>\n<\/td>\n<td>\n<div>\n<div>\n<p>Treball sobre avaluacio\u0301 Projecte<\/p>\n<p>Esquema d\u2019implementacio\u0301 de PBL<\/p>\n<\/div>\n<\/div>\n<\/td>\n<\/tr>\n<\/tbody>\n<\/table>\n<h4><\/h4>\n<h4>Requisits de certificaci\u00f3<\/h4>\n<div>Per superar el curs cal:<\/div>\n<ul>\n<li>Haver participat als f\u00f2rums.<\/li>\n<li>Haver avaluat, analitzat i criticat un projecte<\/li>\n<li>Haver dissenyat un projecte.<\/li>\n<li>Haver realizat el 100% de les activitats.<\/li>\n<\/ul>\n<h5><\/h5>\n<h5>Dates de realitzaci\u00f3<\/h5>\n<p>de l&#8217;1 al 15 de juliol del 2018<\/p>\n<h5>Durada<\/h5>\n<p>30 hores<\/p>\n<h5>Formador<\/h5>\n<p><a href=\"http:\/\/blogs.ciberespiral.org\/escuelas\/wp-content\/uploads\/sites\/16\/2018\/05\/juanfra_400x400.jpg\"><img decoding=\"async\" class=\"wp-image-1807 alignleft\" src=\"http:\/\/blogs.ciberespiral.org\/escuelas\/wp-content\/uploads\/sites\/16\/2018\/05\/juanfra_400x400-300x300.jpg\" alt=\"\" width=\"181\" height=\"181\" srcset=\"https:\/\/blogs.ciberespiral.org\/escuelas\/wp-content\/uploads\/sites\/16\/2018\/05\/juanfra_400x400-300x300.jpg 300w, https:\/\/blogs.ciberespiral.org\/escuelas\/wp-content\/uploads\/sites\/16\/2018\/05\/juanfra_400x400-150x150.jpg 150w, https:\/\/blogs.ciberespiral.org\/escuelas\/wp-content\/uploads\/sites\/16\/2018\/05\/juanfra_400x400.jpg 400w\" sizes=\"(max-width: 181px) 100vw, 181px\" \/><\/a><\/p>\n<p><strong>Juanfra Alvarez\u00a0 <a class=\"ProfileHeaderCard-screennameLink u-linkComplex js-nav\" href=\"https:\/\/twitter.com\/juanfratic\"><span class=\"username u-dir\" dir=\"ltr\"><b class=\"u-linkComplex-target\">@juanfratic<\/b><\/span><\/a><\/strong><\/p>\n<p>Qu\u00edmico de formaci\u00f3n, profesor por vocaci\u00f3n, y amante de las TIC por devoci\u00f3n.<\/p>\n<p>Profesor de F\u00edsica y Qu\u00edmica en Alcoi.<\/p>\n<p>Del cine y su m\u00fasica hago tambi\u00e9n mi afici\u00f3n.<\/p>\n<h3><\/h3>\n<h3><strong><a href=\"http:\/\/blogs.ciberespiral.org\/escuelas\/ca\/matricula-2\/\"><span style=\"text-decoration: underline; color: #0000ff;\">Inscripci\u00f3<\/span><\/a><\/strong><\/h3>\n","protected":false},"excerpt":{"rendered":"<p>Descripci\u00f3 de l&#8217;activitat El curs tracte sobre la metodologia ABP \/ PBL Aprenentatge Basat en Projectes. Es tracta de situar el Formador en el doble paper d&#8217;alumne i de Professor, quant ha d&#8217;entendre aquestes metodologies des dels dos punts de vista. En el curs es realitzara\u0300 una introduccio\u0301 conceptual i&hellip;<\/p>\n","protected":false},"author":49,"featured_media":0,"parent":0,"menu_order":0,"comment_status":"closed","ping_status":"closed","template":"","meta":{"footnotes":""},"class_list":["post-1652","page","type-page","status-publish","hentry"],"_links":{"self":[{"href":"https:\/\/blogs.ciberespiral.org\/escuelas\/wp-json\/wp\/v2\/pages\/1652","targetHints":{"allow":["GET"]}}],"collection":[{"href":"https:\/\/blogs.ciberespiral.org\/escuelas\/wp-json\/wp\/v2\/pages"}],"about":[{"href":"https:\/\/blogs.ciberespiral.org\/escuelas\/wp-json\/wp\/v2\/types\/page"}],"author":[{"embeddable":true,"href":"https:\/\/blogs.ciberespiral.org\/escuelas\/wp-json\/wp\/v2\/users\/49"}],"replies":[{"embeddable":true,"href":"https:\/\/blogs.ciberespiral.org\/escuelas\/wp-json\/wp\/v2\/comments?post=1652"}],"version-history":[{"count":5,"href":"https:\/\/blogs.ciberespiral.org\/escuelas\/wp-json\/wp\/v2\/pages\/1652\/revisions"}],"predecessor-version":[{"id":1818,"href":"https:\/\/blogs.ciberespiral.org\/escuelas\/wp-json\/wp\/v2\/pages\/1652\/revisions\/1818"}],"wp:attachment":[{"href":"https:\/\/blogs.ciberespiral.org\/escuelas\/wp-json\/wp\/v2\/media?parent=1652"}],"curies":[{"name":"wp","href":"https:\/\/api.w.org\/{rel}","templated":true}]}}