{"id":159,"date":"2015-05-11T22:22:46","date_gmt":"2015-05-11T21:22:46","guid":{"rendered":"http:\/\/blogs.ciberespiral.org\/escuelas\/?page_id=159"},"modified":"2016-05-17T10:35:51","modified_gmt":"2016-05-17T09:35:51","slug":"aprendizaje-basado-en-problemas-y-en-proyectos","status":"publish","type":"page","link":"https:\/\/blogs.ciberespiral.org\/escuelas\/aprendizaje-basado-en-problemas-y-en-proyectos\/","title":{"rendered":"Aprendizaje Basado en Problemas y en Proyectos"},"content":{"rendered":"<h5 style=\"text-align: center;\">[youtube height=&#8221;315&#8243; width=&#8221;560&#8243;]https:\/\/www.youtube.com\/watch?v=eKWBvdY57wE[\/youtube]<\/h5>\n<h5><span style=\"color: #3366ff;\">Descripci\u00f3n de la actividad<\/span><\/h5>\n<p>En este curso se abordar\u00e1 la utilizaci\u00f3n de las metodolog\u00edas del aprendizaje Basado en Problemas y en Proyectos en las aulas.<\/p>\n<p>Con ellas el profesor podr\u00e1 participar y dirigir el trabajo colaborativo con los alumnos. El docente, adem\u00e1s, aprender\u00e1 a plantear problemas y proyectos que podr\u00e1 aplicar de manera \u00f3ptima en un aula con o sin ordenadores.<\/p>\n<p>La riqueza de estas metodolog\u00edas permite potenciar el trabajo colaborativo y cooperativo en cualquier contexto formativo.<\/p>\n<h5><\/h5>\n<h5><span style=\"color: #3366ff;\">Destinatarios<\/span><\/h5>\n<p>Profesores, tutores y directores de primaria, secundaria, bachillerato o formaci\u00f3n profesional.<\/p>\n<h5><\/h5>\n<h5><span style=\"color: #3366ff;\">Requisitos t\u00e9cnicos de los participantes<\/span><\/h5>\n<div>Conocimientos previos:<\/div>\n<div>\n<p style=\"padding-left: 30px;\">Se requiere estar familiarizado con el uso de las TIC a nivel de usuario (uso adecuado y b\u00e1sico del correo electr\u00f3nico y del navegador de Internet)<\/p>\n<p>Hardware necesario:<\/p>\n<p style=\"padding-left: 30px;\">La diversidad de dispositivos de los que se dispone actualmente, as\u00ed como la facilidad de su uso, hace que\u00a0se pueda seguir el curso desde cualquiera de ellos. Sea tablet, smartphone, PC o Mac, aunque siempre es\u00a0recomendable utilizar port\u00e1tiles o bien ordenadores de sobremesa.<\/p>\n<h5><\/h5>\n<h5><span style=\"color: #3366ff;\">Objetivos<\/span><\/h5>\n<ul>\n<li>Crear problemas para trabajar mediante ABP\/PBL (Aprendizaje Basado en Problemas).<\/li>\n<li>Crear proyectos para trabajar con la metodolog\u00eda ABP\/PBL (Aprendizaje Basado en Proyectos).<\/li>\n<li>Dirigir y tutorizar los alumnos mediante dichas metodolog\u00edas.<\/li>\n<li>Discriminar los conceptos de trabajo en grupo y trabajo en red.<\/li>\n<li>Aplicar metodolog\u00edas colaborativas y cooperativas en el aula.<\/li>\n<li>Trabajar mediante ABP\/PBL con o sin necesidad de ordenadores.<\/li>\n<li>Saber evaluar de manera tanto formativa como sumativa.<\/li>\n<li>Identificar las dificultades y posibilidades de estas metodolog\u00edas.<\/li>\n<\/ul>\n<h5><\/h5>\n<h5><span style=\"color: #3366ff;\">Contenidos<\/span><\/h5>\n<ul>\n<li>M\u00f3dulo 1: Breve introducci\u00f3n: historia y contexto actual. Presentaci\u00f3n personal.<\/li>\n<li>M\u00f3dulo 2: Creaci\u00f3n y dise\u00f1o de proyectos.<\/li>\n<li>M\u00f3dulo 3: Creaci\u00f3n y resoluci\u00f3n de problemas.<\/li>\n<li>M\u00f3dulo 4: Ejemplos, recursos y discusi\u00f3n.<\/li>\n<li>M\u00f3dulo 5: Trabajo colaborativo (posiblemente con Google +)<\/li>\n<li>M\u00f3dulo 6:\u00a0Evaluaci\u00f3n, seguimiento y trabajo en grupo de los alumnos.<\/li>\n<\/ul>\n<p>Estos m\u00f3dulos no se trabajar\u00e1n de manera lineal, el trabajo de la metodolog\u00eda exige que se solapen.<\/p>\n<h5><\/h5>\n<h5><span style=\"color: #3366ff;\">Metodolog\u00eda<\/span><\/h5>\n<div>La metodolog\u00eda es eminentemente pr\u00e1ctica.<br \/>\nSe trabajar\u00e1 en grupo para la\u00a0resoluci\u00f3n de un problema o bien para\u00a0\u00a0la creaci\u00f3n de un proyecto.<br \/>\nEl curso se desarrollar\u00e1 en un aula del campus virtual (Moodle) y adem\u00e1s se utilizar\u00e1 una wiki y Google +.<\/div>\n<div>Se realizar\u00e1n reuniones utilizando el hangout de Google (para aquellos que no lo conozcan se dar\u00e1n las instrucciones necesarias).<\/div>\n<h5><\/h5>\n<div>\n<h5><span style=\"color: #3366ff;\">Requisitos de certificaci\u00f3n<\/span><\/h5>\n<\/div>\n<div>Para obtener la certificaci\u00f3n oficial del curso es necesario:<\/div>\n<div>\n<ul>\n<li>Participar en los foros y actividades que se indiquen:\u00a0deber\u00e1n ser valoradas positivamente al menos el 80% de las tareas.<\/li>\n<li>Participar en la resoluci\u00f3n de un problema o bien en la realizaci\u00f3n de un proyecto.<\/li>\n<li>Dise\u00f1ar un problema y un proyecto.<\/li>\n<\/ul>\n<\/div>\n<h5><\/h5>\n<h5><span style=\"color: #3366ff;\">Fechas de realizaci\u00f3n<\/span><\/h5>\n<p>del 1 al 17 de julio de 2015<\/p>\n<h5><span style=\"color: #3366ff;\">Duraci\u00f3n<\/span><\/h5>\n<p>30 horas<\/p>\n<\/div>\n<div>\n<div>\n<h5><span style=\"color: #3366ff;\">Formador<\/span><\/h5>\n<p><img decoding=\"async\" class=\"alignleft wp-image-173 size-thumbnail\" src=\"http:\/\/blogs.ciberespiral.org\/escuelas\/wp-content\/uploads\/sites\/16\/2015\/05\/Jordi-Guim-150x150.jpg\" alt=\"Jordi Guim\" width=\"150\" height=\"150\" \/><\/p>\n<p>&nbsp;<\/p>\n<\/div>\n<p><strong>Jordi Guim\u00a0<a href=\"https:\/\/twitter.com\/#!\/jordiguimb\" target=\"_blank\">@jordiguimb<\/a><\/strong><\/p>\n<p>Bi\u00f3logo de formaci\u00f3n, reconvertido a inform\u00e1tico. Escritor: autor de libros sobre Office e Internet. Profesor en el Centro de Estudios Joan XXIII y miembro de la <a href=\"http:\/\/www.ciberespiral.org\/\" target=\"_blank\">Asociaci\u00f3n Espiral, Educaci\u00f3n y Tecnolog\u00eda<\/a>. Miembro del Grupo del Instituto de Ciencias de la Educaci\u00f3n (ICE) sobre PBL. Especializado en metodolog\u00eda PBL y en mapas mentales y conceptuales.<\/p>\n<\/div>\n<p>&nbsp;<\/p>\n<p>&nbsp;<\/p>\n<p>&nbsp;<\/p>\n<p>&nbsp;<\/p>\n<div><\/div>\n<h3><span style=\"color: #0000ff;\"><strong><span style=\"text-decoration: underline;\"><a style=\"color: #0000ff; text-decoration: underline;\" title=\"Matr\u00edcula\" href=\"http:\/\/blogs.ciberespiral.org\/escuelas\/ca\/matricula-2\/\">Inscripci\u00f3<\/a>n<\/span><\/strong><\/span><\/h3>\n","protected":false},"excerpt":{"rendered":"<p>[youtube height=&#8221;315&#8243; width=&#8221;560&#8243;]https:\/\/www.youtube.com\/watch?v=eKWBvdY57wE[\/youtube] Descripci\u00f3n de la actividad En este curso se abordar\u00e1 la utilizaci\u00f3n de las metodolog\u00edas del aprendizaje Basado en Problemas y en Proyectos en las aulas. Con ellas el profesor podr\u00e1 participar y dirigir el trabajo colaborativo con los alumnos. El docente, adem\u00e1s, aprender\u00e1 a plantear problemas y&hellip;<\/p>\n","protected":false},"author":48,"featured_media":0,"parent":0,"menu_order":0,"comment_status":"closed","ping_status":"open","template":"","meta":{"footnotes":""},"class_list":["post-159","page","type-page","status-publish","hentry"],"_links":{"self":[{"href":"https:\/\/blogs.ciberespiral.org\/escuelas\/wp-json\/wp\/v2\/pages\/159","targetHints":{"allow":["GET"]}}],"collection":[{"href":"https:\/\/blogs.ciberespiral.org\/escuelas\/wp-json\/wp\/v2\/pages"}],"about":[{"href":"https:\/\/blogs.ciberespiral.org\/escuelas\/wp-json\/wp\/v2\/types\/page"}],"author":[{"embeddable":true,"href":"https:\/\/blogs.ciberespiral.org\/escuelas\/wp-json\/wp\/v2\/users\/48"}],"replies":[{"embeddable":true,"href":"https:\/\/blogs.ciberespiral.org\/escuelas\/wp-json\/wp\/v2\/comments?post=159"}],"version-history":[{"count":41,"href":"https:\/\/blogs.ciberespiral.org\/escuelas\/wp-json\/wp\/v2\/pages\/159\/revisions"}],"predecessor-version":[{"id":528,"href":"https:\/\/blogs.ciberespiral.org\/escuelas\/wp-json\/wp\/v2\/pages\/159\/revisions\/528"}],"wp:attachment":[{"href":"https:\/\/blogs.ciberespiral.org\/escuelas\/wp-json\/wp\/v2\/media?parent=159"}],"curies":[{"name":"wp","href":"https:\/\/api.w.org\/{rel}","templated":true}]}}