{"id":1581,"date":"2018-05-30T01:09:20","date_gmt":"2018-05-30T00:09:20","guid":{"rendered":"http:\/\/blogs.ciberespiral.org\/escuelas\/?page_id=1581"},"modified":"2018-05-30T01:09:20","modified_gmt":"2018-05-30T00:09:20","slug":"gamificando-voy-y-vengo-por-el-camino-aprendo","status":"publish","type":"page","link":"https:\/\/blogs.ciberespiral.org\/escuelas\/gamificando-voy-y-vengo-por-el-camino-aprendo\/","title":{"rendered":"Gamificando voy y vengo&#8230;por el camino aprendo"},"content":{"rendered":"<h4>Descripci\u00f3n de la actividad<\/h4>\n<p><span lang=\"ES\">La gamificaci\u00f3n consiste b\u00e1sicamente en emplear las mec\u00e1nicas y din\u00e1micas de los juegos a entornos ajenos al juego.\u00a0\u00a0Aunque es una terminolog\u00eda que proviene del mundo de los videojuegos est\u00e1 ampliando su campo de acci\u00f3n hacia sectores como el educativo que est\u00e1 aprovechando sus fundamentos esenciales para mejorar el aprendizaje a trav\u00e9s de una motivaci\u00f3n real hacia el aprendizaje, facilitando procesos y estrategias activas, donde el alumno es capaz de desarrollar las competencias propias del S.XXI de una manera integral.<\/span><\/p>\n<p><span lang=\"ES\">Los participantes de este curso virtual obtendr\u00e1n una base te\u00f3rica de donde partir y una base eminentemente pr\u00e1ctica para desarrollar su propio proyecto gamificado en el aula. El objetivo principal es acercar la gamificaci\u00f3n como estrategia de aprendizaje en el aula y desarrollar las habilidades necesarias para ser docente y alumno en el S.XXI: Aprender a aprender, comunicaci\u00f3n y colaboraci\u00f3n, creatividad y la competencia digital. De manera m\u00e1s precisa, los participantes desarrollar\u00e1n un proyecto, comprendiendo todos y cada uno de los pasos y desarrollando su esfuerzo y talento en cada uno de ellos, con el objetivo final de implantar una metodolog\u00eda activa en el aula.<\/span><\/p>\n<p>&nbsp;<\/p>\n<h4>Carga lectiva del curso<\/h4>\n<p>30 horas<\/p>\n<h4>Destinatarios<\/h4>\n<p>Profesores, maestros y educadores. \u00c1mbito docente.<\/p>\n<h4>Requisitos t\u00e9cnicos de los participantes<\/h4>\n<div>\n<div dir=\"ltr\">Se recomienda un nivel B1 de ingl\u00e9s para complementar el curso con recursos de apoyo en este idioma.<\/div>\n<div dir=\"ltr\">Habilidades digitales para la creaci\u00f3n de un\u00a0portafolio de aprendizaje y el uso de herramientas digitales que faciliten el proyecto final.<\/div>\n<\/div>\n<h4>Objetivos<\/h4>\n<ul>\n<li>Conocer la gamificaci\u00f3n como estrategia educativa<\/li>\n<li>Aplicar la gamificaci\u00f3n en el aula o centro educativo<\/li>\n<li><span lang=\"ES\">\u00a0<\/span><span lang=\"ES\">Planificar un proyecto gamificado<\/span><\/li>\n<li>Desarrollar la competencia digital y la creatividad<\/li>\n<li>Promover la colaboraci\u00f3n con iguales<\/li>\n<li>Compartir y aprender herramientas digitales que faciliten el desempe\u00f1o docente<\/li>\n<\/ul>\n<p>&nbsp;<\/p>\n<h4>\u00a0Contenidos<\/h4>\n<p><b><span lang=\"ES\">M\u00f3dulo 0 \u2013 Hazte con la plataforma<\/span><\/b><\/p>\n<ul>\n<li>Narrativa de inmersi\u00f3n<\/li>\n<li>Creaci\u00f3n de perfiles, avatar y\u00a0<span style=\"font-family: Calibri;\">portafolio<\/span><\/li>\n<li>Presentaci\u00f3n a la comunidad<\/li>\n<\/ul>\n<p>&nbsp;<\/p>\n<p><b><span lang=\"ES\">M\u00f3dulo 1 \u2013 \u00bfQu\u00e9 es gamificaci\u00f3n?<\/span><\/b><\/p>\n<ul>\n<li>\u00bfQu\u00e9 es la gamificaci\u00f3n?<\/li>\n<li>Origen, antecedentes y ejemplos<\/li>\n<li>Utilidad. Trasfondo emocional<\/li>\n<\/ul>\n<p><span lang=\"ES\">\u00a0<\/span><\/p>\n<p><b><span lang=\"ES\">M\u00f3dulo 2 \u2013 C\u00f3mo comenzar a g<\/span><\/b><span style=\"font-family: Calibri;\"><b>amificar<\/b><\/span><\/p>\n<ul>\n<li>Narrativa, motivaci\u00f3n intr\u00ednseca: Un nuevo universo donde sumergirse<\/li>\n<li>Diversidad. Avatares: Unos jugadores muy especiales<\/li>\n<li>Un objetivo concreto: contenido did\u00e1ctico<\/li>\n<li>Retos a superar: pruebas encaminadas a lograr el objetivo<\/li>\n<li>Mec\u00e1nicas de juego: motivaci\u00f3n extr\u00ednseca<\/li>\n<\/ul>\n<p><span lang=\"ES\">\u00a0<\/span><\/p>\n<p><b><span lang=\"ES\">M\u00f3dulo 3 \u2013 Crea tu propio prototipo<\/span><\/b><\/p>\n<ul>\n<li>\u00bfC\u00f3mo comenzar a prototipar?<\/li>\n<li><span lang=\"ES\">\u00a0<\/span><span lang=\"ES\">Recursos<\/span><\/li>\n<li>Desarrollo del prototipo y \u00faltimas recomendaciones ( evaluaci\u00f3n, testeo\u2026)<\/li>\n<\/ul>\n<p>&nbsp;<\/p>\n<h4>Metodolog\u00eda<\/h4>\n<div>\n<div>La metodolog\u00eda de trabajo ser\u00e1 no presencial: esto quiere decir que las tareas del curso las haremos &#8220;en l\u00ednea&#8221;, conectados a Internet y a trav\u00e9s de este aula virtual.<\/div>\n<p><span lang=\"ES\">Se trata de un curso gamificado, por lo que el aprendizaje ser\u00e1 eminentemente activo por vuestra parte. Deber\u00e9is desarrollar las estrategias, destrezas y habilidades necesarias para ir superando cada reto que se proponga. Cada m\u00f3dulo incluir\u00e1 los recursos suficientes para permitir una exploraci\u00f3n m\u00e1s profunda del contenido, pero lo ideal ser\u00eda que desarroll\u00e9is vuestro talento y creatividad y se\u00e1is aut\u00f3nomos en la b\u00fasqueda y curaci\u00f3n de nueva informaci\u00f3n que pueda resultar relevante, de manera que creemos una aut\u00e9ntica comunidad de aprendizaje entre todos.<\/span><\/p>\n<p><span lang=\"ES\">Ser\u00e1 importante compartir en redes sociales y participar de todos los foros que supongan un enriquecimiento sobre el contenido.<\/span><\/p>\n<p><span lang=\"ES\">Cada m\u00f3dulo s ser\u00e1 evaluado seg\u00fan las especificaciones descritas en el apartado evaluaci\u00f3n de esta gu\u00eda.<\/span><\/p>\n<p><span lang=\"ES\">Los retos deben superarse de manera individual. S\u00f3lo el proyecto final podr\u00e1 realizarse en equipo.<\/span><\/p>\n<p><span lang=\"ES\">Aquellos que completen el reto final obtendr\u00e1n una micro-credencial del curso.<\/span><\/p>\n<p>&nbsp;<\/p>\n<\/div>\n<h4>Plan de evaluaci\u00f3n<\/h4>\n<table border=\"1\" cellspacing=\"0\" cellpadding=\"0\">\n<tbody>\n<tr style=\"background-color: #cfcfcf;\">\n<td valign=\"top\" width=\"241\"><b><span lang=\"ES\">M\u00d3DULO 0 &#8211; TAREAS<\/span><\/b><\/td>\n<td valign=\"top\" width=\"241\"><b><span lang=\"ES\">CRITERIOS DE EVALUACI\u00d3N<\/span><\/b><\/td>\n<\/tr>\n<tr>\n<td valign=\"top\" width=\"241\"><span lang=\"ES\">OBLIGATORIAS:<\/span><\/p>\n<p><span lang=\"ES\">&#8211;\u00a0<\/span><span lang=\"ES\">Crear avatar<\/span><\/p>\n<p><span lang=\"ES\">&#8211;\u00a0<\/span><span lang=\"ES\">Presentarse en foro<\/span><\/td>\n<td valign=\"top\" width=\"241\"><span lang=\"ES\">\u00a0<\/span><\/p>\n<p><span lang=\"ES\">&#8211;\u00a0<\/span><span lang=\"ES\">Utiliza alguna de las herramientas propuestas para crear un avatar<\/span><\/p>\n<p><span lang=\"ES\">&#8211;\u00a0<\/span><span lang=\"ES\">Se presenta con nombre y ocupaci\u00f3n y su inter\u00e9s en el curso.<\/span><\/td>\n<\/tr>\n<tr style=\"background-color: #cfcfcf;\">\n<td valign=\"top\" width=\"241\"><span lang=\"ES\">VOLUNTARIAS:<\/span><\/p>\n<p><span lang=\"ES\">&#8211;\u00a0<\/span><span lang=\"ES\">Editar perfil<\/span><\/td>\n<td valign=\"top\" width=\"241\"><span lang=\"ES\">\u00a0<\/span><\/p>\n<p><span lang=\"ES\">&#8211;\u00a0<\/span><span lang=\"ES\">Completa el perfil con foto y descripci\u00f3n<\/span><\/td>\n<\/tr>\n<\/tbody>\n<\/table>\n<p><b><span lang=\"ES\">\u00a0<\/span><\/b><\/p>\n<table border=\"1\" cellspacing=\"0\" cellpadding=\"0\">\n<tbody>\n<tr style=\"background-color: #cfcfcf;\">\n<td valign=\"top\" width=\"241\"><b><span lang=\"ES\">M\u00d3DULO 1 &#8211; TAREAS<\/span><\/b><\/td>\n<td valign=\"top\" width=\"241\"><b><span lang=\"ES\">CRITERIOS DE EVALUACI\u00d3N<\/span><\/b><\/td>\n<\/tr>\n<tr>\n<td valign=\"top\" width=\"241\"><span lang=\"ES\">OBLIGATORIAS:<\/span><\/p>\n<p><span lang=\"ES\">&#8211;\u00a0<\/span><span lang=\"ES\">Post en portfolio digital con la reflexi\u00f3n de lo aprendido en el m\u00f3dulo<\/span><\/p>\n<p><span lang=\"ES\">&#8211;\u00a0<\/span><span lang=\"ES\">Visionado de lecci\u00f3n<\/span><\/p>\n<p><span lang=\"ES\">\u00a0<\/span><\/td>\n<td valign=\"top\" width=\"241\"><span lang=\"ES\">\u00a0<\/span><\/p>\n<p><span lang=\"ES\">&#8211;\u00a0<\/span><span lang=\"ES\">Reflexiona sobre qu\u00e9 es gamificaci\u00f3n, describe alg\u00fan ejemplo cercano y argumenta aquellos elementos que considera como \u00fatiles de manera personal.<\/span><\/p>\n<p><span lang=\"ES\">&#8211;\u00a0<\/span><span lang=\"ES\">La tarea de ver la lecci\u00f3n est\u00e1 completa<\/span><\/td>\n<\/tr>\n<tr style=\"background-color: #cfcfcf;\">\n<td valign=\"top\" width=\"241\"><span lang=\"ES\">VOLUNTARIAS:<\/span><\/p>\n<p><span lang=\"ES\">&#8211; Participaci\u00f3n en foro: debate sobre la utilidad de la gamificaci\u00f3n<\/span><\/p>\n<p><span lang=\"ES\">\u00a0<\/span><\/td>\n<td valign=\"top\" width=\"241\"><span lang=\"ES\">\u00a0<\/span><\/p>\n<p><span lang=\"ES\">&#8211;\u00a0<\/span><span lang=\"ES\">Participa ofreciendo feedback a sus compa\u00f1eros y aportando informaci\u00f3n sobre gamificaci\u00f3n.<\/span><\/td>\n<\/tr>\n<\/tbody>\n<\/table>\n<p><b><span lang=\"ES\">\u00a0<\/span><\/b><\/p>\n<table border=\"1\" cellspacing=\"0\" cellpadding=\"0\">\n<tbody>\n<tr style=\"background-color: #cfcfcf;\">\n<td valign=\"top\" width=\"241\"><b><span lang=\"ES\">M\u00d3DULO 2 &#8211; TAREAS<\/span><\/b><\/td>\n<td valign=\"top\" width=\"241\"><b><span lang=\"ES\">CRITERIOS DE EVALUACI\u00d3N<\/span><\/b><\/td>\n<\/tr>\n<tr>\n<td valign=\"top\" width=\"241\"><span lang=\"ES\">OBLIGATORIAS:<\/span><\/p>\n<p><span lang=\"ES\">&#8211;\u00a0<\/span><span lang=\"ES\">Idear una gui\u00f3n gr\u00e1fico de su narrativa<\/span><\/td>\n<td valign=\"top\" width=\"241\"><span lang=\"ES\">\u00a0<\/span><\/p>\n<p><span lang=\"ES\">&#8211;\u00a0<\/span><span lang=\"ES\">Utiliza la herramienta propuesta para crear un gui\u00f3n gr\u00e1fico o storyboard de su narrativa que es incluida en su portfolio digital.<\/span><\/td>\n<\/tr>\n<tr style=\"background-color: #cfcfcf;\">\n<td valign=\"top\" width=\"241\"><span lang=\"ES\">VOLUNTARIAS:<\/span><\/p>\n<p><span lang=\"ES\">&#8211; Desarrolla 3 retos encaminados a un objetivo final<\/span><\/p>\n<p><span lang=\"ES\">&#8211; Seleccionar 3 mec\u00e1nicas, descr\u00edbelas y da ejemplos de uso<\/span><\/p>\n<p><span lang=\"ES\">&#8211;\u00a0<\/span><span lang=\"ES\">Realizar el quiz de tipos de jugadores.<\/span><\/p>\n<p><span lang=\"ES\">&#8211;\u00a0<\/span><span lang=\"ES\">Reflexiona sobre las mec\u00e1nicas de otros juegos que se proponen.<\/span><\/td>\n<td valign=\"top\" width=\"241\"><span lang=\"ES\">\u00a0<\/span><\/p>\n<p><span lang=\"ES\">&#8211; Ha seleccionado un objetivo did\u00e1ctico y lo ha desglosado en 3 retos, desarrollando en cada uno de ellos: objetivo, contexto y tarea y lo a\u00f1ade a su portfolio digital.<\/span><\/p>\n<p><span lang=\"ES\">&#8211; Incluye 3 mec\u00e1nicas, las describe y da ejemplos de uso en su portfolio digital<\/span><\/p>\n<p><span lang=\"ES\">&#8211;\u00a0<\/span><span lang=\"ES\">Completa un quiz online<\/span><\/p>\n<p><span lang=\"ES\">&#8211;\u00a0<\/span><span lang=\"ES\">Incluye un post en su portfolio con la reflexi\u00f3n.<\/span><\/td>\n<\/tr>\n<\/tbody>\n<\/table>\n<p><b><span lang=\"ES\">\u00a0<\/span><\/b><\/p>\n<table border=\"1\" cellspacing=\"0\" cellpadding=\"0\">\n<tbody>\n<tr style=\"background-color: #cfcfcf;\">\n<td valign=\"top\" width=\"241\"><b><span lang=\"ES\">M\u00d3DULO 3 &#8211; TAREAS<\/span><\/b><\/td>\n<td valign=\"top\" width=\"241\"><b><span lang=\"ES\">CRITERIOS DE EVALUACI\u00d3N<\/span><\/b><\/td>\n<\/tr>\n<tr>\n<td valign=\"top\" width=\"241\"><span lang=\"ES\">OBLIGATORIAS:<\/span><\/p>\n<p><span lang=\"ES\">&#8211;\u00a0<\/span><span lang=\"ES\">Dise\u00f1o de experiencia gamificada completa<\/span><\/td>\n<td valign=\"top\" width=\"241\"><span lang=\"ES\">\u00a0<\/span><\/p>\n<p><span lang=\"ES\">&#8211;\u00a0<\/span><span lang=\"ES\">Desarrolla el proyecto colaborativo incluyendo todos aquellos elementos o actividades que han realizado en un post de su portfolio digital ajust\u00e1ndose a una r\u00fabrica p2p.<\/span><\/td>\n<\/tr>\n<tr style=\"background-color: #cfcfcf;\">\n<td valign=\"top\" width=\"241\"><span lang=\"ES\">VOLUNTARIAS:<\/span><\/p>\n<p><span lang=\"ES\">&#8211;\u00a0<\/span><span lang=\"ES\">Selecciona uno de los recursos ofrecidos y haz un peque\u00f1o tutorial del \u00a0mismo<\/span><\/td>\n<td valign=\"top\" width=\"241\"><span lang=\"ES\">\u00a0<\/span><\/p>\n<p><span lang=\"ES\">&#8211;\u00a0<\/span><span lang=\"ES\">Ha realizado un videotutorial con alguna de las herramientas propuestas sobre uno de los recursos propuestos y lo incluye en su portfolio.<\/span><\/td>\n<\/tr>\n<\/tbody>\n<\/table>\n<h4><\/h4>\n<h4>Requisitos de certificaci\u00f3n<\/h4>\n<div>\n<p><span lang=\"ES\">En general, los criterios de evaluaci\u00f3n que se seguir\u00e1n\u00a0 son:<\/span><\/p>\n<ul>\n<li>Realizaci\u00f3n del 100% de las tareas obligatorias<\/li>\n<li>Calidad de sus evidencias de aprendizaje<\/li>\n<li>Proyecto final completo con todas las pautas descritas en la r\u00fabrica.<\/li>\n<\/ul>\n<\/div>\n<h4><\/h4>\n<h4>Fechas de realizaci\u00f3n<\/h4>\n<p>del 1 al 15 de julio de 2018<\/p>\n<h4>Formador<\/h4>\n<p><a href=\"http:\/\/blogs.ciberespiral.org\/escuelas\/wp-content\/uploads\/sites\/16\/2018\/05\/clara600x6001.png\"><img decoding=\"async\" class=\"wp-image-1642 alignleft\" src=\"http:\/\/blogs.ciberespiral.org\/escuelas\/wp-content\/uploads\/sites\/16\/2018\/05\/clara600x6001-265x300.png\" alt=\"\" width=\"163\" height=\"185\" srcset=\"https:\/\/blogs.ciberespiral.org\/escuelas\/wp-content\/uploads\/sites\/16\/2018\/05\/clara600x6001-265x300.png 265w, https:\/\/blogs.ciberespiral.org\/escuelas\/wp-content\/uploads\/sites\/16\/2018\/05\/clara600x6001.png 600w\" sizes=\"(max-width: 163px) 100vw, 163px\" \/><\/a><\/p>\n<p><strong>Clara Cordero\u00a0<a href=\"https:\/\/twitter.com\/#!\/agoraabierta\" target=\"_blank\" rel=\"noopener noreferrer\">@agoraabierta<\/a><\/strong><\/p>\n<p>Directora del M\u00e1ster de Innovaci\u00f3n EducActiva de la UCM. Maestra de Educaci\u00f3n Infantil, dise\u00f1adora de experiencias de aprendizaje. Forma docentes, coordina proyectos y gestiona comunidades de aprendizaje. Dedicada especialmente al campo de la gamificaci\u00f3n, el Visual y Visible Thinking, la competencia digital y comunicativa y el desarrollo de entornos y espacios de aprendizaje creativos. Desarrolla su labor en instituciones educativas (INTEF, Telef\u00f3nica, Centros de formaci\u00f3n del profesorado, UCM, centros educativos,&#8230;) con caracter presencial\u00a0 muchas de ellas enfocadas al e-learning. Centrada en la innovaci\u00f3n educativa y siempre desarrollando procesos activos\u00a0 que puedan mejorar la calidad y eficacia de la ense\u00f1anza en la escuela y fuera de ella. Escribe en agorabierta.com. Coordina el proyecto colaborativo No me cuentes historias&#8230;.\u00a1Dib\u00fajamelas!. Coordinadora de la Comunidad y Asociaci\u00f3n Gamifica Tu Aula, Editora en Literatil.com.<\/p>\n<p>&nbsp;<\/p>\n<p>&nbsp;<\/p>\n<p><a href=\"http:\/\/blogs.ciberespiral.org\/escuelas\/wp-content\/uploads\/sites\/16\/2017\/05\/salva-twitter.jpg\"><img decoding=\"async\" class=\"wp-image-1430 size-thumbnail alignleft\" src=\"http:\/\/blogs.ciberespiral.org\/escuelas\/wp-content\/uploads\/sites\/16\/2017\/05\/salva-twitter-150x150.jpg\" alt=\"\" width=\"150\" height=\"150\" srcset=\"https:\/\/blogs.ciberespiral.org\/escuelas\/wp-content\/uploads\/sites\/16\/2017\/05\/salva-twitter-150x150.jpg 150w, https:\/\/blogs.ciberespiral.org\/escuelas\/wp-content\/uploads\/sites\/16\/2017\/05\/salva-twitter-300x300.jpg 300w, https:\/\/blogs.ciberespiral.org\/escuelas\/wp-content\/uploads\/sites\/16\/2017\/05\/salva-twitter.jpg 399w\" sizes=\"(max-width: 150px) 100vw, 150px\" \/><\/a><\/p>\n<p>&nbsp;<\/p>\n<p><strong>Salvador Carri\u00f3n\u00a0<a href=\"https:\/\/twitter.com\/#!\/salva_cv\" target=\"_blank\" rel=\"noopener noreferrer\">@salva_cv<\/a><\/strong><\/p>\n<p>Maestro y profesor en el Colegio Madrigal donde coordina el programa de innovaci\u00f3n educativa. Cocreador del m\u00e9todo pracTIC y del encuentro educativo InnoBAR. Miembro fundado de la comunidad educativa &#8220;Gamifica tu aula&#8221; donde es m\u00e1s conocido por su alter-ego Salfum\u00e1n el mago.<\/p>\n<p>&nbsp;<\/p>\n<p>&nbsp;<\/p>\n<h3><span style=\"color: #0000ff;\"><strong><span style=\"text-decoration: underline;\"><a style=\"color: #0000ff; text-decoration: underline;\" title=\"Matr\u00edcula\" href=\"http:\/\/blogs.ciberespiral.org\/escuelas\/ca\/matricula-2\/\">Inscripci\u00f3<\/a>n<\/span><\/strong><\/span><\/h3>\n","protected":false},"excerpt":{"rendered":"<p>Descripci\u00f3n de la actividad La gamificaci\u00f3n consiste b\u00e1sicamente en emplear las mec\u00e1nicas y din\u00e1micas de los juegos a entornos ajenos al juego.\u00a0\u00a0Aunque es una terminolog\u00eda que proviene del mundo de los videojuegos est\u00e1 ampliando su campo de acci\u00f3n hacia sectores como el educativo que est\u00e1 aprovechando sus fundamentos esenciales para&hellip;<\/p>\n","protected":false},"author":49,"featured_media":0,"parent":0,"menu_order":0,"comment_status":"closed","ping_status":"closed","template":"","meta":{"footnotes":""},"class_list":["post-1581","page","type-page","status-publish","hentry"],"_links":{"self":[{"href":"https:\/\/blogs.ciberespiral.org\/escuelas\/wp-json\/wp\/v2\/pages\/1581","targetHints":{"allow":["GET"]}}],"collection":[{"href":"https:\/\/blogs.ciberespiral.org\/escuelas\/wp-json\/wp\/v2\/pages"}],"about":[{"href":"https:\/\/blogs.ciberespiral.org\/escuelas\/wp-json\/wp\/v2\/types\/page"}],"author":[{"embeddable":true,"href":"https:\/\/blogs.ciberespiral.org\/escuelas\/wp-json\/wp\/v2\/users\/49"}],"replies":[{"embeddable":true,"href":"https:\/\/blogs.ciberespiral.org\/escuelas\/wp-json\/wp\/v2\/comments?post=1581"}],"version-history":[{"count":7,"href":"https:\/\/blogs.ciberespiral.org\/escuelas\/wp-json\/wp\/v2\/pages\/1581\/revisions"}],"predecessor-version":[{"id":1648,"href":"https:\/\/blogs.ciberespiral.org\/escuelas\/wp-json\/wp\/v2\/pages\/1581\/revisions\/1648"}],"wp:attachment":[{"href":"https:\/\/blogs.ciberespiral.org\/escuelas\/wp-json\/wp\/v2\/media?parent=1581"}],"curies":[{"name":"wp","href":"https:\/\/api.w.org\/{rel}","templated":true}]}}