{"id":1580,"date":"2018-05-30T01:09:18","date_gmt":"2018-05-30T00:09:18","guid":{"rendered":"http:\/\/blogs.ciberespiral.org\/escuelas\/?page_id=1580"},"modified":"2018-05-30T01:09:18","modified_gmt":"2018-05-30T00:09:18","slug":"visual-thinking-como-estrategia-de-aprendizaje-2","status":"publish","type":"page","link":"https:\/\/blogs.ciberespiral.org\/escuelas\/visual-thinking-como-estrategia-de-aprendizaje-2\/","title":{"rendered":"Visual Thinking como estrategia de aprendizaje"},"content":{"rendered":"<h4>Descripci\u00f3n de la actividad<\/h4>\n<div dir=\"ltr\"><span lang=\"ES\"><span style=\"font-family: arial, sans-serif; font-size: small;\">El\u00a0<i>visual thinking\u00a0<\/i>o pensamiento visual trata de interpretar la realidad de acuerdo a la manera en que nuestro cerebro lo hace, simplificando el acceso a la informaci\u00f3n, sintetizando y organizando estructuras de informaci\u00f3n complejas.\u00a0<\/span><\/span><\/div>\n<div dir=\"ltr\"><span style=\"font-family: arial, sans-serif; font-size: small;\">Este curso supone una primera aproximaci\u00f3n al uso del<i>\u00a0visual thinking<\/i>\u00a0como estrategia de aprendizaje, de resoluci\u00f3n de problemas y de productividad para lograr eficacia y agilidad en los procesos de ense\u00f1anza-aprendizaje.\u00a0<\/span><\/div>\n<h4>Carga lectiva del curso<\/h4>\n<p>30 horas<\/p>\n<h4>Destinatarios<\/h4>\n<p>Cualquier persona interesada en la materia. Orientado espec\u00edficamente al sector educativo.<\/p>\n<h4>Requisitos t\u00e9cnicos de los participantes<\/h4>\n<div>No se requieren habilidades especiales para el desarrollo normal del curso aunque se aconseja conocer ser usuario habitual de herramientas digitales.<\/div>\n<h4><\/h4>\n<h4>Objetivos<\/h4>\n<ul>\n<li><span lang=\"ES\">\u00a0<\/span>Conocer el\u00a0<i>visual thinking<\/i>\u00a0como estrategia educativa<\/li>\n<li>Aplicar el\u00a0<i>visual thinking\u00a0<\/i>en el aula<\/li>\n<li>Planificar un proyecto de\u00a0<i>visual thinking<\/i><\/li>\n<li>Desarrollar competencias creativas y anal\u00edticas<\/li>\n<li>Promover la colaboraci\u00f3n y el uso de recursos compartidos<\/li>\n<li>Dise\u00f1ar desde diferentes puntos de vista<\/li>\n<\/ul>\n<h4><\/h4>\n<h4>Contenidos<\/h4>\n<p><b><span lang=\"ES\">M\u00f3dulo 0 \u2013 Hazte con la plataforma<\/span><\/b><\/p>\n<ul>\n<li><span lang=\"ES\">Desbloqueo y juegos visuales<\/span><\/li>\n<li>Creaci\u00f3n de perfiles, avatar y cuenta de Instagram<\/li>\n<li>Presentaci\u00f3n a la comunidad<\/li>\n<\/ul>\n<p>&nbsp;<\/p>\n<p><b><span lang=\"ES\">M\u00f3dulo 1 \u2013 \u00bfQu\u00e9 es\u00a0<i>visual thinking<\/i>?<\/span><\/b><\/p>\n<ul>\n<li>\u00bfQu\u00e9 es la\u00a0<i>visual thinking<\/i>?<\/li>\n<li>Origen, antecedentes y ejemplos<\/li>\n<li><span lang=\"ES\">\u00a0<\/span><span lang=\"ES\">Relaci\u00f3n del\u00a0<i>visual thinking<\/i>\u00a0con la manera en que aprende el cerebro<\/span><\/li>\n<li><span lang=\"ES\">\u00a0<\/span><span lang=\"ES\">Reto: nube de im\u00e1genes destacadas<\/span><\/li>\n<\/ul>\n<p>&nbsp;<\/p>\n<p><b><span lang=\"ES\">M\u00f3dulo 2 \u2013 C\u00f3mo comenzar a dibujar<\/span><\/b><\/p>\n<ul>\n<li><span lang=\"ES\">\u00a0<\/span><span lang=\"ES\">Elementos necesarios para dibujar<\/span><\/li>\n<li>Recursos para dibujar<\/li>\n<li>\u00bfPor d\u00f3nde empiezo?<\/li>\n<li>Primer reto:\u00a0<i>sketchnotes<\/i><\/li>\n<li>\u00bfY si a\u00f1adimos informaci\u00f3n compleja?<\/li>\n<li>Segundo reto: met\u00e1foras visuales<\/li>\n<li>Ideas para el aula: Rutinas de pensamiento, secuencias, mapas visuales.<\/li>\n<li>Tercer reto: Dibuja tu propio marco\/mapa visual de un proceso<\/li>\n<\/ul>\n<p>&nbsp;<\/p>\n<p><b><span lang=\"ES\">M\u00f3dulo 3 \u2013 Dibujamos colaborativamente y en directo<\/span><\/b><\/p>\n<ul>\n<li>Facilitaci\u00f3n gr\u00e1fica y\u00a0<i>graphic recording<\/i><\/li>\n<li>Recursos<\/li>\n<li>Pensar y expresar en modo visual<\/li>\n<li>Reto: elige un libro, pel\u00edcula, \u2026y expr\u00e9salo visualmente<\/li>\n<\/ul>\n<h4><\/h4>\n<p>&nbsp;<\/p>\n<h4>Metodolog\u00eda<\/h4>\n<div>\n<p>\u00a0La metodolog\u00eda de trabajo ser\u00e1 no presencial: esto quiere decir que las tareas del curso las haremos &#8220;en l\u00ednea&#8221;, conectados a Internet y a trav\u00e9s de este aula virtual.<span lang=\"ES\">Se trata de un curso de aprender haciendo, por lo que el aprendizaje ser\u00e1 eminentemente activo por vuestra parte. Deber\u00e9is desarrollar las estrategias, destrezas y habilidades necesarias para ir superando cada reto que se proponga. Cada m\u00f3dulo incluir\u00e1 los recursos de apoyo y complementarios que os permitir\u00e1n ampliar la informaci\u00f3n. Es fundamental colaborar y dar feedback en los foros para crecer juntos y conocer diferentes puntos de vista que enriquezcan el producto.<\/span><\/p>\n<p><span lang=\"ES\">Ser\u00e1 importante compartir en Instagram para colaborar a la creaci\u00f3n de una comunidad de aprendizaje activa.<\/span><\/p>\n<p><span lang=\"ES\">Cada m\u00f3dulo ser\u00e1 evaluado seg\u00fan las especificaciones descritas en el apartado evaluaci\u00f3n de esta gu\u00eda.<\/span><\/p>\n<p><span lang=\"ES\">Los retos deben superarse de manera individual. Ser\u00e1 colaborativa las aportaciones en los foros que permitan un enriquecimiento de cada producto<\/span><\/p>\n<p><span lang=\"ES\">Aquellos que completen el curso recibir\u00e1n una micro-credencial del mismo.<\/span><\/p>\n<\/div>\n<h4><\/h4>\n<h4>Plan de evaluaci\u00f3n<\/h4>\n<p>&nbsp;<\/p>\n<table border=\"1\" cellspacing=\"0\" cellpadding=\"0\">\n<tbody>\n<tr style=\"background-color: #cfcfcf;\">\n<td valign=\"top\" width=\"241\"><b><span lang=\"ES\">M\u00d3DULO 0 &#8211; TAREAS<\/span><\/b><\/td>\n<td valign=\"top\" width=\"241\"><b><span lang=\"ES\">CRITERIOS DE EVALUACI\u00d3N<\/span><\/b><\/td>\n<\/tr>\n<tr>\n<td valign=\"top\" width=\"241\"><span lang=\"ES\">OBLIGATORIAS<\/span><\/p>\n<ul>\n<li><span lang=\"ES\">\u00a0\u00a0<\/span><span lang=\"ES\">Dibuja su avatar<\/span><\/li>\n<li><span lang=\"ES\">\u00a0<\/span><span lang=\"ES\">Presentarse en foro<\/span><\/li>\n<\/ul>\n<\/td>\n<td valign=\"top\" width=\"241\">\n<ul>\n<li><span lang=\"ES\">\u00a0<\/span>El avatar ha sido dibujado<\/li>\n<li>Se presenta siguiendo la imagen de referencia dada.<\/li>\n<\/ul>\n<\/td>\n<\/tr>\n<tr style=\"background-color: #cfcfcf;\">\n<td valign=\"top\" width=\"241\"><span lang=\"ES\">VOLUNTARIAS:<\/span><\/p>\n<ul>\n<li><span lang=\"ES\">\u00a0<\/span><span lang=\"ES\">Editar perfil<\/span><\/li>\n<li><span lang=\"ES\">\u00a0<\/span><span lang=\"ES\">Crea cuenta en Instagram<\/span><\/li>\n<\/ul>\n<\/td>\n<td valign=\"top\" width=\"241\">\n<ul>\n<li><span lang=\"ES\">\u00a0<\/span>Completa el perfil con foto y descripci\u00f3n<\/li>\n<li>Se registra en Instagram para compartir las im\u00e1genes y crear comunidad.<\/li>\n<\/ul>\n<\/td>\n<\/tr>\n<\/tbody>\n<\/table>\n<p><b><span lang=\"ES\">\u00a0<\/span><\/b><\/p>\n<table border=\"1\" cellspacing=\"0\" cellpadding=\"0\">\n<tbody>\n<tr style=\"background-color: #cfcfcf;\">\n<td valign=\"top\" width=\"241\"><b><span lang=\"ES\">M\u00d3DULO 1 &#8211; TAREAS<\/span><\/b><\/td>\n<td valign=\"top\" width=\"241\"><b><span lang=\"ES\">CRITERIOS DE EVALUACI\u00d3N<\/span><\/b><\/td>\n<\/tr>\n<tr>\n<td valign=\"top\" width=\"241\"><span lang=\"ES\">OBLIGATORIAS:<\/span><\/p>\n<ul>\n<li>Dibuja una nube de im\u00e1genes representativas de la unidad.<\/li>\n<\/ul>\n<\/td>\n<td valign=\"top\" width=\"241\">\n<ul>\n<li><span lang=\"ES\">\u00a0<\/span>Reflexiona y sintetiza el m\u00f3dulo en una nube de im\u00e1genes.<\/li>\n<\/ul>\n<\/td>\n<\/tr>\n<tr style=\"background-color: #cfcfcf;\">\n<td valign=\"top\" width=\"241\"><span lang=\"ES\">VOLUNTARIAS:<\/span><\/p>\n<ul>\n<li><span lang=\"ES\">\u00a0<\/span><span lang=\"ES\">Participaci\u00f3n en foro.<\/span><\/li>\n<\/ul>\n<p><span lang=\"ES\">\u00a0<\/span><\/td>\n<td valign=\"top\" width=\"241\">\n<ul>\n<li><span lang=\"ES\">\u00a0<\/span>Participa en el foro propuesto contribuyendo a generar una comunidad en torno al\u00a0<i>visual thinking<\/i>.<\/li>\n<\/ul>\n<\/td>\n<\/tr>\n<\/tbody>\n<\/table>\n<p><b><span lang=\"ES\">\u00a0<\/span><\/b><\/p>\n<table border=\"1\" cellspacing=\"0\" cellpadding=\"0\">\n<tbody>\n<tr style=\"background-color: #cfcfcf;\">\n<td valign=\"top\" width=\"241\"><b><span lang=\"ES\">M\u00d3DULO 2 &#8211; TAREAS<\/span><\/b><\/td>\n<td valign=\"top\" width=\"241\"><b><span lang=\"ES\">CRITERIOS DE EVALUACI\u00d3N<\/span><\/b><\/td>\n<\/tr>\n<tr>\n<td valign=\"top\" width=\"241\"><span lang=\"ES\">OBLIGATORIAS:<\/span><\/p>\n<ul>\n<li>Dibuja una nota visual o\u00a0<i>sketchnote<\/i><\/li>\n<\/ul>\n<p><span lang=\"ES\">\u00a0<\/span><\/td>\n<td valign=\"top\" width=\"241\">\n<ul>\n<li>Utiliza los elementos propuestos en el m\u00f3dulo para generar los dibujos.<\/li>\n<\/ul>\n<\/td>\n<\/tr>\n<tr style=\"background-color: #cfcfcf;\">\n<td valign=\"top\" width=\"241\"><span lang=\"ES\">VOLUNTARIAS:<\/span><\/p>\n<ul>\n<li><span lang=\"ES\">Foro<\/span><span lang=\"ES\">: \u00bfQu\u00e9 recursos digitales te resultan m\u00e1s sencillos de utilizar para tratar las im\u00e1genes que generas?<\/span><\/li>\n<\/ul>\n<p><span lang=\"ES\">\u00a0<\/span><\/td>\n<td valign=\"top\" width=\"241\"><span lang=\"ES\">\u00a0<\/span><\/p>\n<ul>\n<li>Participa en el foro y comparte recursos y experiencias y da feedback a sus compa\u00f1eros.<\/li>\n<\/ul>\n<\/td>\n<\/tr>\n<\/tbody>\n<\/table>\n<p><b><span lang=\"ES\">\u00a0<\/span><\/b><\/p>\n<table border=\"1\" cellspacing=\"0\" cellpadding=\"0\">\n<tbody>\n<tr style=\"background-color: #cfcfcf;\">\n<td valign=\"top\" width=\"241\"><b><span lang=\"ES\">M\u00d3DULO 3 &#8211; TAREAS<\/span><\/b><\/td>\n<td valign=\"top\" width=\"241\"><b><span lang=\"ES\">CRITERIOS DE EVALUACI\u00d3N<\/span><\/b><\/td>\n<\/tr>\n<tr>\n<td valign=\"top\" width=\"241\"><span lang=\"ES\">OBLIGATORIAS:<\/span><\/p>\n<ul>\n<li>Realiza\u00a0<i>graphic recording<\/i>\u00a0sobre un libro, pel\u00edcula, documental, ponencia\u2026de tu inter\u00e9s<\/li>\n<\/ul>\n<\/td>\n<td valign=\"top\" width=\"241\"><span lang=\"ES\">\u00a0<\/span><\/p>\n<ul>\n<li>Crea su propio video visual utilizando todos los elementos trabajados durante el curso y lo sube a alg\u00fan repositorio online.<\/li>\n<\/ul>\n<\/td>\n<\/tr>\n<\/tbody>\n<\/table>\n<h4><\/h4>\n<h4>Requisitos de certificaci\u00f3n<\/h4>\n<div>\n<p><span lang=\"ES\">En general, los criterios de evaluaci\u00f3n que se seguir\u00e1n\u00a0\u00a0son:<\/span><\/p>\n<ul>\n<li><span lang=\"ES\">Realizaci\u00f3n del 100% de las tareas obligatorias<\/span><\/li>\n<li>Calidad de sus evidencias de aprendizaje<\/li>\n<li>Reto final completo con todas las pautas descritas en la r\u00fabrica.<\/li>\n<\/ul>\n<\/div>\n<h4><\/h4>\n<h4>Fechas de realizaci\u00f3n<\/h4>\n<p>del 1 al 15 de julio de 2018<\/p>\n<h4>Formador<\/h4>\n<p><a href=\"http:\/\/blogs.ciberespiral.org\/escuelas\/wp-content\/uploads\/sites\/16\/2018\/05\/clara600x6001.png\"><img decoding=\"async\" class=\"wp-image-1642 alignleft\" src=\"http:\/\/blogs.ciberespiral.org\/escuelas\/wp-content\/uploads\/sites\/16\/2018\/05\/clara600x6001-265x300.png\" alt=\"\" width=\"163\" height=\"185\" srcset=\"https:\/\/blogs.ciberespiral.org\/escuelas\/wp-content\/uploads\/sites\/16\/2018\/05\/clara600x6001-265x300.png 265w, https:\/\/blogs.ciberespiral.org\/escuelas\/wp-content\/uploads\/sites\/16\/2018\/05\/clara600x6001.png 600w\" sizes=\"(max-width: 163px) 100vw, 163px\" \/><\/a><\/p>\n<p><strong>Clara Cordero\u00a0<a href=\"https:\/\/twitter.com\/#!\/agoraabierta\" target=\"_blank\" rel=\"noopener noreferrer\">@agoraabierta<\/a><\/strong><\/p>\n<p>Directora del M\u00e1ster de Innovaci\u00f3n EducActiva de la UCM. Maestra de Educaci\u00f3n Infantil, dise\u00f1adora de experiencias de aprendizaje. Forma docentes, coordina proyectos y gestiona comunidades de aprendizaje. Dedicada especialmente al campo de la gamificaci\u00f3n, el Visual y Visible Thinking, la competencia digital y comunicativa y el desarrollo de entornos y espacios de aprendizaje creativos. Desarrolla su labor en instituciones educativas (INTEF, Telef\u00f3nica, Centros de formaci\u00f3n del profesorado, UCM, centros educativos,&#8230;) con caracter presencial\u00a0 muchas de ellas enfocadas al e-learning. Centrada en la innovaci\u00f3n educativa y siempre desarrollando procesos activos\u00a0 que puedan mejorar la calidad y eficacia de la ense\u00f1anza en la escuela y fuera de ella. Escribe en agorabierta.com. Coordina el proyecto colaborativo No me cuentes historias&#8230;.\u00a1Dib\u00fajamelas!. Coordinadora de la Comunidad y Asociaci\u00f3n Gamifica Tu Aula, Editora en Literatil.com.<\/p>\n<p>&nbsp;<\/p>\n<h3><span style=\"color: #0000ff;\"><strong><span style=\"text-decoration: underline;\"><a style=\"color: #0000ff; text-decoration: underline;\" title=\"Matr\u00edcula\" href=\"http:\/\/blogs.ciberespiral.org\/escuelas\/ca\/matricula-2\/\">Inscripci\u00f3<\/a>n<\/span><\/strong><\/span><\/h3>\n","protected":false},"excerpt":{"rendered":"<p>Descripci\u00f3n de la actividad El\u00a0visual thinking\u00a0o pensamiento visual trata de interpretar la realidad de acuerdo a la manera en que nuestro cerebro lo hace, simplificando el acceso a la informaci\u00f3n, sintetizando y organizando estructuras de informaci\u00f3n complejas.\u00a0 Este curso supone una primera aproximaci\u00f3n al uso del\u00a0visual thinking\u00a0como estrategia de aprendizaje,&hellip;<\/p>\n","protected":false},"author":49,"featured_media":0,"parent":0,"menu_order":0,"comment_status":"closed","ping_status":"closed","template":"","meta":{"footnotes":""},"class_list":["post-1580","page","type-page","status-publish","hentry"],"_links":{"self":[{"href":"https:\/\/blogs.ciberespiral.org\/escuelas\/wp-json\/wp\/v2\/pages\/1580","targetHints":{"allow":["GET"]}}],"collection":[{"href":"https:\/\/blogs.ciberespiral.org\/escuelas\/wp-json\/wp\/v2\/pages"}],"about":[{"href":"https:\/\/blogs.ciberespiral.org\/escuelas\/wp-json\/wp\/v2\/types\/page"}],"author":[{"embeddable":true,"href":"https:\/\/blogs.ciberespiral.org\/escuelas\/wp-json\/wp\/v2\/users\/49"}],"replies":[{"embeddable":true,"href":"https:\/\/blogs.ciberespiral.org\/escuelas\/wp-json\/wp\/v2\/comments?post=1580"}],"version-history":[{"count":8,"href":"https:\/\/blogs.ciberespiral.org\/escuelas\/wp-json\/wp\/v2\/pages\/1580\/revisions"}],"predecessor-version":[{"id":1643,"href":"https:\/\/blogs.ciberespiral.org\/escuelas\/wp-json\/wp\/v2\/pages\/1580\/revisions\/1643"}],"wp:attachment":[{"href":"https:\/\/blogs.ciberespiral.org\/escuelas\/wp-json\/wp\/v2\/media?parent=1580"}],"curies":[{"name":"wp","href":"https:\/\/api.w.org\/{rel}","templated":true}]}}