{"id":1577,"date":"2018-05-30T01:09:08","date_gmt":"2018-05-30T00:09:08","guid":{"rendered":"http:\/\/blogs.ciberespiral.org\/escuelas\/?page_id=1577"},"modified":"2018-05-30T01:09:08","modified_gmt":"2018-05-30T00:09:08","slug":"introduccion-a-la-realidad-aumentada-y-virtual-2","status":"publish","type":"page","link":"https:\/\/blogs.ciberespiral.org\/escuelas\/introduccion-a-la-realidad-aumentada-y-virtual-2\/","title":{"rendered":"Introducci\u00f3n a la Realidad Aumentada y Virtual"},"content":{"rendered":"<h4>Descripci\u00f3n de la actividad<\/h4>\n<p><span lang=\"CA\">La Realidad Aumentada es una tecnolog\u00eda que permite borrar la l\u00ednea de separaci\u00f3n entre lo real y lo virtual, creando una realidad enriquecida en la que se a\u00f1ade contenido digital (texto, imagen, audio, v\u00eddeo, modelos 3D\u2026) a nuestro entorno en tiempo real. Estos \u201caumentos\u201d de la realidad pueden mejorar el conocimiento del individuo y permitirle un mayor grado de comprensi\u00f3n de la realidad.<\/span><\/p>\n<p><span lang=\"CA\">Si intentamos una definici\u00f3n de Realidad Virtual podemos decir que es el t\u00e9rmino utilizado para describir una experiencia sensorial tridimensional generada por ordenador, en la que se replica un entorno real o virtual, que permite sumergir al usuario en un mundo alternativo.<\/span><\/p>\n<p><span lang=\"CA\">El curso \u201cIntroducci\u00f3n a la Realidad Aumentada y Virtual\u201d pretende que el alumno descubra las posibilidades de la Realidad Aumentada y la Realidad Virtual, su potencial en educaci\u00f3n y diferentes herramientas que le permitir\u00e1n introducir esta tecnolog\u00eda en el aula.<\/span><\/p>\n<h4>Carga lectiva del curso<\/h4>\n<p>30 horas<\/p>\n<h4>Destinatarios<\/h4>\n<p>Primaria, secundaria, bachillerato, universidad.<\/p>\n<h4>Requisitos t\u00e9cnicos de los participantes<\/h4>\n<div>\n<div dir=\"ltr\">\n<div>\n<p><span lang=\"CA\">Conocimientos previos:<\/span><\/p>\n<ul>\n<li><span lang=\"CA\">Se requiere estar familiarizado con el uso de las TIC.<\/span><\/li>\n<\/ul>\n<p><span lang=\"CA\">Hardware necesario:<\/span><\/p>\n<ul>\n<li><span lang=\"CA\">Ordenador Personal<\/span><\/li>\n<li><span lang=\"CA\">Sistema operativo\u00a0\u00a0<\/span>Windows 7, 8 o 10<\/li>\n<li><span lang=\"CA\">Webcam o c\u00e1mara web<\/span><\/li>\n<li><span lang=\"CA\">Smartphone dotado de aceler\u00f3metro y giroscopio (sensores presentes en muchos tel\u00e9fonos)<\/span><\/li>\n<li><span lang=\"CA\">Sistema operativo Android 5,\u00a0 iOS 9 o posteriores.<\/span><\/li>\n<li><span lang=\"CA\">Visor tipo Google Cardboard.<\/span><\/li>\n<\/ul>\n<p>&nbsp;<\/p>\n<h4>Objetivos<\/h4>\n<\/div>\n<\/div>\n<\/div>\n<ul>\n<li>Comprender los principios b\u00e1sicos de Realidad Aumentada y la Realidad Virtual.<\/li>\n<li>Descubrir las posibilidades did\u00e1cticas que ofrecen en el aula.<\/li>\n<li>Dise\u00f1ar y crear actividades basadas en estas tecnolog\u00edas.<\/li>\n<\/ul>\n<p>&nbsp;<\/p>\n<h4>\u00a0Contenidos<\/h4>\n<p><b><span style=\"color: #000000;\">M\u00d3DULO 0 \u2013 Conocimiento del Campus Virtual.<\/span><\/b><\/p>\n<ul>\n<li><span lang=\"CA\">Entrar al curso, editar el perfil y enviar un mensaje al foro de presentaci\u00f3n.<\/span><\/li>\n<li><span lang=\"CA\">Consultar recursos, actividades y foro de noticias.<\/span><\/li>\n<li><span lang=\"CA\">Utilizar las herramientas de comunicaci\u00f3n: foro y mensajes.<\/span><\/li>\n<\/ul>\n<p><b><span lang=\"CA\">\u00a0<\/span><\/b><\/p>\n<p><b><span style=\"color: #000000;\">M\u00d3DULO 1 \u2013 Realidad Aumentada y Educaci\u00f3n.<\/span><\/b><\/p>\n<ul>\n<li>Realidad Aumentada\n<ul>\n<li>Concepto<\/li>\n<li>Tipos de Realidad Aumentada<\/li>\n<li>Posibilidades y usos en educaci\u00f3n<\/li>\n<\/ul>\n<\/li>\n<li>Experiencias de Realidad Aumentada en Educaci\u00f3n<\/li>\n<\/ul>\n<p>&nbsp;<\/p>\n<p><b><span style=\"color: #000000;\">M\u00d3DULO 2 \u2013 Creaci\u00f3n de recursos con Realidad Aumentada<\/span><\/b><\/p>\n<ul>\n<li>Aumentaty Creator y Scope<\/li>\n<li>HP Reveal (Aurasma)<\/li>\n<\/ul>\n<p>&nbsp;<\/p>\n<p><b><span style=\"color: #000000;\">M\u00d3DULO 3 \u2013 Realidad Virtual y Educaci\u00f3n<\/span><\/b><\/p>\n<ul>\n<li>Realidad Virtual\n<ul>\n<li>Concepto<\/li>\n<li>Tipos de Realidad Virtual<\/li>\n<li>Posibilidades y usos en educaci\u00f3n<\/li>\n<li>Google Cardboard<\/li>\n<li>Apps, fotograf\u00eda esf\u00e9rica y v\u00eddeo 360\u00ba<\/li>\n<\/ul>\n<\/li>\n<li>Experiencias de Realidad Virtual en Educaci\u00f3n<\/li>\n<\/ul>\n<p>&nbsp;<\/p>\n<p><b><span style=\"color: #000000;\">M\u00d3DULO 4\u2013 Creaci\u00f3n de recursos con Realidad Virtual.<\/span><\/b><\/p>\n<ul>\n<li>Cospaces<\/li>\n<li>Roundme<\/li>\n<\/ul>\n<p>&nbsp;<\/p>\n<h4>Metodolog\u00eda<\/h4>\n<div>\n<p><span lang=\"CA\">La metodolog\u00eda de trabajo ser\u00e1 no presencial: esto quiere decir que las tareas del curso las haremos &#8220;en l\u00ednea&#8221;, conectados a Internet y a trav\u00e9s de este aula virtual.<\/span><\/p>\n<p><span lang=\"CA\">Aunque iremos siguiendo una planificaci\u00f3n temporal, pod\u00e9is ir explorando el funcionamiento del aula y los materiales propuestos a vuestro propio ritmo. En este curso vosotros sois los protagonistas, ten\u00e9is que\u00a0 planificar vuestro aprendizaje y construir el conocimiento. Para hacerlo pod\u00e9is contar con la ayuda del formador\/a , los materiales y el resto de recursos.<\/span><\/p>\n<p>Los primeros d\u00edas de trabajo en l\u00ednea servir\u00e1n para presentar los objetivos generales del curso, tener un primer contacto con el entorno virtual Moodle.<\/p>\n<p>Al inicio de cada uno de los m\u00f3dulos, el formador enviar\u00e1 un mensaje al\u00a0<b>Foro de noticias\u00a0<\/b>(lo pod\u00e9is encontrar en el bloque superior de la parte central del curso, es decir, en el\u00a0<i>espacio general<\/i>). En este mensaje de presentaci\u00f3n del m\u00f3dulo os propondr\u00e1 la planificaci\u00f3n del aprendizaje con los objetivos espec\u00edficos correspondientes y las actividades que han sido programadas.\u00a0<b>Es muy recomendable que est\u00e9is suscritos a este foro y lo revis\u00e9is peri\u00f3dicamente<\/b>. De esta manera, recibir\u00e9is en vuestro correo personal una copia de todos los mensajes que el formador env\u00ede.<\/p>\n<p>Desear\u00eda finalizar este apartado con una recomendaci\u00f3n muy importante: intentad\u00a0<b>trabajar de manera regular y continuada<\/b>,\u00a0<b>cada d\u00eda<\/b>. Tened tambi\u00e9n en cuenta que dependiendo de vuestras habilidades previas en las TIC quiz\u00e1 tendr\u00e9is que hacer aprendizajes paralelos que os requerir\u00e1n un tiempo adicional. Por otra parte, es mejor trabajar un par de horas algunos d\u00edas de la semana que ocho o diez el fin de semana. Pensad que si se os acumula el trabajo no podr\u00e9is disfrutar de la experiencia y este es un factor imprescindible para aprovecharla al m\u00e1ximo.<\/p>\n<p>Consultad los espacios de comunicaci\u00f3n y tened en cuenta que a menudo aquellos mensajes que esperan nuestra respuesta demasiado tiempo acaban desdibuj\u00e1ndose y perdiendo su sentido.<\/p>\n<\/div>\n<h4>Plan de evaluaci\u00f3n<\/h4>\n<p>&nbsp;<\/p>\n<p>&nbsp;<\/p>\n<table border=\"0\" cellspacing=\"0\" cellpadding=\"0\">\n<tbody>\n<tr style=\"background-color: #cfcfcf;\">\n<td valign=\"top\" width=\"216\">\n<p align=\"center\"><b><span lang=\"ES\">Tareas<\/span><\/b><\/p>\n<\/td>\n<td valign=\"top\" width=\"216\">\n<p align=\"center\"><b><span lang=\"ES\">Criterios de evaluaci\u00f3n<\/span><\/b><\/p>\n<\/td>\n<\/tr>\n<tr>\n<td valign=\"top\" width=\"216\"><span lang=\"ES\">\u00a0<\/span><\/p>\n<p><span lang=\"ES\">M\u00f3dulo 1. Realidad Aumentada y Educaci\u00f3n<\/span><\/p>\n<p><span lang=\"ES\">Participaci\u00f3n en el foro (voluntario)<\/span><\/td>\n<td valign=\"top\" width=\"216\"><span lang=\"ES\">\u00a0<\/span><\/p>\n<p><span lang=\"ES\">Se trata de un material de consulta que no requiere la realizaci\u00f3n de una actividad pr\u00e1ctica obligatoria.<\/span><\/td>\n<\/tr>\n<tr style=\"background-color: #cfcfcf;\">\n<td valign=\"top\" width=\"216\"><span lang=\"ES\">\u00a0<\/span><\/p>\n<p><span lang=\"ES\">M\u00f3dulo 2. Creaci\u00f3n de Recursos con RA.<\/span><\/p>\n<p><span lang=\"ES\">\u00b7\u00a0\u00a0\u00a0\u00a0\u00a0\u00a0\u00a0<\/span><span lang=\"ES\">Aumentaty Creator y Scope<\/span><\/p>\n<p><span lang=\"ES\">\u00b7\u00a0\u00a0\u00a0\u00a0\u00a0\u00a0\u00a0<\/span><span lang=\"ES\">HP Reveal<\/span><\/p>\n<p><span lang=\"ES\">\u00a0<\/span><\/p>\n<p><b><span lang=\"ES\">Actividades 1 y 2 (Obligatorias)<\/span><\/b><\/td>\n<td valign=\"top\" width=\"216\"><span lang=\"ES\">\u00a0<\/span><\/p>\n<p><span lang=\"ES\">El alumno\/a es capaz de crear escenas de Realidad Aumentada adecuadas a los requerimientos establecidos.<\/span><\/p>\n<p><span lang=\"ES\">El alumno\/a participa de forma activa en el foro de la actividad aportando reflexiones en las intervenciones de los dem\u00e1s alumnos\/as.<\/span><\/p>\n<p><span lang=\"ES\">El alumno\/a aporta ideas y soluciones que fomenten la interacci\u00f3n entre los dem\u00e1s alumnos\/as y contribuyen a solucionar los problemas encontrados.<\/span><\/td>\n<\/tr>\n<tr>\n<td valign=\"top\" width=\"216\"><span lang=\"ES\">M\u00f3dulo 3. Realidad Virtual y Educaci\u00f3n<\/span><\/p>\n<p><span lang=\"ES\">Participaci\u00f3n en el foro (voluntario)<\/span><\/p>\n<p>&nbsp;<\/td>\n<td valign=\"top\" width=\"216\"><span lang=\"ES\">\u00a0<\/span><\/p>\n<p><span lang=\"ES\">Se trata de un material de consulta que no requiere la realizaci\u00f3n de una actividad pr\u00e1ctica obligatoria.<\/span><\/p>\n<p>&nbsp;<\/td>\n<\/tr>\n<tr style=\"background-color: #cfcfcf;\">\n<td>M\u00f3dulo 4. Creaci\u00f3n de Recursos con RV.<\/p>\n<p>CoSpaces<\/p>\n<p>Roundme<\/p>\n<p><b>Actividades 3 y 4 (Obligatorias)<\/b><\/td>\n<td><span lang=\"ES\">El alumno\/a es capaz de crear materiales de Realidad Virtual adecuados a los requerimientos establecidos.\u00a0<\/span><\/p>\n<p><span lang=\"ES\">El alumno\/a participa de forma activa en el foro de la actividad aportando reflexiones en las intervenciones de los dem\u00e1s alumnos\/as.\u00a0<\/span><\/p>\n<p><span lang=\"ES\">El alumno\/a aporta ideas y soluciones que fomenten la interacci\u00f3n entre los dem\u00e1s alumnos\/as y contribuyen a solucionar los problemas encontrados.\u00a0<\/span><\/td>\n<\/tr>\n<\/tbody>\n<\/table>\n<h4><\/h4>\n<h4>Requisitos de certificaci\u00f3n<\/h4>\n<div>\n<p><span lang=\"CA\">En general, los criterios de evaluaci\u00f3n que se seguir\u00e1n para evaluar al participante son:<\/span><\/p>\n<ul>\n<li><b><span lang=\"CA\">Entrega de las actividades obligatorias propuestas<\/span><\/b><span lang=\"CA\">\u00a0<b>dentro del plazo establecido<\/b>. (Deber\u00e1n ser valoradas positivamente\u00a0<b>el 100% de las tareas<\/b>)<\/span><\/li>\n<li><span lang=\"CA\">Implicaci\u00f3n y constancia en el desarrollo del curso.<\/span><\/li>\n<li><span lang=\"CA\">Calidad de las intervenciones realizadas.<\/span><\/li>\n<li><span lang=\"CA\">Capacidad para realizar nuevas aportaciones en las actividades de foro.<\/span><\/li>\n<\/ul>\n<\/div>\n<h4><\/h4>\n<h4>Fechas de realizaci\u00f3n<\/h4>\n<p>del 1 al 15 de julio de 2018<\/p>\n<h4>Formador<\/h4>\n<p><a href=\"http:\/\/blogs.ciberespiral.org\/escuelas\/wp-content\/uploads\/sites\/16\/2018\/05\/Raul-Reinoso.jpg\"><img fetchpriority=\"high\" decoding=\"async\" class=\"wp-image-1625 alignleft\" src=\"http:\/\/blogs.ciberespiral.org\/escuelas\/wp-content\/uploads\/sites\/16\/2018\/05\/Raul-Reinoso-267x300.jpg\" alt=\"\" width=\"238\" height=\"267\" srcset=\"https:\/\/blogs.ciberespiral.org\/escuelas\/wp-content\/uploads\/sites\/16\/2018\/05\/Raul-Reinoso-267x300.jpg 267w, https:\/\/blogs.ciberespiral.org\/escuelas\/wp-content\/uploads\/sites\/16\/2018\/05\/Raul-Reinoso-768x862.jpg 768w, https:\/\/blogs.ciberespiral.org\/escuelas\/wp-content\/uploads\/sites\/16\/2018\/05\/Raul-Reinoso-912x1024.jpg 912w, https:\/\/blogs.ciberespiral.org\/escuelas\/wp-content\/uploads\/sites\/16\/2018\/05\/Raul-Reinoso.jpg 1405w\" sizes=\"(max-width: 238px) 100vw, 238px\" \/><\/a><\/p>\n<p>&nbsp;<\/p>\n<p>&nbsp;<\/p>\n<p><strong>Ra\u00fal Reinoso\u00a0<a href=\"https:\/\/twitter.com\/#!\/tecnotic\" target=\"_blank\" rel=\"noopener noreferrer\">@tecnotic<\/a><\/strong><\/p>\n<p>Profesor, investigador y divulgador tecnol\u00f3gico. Responsable del \u00e1rea funcional Aumenta.me de Espiral, Educaci\u00f3n y Tecnolog\u00eda.\u00a0\u00a0Alma mater y promotor del Proyecto Aumenta.me de Espiral. Promotor de Aumenta.me EDU Am\u00e9rica 2016.<\/p>\n<h3><\/h3>\n<h3><\/h3>\n<h3><\/h3>\n<h3><\/h3>\n<h3><\/h3>\n<h3><span style=\"color: #0000ff;\"><strong><span style=\"text-decoration: underline;\"><a style=\"color: #0000ff; text-decoration: underline;\" title=\"Matr\u00edcula\" href=\"http:\/\/blogs.ciberespiral.org\/escuelas\/ca\/matricula-2\/\">Inscripci\u00f3<\/a>n<\/span><\/strong><\/span><\/h3>\n","protected":false},"excerpt":{"rendered":"<p>Descripci\u00f3n de la actividad La Realidad Aumentada es una tecnolog\u00eda que permite borrar la l\u00ednea de separaci\u00f3n entre lo real y lo virtual, creando una realidad enriquecida en la que se a\u00f1ade contenido digital (texto, imagen, audio, v\u00eddeo, modelos 3D\u2026) a nuestro entorno en tiempo real. Estos \u201caumentos\u201d de la&hellip;<\/p>\n","protected":false},"author":49,"featured_media":0,"parent":0,"menu_order":0,"comment_status":"closed","ping_status":"closed","template":"","meta":{"footnotes":""},"class_list":["post-1577","page","type-page","status-publish","hentry"],"_links":{"self":[{"href":"https:\/\/blogs.ciberespiral.org\/escuelas\/wp-json\/wp\/v2\/pages\/1577","targetHints":{"allow":["GET"]}}],"collection":[{"href":"https:\/\/blogs.ciberespiral.org\/escuelas\/wp-json\/wp\/v2\/pages"}],"about":[{"href":"https:\/\/blogs.ciberespiral.org\/escuelas\/wp-json\/wp\/v2\/types\/page"}],"author":[{"embeddable":true,"href":"https:\/\/blogs.ciberespiral.org\/escuelas\/wp-json\/wp\/v2\/users\/49"}],"replies":[{"embeddable":true,"href":"https:\/\/blogs.ciberespiral.org\/escuelas\/wp-json\/wp\/v2\/comments?post=1577"}],"version-history":[{"count":12,"href":"https:\/\/blogs.ciberespiral.org\/escuelas\/wp-json\/wp\/v2\/pages\/1577\/revisions"}],"predecessor-version":[{"id":1628,"href":"https:\/\/blogs.ciberespiral.org\/escuelas\/wp-json\/wp\/v2\/pages\/1577\/revisions\/1628"}],"wp:attachment":[{"href":"https:\/\/blogs.ciberespiral.org\/escuelas\/wp-json\/wp\/v2\/media?parent=1577"}],"curies":[{"name":"wp","href":"https:\/\/api.w.org\/{rel}","templated":true}]}}