{"id":1575,"date":"2018-05-30T01:09:09","date_gmt":"2018-05-30T00:09:09","guid":{"rendered":"http:\/\/blogs.ciberespiral.org\/escuelas\/?page_id=1575"},"modified":"2018-05-30T01:09:09","modified_gmt":"2018-05-30T00:09:09","slug":"instrumentos-y-aplicaciones-para-simplificar-el-proceso-evaluador","status":"publish","type":"page","link":"https:\/\/blogs.ciberespiral.org\/escuelas\/instrumentos-y-aplicaciones-para-simplificar-el-proceso-evaluador\/","title":{"rendered":"Instrumentos y aplicaciones para simplificar el proceso evaluador"},"content":{"rendered":"<h4>Descripci\u00f3n de la actividad<\/h4>\n<div dir=\"ltr\">\n<div>La evaluaci\u00f3n es uno de los grandes caballos de batalla que se encuentra el docente en el aula. Consiste en la recogida de datos para, una vez analizados, tomar decisiones que puedan contribuir a la mejora de la ense\u00f1anza y del aprendizaje.<\/div>\n<div>Puede ser una gran aliada pero tambi\u00e9n convertirse en una gran enemiga de los profesores si no se dispone de las herramientas adecuadas.<\/div>\n<div>La evaluaci\u00f3n no siempre est\u00e1 asociada con la calificaci\u00f3n, es decir, que la acci\u00f3n evaluativa no conlleva el emitir una nota obligatoriamente, sino analizar c\u00f3mo se est\u00e1 desarrollando tanto el proceso de ense\u00f1anza-aprendizaje.<\/div>\n<p>Este curso busca profundizar en el an\u00e1lisis y elaboraci\u00f3n de variados instrumentos de evaluaci\u00f3n que permitan recoger informaci\u00f3n relevante sobre los procesos de aprendizaje de los estudiantes y el nivel de logros alcanzados, de acuerdo con los requerimientos curriculares.<\/p>\n<\/div>\n<div dir=\"ltr\">Se mostrar\u00e1n\u00a0 diferentes herramientas, estrategias e instrumentos as\u00ed como aplicaciones TIC que ayuden a simplificar el proceso evaluador y que aumente su utilidad.<\/div>\n<h4>Carga lectiva del curso<\/h4>\n<p>30 horas<\/p>\n<h4>Destinatarios<\/h4>\n<p>Docentes de cualquier etapa educativa<\/p>\n<h4>Requisitos t\u00e9cnicos de los participantes<\/h4>\n<div>\n<p dir=\"ltr\">Para seguir este curso en el entorno Moodle se necesitar\u00e1, adem\u00e1s de un navegador, un procesador de textos y un lector de pdf:<\/p>\n<ul>\n<li>Cuenta de Gmail para trabajar con herramientas Google.<\/li>\n<li>Crearse un blog que servir\u00e1 para realizar algunas actividades y para hacer de portfolio de aprendizaje.<\/li>\n<li>Tener algunos conocimientos b\u00e1sicos de evaluaci\u00f3n.<\/li>\n<\/ul>\n<\/div>\n<h4>Objetivos<\/h4>\n<ul>\n<li>Dise\u00f1ar y elaborar diferentes tipos de instrumentos de evaluaci\u00f3n.<\/li>\n<li>Conocer herramientas y aplicaciones TIC que simplifiquen el proceso evaluador.<\/li>\n<li>Aprender el manejo de recursos y utilidades que faciliten y hagan m\u00e1s efectiva la tarea docente.<\/li>\n<li>Adquirir habilidades y conocimientos para optimizar la gesti\u00f3n y el aprendizaje del alumnado.<\/li>\n<\/ul>\n<h4>\u00a0Contenidos<\/h4>\n<div><b>M\u00f3dulo 0: Primeros pasos en la plataforma<\/b><\/div>\n<div><\/div>\n<ul>\n<li>Familiarizaci\u00f3n con la plataforma y el curso.<\/li>\n<li>Perfil del participantes.<\/li>\n<li>Presentaci\u00f3n de los participantes.<\/li>\n<\/ul>\n<div>\n<div><b>M\u00f3dulo 1: \u00bfQu\u00e9 entendemos por evaluaci\u00f3n?\u00a0<\/b><\/div>\n<div>\n<ul>\n<li>Evaluar vs calificar<\/li>\n<li>Tipos y momentos de evaluaci\u00f3n<\/li>\n<li>An\u00e1lisis de los procedimientos de evaluaci\u00f3n utilizados en el aula.<\/li>\n<\/ul>\n<div>\n<div><b>M\u00f3dulo 2: e-portfolio de aprendizaje<\/b><\/div>\n<div>\n<ul>\n<li>Contenidos de un e-portfolio.<\/li>\n<li>Herramientas para crear un e-portfolio.<\/li>\n<\/ul>\n<\/div>\n<\/div>\n<div><b>M\u00f3dulo 3: Herramientas e instrumentos de evaluaci\u00f3n basados en metodolog\u00edas activas<\/b><\/div>\n<\/div>\n<div>\n<ul>\n<li>Instrumentos basados en el Visual Thinking.<\/li>\n<li>Rutinas de pensamiento como heramienta de evaluaci\u00f3n.<\/li>\n<li>Herramientas para la evaluaci\u00f3n cooperativa en el aula.<\/li>\n<li>Dianas de aprendizaje.<\/li>\n<\/ul>\n<div><b>M\u00f3dulo 4: Aplicaciones para simplificar el proceso evaluador<\/b><\/div>\n<\/div>\n<div>\n<ul>\n<li>Evaluaci\u00f3n en tiempo real: Kahoot, Plickers, Smart Learning Suite, Socrative, Quizalize, Quizizz, Flobaroo.<\/li>\n<li>Evaluar a trav\u00e9s del v\u00eddeo:\u00a0Dpuzzle, eduCanon, Playposit, Hapyak.<\/li>\n<li>Cuestionarios y formularios con Google.<\/li>\n<li>Herramientas para la creaci\u00f3n y evaluaci\u00f3n con r\u00fabricas: CoRubrics, iRubrics y RubiStar.<\/li>\n<\/ul>\n<div><b>M\u00f3dulo 5: Evaluando con las herramientas de los cuadernos digitales del profesor (voluntario)<\/b><\/div>\n<\/div>\n<div>\n<ul>\n<li>Creaci\u00f3n de r\u00fabricas, asociadas a est\u00e1ndares con iDoceo y Additio.<\/li>\n<\/ul>\n<\/div>\n<\/div>\n<h4>Metodolog\u00eda<\/h4>\n<div>\n<p><span lang=\"ES\">La metodolog\u00eda estar\u00e1 basada en el principio de formaci\u00f3n-acci\u00f3n. Los participantes tendr\u00e1n que consultar una serie de contenidos que estar\u00e1n en diferentes formatos (texto, v\u00eddeo y\/o audio) y realizar actividades pr\u00e1cticas.\u00a0\u00a0<\/span><\/p>\n<p><span lang=\"ES\">Algunas de las tareas se realizar\u00e1n de manera grupal, como los debates,\u00a0<\/span>que requieren la participaci\u00f3n para que la discusi\u00f3n sea rica y provechosa y se pueda \u00a0aprender de manera cooperativa.<\/p>\n<p>Dependiendo de las habilidades previas en las TIC quiz\u00e1 habr\u00e1 que hacer aprendizajes paralelos que \u00a0requerir\u00e1n un tiempo adicional.<\/p>\n<p><span lang=\"ES\">En todo momento el tutor del curso orientar\u00e1 el aprendizaje mediante el foro de noticias con informaci\u00f3n sobre los objetivos,\u00a0contenidos \u00a0y actividades programadas y atender\u00e1 las dudas que vayan surgiendo.<\/span><\/p>\n<\/div>\n<h4>Plan de evaluaci\u00f3n<\/h4>\n<p>I.) Evaluaci\u00f3n continua<\/p>\n<p><span lang=\"ES\">El proceso de evaluaci\u00f3n del alumno ser\u00e1 continuado a lo largo de todo el curso y tendr\u00e1 en cuenta:<\/span><\/p>\n<ul>\n<li><span lang=\"ES\">Participaci\u00f3n en foros.<\/span><\/li>\n<li><span lang=\"ES\">Registro de aprendizajes en portfolio personal que se realizar\u00e1 a trav\u00e9s del blog.\u00a0<\/span><\/li>\n<li>Elaboraci\u00f3n de las pr\u00e1cticas obligatorias propuestas en cada uno de los m\u00f3dulos.<\/li>\n<\/ul>\n<p><span lang=\"ES\">\u00a0<\/span>En general, los criterios de evaluaci\u00f3n que se seguir\u00e1n para evaluar al participante son:<\/p>\n<p><span lang=\"ES\">\u2022 Implicaci\u00f3n y constancia en el desarrollo del curso.<\/span><\/p>\n<p>\u2022 Aplicaci\u00f3n de los contenidos tratados a lo largo de la actividad formativa.<\/p>\n<p>\u2022 Calidad de las intervenciones realizadas.<\/p>\n<p>\u2022 Capacidad de relacionar conceptos e informaci\u00f3n con las actividades propuestas.<\/p>\n<p>&nbsp;<\/p>\n<p>A continuaci\u00f3n puede consultar el plan de evaluaci\u00f3n espec\u00edfico para todas las actividades del curso.<\/p>\n<p>Cada una de las tareas tiene una r\u00fabrica asociada que facilitar\u00e1 tanto la realizaci\u00f3n como la correcci\u00f3n de la misma, atendiendo a los siguientes criterios:<\/p>\n<div>\n<table border=\"1\" cellspacing=\"0\" cellpadding=\"0\">\n<tbody>\n<tr style=\"background-color: #cfcfcf;\">\n<td valign=\"top\" width=\"244\">\n<p align=\"center\"><b><span lang=\"ES\">Tareas<\/span><\/b><\/p>\n<\/td>\n<td valign=\"top\" width=\"244\">\n<p align=\"center\"><b><span lang=\"ES\">Criterios de evaluaci\u00f3n<\/span><\/b><\/p>\n<\/td>\n<\/tr>\n<tr>\n<td colspan=\"2\" width=\"489\">\n<p align=\"center\"><b><span lang=\"ES\">M\u00f3dulo 0<\/span><\/b><\/p>\n<\/td>\n<\/tr>\n<tr style=\"background-color: #cfcfcf;\">\n<td colspan=\"2\" width=\"489\">\n<p align=\"center\"><b><span lang=\"ES\">Obligatorias<\/span><\/b><\/p>\n<\/td>\n<\/tr>\n<tr>\n<td width=\"244\"><span lang=\"ES\">\u00b7\u00a0\u00a0\u00a0\u00a0\u00a0\u00a0\u00a0<\/span><span lang=\"ES\">Presentaci\u00f3n en el foro principal.<\/span><\/td>\n<td width=\"244\"><span lang=\"ES\">\u00b7\u00a0\u00a0\u00a0\u00a0\u00a0\u00a0\u00a0<\/span><span lang=\"ES\">Se presenta con nombre y apellidos y cuenta cu\u00e1les han sido las motivaciones que le ha llevado a inscribirse en el curso.<\/span><\/td>\n<\/tr>\n<tr style=\"background-color: #cfcfcf;\">\n<td colspan=\"2\" width=\"489\">\n<p align=\"center\"><b><span lang=\"ES\">Voluntarias<\/span><\/b><\/p>\n<\/td>\n<\/tr>\n<tr>\n<td width=\"244\"><span lang=\"ES\">\u00b7\u00a0\u00a0\u00a0\u00a0\u00a0\u00a0\u00a0<\/span><span lang=\"ES\">Completar el perfil de participante y a\u00f1adir una foto.<\/span><\/td>\n<td width=\"244\"><span lang=\"ES\">\u00b7\u00a0\u00a0\u00a0\u00a0\u00a0\u00a0\u00a0<\/span><span lang=\"ES\">A\u00f1ade una fotograf\u00eda y rellena el apartado de informaci\u00f3n del usuario.<\/span><\/td>\n<\/tr>\n<\/tbody>\n<\/table>\n<p><span lang=\"ES\">\u00a0<\/span><\/p>\n<table border=\"1\" cellspacing=\"0\" cellpadding=\"0\">\n<tbody>\n<tr style=\"background-color: #cfcfcf;\">\n<td valign=\"top\" width=\"244\">\n<p align=\"center\"><b><span lang=\"ES\">Tareas<\/span><\/b><\/p>\n<\/td>\n<td valign=\"top\" width=\"244\">\n<p align=\"center\"><b><span lang=\"ES\">Criterios de evaluaci\u00f3n<\/span><\/b><\/p>\n<\/td>\n<\/tr>\n<tr>\n<td colspan=\"2\" width=\"489\">\n<p align=\"center\"><b><span lang=\"ES\">M\u00f3dulo 1<\/span><\/b><\/p>\n<\/td>\n<\/tr>\n<tr style=\"background-color: #cfcfcf;\">\n<td colspan=\"2\" width=\"489\">\n<p align=\"center\"><b><span lang=\"ES\">Obligatorias<\/span><\/b><\/p>\n<\/td>\n<\/tr>\n<tr>\n<td width=\"244\"><span lang=\"ES\">\u00b7\u00a0\u00a0\u00a0\u00a0\u00a0\u00a0\u00a0<\/span><b><span lang=\"ES\">Comparando y contrastando:\u00a0<\/span><\/b><span lang=\"ES\">a trav\u00e9s de una destreza de pensamiento habr\u00e1 que identificar elementos comunes, diferenciales y extraer una conclusi\u00f3n sobre la comparaci\u00f3n entre evaluar y calificar<\/span><\/td>\n<td width=\"244\"><span lang=\"ES\">\u00b7\u00a0\u00a0\u00a0\u00a0\u00a0\u00a0\u00a0<\/span><span lang=\"ES\">Distingue entre evaluaci\u00f3n y calificaci\u00f3n.<\/span><\/p>\n<p><span lang=\"ES\">\u00b7\u00a0\u00a0\u00a0\u00a0\u00a0\u00a0\u00a0<\/span><span lang=\"ES\">Establece diferencias y similitudes entre evaluaci\u00f3n y calificaci\u00f3n.<\/span><\/td>\n<\/tr>\n<tr>\n<td width=\"244\"><span lang=\"ES\"><span style=\"font-family: Symbol;\">\u00b7<\/span>\u00a0\u00a0\u00a0\u00a0\u00a0\u00a0\u00a0<span style=\"font-family: Calibri;\"><b>Foro:\u00a0<\/b>cada participante comparte en el foro c\u00f3mo eval\u00faa el aprendizaje de su alumnado.<\/span><\/span><\/td>\n<td width=\"244\"><span lang=\"ES\">\u00b7\u00a0\u00a0\u00a0\u00a0\u00a0\u00a0\u00a0<\/span><span lang=\"ES\">Comparte sus experiencias en el foro con el resto de participantes.<\/span><\/td>\n<\/tr>\n<\/tbody>\n<\/table>\n<p><b><span lang=\"ES\">\u00a0<\/span><\/b><\/p>\n<table border=\"1\" cellspacing=\"0\" cellpadding=\"0\">\n<tbody>\n<tr style=\"background-color: #cfcfcf;\">\n<td valign=\"top\" width=\"244\">\n<p align=\"center\"><b><span lang=\"ES\">Tareas<\/span><\/b><\/p>\n<\/td>\n<td valign=\"top\" width=\"244\">\n<p align=\"center\"><b><span lang=\"ES\">Criterios de evaluaci\u00f3n<\/span><\/b><\/p>\n<\/td>\n<\/tr>\n<tr>\n<td colspan=\"2\" width=\"489\">\n<p align=\"center\"><b><span lang=\"ES\">M\u00f3dulo 2<\/span><\/b><\/p>\n<\/td>\n<\/tr>\n<tr>\n<td width=\"244\"><span lang=\"ES\">\u00b7\u00a0\u00a0\u00a0\u00a0\u00a0\u00a0\u00a0<\/span><span lang=\"ES\"><b>Diario de aprendizaje:\u00a0<\/b>crear un e-portfolio, establecer una estructura y\u00a0<\/span><span lang=\"ES\">reflejar mediante una entrada qu\u00e9 se ha aprendido en este m\u00f3dulo.<\/span><\/td>\n<td width=\"244\"><span lang=\"ES\">\u00b7\u00a0\u00a0\u00a0\u00a0\u00a0\u00a0\u00a0<\/span><span lang=\"ES\">Refleja el punto de partida en cuanto a los conocimientos que ten\u00eda.<\/span><\/p>\n<p><span lang=\"ES\">\u00b7\u00a0\u00a0\u00a0\u00a0\u00a0\u00a0\u00a0<\/span><span lang=\"ES\">Compara los conocimientos adquiridos con los que se pose\u00edan.<\/span><\/p>\n<p><span lang=\"ES\">\u00b7\u00a0\u00a0\u00a0\u00a0\u00a0\u00a0\u00a0<\/span><span lang=\"ES\">Propone ideas para usar lo aprendido en clase.<\/span><\/td>\n<\/tr>\n<\/tbody>\n<\/table>\n<p><span lang=\"CA\">\u00a0<\/span><\/p>\n<p><span lang=\"CA\">\u00a0<\/span><\/p>\n<table border=\"1\" cellspacing=\"0\" cellpadding=\"0\">\n<tbody>\n<tr style=\"background-color: #cfcfcf;\">\n<td valign=\"top\" width=\"244\">\n<p align=\"center\"><b><span lang=\"ES\">Tareas<\/span><\/b><\/p>\n<\/td>\n<td valign=\"top\" width=\"244\">\n<p align=\"center\"><b><span lang=\"ES\">Criterios de evaluaci\u00f3n<\/span><\/b><\/p>\n<\/td>\n<\/tr>\n<tr>\n<td colspan=\"2\" width=\"489\">\n<p align=\"center\"><b><span lang=\"ES\">M\u00f3dulo 3<\/span><\/b><\/p>\n<\/td>\n<\/tr>\n<tr style=\"background-color: #cfcfcf;\">\n<td colspan=\"2\" width=\"489\">\n<p align=\"center\"><b><span lang=\"ES\">Obligatorias<\/span><\/b><\/p>\n<\/td>\n<\/tr>\n<tr>\n<td width=\"244\"><span lang=\"ES\">\u00b7\u00a0\u00a0\u00a0\u00a0\u00a0\u00a0\u00a0<\/span><b><span lang=\"ES\">Dise\u00f1o de actividad de evaluaci\u00f3n<\/span><\/b><\/td>\n<td width=\"244\"><span lang=\"ES\">\u00b7\u00a0\u00a0\u00a0\u00a0\u00a0\u00a0\u00a0<\/span><span lang=\"ES\">Elabora una actividad de evaluaci\u00f3n que utiliza alguno de los instrumentos vistos en el m\u00f3dulo.<\/span><\/td>\n<\/tr>\n<tr style=\"background-color: #cfcfcf;\">\n<td colspan=\"2\" width=\"489\">\n<p align=\"center\"><b><span lang=\"ES\">Voluntarias<\/span><\/b><\/p>\n<\/td>\n<\/tr>\n<tr>\n<td width=\"244\"><span lang=\"ES\">\u00b7\u00a0\u00a0\u00a0\u00a0\u00a0\u00a0\u00a0<\/span><b><span lang=\"ES\">Diario de aprendizaje:\u00a0<\/span><\/b><span lang=\"ES\">reflejar mediante una entrada qu\u00e9 se ha aprendido en este m\u00f3dulo e incluir la actividad de evaluaci\u00f3n que ha creado.<\/span><\/td>\n<td width=\"244\"><span lang=\"ES\">\u00b7\u00a0\u00a0\u00a0\u00a0\u00a0\u00a0\u00a0<\/span><span lang=\"ES\">Refleja el punto de partida en cuanto a los conocimientos que ten\u00eda.<\/span><\/p>\n<p><span lang=\"ES\">\u00b7\u00a0\u00a0\u00a0\u00a0\u00a0\u00a0\u00a0<\/span><span lang=\"ES\">Compara los conocimientos adquiridos con los que se pose\u00edan.<\/span><\/p>\n<p><span lang=\"ES\">\u00b7\u00a0\u00a0\u00a0\u00a0\u00a0\u00a0\u00a0<\/span><span lang=\"ES\">Propone ideas para usar lo aprendido en clase.<\/span><\/td>\n<\/tr>\n<\/tbody>\n<\/table>\n<p><b><span lang=\"ES\">\u00a0<\/span><\/b><\/p>\n<\/div>\n<div>\n<table border=\"1\" cellspacing=\"0\" cellpadding=\"0\">\n<tbody>\n<tr style=\"background-color: #cfcfcf;\">\n<td valign=\"top\" width=\"244\">\n<p align=\"center\"><b><span lang=\"ES\">Tareas<\/span><\/b><\/p>\n<\/td>\n<td valign=\"top\" width=\"244\">\n<p align=\"center\"><b><span lang=\"ES\">Criterios de evaluaci\u00f3n<\/span><\/b><\/p>\n<\/td>\n<\/tr>\n<tr>\n<td colspan=\"2\" width=\"489\">\n<p align=\"center\"><b><span lang=\"ES\">M\u00f3dulo 4<\/span><\/b><\/p>\n<\/td>\n<\/tr>\n<tr style=\"background-color: #cfcfcf;\">\n<td colspan=\"2\" width=\"489\">\n<p align=\"center\"><b><span lang=\"ES\">Obligatorias<\/span><\/b><\/p>\n<\/td>\n<\/tr>\n<tr>\n<td width=\"244\"><span lang=\"ES\">\u00b7\u00a0\u00a0\u00a0\u00a0\u00a0\u00a0\u00a0<\/span><b><span lang=\"ES\">Dise\u00f1o de actividad de evaluaci\u00f3n<\/span><\/b><\/td>\n<td width=\"244\"><span lang=\"ES\">\u00b7\u00a0\u00a0\u00a0\u00a0\u00a0\u00a0\u00a0<\/span><span lang=\"ES\">Elabora una actividad de evaluaci\u00f3n que utiliza alguno de los instrumentos vistos en el m\u00f3dulo.<\/span><\/td>\n<\/tr>\n<tr style=\"background-color: #cfcfcf;\">\n<td colspan=\"2\" width=\"489\">\n<p align=\"center\"><b><span lang=\"ES\">Voluntarias<\/span><\/b><\/p>\n<\/td>\n<\/tr>\n<tr>\n<td width=\"244\"><span lang=\"ES\"><br \/>\n\u00b7\u00a0\u00a0\u00a0\u00a0\u00a0\u00a0\u00a0<\/span><b><span lang=\"ES\">Diario de aprendizaje:\u00a0<\/span><\/b><span lang=\"ES\">reflejar mediante una entrada qu\u00e9 se ha aprendido en este m\u00f3dulo e incluir la actividad de evaluaci\u00f3n que ha creado.<\/span><br \/>\n\u00b7\u00a0\u00a0\u00a0\u00a0\u00a0\u00a0\u00a0<b><span lang=\"ES\">Kahoot colaborativo:\u00a0<\/span><\/b><span lang=\"ES\">participar en un Kahoot que se har\u00e1 en directo.<\/span><\/td>\n<td width=\"244\"><span lang=\"ES\">\u00b7\u00a0\u00a0\u00a0\u00a0\u00a0\u00a0\u00a0<\/span><span lang=\"ES\">Refleja el punto de partida en cuanto a los conocimientos que ten\u00eda.<\/span><\/p>\n<p><span lang=\"ES\">\u00b7\u00a0\u00a0\u00a0\u00a0\u00a0\u00a0\u00a0<\/span><span lang=\"ES\">Compara los conocimientos adquiridos con los que se pose\u00edan.<\/span><\/p>\n<p><span lang=\"ES\">\u00b7\u00a0\u00a0\u00a0\u00a0\u00a0\u00a0\u00a0<\/span><span lang=\"ES\">Propone ideas para usar lo aprendido en clase.<\/span><br \/>\n<span lang=\"ES\">\u00b7\u00a0\u00a0\u00a0\u00a0\u00a0\u00a0\u00a0<\/span><span lang=\"ES\">Participar en la actividad.<\/span><\/td>\n<\/tr>\n<\/tbody>\n<\/table>\n<\/div>\n<p>El m\u00f3dulo 5 no se evaluar\u00e1, ya que su realizaci\u00f3n ser\u00e1 voluntaria.<\/p>\n<p>&nbsp;<\/p>\n<h4>Requisitos de certificaci\u00f3n<\/h4>\n<div>\n<p>Para obtener la certificaci\u00f3n oficial del curso es necesario superar la evaluaci\u00f3n de todas actividades obligatorias planteadas durante el curso, que deber\u00e1n ser valoradas positivamente.<\/p>\n<\/div>\n<h4>Fechas de realizaci\u00f3n<\/h4>\n<p>del 1 al 15 de julio de 2018<\/p>\n<h4>Formador<\/h4>\n<p><a href=\"http:\/\/blogs.ciberespiral.org\/escuelas\/wp-content\/uploads\/sites\/16\/2015\/05\/Juan-Carlops-Palomino.jpeg\"><img decoding=\"async\" class=\"wp-image-434 alignleft\" src=\"http:\/\/blogs.ciberespiral.org\/escuelas\/wp-content\/uploads\/sites\/16\/2015\/05\/Juan-Carlops-Palomino-300x300.jpeg\" alt=\"\" width=\"202\" height=\"202\" srcset=\"https:\/\/blogs.ciberespiral.org\/escuelas\/wp-content\/uploads\/sites\/16\/2015\/05\/Juan-Carlops-Palomino-300x300.jpeg 300w, https:\/\/blogs.ciberespiral.org\/escuelas\/wp-content\/uploads\/sites\/16\/2015\/05\/Juan-Carlops-Palomino-150x150.jpeg 150w, https:\/\/blogs.ciberespiral.org\/escuelas\/wp-content\/uploads\/sites\/16\/2015\/05\/Juan-Carlops-Palomino.jpeg 512w\" sizes=\"(max-width: 202px) 100vw, 202px\" \/><\/a><\/p>\n<p>&nbsp;<\/p>\n<p><strong>Juan Carlos Palomino\u00a0<a href=\"https:\/\/twitter.com\/#!\/jcpalominotic\" target=\"_blank\" rel=\"noopener noreferrer\">@jcpalominotic<\/a><\/strong><\/p>\n<div>Maestro de coraz\u00f3n dedicado a otros menesteres pero enamorado de la educaci\u00f3n y de las TIC. \u00a0Diplomado en Magisterio y Licenciado en Pedagog\u00eda.\u00a0Actualmente compagino la docencia en el Colegio \u00c1gora (Madrid) con la consultor\u00eda de innovaci\u00f3n educativa y la formaci\u00f3n docente.<\/div>\n<div>En el colegio realizo funciones de coordinador TIC y de coordinador del proyecto Erasmus+ &#8220;Working Together&#8221;.<\/div>\n<div>Presidente de la Asociaci\u00f3n Espiral, Educaci\u00f3n y Tecnolog\u00eda.<\/div>\n<div><\/div>\n<div><\/div>\n<div><\/div>\n<div><\/div>\n<h3><span style=\"color: #0000ff;\"><strong><span style=\"text-decoration: underline;\"><a style=\"color: #0000ff; text-decoration: underline;\" title=\"Matr\u00edcula\" href=\"http:\/\/blogs.ciberespiral.org\/escuelas\/ca\/matricula-2\/\">Inscripci\u00f3<\/a>n<\/span><\/strong><\/span><\/h3>\n","protected":false},"excerpt":{"rendered":"<p>Descripci\u00f3n de la actividad La evaluaci\u00f3n es uno de los grandes caballos de batalla que se encuentra el docente en el aula. Consiste en la recogida de datos para, una vez analizados, tomar decisiones que puedan contribuir a la mejora de la ense\u00f1anza y del aprendizaje. Puede ser una gran&hellip;<\/p>\n","protected":false},"author":49,"featured_media":0,"parent":0,"menu_order":0,"comment_status":"closed","ping_status":"closed","template":"","meta":{"footnotes":""},"class_list":["post-1575","page","type-page","status-publish","hentry"],"_links":{"self":[{"href":"https:\/\/blogs.ciberespiral.org\/escuelas\/wp-json\/wp\/v2\/pages\/1575","targetHints":{"allow":["GET"]}}],"collection":[{"href":"https:\/\/blogs.ciberespiral.org\/escuelas\/wp-json\/wp\/v2\/pages"}],"about":[{"href":"https:\/\/blogs.ciberespiral.org\/escuelas\/wp-json\/wp\/v2\/types\/page"}],"author":[{"embeddable":true,"href":"https:\/\/blogs.ciberespiral.org\/escuelas\/wp-json\/wp\/v2\/users\/49"}],"replies":[{"embeddable":true,"href":"https:\/\/blogs.ciberespiral.org\/escuelas\/wp-json\/wp\/v2\/comments?post=1575"}],"version-history":[{"count":9,"href":"https:\/\/blogs.ciberespiral.org\/escuelas\/wp-json\/wp\/v2\/pages\/1575\/revisions"}],"predecessor-version":[{"id":1630,"href":"https:\/\/blogs.ciberespiral.org\/escuelas\/wp-json\/wp\/v2\/pages\/1575\/revisions\/1630"}],"wp:attachment":[{"href":"https:\/\/blogs.ciberespiral.org\/escuelas\/wp-json\/wp\/v2\/media?parent=1575"}],"curies":[{"name":"wp","href":"https:\/\/api.w.org\/{rel}","templated":true}]}}