{"id":1570,"date":"2018-05-30T01:09:06","date_gmt":"2018-05-30T00:09:06","guid":{"rendered":"http:\/\/blogs.ciberespiral.org\/escuelas\/?page_id=1570"},"modified":"2018-06-08T11:05:24","modified_gmt":"2018-06-08T10:05:24","slug":"creatividad-en-el-aula-recursos-tecnicas-y-herramientas-para-innovar-creando","status":"publish","type":"page","link":"https:\/\/blogs.ciberespiral.org\/escuelas\/creatividad-en-el-aula-recursos-tecnicas-y-herramientas-para-innovar-creando\/","title":{"rendered":"Creatividad en el aula: recursos, t\u00e9cnicas y herramientas para innovar creando."},"content":{"rendered":"<h4>Descripci\u00f3n de la actividad<\/h4>\n<p dir=\"ltr\">La creatividad, una capacidad que muchos consideran propia de los artistas. Pintores, escritores, m\u00fasicos&#8230;son personas creativas. Pero, \u00bfqu\u00e9 ocurre con los docentes? \u00bfacaso no podemos serlo? Podemos, y de hecho, debemos. La creatividad es el pilar fundamental que sostiene la denominada \u201cinnovaci\u00f3n educativa\u201d. Ser creativos nos ayuda a tomar rutas no transitadas, crear caminos nuevos, ver m\u00e1s all\u00e1 de lo obvio, equivocarnos y aprender de los errores, arriesgar&#8230;<\/p>\n<p dir=\"ltr\">Muchos dejamos de entrenar esta capacidad cuando dejamos de ser ni\u00f1os, con este curso pretendemos retomar ese \u201cyo creativo\u201d que todos llevamos dentro. Desempolvar nuestras habilidades para crear, imaginar, encontrar soluciones alternativas. Solo practic\u00e1ndolo nosotros seremos capaces de fomentarlo en nuestro alumnado. Creativo se nace y se hace, y en este curso lo comprobaremos.<\/p>\n<h4>Carga lectiva del curso<\/h4>\n<p>30 horas<\/p>\n<h4>Destinatarios<\/h4>\n<p>Docentes de todos los niveles educativos y materias (desde infantil a educaci\u00f3n superior), estudiantes de magisterio y personas relacionadas con la educaci\u00f3n.<\/p>\n<h4>Requisitos t\u00e9cnicos de los participantes<\/h4>\n<div>\n<p>Descubriremos y utilizaremos aplicaciones online, con lo que tener conexi\u00f3n a Internet ser\u00e1 fundamental. Algunos recursos ser\u00e1n descargables e imprimibles, con lo que se recomienda (no es obligatorio) tener acceso a impresora.<\/p>\n<p dir=\"ltr\">Ser\u00e1 muy recomendable disponer de cuenta de Twitter para compartir algunos recursos y crear red.<\/p>\n<\/div>\n<h4>Objetivos<\/h4>\n<ul>\n<li>Conocer los fundamentos y la base neuropsicol\u00f3gica que sustenta el pensamiento divergente y la creatividad.<\/li>\n<li>Entender y ser capaz de llevar a cabo las etapas del proceso creativo.<\/li>\n<li>Adquirir estrategias para entrenar las habilidades creativas y superar los bloqueos mentales, en el propio docente y en el alumnado.<\/li>\n<li>Practicar t\u00e9cnicas creativas para aplicar en clase, generales o espec\u00edficas en funci\u00f3n de la materia\/nivel impartido.<\/li>\n<li>Adquirir herramientas para fomentar en el aula ambientes creativos.<\/li>\n<li>Utilizar distintos recursos y herramientas digitales con las que promover el pensamiento divergente del alumnado.<\/li>\n<li>Conocer recursos creativos para atender a la diversidad del alumnado.<\/li>\n<\/ul>\n<h4>\u00a0Contenidos<\/h4>\n<p dir=\"ltr\">M\u00d3DULO 1. CREATIVIDAD Y PENSAMIENTO DIVERGENTE<\/p>\n<ul>\n<li dir=\"ltr\">\n<p dir=\"ltr\">Qu\u00e9 es la creatividad y el pensamiento divergente.<\/p>\n<\/li>\n<li dir=\"ltr\">\n<p dir=\"ltr\">Pensamiento cr\u00edtico y creativo.<\/p>\n<\/li>\n<li dir=\"ltr\">\n<p dir=\"ltr\">Creatividad e innovaci\u00f3n educativa.<\/p>\n<\/li>\n<\/ul>\n<h4><\/h4>\n<p dir=\"ltr\">M\u00d3DULO 2. EL PROCESO CREATIVO<\/p>\n<ul>\n<li dir=\"ltr\">\n<p dir=\"ltr\">Etapas del proceso creativo.<\/p>\n<\/li>\n<li dir=\"ltr\">\n<p dir=\"ltr\">Habilidades creativas: c\u00f3mo entrenarlas.<\/p>\n<\/li>\n<li dir=\"ltr\">\n<p dir=\"ltr\">Barreras mentales y bloqueos a la creatividad.<\/p>\n<\/li>\n<\/ul>\n<h4><\/h4>\n<p dir=\"ltr\">M\u00d3DULO 3. CREATIVIDAD EN EL AULA<\/p>\n<ul>\n<li dir=\"ltr\">\n<p dir=\"ltr\">T\u00e9cnicas creativas.<\/p>\n<\/li>\n<li dir=\"ltr\">\n<p dir=\"ltr\">Recursos TIC\/TAC para introducir la creatividad en el aula.<\/p>\n<\/li>\n<li dir=\"ltr\">\n<p dir=\"ltr\">Ambientes creativos.<\/p>\n<\/li>\n<li dir=\"ltr\">\n<p dir=\"ltr\">Creatividad en el curr\u00edculo escolar.<\/p>\n<\/li>\n<li dir=\"ltr\">\n<p dir=\"ltr\">Experiencias de \u00e9xito y materiales para usar en el aula.<\/p>\n<\/li>\n<\/ul>\n<h4><\/h4>\n<p dir=\"ltr\">M\u00d3DULO 4. CREATIVIDAD Y ATENCI\u00d3N A LA DIVERSIDAD DEL ALUMNADO<\/p>\n<ul>\n<li dir=\"ltr\">\n<p dir=\"ltr\">Diversidad del alumnado e inteligencias m\u00faltiples.<\/p>\n<\/li>\n<li dir=\"ltr\">\n<p dir=\"ltr\">Altas capacidades y creatividad.<\/p>\n<\/li>\n<li dir=\"ltr\">\n<p dir=\"ltr\">Herramientas TIC\/TAC creativas para atender a la diversidad del alumnado.<\/p>\n<\/li>\n<\/ul>\n<p>&nbsp;<\/p>\n<h4>Metodolog\u00eda<\/h4>\n<div>\u00a0El curso se llevar\u00e1 a cabo de forma no presencial, aprovechando el entorno telem\u00e1tico de aprendizaje en el espacio virtual (Moodle) de Espiral. Dentro del cual se entregar\u00e1n materiales did\u00e1cticos y propuestas de actividades a realizar, haciendo uso de diferentes herramientas y recursos TIC\/TAC.<\/div>\n<p dir=\"ltr\">Dadas las caracter\u00edsticas del curso (entrenar la creatividad de cada participante), los trabajos personales ser\u00e1n principalmente individuales, pero el curso contar\u00e1 con espacios (foros) para la puesta en com\u00fan y el establecimiento de redes entre docentes. Adem\u00e1s, algunas propuestas ser\u00e1n para trabajar de forma colaborativa.<\/p>\n<h4>Plan de evaluaci\u00f3n<\/h4>\n<p>El plan de evaluaci\u00f3n de la actividad est\u00e1 formado por las siguientes t\u00e9cnicas, herramientas y criterios de evaluaci\u00f3n:<\/p>\n<p dir=\"ltr\">Evaluaci\u00f3n de la satisfacci\u00f3n por parte de las personas asistentes: se valorar\u00e1 a trav\u00e9s de un cuestionario final. Se considera conseguido si la media de valoraci\u00f3n que dan al curso (en una escala del 1 al 5) es igual o superior a 3.<\/p>\n<p dir=\"ltr\">Evaluaci\u00f3n del aprovechamiento: para lo cual, se valorar\u00e1n (utilizando una escala del 1 al 10) las actividades propuestas durante el curso y se contabilizar\u00e1n las intervenciones de los participantes en los foros telem\u00e1ticos. Se considera logrado este aprovechamiento si la nota media final de las actividades es igual o superior a 5, y la participaci\u00f3n en los foros es igual o superior a 3 intervenciones a lo largo del curso.<\/p>\n<p dir=\"ltr\">Criterios de certificaci\u00f3n: se especifican en el apartado siguiente.<\/p>\n<h4><\/h4>\n<h4>Requisitos de certificaci\u00f3n<\/h4>\n<div>\n<p dir=\"ltr\">Para certificar una actividad a las personas asistentes, se debe superar la evaluaci\u00f3n. Esta evaluaci\u00f3n consistir\u00e1 en:<\/p>\n<ul>\n<li dir=\"ltr\">\n<p dir=\"ltr\">Realizaci\u00f3n del 100% de las actividades propuestas a lo largo de la actividad formativa, presenciales o telem\u00e1ticas, obteniendo una valoraci\u00f3n positiva de todas ellas por parte de los formadores.<\/p>\n<\/li>\n<li dir=\"ltr\">\n<p dir=\"ltr\">Participaci\u00f3n en foros telem\u00e1ticos.<\/p>\n<\/li>\n<\/ul>\n<\/div>\n<h4><\/h4>\n<h4>Fechas de realizaci\u00f3n<\/h4>\n<p>del 1 al 15 de julio de 2018<\/p>\n<h4>Formador<\/h4>\n<p><a href=\"http:\/\/blogs.ciberespiral.org\/escuelas\/wp-content\/uploads\/sites\/16\/2018\/05\/Javier-Barba-Calatrava.jpg\"><img decoding=\"async\" class=\"wp-image-1620 alignleft\" src=\"http:\/\/blogs.ciberespiral.org\/escuelas\/wp-content\/uploads\/sites\/16\/2018\/05\/Javier-Barba-Calatrava-300x300.jpg\" alt=\"\" width=\"208\" height=\"208\" srcset=\"https:\/\/blogs.ciberespiral.org\/escuelas\/wp-content\/uploads\/sites\/16\/2018\/05\/Javier-Barba-Calatrava-300x300.jpg 300w, https:\/\/blogs.ciberespiral.org\/escuelas\/wp-content\/uploads\/sites\/16\/2018\/05\/Javier-Barba-Calatrava-150x150.jpg 150w, https:\/\/blogs.ciberespiral.org\/escuelas\/wp-content\/uploads\/sites\/16\/2018\/05\/Javier-Barba-Calatrava.jpg 400w\" sizes=\"(max-width: 208px) 100vw, 208px\" \/><\/a><\/p>\n<p>&nbsp;<\/p>\n<p><strong>Javier Barba\u00a0<a href=\"https:\/\/twitter.com\/#!\/nombretwitter\" target=\"_blank\" rel=\"noopener noreferrer\">@javieducacio<\/a><\/strong><\/p>\n<p>Ha trabajado los \u00faltimos 15 a\u00f1os como maestro de primaria (tutor, especialista de ingl\u00e9s, coordinador, etc.). Tambi\u00e9n ha trabajado como profesor asociado en la UAB (en la facultad de educaci\u00f3n) y en el programa de altas capacidades de la Comunidad de Madrid. Actualmente, tambi\u00e9n, es coordinador del\u00a0<a href=\"https:\/\/www.google.com\/url?q=https%3A%2F%2Fwww.ucm.es%2Festudios%2Fmasterpropio-innovacion_educactiva-detalles-objetivos&amp;sa=D&amp;sntz=1&amp;usg=AFQjCNF4gROYY_E2q0ZE1eIZF1x5wvHjPw\" target=\"_blank\" rel=\"noopener noreferrer\">M\u00e1ster en Innovaci\u00f3n EducActiva<\/a>\u00a0de la Universidad Complutense de Madrid. Ha realizado m\u00e1sters de investigaci\u00f3n y relacionados con las tecnolog\u00edas del aprendizaje, la comunicaci\u00f3n y la informaci\u00f3n. Defensor del aprendizaje entre iguales y de la posibilidad de crear con las TIC\/TAC. Eduhacker.<\/p>\n<p>M\u00e1s informaci\u00f3n en\u00a0<a href=\"https:\/\/www.google.com\/url?q=https%3A%2F%2Fjavibarba.wixsite.com%2Feduca&amp;sa=D&amp;sntz=1&amp;usg=AFQjCNE3bw1jKeaLNOM9RVsVYLuNakaK9g\" target=\"_blank\" rel=\"noopener noreferrer\">https:\/\/javibarba.wixsite.com\/educa<\/a>.<\/p>\n<h3><\/h3>\n<p><a href=\"http:\/\/blogs.ciberespiral.org\/escuelas\/wp-content\/uploads\/sites\/16\/2018\/05\/Jaione-Pozuelo-1.jpg\"><img decoding=\"async\" class=\"wp-image-1822 alignleft\" src=\"http:\/\/blogs.ciberespiral.org\/escuelas\/wp-content\/uploads\/sites\/16\/2018\/05\/Jaione-Pozuelo-1-300x281.jpg\" alt=\"\" width=\"211\" height=\"198\" srcset=\"https:\/\/blogs.ciberespiral.org\/escuelas\/wp-content\/uploads\/sites\/16\/2018\/05\/Jaione-Pozuelo-1-300x281.jpg 300w, https:\/\/blogs.ciberespiral.org\/escuelas\/wp-content\/uploads\/sites\/16\/2018\/05\/Jaione-Pozuelo-1-768x719.jpg 768w, https:\/\/blogs.ciberespiral.org\/escuelas\/wp-content\/uploads\/sites\/16\/2018\/05\/Jaione-Pozuelo-1-1024x959.jpg 1024w\" sizes=\"(max-width: 211px) 100vw, 211px\" \/><\/a><\/p>\n<p><strong>Jaione Pozuelo\u00a0<a href=\"https:\/\/twitter.com\/#!\/jaionep\" target=\"_blank\" rel=\"noopener noreferrer\">@jaionep<\/a><\/strong><\/p>\n<p>Profesora de Biolog\u00eda y Geolog\u00eda en Educaci\u00f3n Secundaria. Licenciada en Ciencias Ambientales, m\u00e1ster TIC en Educaci\u00f3n y Doctora en Educaci\u00f3n por la Universidad Aut\u00f3noma de Madrid (UAM). Actualmente trabaja como coordinadora en el Programa de Enriquecimiento Educativo de Alumnos con Altas Capacidades de la Comunidad de Madrid y colabora asimismo con la UAM, la Universidad Rey Juan Carlos y la Universidad Carlos III en la formaci\u00f3n de futuros profesores. Es formadora de docentes en diferentes centros de formaci\u00f3n de la Comunidad de Madrid. Firmemente defensora de la innovaci\u00f3n educativa, fue Premio Nacional de Educaci\u00f3n en el a\u00f1o 2015 por una gamificaci\u00f3n interdisciplinar en Educaci\u00f3n Secundaria.<\/p>\n<p>M\u00e1s informaci\u00f3n en\u00a0<a href=\"http:\/\/www.google.com\/url?q=http%3A%2F%2Fjaionepozuelo.wixsite.com%2Fciencia&amp;sa=D&amp;sntz=1&amp;usg=AFQjCNE03qC9dAczGnQdVFzLfb00P_FQ-w\" target=\"_blank\" rel=\"noopener noreferrer\">http:\/\/jaionepozuelo.wixsite.com\/ciencia<\/a><\/p>\n<h3><\/h3>\n<h3><span style=\"color: #0000ff;\"><strong><span style=\"text-decoration: underline;\"><a style=\"color: #0000ff; text-decoration: underline;\" title=\"Matr\u00edcula\" href=\"http:\/\/blogs.ciberespiral.org\/escuelas\/ca\/matricula-2\/\">Inscripci\u00f3<\/a>n<\/span><\/strong><\/span><\/h3>\n","protected":false},"excerpt":{"rendered":"<p>Descripci\u00f3n de la actividad La creatividad, una capacidad que muchos consideran propia de los artistas. Pintores, escritores, m\u00fasicos&#8230;son personas creativas. Pero, \u00bfqu\u00e9 ocurre con los docentes? \u00bfacaso no podemos serlo? Podemos, y de hecho, debemos. La creatividad es el pilar fundamental que sostiene la denominada \u201cinnovaci\u00f3n educativa\u201d. Ser creativos nos&hellip;<\/p>\n","protected":false},"author":49,"featured_media":0,"parent":0,"menu_order":0,"comment_status":"closed","ping_status":"closed","template":"","meta":{"footnotes":""},"class_list":["post-1570","page","type-page","status-publish","hentry"],"_links":{"self":[{"href":"https:\/\/blogs.ciberespiral.org\/escuelas\/wp-json\/wp\/v2\/pages\/1570","targetHints":{"allow":["GET"]}}],"collection":[{"href":"https:\/\/blogs.ciberespiral.org\/escuelas\/wp-json\/wp\/v2\/pages"}],"about":[{"href":"https:\/\/blogs.ciberespiral.org\/escuelas\/wp-json\/wp\/v2\/types\/page"}],"author":[{"embeddable":true,"href":"https:\/\/blogs.ciberespiral.org\/escuelas\/wp-json\/wp\/v2\/users\/49"}],"replies":[{"embeddable":true,"href":"https:\/\/blogs.ciberespiral.org\/escuelas\/wp-json\/wp\/v2\/comments?post=1570"}],"version-history":[{"count":8,"href":"https:\/\/blogs.ciberespiral.org\/escuelas\/wp-json\/wp\/v2\/pages\/1570\/revisions"}],"predecessor-version":[{"id":1824,"href":"https:\/\/blogs.ciberespiral.org\/escuelas\/wp-json\/wp\/v2\/pages\/1570\/revisions\/1824"}],"wp:attachment":[{"href":"https:\/\/blogs.ciberespiral.org\/escuelas\/wp-json\/wp\/v2\/media?parent=1570"}],"curies":[{"name":"wp","href":"https:\/\/api.w.org\/{rel}","templated":true}]}}