{"id":1239,"date":"2017-05-18T12:33:48","date_gmt":"2017-05-18T11:33:48","guid":{"rendered":"http:\/\/blogs.ciberespiral.org\/escuelas\/?page_id=1239"},"modified":"2017-06-08T12:07:42","modified_gmt":"2017-06-08T11:07:42","slug":"gamificando-voy-y-vengo-por-el-caminoaprendo","status":"publish","type":"page","link":"https:\/\/blogs.ciberespiral.org\/escuelas\/gamificando-voy-y-vengo-por-el-caminoaprendo\/","title":{"rendered":"Gamificando voy y vengo. Por el camino\u2026aprendo"},"content":{"rendered":"<p><iframe src=\"https:\/\/www.youtube.com\/embed\/d_T8KeTLQVc\" width=\"560\" height=\"315\" frameborder=\"0\" allowfullscreen=\"allowfullscreen\"><\/iframe><br \/>\n<strong>Descripci\u00f3n de la actividad<\/strong><\/p>\n<p><span lang=\"ES\">La gamificaci\u00f3n consiste b\u00e1sicamente en emplear las mec\u00e1nicas y din\u00e1micas de los juegos a entornos ajenos al juego.\u00a0\u00a0Aunque es una terminolog\u00eda que proviene del mundo de los videojuegos est\u00e1 ampliando su campo de acci\u00f3n hacia sectores como el educativo que est\u00e1 aprovechando sus fundamentos esenciales para mejorar el aprendizaje a trav\u00e9s de una motivaci\u00f3n real hacia el aprendizaje, facilitando procesos y estrategias activas, donde el alumno es capaz de desarrollar las competencias propias del S.XXI de una manera integral.<\/span><\/p>\n<p><span lang=\"ES\">Los participantes de este curso virtual obtendr\u00e1n una base te\u00f3rica de donde partir y una base eminentemente pr\u00e1ctica para desarrollar su propio proyecto gamificado en el aula. El objetivo principal es acercar la gamificaci\u00f3n como estrategia de aprendizaje en el aula y desarrollar las habilidades necesarias para ser docente y alumno en el S.XXI: Aprender a aprender, comunicaci\u00f3n y colaboraci\u00f3n, creatividad y la competencia digital. De manera m\u00e1s precisa, los participantes desarrollar\u00e1n un proyecto, comprendiendo todos y cada uno de los pasos y desarrollando su esfuerzo y talento en cada uno de ellos, con el objetivo final de implantar una metodolog\u00eda activa en el aula.<\/span><\/p>\n<p><strong>Carga lectiva del curso<\/strong><\/p>\n<p>30 horas<\/p>\n<p><strong>Destinatarios<\/strong><\/p>\n<p><span style=\"color: #000000;\">Profesores, maestros y educadores. \u00c1mbito docente.<\/span><\/p>\n<p><strong>Requisitos t\u00e9cnicos de los participantes<\/strong><\/p>\n<div dir=\"ltr\"><span style=\"color: #000000;\">Se recomienda un nivel B1 de ingl\u00e9s para complementar el curso con recursos de apoyo en este idioma.<\/span><\/div>\n<div dir=\"ltr\"><span style=\"font-size: small;\"><span style=\"color: #000000;\">Habilidades digitales para la creaci\u00f3n de un\u00a0portafolio de aprendizaje y el uso de herramientas digitales que faciliten el proyecto final.<\/span><\/span><\/div>\n<p><strong>\u00a0<\/strong><\/p>\n<p><strong>Objetivos<\/strong><\/p>\n<div>\n<ul>\n<li>Conocer la gamificaci\u00f3n como estrategia educativa<\/li>\n<li>Aplicar la gamificaci\u00f3n en el aula o centro educativo<\/li>\n<li><span lang=\"ES\">\u00a0<\/span><span lang=\"ES\">Planificar un proyecto ramificado<\/span><\/li>\n<li>Desarrollar la competencia digital y la creatividad<\/li>\n<li>Promover la colaboraci\u00f3n con iguales<\/li>\n<li>Compartir y aprender herramientas digitales que faciliten el desempe\u00f1o docente<\/li>\n<\/ul>\n<\/div>\n<p><strong>Contenidos<\/strong><\/p>\n<p><b><span lang=\"ES\">M\u00f3dulo 0 \u2013 Hazte con la plataforma<\/span><\/b><\/p>\n<ul>\n<li>Narrativa de inmersi\u00f3n<\/li>\n<li>Creaci\u00f3n de perfiles, avatar y\u00a0<span style=\"font-family: Calibri;\">portafolio<\/span><\/li>\n<li>Presentaci\u00f3n a la comunidad<\/li>\n<\/ul>\n<p><b><span lang=\"ES\">M\u00f3dulo 1 \u2013 \u00bfQu\u00e9 es gamificaci\u00f3n?<\/span><\/b><\/p>\n<ul>\n<li>\u00bfQu\u00e9 es la gamificaci\u00f3n?<\/li>\n<li>Origen, antecedentes y ejemplos<\/li>\n<li>Utilidad. Trasfondo emocional<\/li>\n<\/ul>\n<p><span lang=\"ES\">\u00a0<\/span><\/p>\n<p><b><span lang=\"ES\">M\u00f3dulo 2 \u2013 C\u00f3mo comenzar a\u00a0<\/span><\/b><span style=\"font-family: Calibri;\"><b>ramificar<\/b><\/span><\/p>\n<ul>\n<li>Narrativa, motivaci\u00f3n intr\u00ednseca: Un nuevo universo donde sumergirse<\/li>\n<li>Diversidad. Avatares: Unos jugadores muy especiales<\/li>\n<li>Un objetivo concreto: contenido did\u00e1ctico<\/li>\n<li>Retos a superar: pruebas encaminadas a lograr el objetivo<\/li>\n<li>Mec\u00e1nicas de juego: motivaci\u00f3n extr\u00ednseca<\/li>\n<\/ul>\n<p><span lang=\"ES\">\u00a0<\/span><\/p>\n<p><b><span lang=\"ES\">M\u00f3dulo 3 \u2013 Crea tu propio prototipo<\/span><\/b><\/p>\n<ul>\n<li>\u00bfC\u00f3mo comenzar a prototipar? Canvas<\/li>\n<li><span lang=\"ES\">\u00a0<\/span><span lang=\"ES\">Recursos<\/span><\/li>\n<li>Desarrollo del prototipo y \u00faltimas recomendaciones ( evaluaci\u00f3n, testeo\u2026)<\/li>\n<\/ul>\n<p>&nbsp;<\/p>\n<p><strong>Metodolog\u00eda<\/strong><\/p>\n<div>La metodolog\u00eda de trabajo ser\u00e1 no presencial: esto quiere decir que las tareas del curso las haremos &#8220;en l\u00ednea&#8221;, conectados a Internet y a trav\u00e9s de este aula virtual.<\/div>\n<p><span lang=\"ES\">Se trata de un curso gamificado, por lo que el aprendizaje ser\u00e1 eminentemente activo por vuestra parte. Deber\u00e9is desarrollar las estrategias, destrezas y habilidades necesarias para ir superando cada reto que se proponga en un tiempo l\u00edmite de 3 semanas. Cada m\u00f3dulo incluir\u00e1 los recursos suficientes para permitir una exploraci\u00f3n m\u00e1s profunda del contenido, pero lo ideal ser\u00eda que desarroll\u00e9is vuestro talento y creatividad y se\u00e1is aut\u00f3nomos en la b\u00fasqueda y curaci\u00f3n de nueva informaci\u00f3n que pueda resultar relevante, de manera que creemos una aut\u00e9ntica comunidad de aprendizaje entre todos.<\/span><\/p>\n<p><span lang=\"ES\">Ser\u00e1 importante compartir en redes sociales y participar de todos los foros que supongan un enriquecimiento sobre el contenido. <\/span><\/p>\n<p><span lang=\"ES\">Cada m\u00f3dulo s ser\u00e1 evaluado seg\u00fan las especificaciones descritas en el apartado evaluaci\u00f3n de esta gu\u00eda.<\/span><\/p>\n<p><span lang=\"ES\">Los retos deben superarse de manera individual. S\u00f3lo el proyecto final podr\u00e1 realizarse en equipo.<\/span><\/p>\n<p><span lang=\"ES\">Aquellos que completen el reto final obtendr\u00e1n una micro-credencial del curso.<\/span><\/p>\n<p>&nbsp;<\/p>\n<p><strong>Plan de evaluaci\u00f3n<\/strong><\/p>\n<p>&nbsp;<\/p>\n<table>\n<tbody>\n<tr style=\"background-color: #bdbdbd;\">\n<td width=\"321\"><strong>M\u00d3DULO 0 &#8211; TAREAS<\/strong><\/td>\n<td width=\"321\"><strong>CRITERIOS DE EVALUACI\u00d3N<\/strong><\/td>\n<\/tr>\n<tr style=\"background-color: #efefef;\">\n<td width=\"321\">OBLIGATORIAS:<\/p>\n<ul>\n<li>Crear avatar<\/li>\n<li>Presentarse en foro<\/li>\n<\/ul>\n<\/td>\n<td width=\"321\">&nbsp;<\/p>\n<ul>\n<li>Utiliza alguna de las herramientas propuestas para crear un avatar<\/li>\n<li>Se presenta con nombre y ocupaci\u00f3n y su inter\u00e9s en el curso.<\/li>\n<\/ul>\n<\/td>\n<\/tr>\n<tr style=\"background-color: #cfcfcf;\">\n<td width=\"321\">VOLUNTARIAS:<\/p>\n<ul>\n<li>Editar perfil<\/li>\n<\/ul>\n<\/td>\n<td width=\"321\">&nbsp;<\/p>\n<ul>\n<li>Completa el perfil con foto y descripci\u00f3n<\/li>\n<\/ul>\n<\/td>\n<\/tr>\n<\/tbody>\n<\/table>\n<p><strong>\u00a0<\/strong><\/p>\n<table>\n<tbody>\n<tr style=\"background-color: #bdbdbd;\">\n<td width=\"321\"><strong>M\u00d3DULO 1 &#8211; TAREAS<\/strong><\/td>\n<td width=\"321\"><strong>CRITERIOS DE EVALUACI\u00d3N<\/strong><\/td>\n<\/tr>\n<tr style=\"background-color: #efefef;\">\n<td width=\"321\">OBLIGATORIAS:<\/p>\n<ul>\n<li>Post en portfolio digital con la reflexi\u00f3n de lo aprendido en el m\u00f3dulo<\/li>\n<li>Visionado de lecci\u00f3n<\/li>\n<\/ul>\n<p>&nbsp;<\/td>\n<td width=\"321\">&nbsp;<\/p>\n<ul>\n<li>Reflexiona sobre qu\u00e9 es gamificaci\u00f3n, describe alg\u00fan ejemplo cercano y argumenta aquellos elementos que considera como \u00fatiles de manera personal.<\/li>\n<li>La tarea de ver la lecci\u00f3n est\u00e1 completa<\/li>\n<\/ul>\n<\/td>\n<\/tr>\n<tr style=\"background-color: #cfcfcf;\">\n<td width=\"321\">VOLUNTARIAS:<\/p>\n<ul>\n<li>Participaci\u00f3n en foro: debate sobre la utilidad de la gamificaci\u00f3n<\/li>\n<\/ul>\n<p>&nbsp;<\/td>\n<td width=\"321\">&nbsp;<\/p>\n<ul>\n<li>Participa ofreciendo feedback a sus compa\u00f1eros y aportando informaci\u00f3n sobre gamificaci\u00f3n.<\/li>\n<\/ul>\n<\/td>\n<\/tr>\n<\/tbody>\n<\/table>\n<p><strong>\u00a0<\/strong><\/p>\n<table>\n<tbody>\n<tr style=\"background-color: #bdbdbd;\">\n<td width=\"321\"><strong>M\u00d3DULO 2 &#8211; TAREAS<\/strong><\/td>\n<td width=\"321\"><strong>CRITERIOS DE EVALUACI\u00d3N<\/strong><\/td>\n<\/tr>\n<tr style=\"background-color: #efefef;\">\n<td width=\"321\">OBLIGATORIAS:<\/p>\n<ul>\n<li>Crear una gui\u00f3n gr\u00e1fico de su narrativa<\/li>\n<li>Desarrolla 3 retos encaminados a un objetivo final<\/li>\n<li>Seleccionar 3 mec\u00e1nicas, descr\u00edbelas y da ejemplos de uso<\/li>\n<li>Cuestionario de evaluaci\u00f3n<\/li>\n<\/ul>\n<\/td>\n<td width=\"321\">&nbsp;<\/p>\n<ul>\n<li>Utiliza la herramienta propuesta para crear un gui\u00f3n gr\u00e1fico o storyboard de su narrativa que es incluida en su portfolio digital.<\/li>\n<li>Ha seleccionado un objetivo did\u00e1ctico y lo ha desglosado en 3 retos, desarrollando en cada uno de ellos: objetivo, contexto y tarea y lo a\u00f1ade a su portfolio digital.<\/li>\n<li>Incluye 3 mec\u00e1nicas, las describe y da ejemplos de uso en su portfolio digital<\/li>\n<li>Completa el cuestionario de manera correcta.<\/li>\n<\/ul>\n<\/td>\n<\/tr>\n<tr style=\"background-color: #cfcfcf;\">\n<td width=\"321\">VOLUNTARIAS:<\/p>\n<ul>\n<li>Realizar el quiz de tipos de jugadores.<\/li>\n<li>Reflexiona sobre las mec\u00e1nicas de otros juegos que se proponen.<\/li>\n<\/ul>\n<\/td>\n<td width=\"321\">&nbsp;<\/p>\n<ul>\n<li>Completa un quiz online<\/li>\n<li>Incluye un post en su portfolio con la reflexi\u00f3n.<\/li>\n<\/ul>\n<\/td>\n<\/tr>\n<\/tbody>\n<\/table>\n<p><strong>\u00a0<\/strong><\/p>\n<table>\n<tbody>\n<tr style=\"background-color: #bdbdbd;\">\n<td width=\"321\"><strong>M\u00d3DULO 3 &#8211; TAREAS<\/strong><\/td>\n<td width=\"321\"><strong>CRITERIOS DE EVALUACI\u00d3N<\/strong><\/td>\n<\/tr>\n<tr style=\"background-color: #efefef;\">\n<td width=\"321\">OBLIGATORIAS:<\/p>\n<ul>\n<li>Brainstorming inicial para el canvas<\/li>\n<li>Desarrollo del proyecto en portfolio digital<\/li>\n<\/ul>\n<\/td>\n<td width=\"321\">&nbsp;<\/p>\n<ul>\n<li>Colabora con su equipo en un brainstorming para crear un proyecto conjunto. El canvas es colgado en cada portfolio digital.<\/li>\n<li>Desarrolla el proyecto colaborativo incluyendo todos aquellos elementos o actividades que han realizado en un post de su portfolio digital ajust\u00e1ndose a una r\u00fabrica p2p.<\/li>\n<\/ul>\n<\/td>\n<\/tr>\n<tr style=\"background-color: #cfcfcf;\">\n<td width=\"321\">VOLUNTARIAS:<\/p>\n<ul>\n<li>Selecciona uno de los recursos ofrecidos y haz un peque\u00f1o tutorial del \u00a0mismo<\/li>\n<li>Foro: Comparte dudas para realizar tu proyecto con tus compa\u00f1eros<\/li>\n<\/ul>\n<\/td>\n<td width=\"321\">&nbsp;<\/p>\n<ul>\n<li>Ha realizado un videotutorial con alguna de las herramientas propuestas sobre uno de los recursos propuestos y lo incluye en su portfolio.<\/li>\n<li>Participa en el foro aportando sus conocimientos y dudas en el desarrollo del proyecto as\u00ed como dando feedback a sus compa\u00f1eros.<\/li>\n<\/ul>\n<p>&nbsp;<\/td>\n<\/tr>\n<\/tbody>\n<\/table>\n<p>&nbsp;<\/p>\n<p>Aquellos que completen el reto final obtendr\u00e1n una micro-credencial del curso.<\/p>\n<p>II) Evaluaci\u00f3n de la satisfacci\u00f3n:<\/p>\n<p>Finalizado el curso los asistentes cumplimentar\u00e1n una encuesta de valoraci\u00f3n del curso para recoger impresiones y sugerencias de cara a introducir posibles mejoras en posteriores ediciones.<\/p>\n<p><strong>Requisitos de certificaci\u00f3n<\/strong><\/p>\n<p>Para obtener la certificaci\u00f3n oficial del curso es necesario superar la evaluaci\u00f3n de las diferentes actividades planteadas durante el curso:<\/p>\n<ul>\n<li>Realizaci\u00f3n de las tareas obligatorias<\/li>\n<li>Proyecto final completo con todas las pautas descritas en la r\u00fabrica.<\/li>\n<\/ul>\n<h5><\/h5>\n<h5>Fechas de realizaci\u00f3n<\/h5>\n<p>del 1 al 15 de julio de 2017<\/p>\n<h5>Duraci\u00f3n<\/h5>\n<p>30 horas<\/p>\n<div>\n<h5>Formadores<\/h5>\n<p><a href=\"http:\/\/blogs.ciberespiral.org\/escuelas\/wp-content\/uploads\/sites\/16\/2017\/05\/clara600x600.jpg\"><img decoding=\"async\" class=\"wp-image-1429 size-thumbnail alignleft\" src=\"http:\/\/blogs.ciberespiral.org\/escuelas\/wp-content\/uploads\/sites\/16\/2017\/05\/clara600x600-150x150.jpg\" alt=\"\" width=\"150\" height=\"150\" srcset=\"https:\/\/blogs.ciberespiral.org\/escuelas\/wp-content\/uploads\/sites\/16\/2017\/05\/clara600x600-150x150.jpg 150w, https:\/\/blogs.ciberespiral.org\/escuelas\/wp-content\/uploads\/sites\/16\/2017\/05\/clara600x600.jpg 200w\" sizes=\"(max-width: 150px) 100vw, 150px\" \/><\/a><strong>Clara Cordero <a href=\"https:\/\/twitter.com\/#!\/AgoraAbierta\" target=\"_blank\" rel=\"noopener noreferrer\">@AgoraAbierta<\/a><\/strong><\/p>\n<p>Dise\u00f1adora y facilitadora de experiencias de aprendizaje. Atrapada en la Gamificaci\u00f3n, el Visual Thinking, la comunicaci\u00f3n audiovisual y la Competencia Digital como estrategias eficaces en el aula. Formo, coordino y gestiono comunidades de aprendizaje.<\/p>\n<p>&nbsp;<\/p>\n<p>&nbsp;<\/p>\n<p><a href=\"http:\/\/blogs.ciberespiral.org\/escuelas\/wp-content\/uploads\/sites\/16\/2017\/05\/salva-twitter.jpg\"><img decoding=\"async\" class=\"wp-image-1430 size-thumbnail alignleft\" src=\"http:\/\/blogs.ciberespiral.org\/escuelas\/wp-content\/uploads\/sites\/16\/2017\/05\/salva-twitter-150x150.jpg\" alt=\"\" width=\"150\" height=\"150\" srcset=\"https:\/\/blogs.ciberespiral.org\/escuelas\/wp-content\/uploads\/sites\/16\/2017\/05\/salva-twitter-150x150.jpg 150w, https:\/\/blogs.ciberespiral.org\/escuelas\/wp-content\/uploads\/sites\/16\/2017\/05\/salva-twitter-300x300.jpg 300w, https:\/\/blogs.ciberespiral.org\/escuelas\/wp-content\/uploads\/sites\/16\/2017\/05\/salva-twitter.jpg 399w\" sizes=\"(max-width: 150px) 100vw, 150px\" \/><\/a><\/p>\n<p>&nbsp;<\/p>\n<p><strong>Salvador Carrion <a href=\"https:\/\/twitter.com\/#!\/salva_cv\" target=\"_blank\" rel=\"noopener noreferrer\">@salva_cv<\/a><\/strong><\/p>\n<p>Maestro y profesor en el Colegio Madrigal donde coordina el programa de innovaci\u00f3n educativa. Cocreador del m\u00e9todo pracTIC y del encuentro educativo InnoBAR. Miembro fundado de la comunidad educativa &#8220;Gamifica tu aula&#8221; donde es m\u00e1s conocido por su alter-ego Salfum\u00e1n el mago.<\/p>\n<p>&nbsp;<\/p>\n<p>&nbsp;<\/p>\n<h3><strong><span style=\"text-decoration: underline; color: #0000ff;\"><a title=\"Matr\u00edcula\" href=\"http:\/\/blogs.ciberespiral.org\/escuelas\/ca\/matricula-2\/\">Inscripci\u00f3n<\/a><\/span><\/strong><\/h3>\n<\/div>\n","protected":false},"excerpt":{"rendered":"<p>Descripci\u00f3n de la actividad La gamificaci\u00f3n consiste b\u00e1sicamente en emplear las mec\u00e1nicas y din\u00e1micas de los juegos a entornos ajenos al juego.\u00a0\u00a0Aunque es una terminolog\u00eda que proviene del mundo de los videojuegos est\u00e1 ampliando su campo de acci\u00f3n hacia sectores como el educativo que est\u00e1 aprovechando sus fundamentos esenciales para&hellip;<\/p>\n","protected":false},"author":49,"featured_media":0,"parent":0,"menu_order":0,"comment_status":"closed","ping_status":"closed","template":"","meta":{"footnotes":""},"class_list":["post-1239","page","type-page","status-publish","hentry"],"_links":{"self":[{"href":"https:\/\/blogs.ciberespiral.org\/escuelas\/wp-json\/wp\/v2\/pages\/1239","targetHints":{"allow":["GET"]}}],"collection":[{"href":"https:\/\/blogs.ciberespiral.org\/escuelas\/wp-json\/wp\/v2\/pages"}],"about":[{"href":"https:\/\/blogs.ciberespiral.org\/escuelas\/wp-json\/wp\/v2\/types\/page"}],"author":[{"embeddable":true,"href":"https:\/\/blogs.ciberespiral.org\/escuelas\/wp-json\/wp\/v2\/users\/49"}],"replies":[{"embeddable":true,"href":"https:\/\/blogs.ciberespiral.org\/escuelas\/wp-json\/wp\/v2\/comments?post=1239"}],"version-history":[{"count":8,"href":"https:\/\/blogs.ciberespiral.org\/escuelas\/wp-json\/wp\/v2\/pages\/1239\/revisions"}],"predecessor-version":[{"id":1530,"href":"https:\/\/blogs.ciberespiral.org\/escuelas\/wp-json\/wp\/v2\/pages\/1239\/revisions\/1530"}],"wp:attachment":[{"href":"https:\/\/blogs.ciberespiral.org\/escuelas\/wp-json\/wp\/v2\/media?parent=1239"}],"curies":[{"name":"wp","href":"https:\/\/api.w.org\/{rel}","templated":true}]}}