{"id":1186,"date":"2017-05-16T10:05:52","date_gmt":"2017-05-16T09:05:52","guid":{"rendered":"http:\/\/blogs.ciberespiral.org\/escuelas\/?page_id=1186"},"modified":"2017-06-27T11:55:22","modified_gmt":"2017-06-27T10:55:22","slug":"cursos-2017","status":"publish","type":"page","link":"https:\/\/blogs.ciberespiral.org\/escuelas\/cursos-2017\/","title":{"rendered":"Cursos 2017"},"content":{"rendered":"<p>Con el soporte del <strong>Departament d&#8217;Ensenyament de la Generalitat de Catalunya<\/strong><\/p>\n<p style=\"text-align: justify;\">Todos los cursos de la Escuela virtual de Verano Espiral tienen el reconocimiento del Departament d&#8217;Ensenyament de la Generalitat de Catalunya, por lo que su certificaci\u00f3n tiene validez a todos los efectos administrativos.<\/p>\n<p style=\"text-align: justify;\">Los cursos virtuales de formaci\u00f3n que l Asociaci\u00f3n Espiral, Educaci\u00f3n y Tecnologia oferta en esta edici\u00f3n (<strong>del 1 de julio al 15 de julio de 2017<\/strong>) son los siguientes:<\/p>\n<table style=\"border: 10px solid white;\">\n<tbody>\n<tr>\n<th style=\"background-color: #bdbdbd;\" width=\"300\">Cursos en Castellano<\/th>\n<th style=\"background-color: #bdbdbd;\" width=\"150\">Docentes<\/th>\n<th style=\"background-color: #bdbdbd;\" width=\"35\">Horas<\/th>\n<\/tr>\n<tr style=\"background-color: #efefef;\">\n<td><a href=\"http:\/\/blogs.ciberespiral.org\/escuelas\/gamificando-voy-y-vengo-por-el-caminoaprendo\/\">Gamificando voy y vengo. Por el camino\u2026aprendo<\/a><\/td>\n<td>Clara Cordero<br \/>\nSalvador Carri\u00f3n<\/td>\n<td>30h.<\/td>\n<\/tr>\n<tr style=\"background-color: #f8f8f8;\">\n<td><a href=\"http:\/\/blogs.ciberespiral.org\/escuelas\/visual-thinking-como-estrategia-de-aprendizaje\/\">Visual Thinking como estrategia de aprendizaje<\/a><\/td>\n<td>Clara Cordero<\/td>\n<td>30h.<\/td>\n<\/tr>\n<tr style=\"background-color: #efefef;\">\n<td><a href=\"http:\/\/blogs.ciberespiral.org\/escuelas\/rodamos-en-el-aula-el-stop-motion-3\/\">Rodamos en el aula: el stop- motion<\/a><\/td>\n<td>Jose Daniel Garc\u00eda<\/td>\n<td>30h.<\/td>\n<\/tr>\n<tr style=\"background-color: #f8f8f8;\">\n<td><a href=\"http:\/\/blogs.ciberespiral.org\/escuelas\/introduccion-a-la-realidad-aumentada-y-virtual\/\">Introducci\u00f3n a la Realidad Aumentada y Virtual<\/a><\/td>\n<td>Ra\u00fal Reinoso<\/td>\n<td>30h.<\/td>\n<\/tr>\n<tr style=\"background-color: #efefef;\">\n<td><del><a href=\"http:\/\/blogs.ciberespiral.org\/escuelas\/inteligencia-emocional\/\">Inteligencia Emocional<\/a><\/del>\u00a0Curso cancelado<\/td>\n<td>Nuria Molina<\/td>\n<td>30h.<\/td>\n<\/tr>\n<tr style=\"background-color: #f8f8f8;\">\n<td><del><a href=\"http:\/\/blogs.ciberespiral.org\/escuelas\/aprendizaje-basado-en-problemas\/\">Aprendizaje Basado en Problemas<\/a><\/del>\u00a0Curso cancelado<\/td>\n<td>Jordi Guim<br \/>\nLourdes Bernat<\/td>\n<td>30h.<\/td>\n<\/tr>\n<tr style=\"background-color: #efefef;\">\n<td><del><a href=\"http:\/\/blogs.ciberespiral.org\/escuelas\/smart-learning-suite\/\">Smart Learning Suite<\/a><\/del>\u00a0Curso cancelado<\/td>\n<td>Juan Carlos Palomino<\/td>\n<td>30h.<\/td>\n<\/tr>\n<\/tbody>\n<\/table>\n<table style=\"border: 10px solid white;\">\n<tbody>\n<tr>\n<th style=\"background-color: #bdbdbd;\" width=\"300\">Cursos en Catal\u00e1n<\/th>\n<th style=\"background-color: #bdbdbd;\" width=\"150\">Docentes<\/th>\n<th style=\"background-color: #bdbdbd;\" width=\"35\">Horas<\/th>\n<\/tr>\n<tr style=\"background-color: #efefef;\">\n<td><a href=\"http:\/\/blogs.ciberespiral.org\/escuelas\/ca\/eines-tac-per-a-la-inclusio-de-tot-lalumnat\/\">Eines TAC per a la inclusi\u00f3 de tot l\u2019alumnat<\/a><\/td>\n<td>Maria Maci\u00e0<\/td>\n<td>30h.<\/td>\n<\/tr>\n<tr style=\"background-color: #f8f8f8;\">\n<td><a href=\"http:\/\/blogs.ciberespiral.org\/escuelas\/ca\/flipped-classroom-capgira-la-classe-3\/\">Flipped Classroom, capgira la classe!<\/a><\/td>\n<td>Xavier Su\u00f1\u00e9<br \/>\nJoan Padr\u00f3s<\/td>\n<td>30h.<\/td>\n<\/tr>\n<tr style=\"background-color: #efefef;\">\n<td><a href=\"http:\/\/blogs.ciberespiral.org\/escuelas\/ca\/aprenem-a-programar-android-amb-appinventor-2\/\">Aprenem a programar android amb Appinventor!<\/a><\/td>\n<td>Josep Ramon Planas<\/td>\n<td>30h.<\/td>\n<\/tr>\n<tr style=\"background-color: #f8f8f8;\">\n<td><a href=\"http:\/\/blogs.ciberespiral.org\/escuelas\/ca\/serveis-google-a-laula-aplicacio-practica\/\">Serveis Google a l&#8217;aula. Aplicaci\u00f3 pr\u00e0ctica.<\/a><\/td>\n<td>Sara Su\u00f1\u00e9<\/td>\n<td>30h.<\/td>\n<\/tr>\n<tr style=\"background-color: #efefef;\">\n<td><a href=\"http:\/\/blogs.ciberespiral.org\/escuelas\/ca\/scratch-2-0-pensament-creatiu-a-laula-3\/\">Scratch 2.0! Pensament creatiu a l\u2019aula<\/a><\/td>\n<td>Pau Nin<\/td>\n<td>30h.<\/td>\n<\/tr>\n<tr style=\"background-color: #f8f8f8;\">\n<td><del><a href=\"http:\/\/blogs.ciberespiral.org\/escuelas\/ca\/eines-web-a-leducacio\/\">Eines Web a l&#8217;Educaci\u00f3<\/a><\/del>\u00a0Curs cancel\u00b7lat<\/td>\n<td>Marta Pedret<\/td>\n<td>30h.<\/td>\n<\/tr>\n<tr style=\"background-color: #efefef;\">\n<td><a href=\"http:\/\/blogs.ciberespiral.org\/escuelas\/ca\/eines-per-a-millorar-la-relacio-amb-lalumnat\/\">Eines per a millorar la relaci\u00f3 amb l&#8217;alumnat<\/a><\/td>\n<td>N\u00faria Molina<\/td>\n<td>30h.<\/td>\n<\/tr>\n<tr style=\"background-color: #f8f8f8;\">\n<td><a href=\"http:\/\/blogs.ciberespiral.org\/escuelas\/ca\/aprenentatge-basat-en-projectes\/\">Aprenentatge basat en Projectes<\/a><\/td>\n<td>Lourdes Bernat<\/td>\n<td>30h.<\/td>\n<\/tr>\n<tr style=\"background-color: #efefef;\">\n<td><a href=\"http:\/\/blogs.ciberespiral.org\/escuelas\/ca\/steam-a-laula-disseny-i-creacio-3d-amb-beetle-blocks\/\">STEAM a l\u2019aula: Disseny i creaci\u00f3 3D amb Beetle Blocks<\/a><\/td>\n<td>Xavier Rosell<br \/>\nArtur Tallada<\/td>\n<td>30h.<\/td>\n<\/tr>\n<\/tbody>\n<\/table>\n<table style=\"border: 10px solid white;\">\n<tbody>\n<tr>\n<th style=\"background-color: #bdbdbd;\" width=\"300\">Cursos en Ingl\u00e9s<\/th>\n<th style=\"background-color: #bdbdbd;\" width=\"150\">Docentes<\/th>\n<th style=\"background-color: #bdbdbd;\" width=\"35\">Horas<\/th>\n<\/tr>\n<tr style=\"background-color: #efefef;\">\n<td><a href=\"http:\/\/blogs.ciberespiral.org\/escuelas\/lets-clil-aicle-3\/\">Let&#8217;s CLIL (AICLE)<\/a><\/td>\n<td>Almodis Orellana<br \/>\nMarta Cabeza<\/td>\n<td>30h.<\/td>\n<\/tr>\n<\/tbody>\n<\/table>\n","protected":false},"excerpt":{"rendered":"<p>Con el soporte del Departament d&#8217;Ensenyament de la Generalitat de Catalunya Todos los cursos de la Escuela virtual de Verano Espiral tienen el reconocimiento del Departament d&#8217;Ensenyament de la Generalitat de Catalunya, por lo que su certificaci\u00f3n tiene validez a todos los efectos administrativos. Los cursos virtuales de formaci\u00f3n que&hellip;<\/p>\n","protected":false},"author":49,"featured_media":0,"parent":0,"menu_order":0,"comment_status":"closed","ping_status":"closed","template":"","meta":{"footnotes":""},"class_list":["post-1186","page","type-page","status-publish","hentry"],"_links":{"self":[{"href":"https:\/\/blogs.ciberespiral.org\/escuelas\/wp-json\/wp\/v2\/pages\/1186","targetHints":{"allow":["GET"]}}],"collection":[{"href":"https:\/\/blogs.ciberespiral.org\/escuelas\/wp-json\/wp\/v2\/pages"}],"about":[{"href":"https:\/\/blogs.ciberespiral.org\/escuelas\/wp-json\/wp\/v2\/types\/page"}],"author":[{"embeddable":true,"href":"https:\/\/blogs.ciberespiral.org\/escuelas\/wp-json\/wp\/v2\/users\/49"}],"replies":[{"embeddable":true,"href":"https:\/\/blogs.ciberespiral.org\/escuelas\/wp-json\/wp\/v2\/comments?post=1186"}],"version-history":[{"count":21,"href":"https:\/\/blogs.ciberespiral.org\/escuelas\/wp-json\/wp\/v2\/pages\/1186\/revisions"}],"predecessor-version":[{"id":1543,"href":"https:\/\/blogs.ciberespiral.org\/escuelas\/wp-json\/wp\/v2\/pages\/1186\/revisions\/1543"}],"wp:attachment":[{"href":"https:\/\/blogs.ciberespiral.org\/escuelas\/wp-json\/wp\/v2\/media?parent=1186"}],"curies":[{"name":"wp","href":"https:\/\/api.w.org\/{rel}","templated":true}]}}