{"id":1040,"date":"2016-05-21T01:46:41","date_gmt":"2016-05-21T00:46:41","guid":{"rendered":"http:\/\/blogs.ciberespiral.org\/escuelas\/?page_id=1040"},"modified":"2016-05-22T15:35:33","modified_gmt":"2016-05-22T14:35:33","slug":"eines-tac-per-a-la-inclusio-del-tot-lalumnat-2","status":"publish","type":"page","link":"https:\/\/blogs.ciberespiral.org\/escuelas\/eines-tac-per-a-la-inclusio-del-tot-lalumnat-2\/","title":{"rendered":"Eines TAC per a la inclusi\u00f3 del tot l\u2019alumnat"},"content":{"rendered":"<h5 style=\"text-align: center;\">[youtube height=&#8221;315&#8243; width=&#8221;560&#8243;]https:\/\/www.youtube.com\/watch?v=E7-wH2W8vgk[\/youtube]<\/h5>\n<h4>Descripci\u00f3 de l&#8217;activitat<\/h4>\n<p>En aquest curs coneixerem les pautes del disseny universal per l&#8217;aprenentatge que ens aporten un conjunt de recomanacions per dissenyar materials, activitats i metodologies m\u00e9s inclusives per atendre tota la diversitat de l&#8217;aula.<br \/>\nLligades a aquestes pautes descobrirem eines TAC d&#8217;\u00fas general que faciliten l&#8217;accessibilitat als continguts, possibiliten l&#8217;actuaci\u00f3 dels alumnes en diversos formats, fomenten la cooperaci\u00f3 entre iguals, i ajuden en la planificaci\u00f3 i en l&#8217;autoavalauci\u00f3.<\/p>\n<h4>C\u00e0rrega lectiva del curs<\/h4>\n<p>30 hores<\/p>\n<h4>Destinataris<\/h4>\n<p>Docents de qualsevol especialitat de prim\u00e0ria i secund\u00e0ria. Les eines que es presentaran s\u00f3n generals i per tant adaptables a diversos nivells i mat\u00e8ries.<\/p>\n<h4>Requisits t\u00e8cnics dels participants<\/h4>\n<p>Els participants han de ser usuaris digitals de nivell mitj\u00e0, capa\u00e7os de navegar per internet, registrar-se a un servei web i utilitzar el correu eletr\u00f2nic.<\/p>\n<h4>Objectius<\/h4>\n<ul>\n<li>Reflexionar sobre la inclusi\u00f3 educativa i com les TAC ens poden ajudar a assolir aquest repte.<\/li>\n<li>Con\u00e8ixer les pautes de disseny universal per l\u2019aprenentatge per tal de poder crear materials, activitats i metodologies m\u00e9s obertes i flexibles que cre\u00efn oportunitats d\u2019\u00e8xit per tot l\u2019alumnat.<\/li>\n<li>Presentar eines, recursos i estrat\u00e8gies TAC d&#8217;aplicaci\u00f3 espec\u00edfica que donin resposta a la diversitat de l&#8217;alumnat.<\/li>\n<\/ul>\n<p>&nbsp;<\/p>\n<h4>Continguts<br \/>\n<b> <\/b><\/h4>\n<ul>\n<li><b>M\u00f2dul 1<\/b>. <b>Introducci\u00f3<\/b><\/li>\n<\/ul>\n<ul>\n<ul>\n<li>Qu\u00e8 \u00e9s la inclusi\u00f3?<\/li>\n<li>Les pautes del disseny universal per l&#8217;aprenentatge (DUA).<\/li>\n<\/ul>\n<li><b>M\u00f2dul 2. <\/b><b>Principi 1: Proporcionar m\u00faltiples maneres de representaci\u00f3<\/b>\n<ul>\n<li>Complements d\u2019accessibilitat dels navegadors<\/li>\n<li>Continguts i recursos d&#8217;aprenentatge en m\u00faltiples formats (bancs d\u2019imatge i de v\u00eddeo, taulers virtuals, p\u00e0gines web, el bloc).<\/li>\n<\/ul>\n<\/li>\n<li><b>M\u00f2dul 3. Principi 2: Proporcionar m\u00faltiples maneres per l\u2019acci\u00f3 i l\u2019expressi\u00f3<\/b>\n<ul>\n<li>Diversos formats per participar (eines per fer v\u00eddeo, gravar veu, prendre notes&#8230;)<\/li>\n<li>La creativitat en les activitats d&#8217;aula (eines per crear hist\u00f2ries, dibuixos, presentacions&#8230;)<\/li>\n<\/ul>\n<\/li>\n<li><b>M\u00f2dul 4. <\/b>P<b>rincipi 3: Fomentar el comprom\u00eds de diverses maneres.<\/b>\n<ul>\n<li>Entorns d&#8217;aprenentatge personalitzats (escriptoris personalitzats)<\/li>\n<li>Cooperaci\u00f3 i avaluaci\u00f3 entre iguals (eines de creaci\u00f3 conjunta de documents, xarxes socials educatives)<\/li>\n<li>Autoavaluaci\u00f3 a trav\u00e9s de la r\u00fabrica (eines per crear r\u00fabriques d&#8217;avaluaci\u00f3)<\/li>\n<\/ul>\n<\/li>\n<\/ul>\n<p>&nbsp;<\/p>\n<h4>Metodologia<\/h4>\n<p>La metodologia de treball \u00e9s no presencial de manera que les tasques del curs es faran &#8220;en l\u00ednia&#8221;, \u00e9s a dir, amb connexi\u00f3 a Internet i a trav\u00e9s de l&#8217; aula virtual (Moodle) d&#8217;Espiral.<\/p>\n<p>En aquest curs les persones que hi participen s\u00f3n protagonistes actius del seu proc\u00e9s d&#8217;aprenentatge: s\u00f3n qui ha de construir nous materials, provar les eines proposades i participar en els f\u00f2rums de discussi\u00f3.<br \/>\nLes activitats s\u00f3n obertes i es poden resoldre amb diverses eines en funci\u00f3 de les necessitats i prefer\u00e8ncies dels participants.<\/p>\n<h4>Pla d&#8217;avaluaci\u00f3<\/h4>\n<p>A) Avaluaci\u00f3 cont\u00ednua d&#8217;aprofitament:<\/p>\n<p>Els alumnes del curs hauran de realitzar les activitats presentades a continuaci\u00f3:<\/p>\n<p>&nbsp;<\/p>\n<p>M\u00f2dul 1<\/p>\n<p>Activitat 1: F\u00f2rum de reflexi\u00f3 i debat sobre la indefensi\u00f3 apresa i les pautes del DUA<\/p>\n<p>M\u00f2dul 2<\/p>\n<p>Activitat 1: Creaci\u00f3 d&#8217;un Symbaloo o Pinterest sobre recursos multim\u00e8dia i accessibilitat.<br \/>\nActivitat 2: Creaci\u00f3\/adaptaci\u00f3 d&#8217;un recurs en m\u00faltiples formats.<\/p>\n<p>M\u00f2dul 3<\/p>\n<p>Activitat 1: Proposar una activitat per resoldre de manera oberta en m\u00faltiple format.<\/p>\n<p>M\u00f2dul 4<\/p>\n<p>Activitat 1: Proposar una activitat col\u00b7laborativa i preparar l\u2019espai.<\/p>\n<p>Activitat 2: Preparar una activitat per donar suport a la planificaci\u00f3<\/p>\n<p>Activitat 3: Preparar una r\u00fabrica d&#8217;autoavaluaci\u00f3.<\/p>\n<p>&nbsp;<\/p>\n<p>Projecte final<\/p>\n<p>Proposta did\u00e0ctica amb un web, bloc&#8230; en la qual es presentin recursos amb m\u00faltiple format, activitats obertes i es fomenti la interacci\u00f3, l\u2019autoavaluaci\u00f3 i l\u2019autorregulaci\u00f3 de les pr\u00f2pies activitats.<\/p>\n<p>Les activitats anteriors es valoraran amb r\u00fabriques que es compartiran amb els participants. En el projecte final es demanar\u00e0 als participants que autoavalu\u00efn el seu projecte a trav\u00e9s d&#8217;una r\u00fabrica.<\/p>\n<p>B) Avaluaci\u00f3 de la satisfacci\u00f3 dels participants: es realitzar\u00e0 una enquesta de valoraci\u00f3 final del curs que recollir\u00e0 suggeriments i observacions valoratives.<\/p>\n<h4>Requisits de certificaci\u00f3<\/h4>\n<p>Per obtenir la certificaci\u00f3 oficial del curs cal:<\/p>\n<p>-Superar l&#8217;avaluaci\u00f3 de les diferents activitats plantejades durant el curs.<\/p>\n<p>-Entregar les activitats proposades dins el termini preestablert pel formador.<\/p>\n<p>-Participar als f\u00f2rums i espais de treball en grup de l\u2019aula virtual.<\/p>\n<p>-Presentar i aprovar el projecte final de curs.<\/p>\n<h5>Dates de realitzaci\u00f3<\/h5>\n<p>de l&#8217;1 al 15 de juliol del 2016<\/p>\n<h5>Durada<\/h5>\n<p>30 hores<\/p>\n<h5>Formadora<\/h5>\n<p><img decoding=\"async\" class=\"alignleft wp-image-405 size-thumbnail\" src=\"http:\/\/blogs.ciberespiral.org\/escuelas\/wp-content\/uploads\/sites\/16\/2015\/04\/Maria-Maci\u00e0-150x150.png\" alt=\"Maria Maci\u00e0\" width=\"150\" height=\"150\" srcset=\"https:\/\/blogs.ciberespiral.org\/escuelas\/wp-content\/uploads\/sites\/16\/2015\/04\/Maria-Maci\u00e0-150x150.png 150w, https:\/\/blogs.ciberespiral.org\/escuelas\/wp-content\/uploads\/sites\/16\/2015\/04\/Maria-Maci\u00e0.png 200w\" sizes=\"(max-width: 150px) 100vw, 150px\" \/><strong>Maria Maci\u00e0 <a href=\"https:\/\/twitter.com\/#!\/mariaistwitting\" target=\"_blank\">@mariaistwitting<\/a><\/strong><\/p>\n<p>Docent de secund\u00e0ria en l&#8217;especialitat d&#8217;orientaci\u00f3 educativa. Actualment, t\u00e8cnic docent a l&#8217; \u00c0rea TAC del <a href=\"http:\/\/ensenyament.gencat.cat\/ca\" target=\"_blank\">Departament d&#8217;Ensenyament de Catalunya<\/a>. M\u00e0ster en Educaci\u00f3 i TIC de la UOC. Formadora de formadors en inclusi\u00f3 digital (Generalitat de Catalunya). Membre de la Junta ampliada de l&#8217;<a href=\"http:\/\/www.ciberespiral.org\/\" target=\"_blank\">Associaci\u00f3 Espiral, educaci\u00f3 i tecnologia<\/a> i coordinadora de l&#8217;equip d&#8217;Inclusi\u00f3 digital.<\/p>\n<h3><strong><a title=\"Matr\u00edcula\" href=\"http:\/\/blogs.ciberespiral.org\/escuelas\/ca\/matricula-2\/\"><span style=\"text-decoration: underline; color: #0000ff;\">Inscripci\u00f3<\/span><\/a><\/strong><\/h3>\n","protected":false},"excerpt":{"rendered":"<p>[youtube height=&#8221;315&#8243; width=&#8221;560&#8243;]https:\/\/www.youtube.com\/watch?v=E7-wH2W8vgk[\/youtube] Descripci\u00f3 de l&#8217;activitat En aquest curs coneixerem les pautes del disseny universal per l&#8217;aprenentatge que ens aporten un conjunt de recomanacions per dissenyar materials, activitats i metodologies m\u00e9s inclusives per atendre tota la diversitat de l&#8217;aula. Lligades a aquestes pautes descobrirem eines TAC d&#8217;\u00fas general que faciliten&hellip;<\/p>\n","protected":false},"author":49,"featured_media":0,"parent":0,"menu_order":0,"comment_status":"closed","ping_status":"closed","template":"","meta":{"footnotes":""},"class_list":["post-1040","page","type-page","status-publish","hentry"],"_links":{"self":[{"href":"https:\/\/blogs.ciberespiral.org\/escuelas\/wp-json\/wp\/v2\/pages\/1040","targetHints":{"allow":["GET"]}}],"collection":[{"href":"https:\/\/blogs.ciberespiral.org\/escuelas\/wp-json\/wp\/v2\/pages"}],"about":[{"href":"https:\/\/blogs.ciberespiral.org\/escuelas\/wp-json\/wp\/v2\/types\/page"}],"author":[{"embeddable":true,"href":"https:\/\/blogs.ciberespiral.org\/escuelas\/wp-json\/wp\/v2\/users\/49"}],"replies":[{"embeddable":true,"href":"https:\/\/blogs.ciberespiral.org\/escuelas\/wp-json\/wp\/v2\/comments?post=1040"}],"version-history":[{"count":6,"href":"https:\/\/blogs.ciberespiral.org\/escuelas\/wp-json\/wp\/v2\/pages\/1040\/revisions"}],"predecessor-version":[{"id":1049,"href":"https:\/\/blogs.ciberespiral.org\/escuelas\/wp-json\/wp\/v2\/pages\/1040\/revisions\/1049"}],"wp:attachment":[{"href":"https:\/\/blogs.ciberespiral.org\/escuelas\/wp-json\/wp\/v2\/media?parent=1040"}],"curies":[{"name":"wp","href":"https:\/\/api.w.org\/{rel}","templated":true}]}}