{"id":9,"date":"2013-07-12T04:10:05","date_gmt":"2013-07-12T04:10:05","guid":{"rendered":"http:\/\/ciberespiral.org\/jornadas13\/emprende\/?page_id=9"},"modified":"2013-07-12T04:10:05","modified_gmt":"2013-07-12T04:10:05","slug":"ponentes","status":"publish","type":"page","link":"https:\/\/blogs.ciberespiral.org\/emprende\/ponentes\/","title":{"rendered":"Ponentes"},"content":{"rendered":"<p><img loading=\"lazy\" decoding=\"async\" class=\"alignleft size-full wp-image-57\" src=\"http:\/\/blogs.ciberespiral.org\/emprende\/wp-content\/uploads\/sites\/17\/2013\/08\/pericles-.png\" alt=\"\" width=\"199\" height=\"166\" \/><strong>Jos\u00e9 Manuel P\u00e9rez \u201cPericles\u201d<\/strong>\u00a0ha desempe\u00f1ado durante 20 a\u00f1os cargos de responsabilidad en una gran empresa (Duro Felguera). Emprendedor Social: Entrenador y promotor deportivo a lo largo de 20 a\u00f1os, sindicalista en la transici\u00f3n democr\u00e1tica y promotor de asociaciones de apoyo a desempleados.<\/p>\n<p>&nbsp;<\/p>\n<p><img loading=\"lazy\" decoding=\"async\" class=\"alignleft size-full wp-image-50\" src=\"http:\/\/blogs.ciberespiral.org\/emprende\/wp-content\/uploads\/sites\/17\/2013\/08\/maria-batet.png\" alt=\"\" width=\"199\" height=\"166\" \/><strong>Maria Batet<\/strong>\u00a0(@mariabatetr) Entrenadora de emprendedores, formadora y consultora especializada en la creaci\u00f3n de metodolog\u00edas para ense\u00f1ar a emprender. Profesora y M\u00e1ster en Promoci\u00f3n Econ\u00f3mica y Desarrollo Local. Tiene una larga trayectoria profesional en el \u00e1mbito de la educaci\u00f3n para el emprendimiento y la creaci\u00f3n de empresas.<\/p>\n<p><a href=\"http:\/\/blogs.ciberespiral.org\/emprende\/wp-content\/uploads\/sites\/17\/2013\/08\/diego-slemenson.png\"><img loading=\"lazy\" decoding=\"async\" class=\"alignleft\" src=\"http:\/\/blogs.ciberespiral.org\/emprende\/wp-content\/uploads\/sites\/17\/2013\/07\/diegoslemenson1.png\" alt=\"\" width=\"199\" height=\"166\" \/><\/a><strong>Diego Slemenson<\/strong> (@dslemenson) Licenciado en Dise\u00f1o por la Southampton University, M\u00e1ster en Educaci\u00f3n y TIC y M\u00e1ster en S.I.C (UOC) Dise\u00f1ador industrial. Profesor director de tesis en I.E.D y profesor de M\u00e1ster en Dise\u00f1o en ELISAVA. Comprometido con el cambio educativo, es miembro de la Junta Ampliada de Espiral, Jurado de los premios Edublogs y miembro de Espiral Emprende.<\/p>\n<p><a href=\"http:\/\/blogs.ciberespiral.org\/emprende\/wp-content\/uploads\/sites\/17\/2013\/07\/foto_jordi_naval_BN_pet1.jpg\"><img loading=\"lazy\" decoding=\"async\" class=\"alignleft size-full wp-image-174\" src=\"http:\/\/blogs.ciberespiral.org\/emprende\/wp-content\/uploads\/sites\/17\/2013\/07\/foto_jordi_naval_BN_pet1.jpg\" alt=\"\" width=\"199\" height=\"166\" \/><\/a><strong>Jordi Naval<\/strong>, emprendedor y empresario, ha fundado y desarrollado 5 empresas altamente innovadoras en el sector m\u00e9dico y biotecnol\u00f3gico. Adicionalmente, es Presidente de la Fundaci\u00f3n Escola Emprenedors, dedicada a promover el esp\u00edritu emprendedor y el conocimiento de la empresa entre nuestros estudiantes.<\/p>\n<p>&nbsp;<\/p>\n<p><img loading=\"lazy\" decoding=\"async\" class=\"alignleft size-full wp-image-60\" src=\"http:\/\/blogs.ciberespiral.org\/emprende\/wp-content\/uploads\/sites\/17\/2013\/08\/pedro-olivares.png\" alt=\"\" width=\"199\" height=\"166\" \/><strong>Pedro Olivares<\/strong> (@saltoconred) celestina de emprendedores y de inversores, ayuda a las personas emprendedoras a que den el salto desde una oportunidad de negocio hasta convertirla en una empresa sostenible.\u00a0Tambi\u00e9n es colaborador acad\u00e9mico de ESADE en su programa LEAD como coach y miembro de la Junta directiva del Club de Emprendedores e Inversores de EsadeAlumni.<\/p>\n<p><img loading=\"lazy\" decoding=\"async\" class=\"alignleft size-full wp-image-52\" src=\"http:\/\/blogs.ciberespiral.org\/emprende\/wp-content\/uploads\/sites\/17\/2013\/08\/narcis-vives.png\" alt=\"\" width=\"199\" height=\"166\" \/><strong>Narc\u00eds Vives<\/strong>\u00a0(@narcisvives) Licenciado en Ciencias Econ\u00f3micas y en Filolog\u00eda Catalana. Comprometido con un cambio en educaci\u00f3n que de el protagonismo al alumno y al aprendizaje en red. Es director de Itinerarium, presidente de Fundaci\u00f3 Itinerarium,\u00a0 Emprendedor social de Ashoka y miembro cofundador de las redes educativas internacionales iEARN y Atlas de la Diversidad.<\/p>\n<p><a href=\"http:\/\/blogs.ciberespiral.org\/emprende\/wp-content\/uploads\/sites\/17\/2013\/07\/horge.png\"><img loading=\"lazy\" decoding=\"async\" class=\"size-full wp-image-162 alignleft\" src=\"http:\/\/blogs.ciberespiral.org\/emprende\/wp-content\/uploads\/sites\/17\/2013\/07\/horge.png\" alt=\"\" width=\"199\" height=\"166\" \/><\/a><\/p>\n<p><strong>Horge Perez<\/strong>, ha trabajado como Design Manager en <em>Fabrica<\/em>, Benetton Research Center. Actualmente es director de la escuela IED-Barcelona\u00a0 (Instituto Europeo di Design) y del I+ED (Innovaci\u00f3n + Desarrollo Educativo) uniendo el mundo universitario con Start-ups, entes p\u00fablicos y Pymes, llevando al mercado proyectos creados por estudiantes como la Volta motorbike o la parada solar PS.<\/p>\n<p><a href=\"http:\/\/blogs.ciberespiral.org\/emprende\/wp-content\/uploads\/sites\/17\/2013\/07\/foto_rosa_domingo.jpg\"><img loading=\"lazy\" decoding=\"async\" class=\"alignleft size-full wp-image-178\" src=\"http:\/\/blogs.ciberespiral.org\/emprende\/wp-content\/uploads\/sites\/17\/2013\/07\/foto_rosa_domingo.jpg\" alt=\"\" width=\"199\" height=\"166\" \/><\/a><strong>Rosa Domingo<\/strong>, Diplomada en Ciencias Empresariales y Licenciada en ADE. Ha trabajado como docente durante 20 a\u00f1os, primero en Formaci\u00f3n Profesional y despu\u00e9s en Bachillerato y ESO. Participo en la experiencia AICLE de ense\u00f1anza de contenidos en lengua extranjera impartidos en la asignatura de Emprenedur\u00eda.<\/p>\n<p>&nbsp;<\/p>\n<p><strong><a href=\"http:\/\/ciberespiral.org\/jornadas13\/emprende\/files\/2013\/07\/Foto-Patricia-BN.jpg\"><img loading=\"lazy\" decoding=\"async\" class=\"alignleft  wp-image-215\" src=\"http:\/\/ciberespiral.org\/jornadas13\/emprende\/files\/2013\/07\/Foto-Patricia-BN-291x300.jpg\" alt=\"\" width=\"204\" height=\"210\" \/><\/a>Patricia Aloc\u00e9n<\/strong>, Subdirectora del \u00c1rea de Acci\u00f3n Educativa de la Obra Social \u00abla Caixa\u00bb. Responsable de la implementaci\u00f3n de la oferta educativa de la obra Social \u00abla Caixa\u00bb a trav\u00e9s del programa eduCaixa.com. En el presente curso escolar eduCaixa tiene el objetivo de despertar vocaciones emprendedoras en los j\u00f3venes a trav\u00e9s del KitCaixa J\u00f3venes Emprendedores, que estar\u00e1 en casi 400 escuelas en el presente curso escolar.<\/p>\n<p>&nbsp;<\/p>\n<p><strong><a href=\"http:\/\/ciberespiral.org\/jornadas13\/emprende\/files\/2013\/07\/MBreyLaCaixa-427x6401.jpg\"><img loading=\"lazy\" decoding=\"async\" class=\"alignleft  wp-image-221\" src=\"http:\/\/ciberespiral.org\/jornadas13\/emprende\/files\/2013\/07\/MBreyLaCaixa-427x6401-251x300.jpg\" alt=\"\" width=\"201\" height=\"240\" \/><\/a>Merc\u00e8 Brey<\/strong>. Directora de Comercio Exterior de CaixaBank. Ha colaborado con diversas universidades, dentro y fuera de Espa\u00f1a, impartiendo temas relativos a la financiaci\u00f3n internacional. Comprometida con el cambio hacia una sociedad m\u00e1s consciente fund\u00f3 y presidi\u00f3 Connegta (acr\u00f3nimo de Conciencia Negocio y Talento). M\u00e1s de 25 a\u00f1os en el sector financiero, siempre vinculada al \u00e1mbito del negocio internacional donde ha ejercido diversas responsabilidades. Se incorpor\u00f3 a CaixaBank hace casi 5 a\u00f1os.<\/p>\n<p><strong><a href=\"http:\/\/ciberespiral.org\/jornadas13\/emprende\/files\/2013\/07\/Eduardo_Elosegui_Mancisidor_juny2010-1.jpg\"><img loading=\"lazy\" decoding=\"async\" class=\"alignleft size-full wp-image-231\" src=\"http:\/\/ciberespiral.org\/jornadas13\/emprende\/files\/2013\/07\/Eduardo_Elosegui_Mancisidor_juny2010-1.jpg\" alt=\"\" width=\"184\" height=\"184\" \/><\/a>Eduardo Elosegui Mancisidor<\/strong>\u00a0(@eloseguime) Educador social. Socio fundador de \u00abALWA Emprendizaje Social\u00bb y promotor de la comunidad de profesionales para la innovaci\u00f3n social \u00abCOtarro\u00bb. Es consultor-colaborador de diversas organizaciones como el programa J\u00f3venes Changemakers de Ashoka-Emprendedores Sociales, el \u00c1rea de Fomento de la Participaci\u00f3n Juvenil de la Agencia Catalana de Juventud o la Fundaci\u00f3n SURT, y es profesor asociado de la Facultad de Pedagog\u00eda de la Universidad de Barcelona.<\/p>\n<p><strong><a href=\"http:\/\/ciberespiral.org\/jornadas13\/emprende\/files\/2013\/07\/JordiSerranoRedBN.jpg\"><img loading=\"lazy\" decoding=\"async\" class=\"alignleft  wp-image-238\" src=\"http:\/\/ciberespiral.org\/jornadas13\/emprende\/files\/2013\/07\/JordiSerranoRedBN-198x300.jpg\" alt=\"\" width=\"178\" height=\"270\" \/><\/a>Jordi Serrano<\/strong>.\u00a0 Lleg\u00f3 al mundo de los RH, procedente del mundo de las tecnolog\u00edas de la informaci\u00f3n. Fue director de RH para Espa\u00f1a de everis y ocup\u00f3 la presidencia de la Fundaci\u00f3n Factor Hum\u00e0. Hoy es<br \/>\nel creador de Future4Work, compa\u00f1\u00eda que asesora en la adaptaci\u00f3n de las empresas a las nuevas tendencias en el mundo de los RH. Es co-autor del libro \u201cEl ocaso del empleo. C\u00f3mo sobrevivir al futuro del trabajo\u201d y del blog \u201cEl futuro del trabajo\u201d (blog.futurodeltrabajo.com).<\/p>\n","protected":false},"excerpt":{"rendered":"Jos\u00e9 Manuel P\u00e9rez \u201cPericles\u201d\u00a0ha desempe\u00f1ado durante 20 a\u00f1os cargos de responsabilidad en una gran empresa (Duro Felguera). Emprendedor Social: Entrenador y promotor deportivo a lo largo de 20 a\u00f1os, sindicalista en la transici\u00f3n democr\u00e1tica y promotor de asociaciones de apoyo a desempleados. &nbsp; Maria Batet\u00a0(@mariabatetr) Entrenadora de emprendedores, formadora y consultora especializada en la creaci\u00f3n [&hellip;]","protected":false},"author":17,"featured_media":0,"parent":0,"menu_order":0,"comment_status":"closed","ping_status":"closed","template":"","meta":{"footnotes":""},"class_list":["post-9","page","type-page","status-publish","hentry"],"_links":{"self":[{"href":"https:\/\/blogs.ciberespiral.org\/emprende\/wp-json\/wp\/v2\/pages\/9","targetHints":{"allow":["GET"]}}],"collection":[{"href":"https:\/\/blogs.ciberespiral.org\/emprende\/wp-json\/wp\/v2\/pages"}],"about":[{"href":"https:\/\/blogs.ciberespiral.org\/emprende\/wp-json\/wp\/v2\/types\/page"}],"author":[{"embeddable":true,"href":"https:\/\/blogs.ciberespiral.org\/emprende\/wp-json\/wp\/v2\/users\/17"}],"replies":[{"embeddable":true,"href":"https:\/\/blogs.ciberespiral.org\/emprende\/wp-json\/wp\/v2\/comments?post=9"}],"version-history":[{"count":0,"href":"https:\/\/blogs.ciberespiral.org\/emprende\/wp-json\/wp\/v2\/pages\/9\/revisions"}],"wp:attachment":[{"href":"https:\/\/blogs.ciberespiral.org\/emprende\/wp-json\/wp\/v2\/media?parent=9"}],"curies":[{"name":"wp","href":"https:\/\/api.w.org\/{rel}","templated":true}]}}