{"id":7,"date":"2013-07-12T04:09:53","date_gmt":"2013-07-12T04:09:53","guid":{"rendered":"http:\/\/ciberespiral.org\/jornadas13\/emprende\/?page_id=7"},"modified":"2015-12-07T01:30:26","modified_gmt":"2015-12-07T00:30:26","slug":"organizacion","status":"publish","type":"page","link":"https:\/\/blogs.ciberespiral.org\/emprende\/organizacion\/","title":{"rendered":"Organizaci\u00f3n"},"content":{"rendered":"<p><a href=\"http:\/\/blogs.ciberespiral.org\/emprende\/wp-content\/uploads\/sites\/17\/2013\/08\/diego-slemenson.png\"><img loading=\"lazy\" decoding=\"async\" class=\"alignleft\" src=\"http:\/\/blogs.ciberespiral.org\/emprende\/wp-content\/uploads\/sites\/17\/2013\/07\/diegoslemenson1.png\" alt=\"\" width=\"199\" height=\"166\" \/><\/a><strong>Diego Slemenson<\/strong> (@dslemenson) Licenciado en Dise\u00f1o por la Southampton University, M\u00e1ster en Educaci\u00f3n y TIC y M\u00e1ster en S.I.C (UOC) Dise\u00f1ador industrial. Profesor director de tesis en I.E.D y profesor de M\u00e1ster en Dise\u00f1o en ELISAVA. Comprometido con el cambio educativo, es miembro de la Junta Ampliada de Espiral, Jurado de los premios Edublogs y miembro de Espiral Emprende.<\/p>\n<p><strong><a href=\"http:\/\/blogs.ciberespiral.org\/emprende\/wp-content\/uploads\/sites\/17\/2013\/07\/elena-copia.png\"><img loading=\"lazy\" decoding=\"async\" class=\"alignleft\" src=\"http:\/\/blogs.ciberespiral.org\/emprende\/wp-content\/uploads\/sites\/17\/2013\/07\/elena-copia.png\" alt=\"\" width=\"199\" height=\"166\" \/><\/a>Elena Gonz\u00e1lez de la C\u00e1mara Cayuela<\/strong> (@egonzalezcamara). Licenciada en Ciencias de la Educaci\u00f3n por la Universidad de Barcelona.Especialista en dise\u00f1o de propuestas, gesti\u00f3n, impartici\u00f3n y auditoria de proyectos de formaci\u00f3n para adultos.Consultora de eLearning. Formadora de Formador@s y teletutor@s. Miembro de la Junta Ampliada de Espiral.<\/p>\n<p><img loading=\"lazy\" decoding=\"async\" class=\"alignleft size-full wp-image-64\" src=\"http:\/\/blogs.ciberespiral.org\/emprende\/wp-content\/uploads\/sites\/17\/2013\/08\/esther-subias.png\" alt=\"\" width=\"199\" height=\"166\" \/><\/p>\n<p><span style=\"color: #333333;\"><strong>Esther Subias <\/strong>(@esthersubias), periodista y educadora social. M\u00e1ster Oficial en Educaci\u00f3n y TIC, postgrado en mediaci\u00f3n familiar, mediadora comunitaria.\u00a0Especialista en el uso educativo y social de las TIC, consultora y formadora de docentes (Generalitat de Catalu\u00f1a, UB, UOC, centros educativos, etc). Vicepresidenta pedag\u00f3gica de Espiral. http:\/\/about.me\/esthersubias<br \/>\n<\/span><\/p>\n<p><span style=\"color: #333333;\"><img loading=\"lazy\" decoding=\"async\" class=\"alignleft\" style=\"margin-top: 6px; margin-bottom: 6px;\" src=\"http:\/\/blogs.ciberespiral.org\/emprende\/wp-content\/uploads\/sites\/17\/2013\/08\/maribel-castilla.png\" alt=\"\" width=\"199\" height=\"166\" \/><strong>Maribel Castilla<\/strong> (@maribelcastilla) Arquitecto especialista en Estructuras. Experiencia en proyecto, dise\u00f1o y c\u00e1lculo de estructuras de edificaci\u00f3n de hormig\u00f3n, acero, madera y postesadas. Docente por vocaci\u00f3n, valora el que los arquitectos tengan s\u00f3lidos conocimientos del comportamiento estructural de los edificios para que puedan realizar dise\u00f1os realmente \u00f3ptimos.<\/span><\/p>\n<p><a href=\"http:\/\/blogs.ciberespiral.org\/emprende\/wp-content\/uploads\/sites\/17\/2013\/07\/diana.png\"><img loading=\"lazy\" decoding=\"async\" class=\"alignleft\" src=\"http:\/\/blogs.ciberespiral.org\/emprende\/wp-content\/uploads\/sites\/17\/2013\/07\/diana.png\" alt=\"\" width=\"199\" height=\"166\" \/><\/a><strong>Diana Gonz\u00e1lez<\/strong> (@dianagonzalez). Cofundadora de Edentity y Shokesu, profesora asociada de la Universidad de Navarra y so\u00f1ando con el proyecto piloto #SchoolEntrepreneurs con Los ESpcpieALISTAS (Instituto M\u00aa Ana Sanz). Coorganizadora de Hacks\/Hackers Navarra y #periodistasNAV.<\/p>\n<p>&nbsp;<\/p>\n<p><img loading=\"lazy\" decoding=\"async\" class=\"alignleft size-full wp-image-83\" src=\"http:\/\/blogs.ciberespiral.org\/emprende\/wp-content\/uploads\/sites\/17\/2013\/07\/immaculadapulido.png\" alt=\"\" width=\"199\" height=\"166\" \/><strong>Immaculada Pulido <\/strong>(@ippae) miembro de la Junta Ampliada de Espiral y Responsable de las Jornadas Espiral Emprende. Co-Founder de CelWorking. Licenciada en Derecho por la UB. MBA por ESADE. Emprendedora, educadora y promotora de iniciativas empresariales. 25 a\u00f1os gestionando empresas. Conferenciante y promotora del esp\u00edritu emprendedor. Fundadora de IPPae. Gerente de ASSET. Miembro del Global Board Ready Women.<\/p>\n","protected":false},"excerpt":{"rendered":"Diego Slemenson (@dslemenson) Licenciado en Dise\u00f1o por la Southampton University, M\u00e1ster en Educaci\u00f3n y TIC y M\u00e1ster en S.I.C (UOC) Dise\u00f1ador industrial. Profesor director de tesis en I.E.D y profesor de M\u00e1ster en Dise\u00f1o en ELISAVA. Comprometido con el cambio educativo, es miembro de la Junta Ampliada de Espiral, Jurado de los premios Edublogs y [&hellip;]","protected":false},"author":17,"featured_media":0,"parent":0,"menu_order":0,"comment_status":"closed","ping_status":"closed","template":"","meta":{"footnotes":""},"class_list":["post-7","page","type-page","status-publish","hentry"],"_links":{"self":[{"href":"https:\/\/blogs.ciberespiral.org\/emprende\/wp-json\/wp\/v2\/pages\/7","targetHints":{"allow":["GET"]}}],"collection":[{"href":"https:\/\/blogs.ciberespiral.org\/emprende\/wp-json\/wp\/v2\/pages"}],"about":[{"href":"https:\/\/blogs.ciberespiral.org\/emprende\/wp-json\/wp\/v2\/types\/page"}],"author":[{"embeddable":true,"href":"https:\/\/blogs.ciberespiral.org\/emprende\/wp-json\/wp\/v2\/users\/17"}],"replies":[{"embeddable":true,"href":"https:\/\/blogs.ciberespiral.org\/emprende\/wp-json\/wp\/v2\/comments?post=7"}],"version-history":[{"count":3,"href":"https:\/\/blogs.ciberespiral.org\/emprende\/wp-json\/wp\/v2\/pages\/7\/revisions"}],"predecessor-version":[{"id":240,"href":"https:\/\/blogs.ciberespiral.org\/emprende\/wp-json\/wp\/v2\/pages\/7\/revisions\/240"}],"wp:attachment":[{"href":"https:\/\/blogs.ciberespiral.org\/emprende\/wp-json\/wp\/v2\/media?parent=7"}],"curies":[{"name":"wp","href":"https:\/\/api.w.org\/{rel}","templated":true}]}}