{"id":212,"date":"2013-07-12T04:09:42","date_gmt":"2013-07-12T04:09:42","guid":{"rendered":"http:\/\/ciberespiral.org\/jornadas13\/emprende\/?page_id=5"},"modified":"2013-07-12T04:09:42","modified_gmt":"2013-07-12T04:09:42","slug":"programa","status":"publish","type":"page","link":"https:\/\/blogs.ciberespiral.org\/emprende\/programa\/","title":{"rendered":"Programa"},"content":{"rendered":"<p>09:15 \u2013 09:45 Recepci\u00f3n y acreditaci\u00f3n de los participantes.<\/p>\n<p>09:45 \u2013 10:00<strong> Inauguraci\u00f3n.\u00a0<\/strong>Joan Padr\u00f3s. Presidente de Espiral<\/p>\n<h1><span style=\"color: #333399\"><strong>Primera Parte: Situaci\u00f3n actual y perspectiva<br \/>\n<\/strong><\/span><\/h1>\n<p style=\"padding-left: 30px\">10:00 \u2013 10:45 Ponencia 1:\u00a0<strong>Pericles<\/strong> \u00abEscuela y Emprendimiento\u00bb<\/p>\n<p style=\"padding-left: 30px\">10:45 \u2013 11:30 Ponencia 2: <strong>Pedro Olivares<\/strong> \u00abVan dos\u00a0emprendedores y\u00a0cae el del medio\u00bb<strong><br \/>\n<\/strong><\/p>\n<p style=\"padding-left: 30px\">11:30 \u2013 12:00 Caf\u00e9 <em>networking.<\/em><\/p>\n<p style=\"padding-left: 30px\">12:00 \u2013 13:30 Mesa Redonda \u00a0<strong>Experiencias actuales que nos hacen ser optimistas y valorar los cambios en marcha.<\/strong>\u00a0 Modera: Xavier Su\u00f1\u00e9.<\/p>\n<ul style=\"padding-left: 30px\">\n<li><strong>Maria Batet<\/strong>: Formaci\u00f3n a Maestros: C\u00f3mo fomentar la emprendedur\u00eda en las escuelas.<\/li>\n<li><strong>Diego Slemenson<\/strong>: Experiencia en Elisava. Acercamiento del mundo empresarial a la sociedad en el \u00e1mbito del dise\u00f1o.<\/li>\n<li><strong>Merc\u00e8 Brey,\u00a0<\/strong>Empresa-Escola, un intercanvi on tots hi guanyem.<\/li>\n<li><strong>Jordi Naval<\/strong>: Compartir <em>Senior-Expertise<\/em> en las escuelas a trav\u00e9s de <em>Fundaci\u00f3 Escola Emprenedors<\/em>.<\/li>\n<li><strong>Rosa Domingo<\/strong>: Emprendedur\u00eda y proyecto empresarial en la ESO y el Bachillerato.<\/li>\n<\/ul>\n<p style=\"padding-left: 30px\">13:30 \u2013 14:00 Debate \u2013 tertulia.<\/p>\n<p style=\"padding-left: 30px\">14:00 \u2013 16:00 Comida.<\/p>\n<h2><span style=\"color: #333399\"><strong>Segunda parte. Think Tank<\/strong><\/span><\/h2>\n<p style=\"padding-left: 30px\">16:00 \u2013 17:30 \u00a0Mesa Debate Think Tank, <strong>los cambios que hay que impulsar en el \u00e1mbito de la Educaci\u00f3n en general para fomentar una Sociedad m\u00e1s Emprendedora.\u00a0<\/strong> Modera: Immaculada Pulido.<\/p>\n<ul style=\"padding-left: 30px\">\n<li><strong>Patricia Alocen Guzman.\u00a0<\/strong><a title=\"eduCaixa\" href=\"http:\/\/www.eduCaixa.com\" target=\"_blank\">\u00c0rea Educativa<\/a> de l\u2019Obra Social \u201cla Caixa\u201d. Programa de Joves Emprenedors.<\/li>\n<li><strong>Narc\u00eds Vives. <\/strong>Presidente de la <a title=\"Fundaci\u00f3n Itinerarium\" href=\"http:\/\/fundacioitinerarium.org\/projectes\">Fundaci\u00f3n Itinerarium<\/a>.<\/li>\n<li><strong>Horge P\u00e9rez.<\/strong> Director del \u00e1rea de Innovacion y Desarrollo Educativo (I+ED) del <a href=\"http:\/\/iedbarcelona.es\/es\/\">Instituto Europeo di Design<\/a>.<\/li>\n<li><strong>Eduardo Elosegui.\u00a0<\/strong>Socio fundador de la iniciativa \u00ab<a href=\"https:\/\/www.facebook.com\/ALWA.EmprendizajeSocial\" target=\"_blank\">ALWA Emprendizaje Social<\/a>\u00ab.<\/li>\n<li><strong>Jordi Serrano<\/strong>. Creador de <a href=\"http:\/\/future4work.com\/\" target=\"_blank\">Future4Work.<\/a><\/li>\n<\/ul>\n<p style=\"padding-left: 30px\">17:30- 18:00 Debate: Se trata de abrir entre los ponentes y los asistentes un foro de debate, real y de calidad en que se valoren las conclusiones de la primera jornada (ver inicio) y se propongan acciones y medidas impulsoras de la Emprendedur\u00eda.<\/p>\n<h2><span style=\"color: #000080\">Parte final:<\/span><\/h2>\n<p style=\"padding-left: 30px\">18:00 \u2013 18:30\u00a0\u00a0<strong>Propuestas y conclusiones \/ Clausura<\/strong><\/p>\n<ul style=\"padding-left: 30px\">\n<li>Diana Gonz\u00e1lez &#8211; Publicaci\u00f3n de las conclusiones y difusi\u00f3n.<\/li>\n<li>Cierre de la II Jornada.<br \/>\nImmaculada Pulido,\u00a0Responsable de las Jornadas Espiral Emprende<\/li>\n<\/ul>\n<h6 style=\"padding-left: 30px\"><\/h6>\n","protected":false},"excerpt":{"rendered":"09:15 \u2013 09:45 Recepci\u00f3n y acreditaci\u00f3n de los participantes. 09:45 \u2013 10:00 Inauguraci\u00f3n.\u00a0Joan Padr\u00f3s. Presidente de Espiral Primera Parte: Situaci\u00f3n actual y perspectiva 10:00 \u2013 10:45 Ponencia 1:\u00a0Pericles \u00abEscuela y Emprendimiento\u00bb 10:45 \u2013 11:30 Ponencia 2: Pedro Olivares \u00abVan dos\u00a0emprendedores y\u00a0cae el del medio\u00bb 11:30 \u2013 12:00 Caf\u00e9 networking. 12:00 \u2013 13:30 Mesa Redonda \u00a0Experiencias [&hellip;]","protected":false},"author":17,"featured_media":0,"parent":0,"menu_order":0,"comment_status":"closed","ping_status":"closed","template":"","meta":{"footnotes":""},"class_list":["post-212","page","type-page","status-publish","hentry"],"_links":{"self":[{"href":"https:\/\/blogs.ciberespiral.org\/emprende\/wp-json\/wp\/v2\/pages\/212","targetHints":{"allow":["GET"]}}],"collection":[{"href":"https:\/\/blogs.ciberespiral.org\/emprende\/wp-json\/wp\/v2\/pages"}],"about":[{"href":"https:\/\/blogs.ciberespiral.org\/emprende\/wp-json\/wp\/v2\/types\/page"}],"author":[{"embeddable":true,"href":"https:\/\/blogs.ciberespiral.org\/emprende\/wp-json\/wp\/v2\/users\/17"}],"replies":[{"embeddable":true,"href":"https:\/\/blogs.ciberespiral.org\/emprende\/wp-json\/wp\/v2\/comments?post=212"}],"version-history":[{"count":0,"href":"https:\/\/blogs.ciberespiral.org\/emprende\/wp-json\/wp\/v2\/pages\/212\/revisions"}],"wp:attachment":[{"href":"https:\/\/blogs.ciberespiral.org\/emprende\/wp-json\/wp\/v2\/media?parent=212"}],"curies":[{"name":"wp","href":"https:\/\/api.w.org\/{rel}","templated":true}]}}