{"id":211,"date":"2013-07-11T16:59:19","date_gmt":"2013-07-11T16:59:19","guid":{"rendered":"http:\/\/ciberespiral.org\/jornadas13\/emprende\/?page_id=2"},"modified":"2015-12-07T01:25:27","modified_gmt":"2015-12-07T00:25:27","slug":"inicio","status":"publish","type":"page","link":"https:\/\/blogs.ciberespiral.org\/emprende\/inicio\/","title":{"rendered":"#jee16"},"content":{"rendered":"<h2><strong>\u00bfPor qu\u00e9 esta Jornada?<\/strong><\/h2>\n<p>Porque necesitamos ciudadanos emprendedores que puedan afrontar los retos que nos impone la sociedad de la informaci\u00f3n y el conocimiento.<\/p>\n<p>Porque pasamos del saber a las competencias y de las aptitudes a las actitudes en un contexto incierto y globalizado, donde la innovaci\u00f3n surge como resultado de procesos emergentes colectivos.<\/p>\n<p>Porque hemos cambiado la forma de producir conocimiento y vivimos en la era de la colaboraci\u00f3n masiva. Porque participamos de un nuevo orden narrativo, poblado de interfaces colectivas que conectan las sedes sociales a las redes sociales.<\/p>\n<p>Porque la escuela, como la concibieron nuestros padres, ya no sirve para educar a nuestros hijos.<\/p>\n<p>En <strong>Espiral Emprende<\/strong> trabajamos para conseguir un cambio metodol\u00f3gico de calidad en la educaci\u00f3n. Porque \u00bfC\u00f3mo podemos ense\u00f1ar de qu\u00e9 modo la sociedad est\u00e1 cambiando, si no cambiamos el modo de ense\u00f1ar?<\/p>\n<p>Nuestra <em>espiral del conocimiento para fomentar actitudes emprendedoras se basa en conectar saberes<\/em>, trabajar en equipo, estimular la empat\u00eda y la cooperaci\u00f3n, sentir pasi\u00f3n por el trabajo, diversificar las instancias de formaci\u00f3n, trabajar en contextos transversales y aprender a transitar de la idea innovadora a la colaboraci\u00f3n productiva.<\/p>\n<p>Por eso, desde <strong>Espiral Emprende<\/strong>, organizamos una jornada <strong>centrada en la actitud emprendedora<\/strong> y en la importancia de fomentarla <strong>en la educaci\u00f3n<\/strong> para que luego, los resultados, reviertan en la Sociedad. Una jornada para reflexionar, para compartir experiencias y para plantearnos estrategias de cambio.<\/p>\n<p>Porque no s\u00f3lo hablamos de j\u00f3venes emprendedores para formar empresas, sino de fomentar una actitud responsable, necesaria para acometer proyectos de emprendedur\u00eda en lo empresarial, en lo social, en la pol\u00edtica y en las instituciones. Una actitud emprendedora cuyo reflejo pueda plasmarse en cualquier proyecto de trabajo colaborativo con o sin fines de lucro.<\/p>\n<p>Y porque emprender es una actitud vital, <strong>te invitamos a emprender con nosotros<\/strong><\/p>\n","protected":false},"excerpt":{"rendered":"\u00bfPor qu\u00e9 esta Jornada? Porque necesitamos ciudadanos emprendedores que puedan afrontar los retos que nos impone la sociedad de la informaci\u00f3n y el conocimiento. Porque pasamos del saber a las competencias y de las aptitudes a las actitudes en un contexto incierto y globalizado, donde la innovaci\u00f3n surge como resultado de procesos emergentes colectivos. Porque [&hellip;]","protected":false},"author":17,"featured_media":0,"parent":0,"menu_order":0,"comment_status":"closed","ping_status":"closed","template":"sidebar-page.php","meta":{"footnotes":""},"class_list":["post-211","page","type-page","status-publish","hentry"],"_links":{"self":[{"href":"https:\/\/blogs.ciberespiral.org\/emprende\/wp-json\/wp\/v2\/pages\/211","targetHints":{"allow":["GET"]}}],"collection":[{"href":"https:\/\/blogs.ciberespiral.org\/emprende\/wp-json\/wp\/v2\/pages"}],"about":[{"href":"https:\/\/blogs.ciberespiral.org\/emprende\/wp-json\/wp\/v2\/types\/page"}],"author":[{"embeddable":true,"href":"https:\/\/blogs.ciberespiral.org\/emprende\/wp-json\/wp\/v2\/users\/17"}],"replies":[{"embeddable":true,"href":"https:\/\/blogs.ciberespiral.org\/emprende\/wp-json\/wp\/v2\/comments?post=211"}],"version-history":[{"count":1,"href":"https:\/\/blogs.ciberespiral.org\/emprende\/wp-json\/wp\/v2\/pages\/211\/revisions"}],"predecessor-version":[{"id":237,"href":"https:\/\/blogs.ciberespiral.org\/emprende\/wp-json\/wp\/v2\/pages\/211\/revisions\/237"}],"wp:attachment":[{"href":"https:\/\/blogs.ciberespiral.org\/emprende\/wp-json\/wp\/v2\/media?parent=211"}],"curies":[{"name":"wp","href":"https:\/\/api.w.org\/{rel}","templated":true}]}}