{"id":15,"date":"2013-07-12T04:12:30","date_gmt":"2013-07-12T04:12:30","guid":{"rendered":"http:\/\/ciberespiral.org\/jornadas13\/emprende\/?page_id=15"},"modified":"2013-07-12T04:12:30","modified_gmt":"2013-07-12T04:12:30","slug":"acerca-de","status":"publish","type":"page","link":"https:\/\/blogs.ciberespiral.org\/emprende\/acerca-de\/","title":{"rendered":"Acerca de"},"content":{"rendered":"<p>La<strong> II Jornada Espiral Emprende 2013 <\/strong>es una propuesta realizada por <a href=\"http:\/\/www.ciberespiral.org\/\" target=\"_blank\">Espiral<\/a>:<\/p>\n<div>\n<p><a href=\"http:\/\/www.ciberespiral.org\/\" rel=\"nofollow\" target=\"_blank\"><img loading=\"lazy\" decoding=\"async\" src=\"http:\/\/ciberespiral.org\/jornades11\/dim-espiral\/files\/2011\/02\/espi-new-cas2.jpg\" alt=\"\" width=\"200\" height=\"75\" \/><\/a><\/p>\n<p><a title=\"http:\/\/ciberespiral.org\" href=\"http:\/\/ciberespiral.org\/\" rel=\"nofollow\">Asociaci\u00f3n Espiral, Educaci\u00f3n y Tecnologia<\/a>: Espiral es una asociaci\u00f3n sin \u00e1nimo de lucro que agrupa a un colectivo de profesorado, personas con formaci\u00f3n t\u00e9cnica, investigadores e investigadoras, estudiantes y entidades, interesados en la promoci\u00f3n y aplicaci\u00f3n de las tecnolog\u00edas de la informaci\u00f3n y la comunicaci\u00f3n (TIC) en la educaci\u00f3n. Nace el a\u00f1o 1989 como grupo de trabajo dentro de la Asociaci\u00f3n de T\u00e9cnicos de Inform\u00e1tica (ATI) y desde 1993 es una asociaci\u00f3n profesional independiente.<\/p>\n<p>Asociaci\u00f3n Espiral, Educaci\u00f3n y Tecnolog\u00eda<br \/>\nEspacio CIEMEN<br \/>\nRocafort, 242 bis, despacho D16 1er piso<br \/>\n08029 Barcelona<br \/>\nTel. 935327829<\/p>\n<\/div>\n","protected":false},"excerpt":{"rendered":"La II Jornada Espiral Emprende 2013 es una propuesta realizada por Espiral: Asociaci\u00f3n Espiral, Educaci\u00f3n y Tecnologia: Espiral es una asociaci\u00f3n sin \u00e1nimo de lucro que agrupa a un colectivo de profesorado, personas con formaci\u00f3n t\u00e9cnica, investigadores e investigadoras, estudiantes y entidades, interesados en la promoci\u00f3n y aplicaci\u00f3n de las tecnolog\u00edas de la informaci\u00f3n y [&hellip;]","protected":false},"author":17,"featured_media":0,"parent":0,"menu_order":0,"comment_status":"closed","ping_status":"closed","template":"","meta":{"footnotes":""},"class_list":["post-15","page","type-page","status-publish","hentry"],"_links":{"self":[{"href":"https:\/\/blogs.ciberespiral.org\/emprende\/wp-json\/wp\/v2\/pages\/15","targetHints":{"allow":["GET"]}}],"collection":[{"href":"https:\/\/blogs.ciberespiral.org\/emprende\/wp-json\/wp\/v2\/pages"}],"about":[{"href":"https:\/\/blogs.ciberespiral.org\/emprende\/wp-json\/wp\/v2\/types\/page"}],"author":[{"embeddable":true,"href":"https:\/\/blogs.ciberespiral.org\/emprende\/wp-json\/wp\/v2\/users\/17"}],"replies":[{"embeddable":true,"href":"https:\/\/blogs.ciberespiral.org\/emprende\/wp-json\/wp\/v2\/comments?post=15"}],"version-history":[{"count":0,"href":"https:\/\/blogs.ciberespiral.org\/emprende\/wp-json\/wp\/v2\/pages\/15\/revisions"}],"wp:attachment":[{"href":"https:\/\/blogs.ciberespiral.org\/emprende\/wp-json\/wp\/v2\/media?parent=15"}],"curies":[{"name":"wp","href":"https:\/\/api.w.org\/{rel}","templated":true}]}}